{"id":90213,"date":"2025-04-22T13:08:14","date_gmt":"2025-04-22T11:08:14","guid":{"rendered":"https:\/\/sollux-lighting.com\/va-multumim\/"},"modified":"2025-04-22T13:14:37","modified_gmt":"2025-04-22T11:14:37","slug":"va-multumim","status":"publish","type":"page","link":"https:\/\/sollux-lighting.com\/ro\/va-multumim\/","title":{"rendered":"V\u0103 mul\u021bumim"},"content":{"rendered":"\t\t<div data-elementor-type=\"wp-page\" data-elementor-id=\"90213\" class=\"elementor elementor-90213 elementor-90198\" data-elementor-post-type=\"page\">\n\t\t\t\t<div class=\"elementor-element elementor-element-86a9ac2 e-grid e-con-boxed e-con e-parent\" data-id=\"86a9ac2\" data-element_type=\"container\" data-settings=\"{&quot;jet_parallax_layout_list&quot;:[]}\">\n\t\t\t\t\t<div class=\"e-con-inner\">\n\t\t\t\t<div class=\"elementor-element elementor-element-bba61b3 elementor-widget elementor-widget-image\" data-id=\"bba61b3\" data-element_type=\"widget\" data-widget_type=\"image.default\">\n\t\t\t\t<div class=\"elementor-widget-container\">\n\t\t\t\t\t\t\t\t\t\t\t\t\t\t\t<img fetchpriority=\"high\" decoding=\"async\" width=\"800\" height=\"800\" src=\"https:\/\/sollux-lighting.com\/wp-content\/uploads\/2023\/02\/usmiech_page-0001-1024x1024.jpg\" class=\"attachment-large size-large wp-image-90191\" alt=\"\" srcset=\"https:\/\/sollux-lighting.com\/wp-content\/uploads\/2023\/02\/usmiech_page-0001-1024x1024.jpg 1024w, https:\/\/sollux-lighting.com\/wp-content\/uploads\/2023\/02\/usmiech_page-0001-300x300.jpg 300w, https:\/\/sollux-lighting.com\/wp-content\/uploads\/2023\/02\/usmiech_page-0001-150x150.jpg 150w, https:\/\/sollux-lighting.com\/wp-content\/uploads\/2023\/02\/usmiech_page-0001-768x768.jpg 768w, https:\/\/sollux-lighting.com\/wp-content\/uploads\/2023\/02\/usmiech_page-0001-1536x1536.jpg 1536w, https:\/\/sollux-lighting.com\/wp-content\/uploads\/2023\/02\/usmiech_page-0001-2048x2048.jpg 2048w, https:\/\/sollux-lighting.com\/wp-content\/uploads\/2023\/02\/usmiech_page-0001-600x600.jpg 600w, https:\/\/sollux-lighting.com\/wp-content\/uploads\/2023\/02\/usmiech_page-0001-1200x1200.jpg 1200w, https:\/\/sollux-lighting.com\/wp-content\/uploads\/2023\/02\/usmiech_page-0001-100x100.jpg 100w\" sizes=\"(max-width: 800px) 100vw, 800px\" \/>\t\t\t\t\t\t\t\t\t\t\t\t\t\t\t<\/div>\n\t\t\t\t<\/div>\n\t\t<div class=\"elementor-element elementor-element-63d25d4 e-flex e-con-boxed e-con e-child\" data-id=\"63d25d4\" data-element_type=\"container\" data-settings=\"{&quot;jet_parallax_layout_list&quot;:[]}\">\n\t\t\t\t\t<div class=\"e-con-inner\">\n\t\t\t\t<div class=\"elementor-element elementor-element-c996c4a elementor-widget elementor-widget-heading\" data-id=\"c996c4a\" data-element_type=\"widget\" data-widget_type=\"heading.default\">\n\t\t\t\t<div class=\"elementor-widget-container\">\n\t\t\t\t\t<h2 class=\"elementor-heading-title elementor-size-default\"><b>V\u0103 mul\u021bumim pentru c\u0103 ne-a\u021bi contactat.<br><br>Totul a mers bine!<\/b><\/h2>\t\t\t\t<\/div>\n\t\t\t\t<\/div>\n\t\t\t\t<div class=\"elementor-element elementor-element-2f49093 elementor-widget elementor-widget-text-editor\" data-id=\"2f49093\" data-element_type=\"widget\" data-widget_type=\"text-editor.default\">\n\t\t\t\t<div class=\"elementor-widget-container\">\n\t\t\t\t\t\t\t\t\t<p>Cererea dvs. a fost trimis\u0103 cu succes.<\/p>\n<p>Lucr\u0103m de luni p\u00e2n\u0103 vineri \u00eentre orele 7:00 &#8211; 15:00, iar speciali\u0219tii no\u0219tri v\u0103 vor contacta \u00een scurt timp pentru a v\u0103 r\u0103spunde la \u00eentreb\u0103ri.<\/p>\n<p>V\u0103 mul\u021bumim pentru c\u0103 a\u021bi ales Sollux Lighting!<\/p>\n\t\t\t\t\t\t\t\t<\/div>\n\t\t\t\t<\/div>\n\t\t\t\t\t<\/div>\n\t\t\t\t<\/div>\n\t\t\t\t\t<\/div>\n\t\t\t\t<\/div>\n\t\t\t\t<\/div>\n\t\t","protected":false},"excerpt":{"rendered":"<p>V\u0103 mul\u021bumim pentru c\u0103 ne-a\u021bi contactat. Totul a mers bine! Cererea dvs. a fost trimis\u0103 cu succes. Lucr\u0103m de luni p\u00e2n\u0103 vineri \u00eentre orele 7:00 &#8211; 15:00, iar speciali\u0219tii no\u0219tri v\u0103 vor contacta \u00een scurt timp pentru a v\u0103 r\u0103spunde la \u00eentreb\u0103ri. V\u0103 mul\u021bumim pentru c\u0103 a\u021bi ales Sollux Lighting!<\/p>\n","protected":false},"author":2,"featured_media":0,"parent":0,"menu_order":0,"comment_status":"closed","ping_status":"closed","template":"elementor_header_footer","meta":{"_acf_changed":false,"footnotes":""},"class_list":["post-90213","page","type-page","status-publish","hentry"],"acf":[],"yoast_head":"<!-- This site is optimized with the Yoast SEO plugin v25.4 - https:\/\/yoast.com\/wordpress\/plugins\/seo\/ -->\n<title>V\u0103 mul\u021bumim - Sollux Lighting<\/title>\n<meta name=\"robots\" content=\"index, follow, max-snippet:-1, max-image-preview:large, max-video-preview:-1\" \/>\n<link rel=\"canonical\" href=\"https:\/\/sollux-lighting.com\/ro\/va-multumim\/\" \/>\n<meta property=\"og:locale\" content=\"ro_RO\" \/>\n<meta property=\"og:type\" content=\"article\" \/>\n<meta property=\"og:title\" content=\"V\u0103 mul\u021bumim - Sollux Lighting\" \/>\n<meta property=\"og:description\" content=\"V\u0103 mul\u021bumim pentru c\u0103 ne-a\u021bi contactat. Totul a mers bine! Cererea dvs. a fost trimis\u0103 cu succes. Lucr\u0103m de luni p\u00e2n\u0103 vineri \u00eentre orele 7:00 &#8211; 15:00, iar speciali\u0219tii no\u0219tri v\u0103 vor contacta \u00een scurt timp pentru a v\u0103 r\u0103spunde la \u00eentreb\u0103ri. V\u0103 mul\u021bumim pentru c\u0103 a\u021bi ales Sollux Lighting!\" \/>\n<meta property=\"og:url\" content=\"https:\/\/sollux-lighting.com\/ro\/va-multumim\/\" \/>\n<meta property=\"og:site_name\" content=\"Sollux Lighting\" \/>\n<meta property=\"article:modified_time\" content=\"2025-04-22T11:14:37+00:00\" \/>\n<meta property=\"og:image\" content=\"https:\/\/sollux-lighting.com\/wp-content\/uploads\/2023\/02\/usmiech_page-0001-1024x1024.jpg\" \/>\n<meta name=\"twitter:card\" content=\"summary_large_image\" \/>\n<script type=\"application\/ld+json\" class=\"yoast-schema-graph\">{\"@context\":\"https:\/\/schema.org\",\"@graph\":[{\"@type\":\"WebPage\",\"@id\":\"https:\/\/sollux-lighting.com\/ro\/va-multumim\/\",\"url\":\"https:\/\/sollux-lighting.com\/ro\/va-multumim\/\",\"name\":\"V\u0103 mul\u021bumim - Sollux Lighting\",\"isPartOf\":{\"@id\":\"https:\/\/sollux-lighting.com\/ro\/#website\"},\"primaryImageOfPage\":{\"@id\":\"https:\/\/sollux-lighting.com\/ro\/va-multumim\/#primaryimage\"},\"image\":{\"@id\":\"https:\/\/sollux-lighting.com\/ro\/va-multumim\/#primaryimage\"},\"thumbnailUrl\":\"https:\/\/sollux-lighting.com\/wp-content\/uploads\/2023\/02\/usmiech_page-0001-1024x1024.jpg\",\"datePublished\":\"2025-04-22T11:08:14+00:00\",\"dateModified\":\"2025-04-22T11:14:37+00:00\",\"breadcrumb\":{\"@id\":\"https:\/\/sollux-lighting.com\/ro\/va-multumim\/#breadcrumb\"},\"inLanguage\":\"ro-RO\",\"potentialAction\":[{\"@type\":\"ReadAction\",\"target\":[\"https:\/\/sollux-lighting.com\/ro\/va-multumim\/\"]}]},{\"@type\":\"ImageObject\",\"inLanguage\":\"ro-RO\",\"@id\":\"https:\/\/sollux-lighting.com\/ro\/va-multumim\/#primaryimage\",\"url\":\"https:\/\/sollux-lighting.com\/wp-content\/uploads\/2023\/02\/usmiech_page-0001-1024x1024.jpg\",\"contentUrl\":\"https:\/\/sollux-lighting.com\/wp-content\/uploads\/2023\/02\/usmiech_page-0001-1024x1024.jpg\"},{\"@type\":\"BreadcrumbList\",\"@id\":\"https:\/\/sollux-lighting.com\/ro\/va-multumim\/#breadcrumb\",\"itemListElement\":[{\"@type\":\"ListItem\",\"position\":1,\"name\":\"Strona g\u0142\u00f3wna\",\"item\":\"https:\/\/sollux-lighting.com\/ro\/\"},{\"@type\":\"ListItem\",\"position\":2,\"name\":\"V\u0103 mul\u021bumim\"}]},{\"@type\":\"WebSite\",\"@id\":\"https:\/\/sollux-lighting.com\/ro\/#website\",\"url\":\"https:\/\/sollux-lighting.com\/ro\/\",\"name\":\"Sollux Lighting\",\"description\":\"Brighten up your business\",\"publisher\":{\"@id\":\"https:\/\/sollux-lighting.com\/ro\/#organization\"},\"potentialAction\":[{\"@type\":\"SearchAction\",\"target\":{\"@type\":\"EntryPoint\",\"urlTemplate\":\"https:\/\/sollux-lighting.com\/ro\/?s={search_term_string}\"},\"query-input\":{\"@type\":\"PropertyValueSpecification\",\"valueRequired\":true,\"valueName\":\"search_term_string\"}}],\"inLanguage\":\"ro-RO\"},{\"@type\":\"Organization\",\"@id\":\"https:\/\/sollux-lighting.com\/ro\/#organization\",\"name\":\"Sollux Lighting\",\"url\":\"https:\/\/sollux-lighting.com\/ro\/\",\"logo\":{\"@type\":\"ImageObject\",\"inLanguage\":\"ro-RO\",\"@id\":\"https:\/\/sollux-lighting.com\/ro\/#\/schema\/logo\/image\/\",\"url\":\"https:\/\/sollux-lighting.com\/wp-content\/uploads\/2023\/02\/LOGO.svg\",\"contentUrl\":\"https:\/\/sollux-lighting.com\/wp-content\/uploads\/2023\/02\/LOGO.svg\",\"width\":160,\"height\":46,\"caption\":\"Sollux Lighting\"},\"image\":{\"@id\":\"https:\/\/sollux-lighting.com\/ro\/#\/schema\/logo\/image\/\"}}]}<\/script>\n<!-- \/ Yoast SEO plugin. -->","yoast_head_json":{"title":"V\u0103 mul\u021bumim - Sollux Lighting","robots":{"index":"index","follow":"follow","max-snippet":"max-snippet:-1","max-image-preview":"max-image-preview:large","max-video-preview":"max-video-preview:-1"},"canonical":"https:\/\/sollux-lighting.com\/ro\/va-multumim\/","og_locale":"ro_RO","og_type":"article","og_title":"V\u0103 mul\u021bumim - Sollux Lighting","og_description":"V\u0103 mul\u021bumim pentru c\u0103 ne-a\u021bi contactat. Totul a mers bine! Cererea dvs. a fost trimis\u0103 cu succes. Lucr\u0103m de luni p\u00e2n\u0103 vineri \u00eentre orele 7:00 &#8211; 15:00, iar speciali\u0219tii no\u0219tri v\u0103 vor contacta \u00een scurt timp pentru a v\u0103 r\u0103spunde la \u00eentreb\u0103ri. V\u0103 mul\u021bumim pentru c\u0103 a\u021bi ales Sollux Lighting!","og_url":"https:\/\/sollux-lighting.com\/ro\/va-multumim\/","og_site_name":"Sollux Lighting","article_modified_time":"2025-04-22T11:14:37+00:00","og_image":[{"url":"https:\/\/sollux-lighting.com\/wp-content\/uploads\/2023\/02\/usmiech_page-0001-1024x1024.jpg","type":"","width":"","height":""}],"twitter_card":"summary_large_image","schema":{"@context":"https:\/\/schema.org","@graph":[{"@type":"WebPage","@id":"https:\/\/sollux-lighting.com\/ro\/va-multumim\/","url":"https:\/\/sollux-lighting.com\/ro\/va-multumim\/","name":"V\u0103 mul\u021bumim - Sollux Lighting","isPartOf":{"@id":"https:\/\/sollux-lighting.com\/ro\/#website"},"primaryImageOfPage":{"@id":"https:\/\/sollux-lighting.com\/ro\/va-multumim\/#primaryimage"},"image":{"@id":"https:\/\/sollux-lighting.com\/ro\/va-multumim\/#primaryimage"},"thumbnailUrl":"https:\/\/sollux-lighting.com\/wp-content\/uploads\/2023\/02\/usmiech_page-0001-1024x1024.jpg","datePublished":"2025-04-22T11:08:14+00:00","dateModified":"2025-04-22T11:14:37+00:00","breadcrumb":{"@id":"https:\/\/sollux-lighting.com\/ro\/va-multumim\/#breadcrumb"},"inLanguage":"ro-RO","potentialAction":[{"@type":"ReadAction","target":["https:\/\/sollux-lighting.com\/ro\/va-multumim\/"]}]},{"@type":"ImageObject","inLanguage":"ro-RO","@id":"https:\/\/sollux-lighting.com\/ro\/va-multumim\/#primaryimage","url":"https:\/\/sollux-lighting.com\/wp-content\/uploads\/2023\/02\/usmiech_page-0001-1024x1024.jpg","contentUrl":"https:\/\/sollux-lighting.com\/wp-content\/uploads\/2023\/02\/usmiech_page-0001-1024x1024.jpg"},{"@type":"BreadcrumbList","@id":"https:\/\/sollux-lighting.com\/ro\/va-multumim\/#breadcrumb","itemListElement":[{"@type":"ListItem","position":1,"name":"Strona g\u0142\u00f3wna","item":"https:\/\/sollux-lighting.com\/ro\/"},{"@type":"ListItem","position":2,"name":"V\u0103 mul\u021bumim"}]},{"@type":"WebSite","@id":"https:\/\/sollux-lighting.com\/ro\/#website","url":"https:\/\/sollux-lighting.com\/ro\/","name":"Sollux Lighting","description":"Brighten up your business","publisher":{"@id":"https:\/\/sollux-lighting.com\/ro\/#organization"},"potentialAction":[{"@type":"SearchAction","target":{"@type":"EntryPoint","urlTemplate":"https:\/\/sollux-lighting.com\/ro\/?s={search_term_string}"},"query-input":{"@type":"PropertyValueSpecification","valueRequired":true,"valueName":"search_term_string"}}],"inLanguage":"ro-RO"},{"@type":"Organization","@id":"https:\/\/sollux-lighting.com\/ro\/#organization","name":"Sollux Lighting","url":"https:\/\/sollux-lighting.com\/ro\/","logo":{"@type":"ImageObject","inLanguage":"ro-RO","@id":"https:\/\/sollux-lighting.com\/ro\/#\/schema\/logo\/image\/","url":"https:\/\/sollux-lighting.com\/wp-content\/uploads\/2023\/02\/LOGO.svg","contentUrl":"https:\/\/sollux-lighting.com\/wp-content\/uploads\/2023\/02\/LOGO.svg","width":160,"height":46,"caption":"Sollux Lighting"},"image":{"@id":"https:\/\/sollux-lighting.com\/ro\/#\/schema\/logo\/image\/"}}]}},"_links":{"self":[{"href":"https:\/\/sollux-lighting.com\/ro\/wp-json\/wp\/v2\/pages\/90213","targetHints":{"allow":["GET"]}}],"collection":[{"href":"https:\/\/sollux-lighting.com\/ro\/wp-json\/wp\/v2\/pages"}],"about":[{"href":"https:\/\/sollux-lighting.com\/ro\/wp-json\/wp\/v2\/types\/page"}],"author":[{"embeddable":true,"href":"https:\/\/sollux-lighting.com\/ro\/wp-json\/wp\/v2\/users\/2"}],"replies":[{"embeddable":true,"href":"https:\/\/sollux-lighting.com\/ro\/wp-json\/wp\/v2\/comments?post=90213"}],"version-history":[{"count":3,"href":"https:\/\/sollux-lighting.com\/ro\/wp-json\/wp\/v2\/pages\/90213\/revisions"}],"predecessor-version":[{"id":90216,"href":"https:\/\/sollux-lighting.com\/ro\/wp-json\/wp\/v2\/pages\/90213\/revisions\/90216"}],"wp:attachment":[{"href":"https:\/\/sollux-lighting.com\/ro\/wp-json\/wp\/v2\/media?parent=90213"}],"curies":[{"name":"wp","href":"https:\/\/api.w.org\/{rel}","templated":true}]}}