{"id":21617,"date":"2023-03-17T11:40:13","date_gmt":"2023-03-17T10:40:13","guid":{"rendered":"https:\/\/test.sollux-lighting.com\/nasza-oferta\/bez-kategorii\/zyrandol-salamanca-4\/"},"modified":"2023-03-17T11:40:30","modified_gmt":"2023-03-17T10:40:30","slug":"zyrandol-salamanca-4","status":"publish","type":"product","link":"https:\/\/sollux-lighting.com\/pl\/nasza-oferta\/zyrandole\/zyrandol-salamanca-4\/","title":{"rendered":"\u017byrandol SALAMANCA 4"},"content":{"rendered":"<p>Nowoczesny, niezwykle wyj\u0105tkowy, aczkolwiek prosty design serii SALAMANCA b\u0119dzie pi\u0119knym dope\u0142nieniem stylowego wn\u0119trza. Rama wok\u00f3\u0142 kt\u00f3rej opleciony zosta\u0142 przew\u00f3d zako\u0144czony designerskimi \u017car\u00f3wkami to rozwi\u0105zanie dla odwa\u017cnych os\u00f3b, kt\u00f3rych wn\u0119trze wyr\u00f3\u017cnia si\u0119 na tle pozosta\u0142ych. Oto skuteczny spos\u00f3b na wyr\u00f3\u017cnienie si\u0119 po\u015br\u00f3d innych! Lampa SALAMANCA sprawdzi si\u0119 idealnie nad sto\u0142em w jadalni, gdzie o\u015bwietli czas sp\u0119dzany przy rodzinnym stole.<\/p>\n","protected":false},"excerpt":{"rendered":"<p>\u0179r\u00f3d\u0142o \u015bwiat\u0142a: E27, 4x60W, 4x15W LED, 50-60Hz, ~220-230V, IP20, klasa ochronno\u015bci I<br \/>\n\u0179r\u00f3d\u0142o \u015bwiat\u0142a nie jest w komplecie.<br \/>\nWymiary: 100\/10\/150 cm [max. d\u0142ugo\u015b\u0107 zawiesia 3 m]<br \/>\nMateria\u0142: tkanina, stal<br \/>\nKolor: czarny<\/p>\n","protected":false},"featured_media":21618,"template":"","meta":{"_acf_changed":false},"product_brand":[],"product_cat":[27],"product_tag":[],"class_list":{"0":"post-21617","1":"product","2":"type-product","3":"status-publish","4":"has-post-thumbnail","6":"product_cat-zyrandole","8":"first","9":"instock","10":"product-type-simple"},"acf":[],"yoast_head":"<!-- This site is optimized with the Yoast SEO plugin v25.4 - https:\/\/yoast.com\/wordpress\/plugins\/seo\/ -->\n<title>\u017byrandol SALAMANCA 4 - Sollux Lighting<\/title>\n<meta name=\"robots\" content=\"index, follow, max-snippet:-1, max-image-preview:large, max-video-preview:-1\" \/>\n<link rel=\"canonical\" href=\"https:\/\/sollux-lighting.com\/pl\/nasza-oferta\/zyrandole\/zyrandol-salamanca-4\/\" \/>\n<meta property=\"og:locale\" content=\"pl_PL\" \/>\n<meta property=\"og:type\" content=\"article\" \/>\n<meta property=\"og:title\" content=\"\u017byrandol SALAMANCA 4 - Sollux Lighting\" \/>\n<meta property=\"og:description\" content=\"\u0179r\u00f3d\u0142o \u015bwiat\u0142a: E27, 4x60W, 4x15W LED, 50-60Hz, ~220-230V, IP20, klasa ochronno\u015bci I \u0179r\u00f3d\u0142o \u015bwiat\u0142a nie jest w komplecie. Wymiary: 100\/10\/150 cm [max. d\u0142ugo\u015b\u0107 zawiesia 3 m] Materia\u0142: tkanina, stal Kolor: czarny\" \/>\n<meta property=\"og:url\" content=\"https:\/\/sollux-lighting.com\/pl\/nasza-oferta\/zyrandole\/zyrandol-salamanca-4\/\" \/>\n<meta property=\"og:site_name\" content=\"Sollux Lighting\" \/>\n<meta property=\"article:modified_time\" content=\"2023-03-17T10:40:30+00:00\" \/>\n<meta property=\"og:image\" content=\"https:\/\/sollux-lighting.com\/wp-content\/uploads\/2023\/03\/0895-1-k.jpg\" \/>\n\t<meta property=\"og:image:width\" content=\"750\" \/>\n\t<meta property=\"og:image:height\" content=\"750\" \/>\n\t<meta property=\"og:image:type\" content=\"image\/jpeg\" \/>\n<meta name=\"twitter:card\" content=\"summary_large_image\" \/>\n<script type=\"application\/ld+json\" class=\"yoast-schema-graph\">{\"@context\":\"https:\/\/schema.org\",\"@graph\":[{\"@type\":\"WebPage\",\"@id\":\"https:\/\/sollux-lighting.com\/pl\/nasza-oferta\/zyrandole\/zyrandol-salamanca-4\/\",\"url\":\"https:\/\/sollux-lighting.com\/pl\/nasza-oferta\/zyrandole\/zyrandol-salamanca-4\/\",\"name\":\"\u017byrandol SALAMANCA 4 - Sollux Lighting\",\"isPartOf\":{\"@id\":\"https:\/\/sollux-lighting.com\/pl\/#website\"},\"primaryImageOfPage\":{\"@id\":\"https:\/\/sollux-lighting.com\/pl\/nasza-oferta\/zyrandole\/zyrandol-salamanca-4\/#primaryimage\"},\"image\":{\"@id\":\"https:\/\/sollux-lighting.com\/pl\/nasza-oferta\/zyrandole\/zyrandol-salamanca-4\/#primaryimage\"},\"thumbnailUrl\":\"https:\/\/sollux-lighting.com\/wp-content\/uploads\/2023\/03\/0895-1-k.jpg\",\"datePublished\":\"2023-03-17T10:40:13+00:00\",\"dateModified\":\"2023-03-17T10:40:30+00:00\",\"breadcrumb\":{\"@id\":\"https:\/\/sollux-lighting.com\/pl\/nasza-oferta\/zyrandole\/zyrandol-salamanca-4\/#breadcrumb\"},\"inLanguage\":\"pl-PL\",\"potentialAction\":[{\"@type\":\"ReadAction\",\"target\":[\"https:\/\/sollux-lighting.com\/pl\/nasza-oferta\/zyrandole\/zyrandol-salamanca-4\/\"]}]},{\"@type\":\"ImageObject\",\"inLanguage\":\"pl-PL\",\"@id\":\"https:\/\/sollux-lighting.com\/pl\/nasza-oferta\/zyrandole\/zyrandol-salamanca-4\/#primaryimage\",\"url\":\"https:\/\/sollux-lighting.com\/wp-content\/uploads\/2023\/03\/0895-1-k.jpg\",\"contentUrl\":\"https:\/\/sollux-lighting.com\/wp-content\/uploads\/2023\/03\/0895-1-k.jpg\",\"width\":750,\"height\":750},{\"@type\":\"BreadcrumbList\",\"@id\":\"https:\/\/sollux-lighting.com\/pl\/nasza-oferta\/zyrandole\/zyrandol-salamanca-4\/#breadcrumb\",\"itemListElement\":[{\"@type\":\"ListItem\",\"position\":1,\"name\":\"Strona g\u0142\u00f3wna\",\"item\":\"https:\/\/sollux-lighting.com\/pl\/\"},{\"@type\":\"ListItem\",\"position\":2,\"name\":\"Nasza oferta\",\"item\":\"https:\/\/sollux-lighting.com\/pl\/nasza-oferta\/\"},{\"@type\":\"ListItem\",\"position\":3,\"name\":\"\u017byrandol SALAMANCA 4\"}]},{\"@type\":\"WebSite\",\"@id\":\"https:\/\/sollux-lighting.com\/pl\/#website\",\"url\":\"https:\/\/sollux-lighting.com\/pl\/\",\"name\":\"Sollux Lighting\",\"description\":\"Brighten up your business\",\"publisher\":{\"@id\":\"https:\/\/sollux-lighting.com\/pl\/#organization\"},\"potentialAction\":[{\"@type\":\"SearchAction\",\"target\":{\"@type\":\"EntryPoint\",\"urlTemplate\":\"https:\/\/sollux-lighting.com\/pl\/?s={search_term_string}\"},\"query-input\":{\"@type\":\"PropertyValueSpecification\",\"valueRequired\":true,\"valueName\":\"search_term_string\"}}],\"inLanguage\":\"pl-PL\"},{\"@type\":\"Organization\",\"@id\":\"https:\/\/sollux-lighting.com\/pl\/#organization\",\"name\":\"Sollux Lighting\",\"url\":\"https:\/\/sollux-lighting.com\/pl\/\",\"logo\":{\"@type\":\"ImageObject\",\"inLanguage\":\"pl-PL\",\"@id\":\"https:\/\/sollux-lighting.com\/pl\/#\/schema\/logo\/image\/\",\"url\":\"https:\/\/sollux-lighting.com\/wp-content\/uploads\/2023\/02\/LOGO.svg\",\"contentUrl\":\"https:\/\/sollux-lighting.com\/wp-content\/uploads\/2023\/02\/LOGO.svg\",\"width\":160,\"height\":46,\"caption\":\"Sollux Lighting\"},\"image\":{\"@id\":\"https:\/\/sollux-lighting.com\/pl\/#\/schema\/logo\/image\/\"}}]}<\/script>\n<!-- \/ Yoast SEO plugin. -->","yoast_head_json":{"title":"\u017byrandol SALAMANCA 4 - Sollux Lighting","robots":{"index":"index","follow":"follow","max-snippet":"max-snippet:-1","max-image-preview":"max-image-preview:large","max-video-preview":"max-video-preview:-1"},"canonical":"https:\/\/sollux-lighting.com\/pl\/nasza-oferta\/zyrandole\/zyrandol-salamanca-4\/","og_locale":"pl_PL","og_type":"article","og_title":"\u017byrandol SALAMANCA 4 - Sollux Lighting","og_description":"\u0179r\u00f3d\u0142o \u015bwiat\u0142a: E27, 4x60W, 4x15W LED, 50-60Hz, ~220-230V, IP20, klasa ochronno\u015bci I \u0179r\u00f3d\u0142o \u015bwiat\u0142a nie jest w komplecie. Wymiary: 100\/10\/150 cm [max. d\u0142ugo\u015b\u0107 zawiesia 3 m] Materia\u0142: tkanina, stal Kolor: czarny","og_url":"https:\/\/sollux-lighting.com\/pl\/nasza-oferta\/zyrandole\/zyrandol-salamanca-4\/","og_site_name":"Sollux Lighting","article_modified_time":"2023-03-17T10:40:30+00:00","og_image":[{"width":750,"height":750,"url":"https:\/\/sollux-lighting.com\/wp-content\/uploads\/2023\/03\/0895-1-k.jpg","type":"image\/jpeg"}],"twitter_card":"summary_large_image","schema":{"@context":"https:\/\/schema.org","@graph":[{"@type":"WebPage","@id":"https:\/\/sollux-lighting.com\/pl\/nasza-oferta\/zyrandole\/zyrandol-salamanca-4\/","url":"https:\/\/sollux-lighting.com\/pl\/nasza-oferta\/zyrandole\/zyrandol-salamanca-4\/","name":"\u017byrandol SALAMANCA 4 - Sollux Lighting","isPartOf":{"@id":"https:\/\/sollux-lighting.com\/pl\/#website"},"primaryImageOfPage":{"@id":"https:\/\/sollux-lighting.com\/pl\/nasza-oferta\/zyrandole\/zyrandol-salamanca-4\/#primaryimage"},"image":{"@id":"https:\/\/sollux-lighting.com\/pl\/nasza-oferta\/zyrandole\/zyrandol-salamanca-4\/#primaryimage"},"thumbnailUrl":"https:\/\/sollux-lighting.com\/wp-content\/uploads\/2023\/03\/0895-1-k.jpg","datePublished":"2023-03-17T10:40:13+00:00","dateModified":"2023-03-17T10:40:30+00:00","breadcrumb":{"@id":"https:\/\/sollux-lighting.com\/pl\/nasza-oferta\/zyrandole\/zyrandol-salamanca-4\/#breadcrumb"},"inLanguage":"pl-PL","potentialAction":[{"@type":"ReadAction","target":["https:\/\/sollux-lighting.com\/pl\/nasza-oferta\/zyrandole\/zyrandol-salamanca-4\/"]}]},{"@type":"ImageObject","inLanguage":"pl-PL","@id":"https:\/\/sollux-lighting.com\/pl\/nasza-oferta\/zyrandole\/zyrandol-salamanca-4\/#primaryimage","url":"https:\/\/sollux-lighting.com\/wp-content\/uploads\/2023\/03\/0895-1-k.jpg","contentUrl":"https:\/\/sollux-lighting.com\/wp-content\/uploads\/2023\/03\/0895-1-k.jpg","width":750,"height":750},{"@type":"BreadcrumbList","@id":"https:\/\/sollux-lighting.com\/pl\/nasza-oferta\/zyrandole\/zyrandol-salamanca-4\/#breadcrumb","itemListElement":[{"@type":"ListItem","position":1,"name":"Strona g\u0142\u00f3wna","item":"https:\/\/sollux-lighting.com\/pl\/"},{"@type":"ListItem","position":2,"name":"Nasza oferta","item":"https:\/\/sollux-lighting.com\/pl\/nasza-oferta\/"},{"@type":"ListItem","position":3,"name":"\u017byrandol SALAMANCA 4"}]},{"@type":"WebSite","@id":"https:\/\/sollux-lighting.com\/pl\/#website","url":"https:\/\/sollux-lighting.com\/pl\/","name":"Sollux Lighting","description":"Brighten up your business","publisher":{"@id":"https:\/\/sollux-lighting.com\/pl\/#organization"},"potentialAction":[{"@type":"SearchAction","target":{"@type":"EntryPoint","urlTemplate":"https:\/\/sollux-lighting.com\/pl\/?s={search_term_string}"},"query-input":{"@type":"PropertyValueSpecification","valueRequired":true,"valueName":"search_term_string"}}],"inLanguage":"pl-PL"},{"@type":"Organization","@id":"https:\/\/sollux-lighting.com\/pl\/#organization","name":"Sollux Lighting","url":"https:\/\/sollux-lighting.com\/pl\/","logo":{"@type":"ImageObject","inLanguage":"pl-PL","@id":"https:\/\/sollux-lighting.com\/pl\/#\/schema\/logo\/image\/","url":"https:\/\/sollux-lighting.com\/wp-content\/uploads\/2023\/02\/LOGO.svg","contentUrl":"https:\/\/sollux-lighting.com\/wp-content\/uploads\/2023\/02\/LOGO.svg","width":160,"height":46,"caption":"Sollux Lighting"},"image":{"@id":"https:\/\/sollux-lighting.com\/pl\/#\/schema\/logo\/image\/"}}]}},"_links":{"self":[{"href":"https:\/\/sollux-lighting.com\/pl\/wp-json\/wp\/v2\/product\/21617","targetHints":{"allow":["GET"]}}],"collection":[{"href":"https:\/\/sollux-lighting.com\/pl\/wp-json\/wp\/v2\/product"}],"about":[{"href":"https:\/\/sollux-lighting.com\/pl\/wp-json\/wp\/v2\/types\/product"}],"wp:featuredmedia":[{"embeddable":true,"href":"https:\/\/sollux-lighting.com\/pl\/wp-json\/wp\/v2\/media\/21618"}],"wp:attachment":[{"href":"https:\/\/sollux-lighting.com\/pl\/wp-json\/wp\/v2\/media?parent=21617"}],"wp:term":[{"taxonomy":"product_brand","embeddable":true,"href":"https:\/\/sollux-lighting.com\/pl\/wp-json\/wp\/v2\/product_brand?post=21617"},{"taxonomy":"product_cat","embeddable":true,"href":"https:\/\/sollux-lighting.com\/pl\/wp-json\/wp\/v2\/product_cat?post=21617"},{"taxonomy":"product_tag","embeddable":true,"href":"https:\/\/sollux-lighting.com\/pl\/wp-json\/wp\/v2\/product_tag?post=21617"}],"curies":[{"name":"wp","href":"https:\/\/api.w.org\/{rel}","templated":true}]}}