{"id":20594,"date":"2023-03-17T11:37:51","date_gmt":"2023-03-17T10:37:51","guid":{"rendered":"https:\/\/test.sollux-lighting.com\/nasza-oferta\/bez-kategorii\/lampa-wiszaca-pablito\/"},"modified":"2023-03-17T11:38:01","modified_gmt":"2023-03-17T10:38:01","slug":"lampa-wiszaca-pablito","status":"publish","type":"product","link":"https:\/\/sollux-lighting.com\/pl\/nasza-oferta\/lampy-wiszace\/lampa-wiszaca-pablito\/","title":{"rendered":"Lampa wisz\u0105ca PABLITO"},"content":{"rendered":"<p>Lampa wisz\u0105ca z serii PABLITO to idealne rozwi\u0105zanie do mieszka\u0144 lub dom\u00f3w utrzymanych w loftowym, nowoczesnym charakterze. Czarny przew\u00f3d i faktura oraz kolor przypominaj\u0105cy beton sprawiaj\u0105, \u017ce nie mo\u017cna od niej oderwa\u0107 oczu. Jednocze\u015bnie, opr\u00f3cz swojego niebanalnego designu, lampa wisz\u0105ca PABLITO wspaniale o\u015bwietli ka\u017cde pomieszczenie. Sprawdzi si\u0119 szczeg\u00f3lnie dobrze nad sto\u0142em w jadalni, w kuchni czy sypialni, gdzie potrzeba dobrego o\u015bwietlenia i unikalnego, wyszukanego elementu ozdobnego.<\/p>\n","protected":false},"excerpt":{"rendered":"<p>\u0179r\u00f3d\u0142o \u015bwiat\u0142a: E27, 1x60W, 1x15W LED, 50-60Hz, ~220-230V, IP20, klasa ochronno\u015bci I<br \/>\n\u0179r\u00f3d\u0142o \u015bwiat\u0142a nie jest w komplecie.<br \/>\nWymiary: 30\/30\/120 cm<br \/>\nWymiary klosza: 30\/21 cm<br \/>\nMateria\u0142: beton<br \/>\nKolor: szary<\/p>\n","protected":false},"featured_media":20595,"template":"","meta":{"_acf_changed":false},"product_brand":[],"product_cat":[26],"product_tag":[],"class_list":{"0":"post-20594","1":"product","2":"type-product","3":"status-publish","4":"has-post-thumbnail","6":"product_cat-lampy-wiszace","8":"first","9":"instock","10":"product-type-simple"},"acf":[],"yoast_head":"<!-- This site is optimized with the Yoast SEO plugin v25.4 - https:\/\/yoast.com\/wordpress\/plugins\/seo\/ -->\n<title>Lampa wisz\u0105ca PABLITO - Sollux Lighting<\/title>\n<meta name=\"robots\" content=\"index, follow, max-snippet:-1, max-image-preview:large, max-video-preview:-1\" \/>\n<link rel=\"canonical\" href=\"https:\/\/sollux-lighting.com\/pl\/nasza-oferta\/lampy-wiszace\/lampa-wiszaca-pablito\/\" \/>\n<meta property=\"og:locale\" content=\"pl_PL\" \/>\n<meta property=\"og:type\" content=\"article\" \/>\n<meta property=\"og:title\" content=\"Lampa wisz\u0105ca PABLITO - Sollux Lighting\" \/>\n<meta property=\"og:description\" content=\"\u0179r\u00f3d\u0142o \u015bwiat\u0142a: E27, 1x60W, 1x15W LED, 50-60Hz, ~220-230V, IP20, klasa ochronno\u015bci I \u0179r\u00f3d\u0142o \u015bwiat\u0142a nie jest w komplecie. Wymiary: 30\/30\/120 cm Wymiary klosza: 30\/21 cm Materia\u0142: beton Kolor: szary\" \/>\n<meta property=\"og:url\" content=\"https:\/\/sollux-lighting.com\/pl\/nasza-oferta\/lampy-wiszace\/lampa-wiszaca-pablito\/\" \/>\n<meta property=\"og:site_name\" content=\"Sollux Lighting\" \/>\n<meta property=\"article:modified_time\" content=\"2023-03-17T10:38:01+00:00\" \/>\n<meta property=\"og:image\" content=\"https:\/\/sollux-lighting.com\/wp-content\/uploads\/2023\/03\/0847-1-k.jpg\" \/>\n\t<meta property=\"og:image:width\" content=\"750\" \/>\n\t<meta property=\"og:image:height\" content=\"750\" \/>\n\t<meta property=\"og:image:type\" content=\"image\/jpeg\" \/>\n<meta name=\"twitter:card\" content=\"summary_large_image\" \/>\n<script type=\"application\/ld+json\" class=\"yoast-schema-graph\">{\"@context\":\"https:\/\/schema.org\",\"@graph\":[{\"@type\":\"WebPage\",\"@id\":\"https:\/\/sollux-lighting.com\/pl\/nasza-oferta\/lampy-wiszace\/lampa-wiszaca-pablito\/\",\"url\":\"https:\/\/sollux-lighting.com\/pl\/nasza-oferta\/lampy-wiszace\/lampa-wiszaca-pablito\/\",\"name\":\"Lampa wisz\u0105ca PABLITO - Sollux Lighting\",\"isPartOf\":{\"@id\":\"https:\/\/sollux-lighting.com\/pl\/#website\"},\"primaryImageOfPage\":{\"@id\":\"https:\/\/sollux-lighting.com\/pl\/nasza-oferta\/lampy-wiszace\/lampa-wiszaca-pablito\/#primaryimage\"},\"image\":{\"@id\":\"https:\/\/sollux-lighting.com\/pl\/nasza-oferta\/lampy-wiszace\/lampa-wiszaca-pablito\/#primaryimage\"},\"thumbnailUrl\":\"https:\/\/sollux-lighting.com\/wp-content\/uploads\/2023\/03\/0847-1-k.jpg\",\"datePublished\":\"2023-03-17T10:37:51+00:00\",\"dateModified\":\"2023-03-17T10:38:01+00:00\",\"breadcrumb\":{\"@id\":\"https:\/\/sollux-lighting.com\/pl\/nasza-oferta\/lampy-wiszace\/lampa-wiszaca-pablito\/#breadcrumb\"},\"inLanguage\":\"pl-PL\",\"potentialAction\":[{\"@type\":\"ReadAction\",\"target\":[\"https:\/\/sollux-lighting.com\/pl\/nasza-oferta\/lampy-wiszace\/lampa-wiszaca-pablito\/\"]}]},{\"@type\":\"ImageObject\",\"inLanguage\":\"pl-PL\",\"@id\":\"https:\/\/sollux-lighting.com\/pl\/nasza-oferta\/lampy-wiszace\/lampa-wiszaca-pablito\/#primaryimage\",\"url\":\"https:\/\/sollux-lighting.com\/wp-content\/uploads\/2023\/03\/0847-1-k.jpg\",\"contentUrl\":\"https:\/\/sollux-lighting.com\/wp-content\/uploads\/2023\/03\/0847-1-k.jpg\",\"width\":750,\"height\":750},{\"@type\":\"BreadcrumbList\",\"@id\":\"https:\/\/sollux-lighting.com\/pl\/nasza-oferta\/lampy-wiszace\/lampa-wiszaca-pablito\/#breadcrumb\",\"itemListElement\":[{\"@type\":\"ListItem\",\"position\":1,\"name\":\"Strona g\u0142\u00f3wna\",\"item\":\"https:\/\/sollux-lighting.com\/pl\/\"},{\"@type\":\"ListItem\",\"position\":2,\"name\":\"Nasza oferta\",\"item\":\"https:\/\/sollux-lighting.com\/pl\/nasza-oferta\/\"},{\"@type\":\"ListItem\",\"position\":3,\"name\":\"Lampa wisz\u0105ca PABLITO\"}]},{\"@type\":\"WebSite\",\"@id\":\"https:\/\/sollux-lighting.com\/pl\/#website\",\"url\":\"https:\/\/sollux-lighting.com\/pl\/\",\"name\":\"Sollux Lighting\",\"description\":\"Brighten up your business\",\"publisher\":{\"@id\":\"https:\/\/sollux-lighting.com\/pl\/#organization\"},\"potentialAction\":[{\"@type\":\"SearchAction\",\"target\":{\"@type\":\"EntryPoint\",\"urlTemplate\":\"https:\/\/sollux-lighting.com\/pl\/?s={search_term_string}\"},\"query-input\":{\"@type\":\"PropertyValueSpecification\",\"valueRequired\":true,\"valueName\":\"search_term_string\"}}],\"inLanguage\":\"pl-PL\"},{\"@type\":\"Organization\",\"@id\":\"https:\/\/sollux-lighting.com\/pl\/#organization\",\"name\":\"Sollux Lighting\",\"url\":\"https:\/\/sollux-lighting.com\/pl\/\",\"logo\":{\"@type\":\"ImageObject\",\"inLanguage\":\"pl-PL\",\"@id\":\"https:\/\/sollux-lighting.com\/pl\/#\/schema\/logo\/image\/\",\"url\":\"https:\/\/sollux-lighting.com\/wp-content\/uploads\/2023\/02\/LOGO.svg\",\"contentUrl\":\"https:\/\/sollux-lighting.com\/wp-content\/uploads\/2023\/02\/LOGO.svg\",\"width\":160,\"height\":46,\"caption\":\"Sollux Lighting\"},\"image\":{\"@id\":\"https:\/\/sollux-lighting.com\/pl\/#\/schema\/logo\/image\/\"}}]}<\/script>\n<!-- \/ Yoast SEO plugin. -->","yoast_head_json":{"title":"Lampa wisz\u0105ca PABLITO - Sollux Lighting","robots":{"index":"index","follow":"follow","max-snippet":"max-snippet:-1","max-image-preview":"max-image-preview:large","max-video-preview":"max-video-preview:-1"},"canonical":"https:\/\/sollux-lighting.com\/pl\/nasza-oferta\/lampy-wiszace\/lampa-wiszaca-pablito\/","og_locale":"pl_PL","og_type":"article","og_title":"Lampa wisz\u0105ca PABLITO - Sollux Lighting","og_description":"\u0179r\u00f3d\u0142o \u015bwiat\u0142a: E27, 1x60W, 1x15W LED, 50-60Hz, ~220-230V, IP20, klasa ochronno\u015bci I \u0179r\u00f3d\u0142o \u015bwiat\u0142a nie jest w komplecie. Wymiary: 30\/30\/120 cm Wymiary klosza: 30\/21 cm Materia\u0142: beton Kolor: szary","og_url":"https:\/\/sollux-lighting.com\/pl\/nasza-oferta\/lampy-wiszace\/lampa-wiszaca-pablito\/","og_site_name":"Sollux Lighting","article_modified_time":"2023-03-17T10:38:01+00:00","og_image":[{"width":750,"height":750,"url":"https:\/\/sollux-lighting.com\/wp-content\/uploads\/2023\/03\/0847-1-k.jpg","type":"image\/jpeg"}],"twitter_card":"summary_large_image","schema":{"@context":"https:\/\/schema.org","@graph":[{"@type":"WebPage","@id":"https:\/\/sollux-lighting.com\/pl\/nasza-oferta\/lampy-wiszace\/lampa-wiszaca-pablito\/","url":"https:\/\/sollux-lighting.com\/pl\/nasza-oferta\/lampy-wiszace\/lampa-wiszaca-pablito\/","name":"Lampa wisz\u0105ca PABLITO - Sollux Lighting","isPartOf":{"@id":"https:\/\/sollux-lighting.com\/pl\/#website"},"primaryImageOfPage":{"@id":"https:\/\/sollux-lighting.com\/pl\/nasza-oferta\/lampy-wiszace\/lampa-wiszaca-pablito\/#primaryimage"},"image":{"@id":"https:\/\/sollux-lighting.com\/pl\/nasza-oferta\/lampy-wiszace\/lampa-wiszaca-pablito\/#primaryimage"},"thumbnailUrl":"https:\/\/sollux-lighting.com\/wp-content\/uploads\/2023\/03\/0847-1-k.jpg","datePublished":"2023-03-17T10:37:51+00:00","dateModified":"2023-03-17T10:38:01+00:00","breadcrumb":{"@id":"https:\/\/sollux-lighting.com\/pl\/nasza-oferta\/lampy-wiszace\/lampa-wiszaca-pablito\/#breadcrumb"},"inLanguage":"pl-PL","potentialAction":[{"@type":"ReadAction","target":["https:\/\/sollux-lighting.com\/pl\/nasza-oferta\/lampy-wiszace\/lampa-wiszaca-pablito\/"]}]},{"@type":"ImageObject","inLanguage":"pl-PL","@id":"https:\/\/sollux-lighting.com\/pl\/nasza-oferta\/lampy-wiszace\/lampa-wiszaca-pablito\/#primaryimage","url":"https:\/\/sollux-lighting.com\/wp-content\/uploads\/2023\/03\/0847-1-k.jpg","contentUrl":"https:\/\/sollux-lighting.com\/wp-content\/uploads\/2023\/03\/0847-1-k.jpg","width":750,"height":750},{"@type":"BreadcrumbList","@id":"https:\/\/sollux-lighting.com\/pl\/nasza-oferta\/lampy-wiszace\/lampa-wiszaca-pablito\/#breadcrumb","itemListElement":[{"@type":"ListItem","position":1,"name":"Strona g\u0142\u00f3wna","item":"https:\/\/sollux-lighting.com\/pl\/"},{"@type":"ListItem","position":2,"name":"Nasza oferta","item":"https:\/\/sollux-lighting.com\/pl\/nasza-oferta\/"},{"@type":"ListItem","position":3,"name":"Lampa wisz\u0105ca PABLITO"}]},{"@type":"WebSite","@id":"https:\/\/sollux-lighting.com\/pl\/#website","url":"https:\/\/sollux-lighting.com\/pl\/","name":"Sollux Lighting","description":"Brighten up your business","publisher":{"@id":"https:\/\/sollux-lighting.com\/pl\/#organization"},"potentialAction":[{"@type":"SearchAction","target":{"@type":"EntryPoint","urlTemplate":"https:\/\/sollux-lighting.com\/pl\/?s={search_term_string}"},"query-input":{"@type":"PropertyValueSpecification","valueRequired":true,"valueName":"search_term_string"}}],"inLanguage":"pl-PL"},{"@type":"Organization","@id":"https:\/\/sollux-lighting.com\/pl\/#organization","name":"Sollux Lighting","url":"https:\/\/sollux-lighting.com\/pl\/","logo":{"@type":"ImageObject","inLanguage":"pl-PL","@id":"https:\/\/sollux-lighting.com\/pl\/#\/schema\/logo\/image\/","url":"https:\/\/sollux-lighting.com\/wp-content\/uploads\/2023\/02\/LOGO.svg","contentUrl":"https:\/\/sollux-lighting.com\/wp-content\/uploads\/2023\/02\/LOGO.svg","width":160,"height":46,"caption":"Sollux Lighting"},"image":{"@id":"https:\/\/sollux-lighting.com\/pl\/#\/schema\/logo\/image\/"}}]}},"_links":{"self":[{"href":"https:\/\/sollux-lighting.com\/pl\/wp-json\/wp\/v2\/product\/20594","targetHints":{"allow":["GET"]}}],"collection":[{"href":"https:\/\/sollux-lighting.com\/pl\/wp-json\/wp\/v2\/product"}],"about":[{"href":"https:\/\/sollux-lighting.com\/pl\/wp-json\/wp\/v2\/types\/product"}],"wp:featuredmedia":[{"embeddable":true,"href":"https:\/\/sollux-lighting.com\/pl\/wp-json\/wp\/v2\/media\/20595"}],"wp:attachment":[{"href":"https:\/\/sollux-lighting.com\/pl\/wp-json\/wp\/v2\/media?parent=20594"}],"wp:term":[{"taxonomy":"product_brand","embeddable":true,"href":"https:\/\/sollux-lighting.com\/pl\/wp-json\/wp\/v2\/product_brand?post=20594"},{"taxonomy":"product_cat","embeddable":true,"href":"https:\/\/sollux-lighting.com\/pl\/wp-json\/wp\/v2\/product_cat?post=20594"},{"taxonomy":"product_tag","embeddable":true,"href":"https:\/\/sollux-lighting.com\/pl\/wp-json\/wp\/v2\/product_tag?post=20594"}],"curies":[{"name":"wp","href":"https:\/\/api.w.org\/{rel}","templated":true}]}}