{"id":14727,"date":"2023-03-17T11:23:33","date_gmt":"2023-03-17T10:23:33","guid":{"rendered":"https:\/\/test.sollux-lighting.com\/nasza-oferta\/bez-kategorii\/plafon-direzione-1-czarny\/"},"modified":"2023-03-17T11:24:23","modified_gmt":"2023-03-17T10:24:23","slug":"plafon-direzione-1-czarny","status":"publish","type":"product","link":"https:\/\/sollux-lighting.com\/pl\/nasza-oferta\/plafony\/plafon-direzione-1-czarny\/","title":{"rendered":"Plafon DIREZIONE 1 czarny"},"content":{"rendered":"<p>Projektanci lamp coraz cz\u0119\u015bciej zaskakuj\u0105 nas niebanalnymi pomys\u0142ami, czego dowodem jest seria lamp DIREZIONE. Pomimo oryginalnego designu jest to uniwersalna propozycja \u2013 klasyczny kolor gwarantuje mo\u017cliwo\u015b\u0107 dopasowania modelu do najr\u00f3\u017cniejszych aran\u017cacji. Lampa stanowi doskona\u0142y wyb\u00f3r nie tylko pod k\u0105tem mieszkania \u2013 z jej pomoc\u0105 mo\u017cna zadba\u0107 o atrakcyjn\u0105 aran\u017cacj\u0119 biura, z uwzgl\u0119dnieniem optymalnego o\u015bwietlenia konkretnej przestrzeni. Warto zwr\u00f3ci\u0107 specyficzny kszta\u0142t klosza w formie walca. Ponadczasowa elegancja nigdy nie wyjdzie z mody!<\/p>\n","protected":false},"excerpt":{"rendered":"<p>\u0179r\u00f3d\u0142o \u015bwiat\u0142a: GU10, 1x40W, 1x12W LED, 50-60Hz, ~220-230V, IP20, klasa ochronno\u015bci I<br \/>\n\u0179r\u00f3d\u0142o \u015bwiat\u0142a nie jest w komplecie.<br \/>\nWymiary: 8\/8\/20 cm<br \/>\nMateria\u0142: stal<br \/>\nKolor: czarny<\/p>\n","protected":false},"featured_media":14728,"template":"","meta":{"_acf_changed":false},"product_brand":[],"product_cat":[25],"product_tag":[],"class_list":{"0":"post-14727","1":"product","2":"type-product","3":"status-publish","4":"has-post-thumbnail","6":"product_cat-plafony","8":"first","9":"instock","10":"product-type-simple"},"acf":[],"yoast_head":"<!-- This site is optimized with the Yoast SEO plugin v25.4 - https:\/\/yoast.com\/wordpress\/plugins\/seo\/ -->\n<title>Plafon DIREZIONE 1 czarny - Sollux Lighting<\/title>\n<meta name=\"robots\" content=\"index, follow, max-snippet:-1, max-image-preview:large, max-video-preview:-1\" \/>\n<link rel=\"canonical\" href=\"https:\/\/sollux-lighting.com\/pl\/nasza-oferta\/plafony\/plafon-direzione-1-czarny\/\" \/>\n<meta property=\"og:locale\" content=\"pl_PL\" \/>\n<meta property=\"og:type\" content=\"article\" \/>\n<meta property=\"og:title\" content=\"Plafon DIREZIONE 1 czarny - Sollux Lighting\" \/>\n<meta property=\"og:description\" content=\"\u0179r\u00f3d\u0142o \u015bwiat\u0142a: GU10, 1x40W, 1x12W LED, 50-60Hz, ~220-230V, IP20, klasa ochronno\u015bci I \u0179r\u00f3d\u0142o \u015bwiat\u0142a nie jest w komplecie. Wymiary: 8\/8\/20 cm Materia\u0142: stal Kolor: czarny\" \/>\n<meta property=\"og:url\" content=\"https:\/\/sollux-lighting.com\/pl\/nasza-oferta\/plafony\/plafon-direzione-1-czarny\/\" \/>\n<meta property=\"og:site_name\" content=\"Sollux Lighting\" \/>\n<meta property=\"article:modified_time\" content=\"2023-03-17T10:24:23+00:00\" \/>\n<meta property=\"og:image\" content=\"https:\/\/sollux-lighting.com\/wp-content\/uploads\/2023\/03\/0499-1-k.jpg\" \/>\n\t<meta property=\"og:image:width\" content=\"750\" \/>\n\t<meta property=\"og:image:height\" content=\"750\" \/>\n\t<meta property=\"og:image:type\" content=\"image\/jpeg\" \/>\n<meta name=\"twitter:card\" content=\"summary_large_image\" \/>\n<script type=\"application\/ld+json\" class=\"yoast-schema-graph\">{\"@context\":\"https:\/\/schema.org\",\"@graph\":[{\"@type\":\"WebPage\",\"@id\":\"https:\/\/sollux-lighting.com\/pl\/nasza-oferta\/plafony\/plafon-direzione-1-czarny\/\",\"url\":\"https:\/\/sollux-lighting.com\/pl\/nasza-oferta\/plafony\/plafon-direzione-1-czarny\/\",\"name\":\"Plafon DIREZIONE 1 czarny - Sollux Lighting\",\"isPartOf\":{\"@id\":\"https:\/\/sollux-lighting.com\/pl\/#website\"},\"primaryImageOfPage\":{\"@id\":\"https:\/\/sollux-lighting.com\/pl\/nasza-oferta\/plafony\/plafon-direzione-1-czarny\/#primaryimage\"},\"image\":{\"@id\":\"https:\/\/sollux-lighting.com\/pl\/nasza-oferta\/plafony\/plafon-direzione-1-czarny\/#primaryimage\"},\"thumbnailUrl\":\"https:\/\/sollux-lighting.com\/wp-content\/uploads\/2023\/03\/0499-1-k.jpg\",\"datePublished\":\"2023-03-17T10:23:33+00:00\",\"dateModified\":\"2023-03-17T10:24:23+00:00\",\"breadcrumb\":{\"@id\":\"https:\/\/sollux-lighting.com\/pl\/nasza-oferta\/plafony\/plafon-direzione-1-czarny\/#breadcrumb\"},\"inLanguage\":\"pl-PL\",\"potentialAction\":[{\"@type\":\"ReadAction\",\"target\":[\"https:\/\/sollux-lighting.com\/pl\/nasza-oferta\/plafony\/plafon-direzione-1-czarny\/\"]}]},{\"@type\":\"ImageObject\",\"inLanguage\":\"pl-PL\",\"@id\":\"https:\/\/sollux-lighting.com\/pl\/nasza-oferta\/plafony\/plafon-direzione-1-czarny\/#primaryimage\",\"url\":\"https:\/\/sollux-lighting.com\/wp-content\/uploads\/2023\/03\/0499-1-k.jpg\",\"contentUrl\":\"https:\/\/sollux-lighting.com\/wp-content\/uploads\/2023\/03\/0499-1-k.jpg\",\"width\":750,\"height\":750},{\"@type\":\"BreadcrumbList\",\"@id\":\"https:\/\/sollux-lighting.com\/pl\/nasza-oferta\/plafony\/plafon-direzione-1-czarny\/#breadcrumb\",\"itemListElement\":[{\"@type\":\"ListItem\",\"position\":1,\"name\":\"Strona g\u0142\u00f3wna\",\"item\":\"https:\/\/sollux-lighting.com\/pl\/\"},{\"@type\":\"ListItem\",\"position\":2,\"name\":\"Nasza oferta\",\"item\":\"https:\/\/sollux-lighting.com\/pl\/nasza-oferta\/\"},{\"@type\":\"ListItem\",\"position\":3,\"name\":\"Plafon DIREZIONE 1 czarny\"}]},{\"@type\":\"WebSite\",\"@id\":\"https:\/\/sollux-lighting.com\/pl\/#website\",\"url\":\"https:\/\/sollux-lighting.com\/pl\/\",\"name\":\"Sollux Lighting\",\"description\":\"Brighten up your business\",\"publisher\":{\"@id\":\"https:\/\/sollux-lighting.com\/pl\/#organization\"},\"potentialAction\":[{\"@type\":\"SearchAction\",\"target\":{\"@type\":\"EntryPoint\",\"urlTemplate\":\"https:\/\/sollux-lighting.com\/pl\/?s={search_term_string}\"},\"query-input\":{\"@type\":\"PropertyValueSpecification\",\"valueRequired\":true,\"valueName\":\"search_term_string\"}}],\"inLanguage\":\"pl-PL\"},{\"@type\":\"Organization\",\"@id\":\"https:\/\/sollux-lighting.com\/pl\/#organization\",\"name\":\"Sollux Lighting\",\"url\":\"https:\/\/sollux-lighting.com\/pl\/\",\"logo\":{\"@type\":\"ImageObject\",\"inLanguage\":\"pl-PL\",\"@id\":\"https:\/\/sollux-lighting.com\/pl\/#\/schema\/logo\/image\/\",\"url\":\"https:\/\/sollux-lighting.com\/wp-content\/uploads\/2023\/02\/LOGO.svg\",\"contentUrl\":\"https:\/\/sollux-lighting.com\/wp-content\/uploads\/2023\/02\/LOGO.svg\",\"width\":160,\"height\":46,\"caption\":\"Sollux Lighting\"},\"image\":{\"@id\":\"https:\/\/sollux-lighting.com\/pl\/#\/schema\/logo\/image\/\"}}]}<\/script>\n<!-- \/ Yoast SEO plugin. -->","yoast_head_json":{"title":"Plafon DIREZIONE 1 czarny - Sollux Lighting","robots":{"index":"index","follow":"follow","max-snippet":"max-snippet:-1","max-image-preview":"max-image-preview:large","max-video-preview":"max-video-preview:-1"},"canonical":"https:\/\/sollux-lighting.com\/pl\/nasza-oferta\/plafony\/plafon-direzione-1-czarny\/","og_locale":"pl_PL","og_type":"article","og_title":"Plafon DIREZIONE 1 czarny - Sollux Lighting","og_description":"\u0179r\u00f3d\u0142o \u015bwiat\u0142a: GU10, 1x40W, 1x12W LED, 50-60Hz, ~220-230V, IP20, klasa ochronno\u015bci I \u0179r\u00f3d\u0142o \u015bwiat\u0142a nie jest w komplecie. Wymiary: 8\/8\/20 cm Materia\u0142: stal Kolor: czarny","og_url":"https:\/\/sollux-lighting.com\/pl\/nasza-oferta\/plafony\/plafon-direzione-1-czarny\/","og_site_name":"Sollux Lighting","article_modified_time":"2023-03-17T10:24:23+00:00","og_image":[{"width":750,"height":750,"url":"https:\/\/sollux-lighting.com\/wp-content\/uploads\/2023\/03\/0499-1-k.jpg","type":"image\/jpeg"}],"twitter_card":"summary_large_image","schema":{"@context":"https:\/\/schema.org","@graph":[{"@type":"WebPage","@id":"https:\/\/sollux-lighting.com\/pl\/nasza-oferta\/plafony\/plafon-direzione-1-czarny\/","url":"https:\/\/sollux-lighting.com\/pl\/nasza-oferta\/plafony\/plafon-direzione-1-czarny\/","name":"Plafon DIREZIONE 1 czarny - Sollux Lighting","isPartOf":{"@id":"https:\/\/sollux-lighting.com\/pl\/#website"},"primaryImageOfPage":{"@id":"https:\/\/sollux-lighting.com\/pl\/nasza-oferta\/plafony\/plafon-direzione-1-czarny\/#primaryimage"},"image":{"@id":"https:\/\/sollux-lighting.com\/pl\/nasza-oferta\/plafony\/plafon-direzione-1-czarny\/#primaryimage"},"thumbnailUrl":"https:\/\/sollux-lighting.com\/wp-content\/uploads\/2023\/03\/0499-1-k.jpg","datePublished":"2023-03-17T10:23:33+00:00","dateModified":"2023-03-17T10:24:23+00:00","breadcrumb":{"@id":"https:\/\/sollux-lighting.com\/pl\/nasza-oferta\/plafony\/plafon-direzione-1-czarny\/#breadcrumb"},"inLanguage":"pl-PL","potentialAction":[{"@type":"ReadAction","target":["https:\/\/sollux-lighting.com\/pl\/nasza-oferta\/plafony\/plafon-direzione-1-czarny\/"]}]},{"@type":"ImageObject","inLanguage":"pl-PL","@id":"https:\/\/sollux-lighting.com\/pl\/nasza-oferta\/plafony\/plafon-direzione-1-czarny\/#primaryimage","url":"https:\/\/sollux-lighting.com\/wp-content\/uploads\/2023\/03\/0499-1-k.jpg","contentUrl":"https:\/\/sollux-lighting.com\/wp-content\/uploads\/2023\/03\/0499-1-k.jpg","width":750,"height":750},{"@type":"BreadcrumbList","@id":"https:\/\/sollux-lighting.com\/pl\/nasza-oferta\/plafony\/plafon-direzione-1-czarny\/#breadcrumb","itemListElement":[{"@type":"ListItem","position":1,"name":"Strona g\u0142\u00f3wna","item":"https:\/\/sollux-lighting.com\/pl\/"},{"@type":"ListItem","position":2,"name":"Nasza oferta","item":"https:\/\/sollux-lighting.com\/pl\/nasza-oferta\/"},{"@type":"ListItem","position":3,"name":"Plafon DIREZIONE 1 czarny"}]},{"@type":"WebSite","@id":"https:\/\/sollux-lighting.com\/pl\/#website","url":"https:\/\/sollux-lighting.com\/pl\/","name":"Sollux Lighting","description":"Brighten up your business","publisher":{"@id":"https:\/\/sollux-lighting.com\/pl\/#organization"},"potentialAction":[{"@type":"SearchAction","target":{"@type":"EntryPoint","urlTemplate":"https:\/\/sollux-lighting.com\/pl\/?s={search_term_string}"},"query-input":{"@type":"PropertyValueSpecification","valueRequired":true,"valueName":"search_term_string"}}],"inLanguage":"pl-PL"},{"@type":"Organization","@id":"https:\/\/sollux-lighting.com\/pl\/#organization","name":"Sollux Lighting","url":"https:\/\/sollux-lighting.com\/pl\/","logo":{"@type":"ImageObject","inLanguage":"pl-PL","@id":"https:\/\/sollux-lighting.com\/pl\/#\/schema\/logo\/image\/","url":"https:\/\/sollux-lighting.com\/wp-content\/uploads\/2023\/02\/LOGO.svg","contentUrl":"https:\/\/sollux-lighting.com\/wp-content\/uploads\/2023\/02\/LOGO.svg","width":160,"height":46,"caption":"Sollux Lighting"},"image":{"@id":"https:\/\/sollux-lighting.com\/pl\/#\/schema\/logo\/image\/"}}]}},"_links":{"self":[{"href":"https:\/\/sollux-lighting.com\/pl\/wp-json\/wp\/v2\/product\/14727","targetHints":{"allow":["GET"]}}],"collection":[{"href":"https:\/\/sollux-lighting.com\/pl\/wp-json\/wp\/v2\/product"}],"about":[{"href":"https:\/\/sollux-lighting.com\/pl\/wp-json\/wp\/v2\/types\/product"}],"wp:featuredmedia":[{"embeddable":true,"href":"https:\/\/sollux-lighting.com\/pl\/wp-json\/wp\/v2\/media\/14728"}],"wp:attachment":[{"href":"https:\/\/sollux-lighting.com\/pl\/wp-json\/wp\/v2\/media?parent=14727"}],"wp:term":[{"taxonomy":"product_brand","embeddable":true,"href":"https:\/\/sollux-lighting.com\/pl\/wp-json\/wp\/v2\/product_brand?post=14727"},{"taxonomy":"product_cat","embeddable":true,"href":"https:\/\/sollux-lighting.com\/pl\/wp-json\/wp\/v2\/product_cat?post=14727"},{"taxonomy":"product_tag","embeddable":true,"href":"https:\/\/sollux-lighting.com\/pl\/wp-json\/wp\/v2\/product_tag?post=14727"}],"curies":[{"name":"wp","href":"https:\/\/api.w.org\/{rel}","templated":true}]}}