{"id":12361,"date":"2023-03-17T11:18:45","date_gmt":"2023-03-17T10:18:45","guid":{"rendered":"https:\/\/test.sollux-lighting.com\/nasza-oferta\/bez-kategorii\/kinkiet-inez-szary\/"},"modified":"2023-03-17T11:18:58","modified_gmt":"2023-03-17T10:18:58","slug":"kinkiet-inez-szary","status":"publish","type":"product","link":"https:\/\/sollux-lighting.com\/pl\/nasza-oferta\/kinkiety\/kinkiet-inez-szary\/","title":{"rendered":"Kinkiet INEZ szary"},"content":{"rendered":"<p>Nowoczesne lampy INEZ to kwintesencja minimalistycznego stylu i niezwykle ciekawa ozdoba. \u015acienne kinkiety z tej serii posiadaj\u0105 wyj\u0105tkowo pi\u0119kne oprawy w formie odkrytych od do\u0142u i g\u00f3ry cylindr\u00f3w. Taka konstrukcja pozwoli\u0142a stworzy\u0107 o\u015bwietlenie, kt\u00f3re tworzy efektown\u0105 iluminacj\u0119 i podkre\u015bla nowoczesny charakter wn\u0119trza. Kilka stonowanych wersji kolorystycznych pozwoli dopasowa\u0107 lamp\u0119 do konkretnego wystroju pomieszcze\u0144. Idealna propozycja dla mi\u0142o\u015bnik\u00f3w minimalizmu i awangardowego wyposa\u017cenia domu.<\/p>\n","protected":false},"excerpt":{"rendered":"<p>\u0179r\u00f3d\u0142o \u015bwiat\u0142a: G9, 1x40W, 1x12W LED, 50-60Hz, ~220-230V, IP20, klasa ochronno\u015bci I<br \/>\n\u0179r\u00f3d\u0142o \u015bwiat\u0142a nie jest w komplecie.<br \/>\nWymiary: 10\/12\/10 cm<br \/>\nMateria\u0142: aluminium<br \/>\nKolor: szary<\/p>\n","protected":false},"featured_media":12362,"template":"","meta":{"_acf_changed":false},"product_brand":[],"product_cat":[15],"product_tag":[],"class_list":{"0":"post-12361","1":"product","2":"type-product","3":"status-publish","4":"has-post-thumbnail","6":"product_cat-kinkiety","8":"first","9":"instock","10":"product-type-simple"},"acf":[],"yoast_head":"<!-- This site is optimized with the Yoast SEO plugin v25.4 - https:\/\/yoast.com\/wordpress\/plugins\/seo\/ -->\n<title>Kinkiet INEZ szary - Sollux Lighting<\/title>\n<meta name=\"robots\" content=\"index, follow, max-snippet:-1, max-image-preview:large, max-video-preview:-1\" \/>\n<link rel=\"canonical\" href=\"https:\/\/sollux-lighting.com\/pl\/nasza-oferta\/kinkiety\/kinkiet-inez-szary\/\" \/>\n<meta property=\"og:locale\" content=\"pl_PL\" \/>\n<meta property=\"og:type\" content=\"article\" \/>\n<meta property=\"og:title\" content=\"Kinkiet INEZ szary - Sollux Lighting\" \/>\n<meta property=\"og:description\" content=\"\u0179r\u00f3d\u0142o \u015bwiat\u0142a: G9, 1x40W, 1x12W LED, 50-60Hz, ~220-230V, IP20, klasa ochronno\u015bci I \u0179r\u00f3d\u0142o \u015bwiat\u0142a nie jest w komplecie. Wymiary: 10\/12\/10 cm Materia\u0142: aluminium Kolor: szary\" \/>\n<meta property=\"og:url\" content=\"https:\/\/sollux-lighting.com\/pl\/nasza-oferta\/kinkiety\/kinkiet-inez-szary\/\" \/>\n<meta property=\"og:site_name\" content=\"Sollux Lighting\" \/>\n<meta property=\"article:modified_time\" content=\"2023-03-17T10:18:58+00:00\" \/>\n<meta property=\"og:image\" content=\"https:\/\/sollux-lighting.com\/wp-content\/uploads\/2023\/03\/0354-1-k.jpg\" \/>\n\t<meta property=\"og:image:width\" content=\"750\" \/>\n\t<meta property=\"og:image:height\" content=\"750\" \/>\n\t<meta property=\"og:image:type\" content=\"image\/jpeg\" \/>\n<meta name=\"twitter:card\" content=\"summary_large_image\" \/>\n<script type=\"application\/ld+json\" class=\"yoast-schema-graph\">{\"@context\":\"https:\/\/schema.org\",\"@graph\":[{\"@type\":\"WebPage\",\"@id\":\"https:\/\/sollux-lighting.com\/pl\/nasza-oferta\/kinkiety\/kinkiet-inez-szary\/\",\"url\":\"https:\/\/sollux-lighting.com\/pl\/nasza-oferta\/kinkiety\/kinkiet-inez-szary\/\",\"name\":\"Kinkiet INEZ szary - Sollux Lighting\",\"isPartOf\":{\"@id\":\"https:\/\/sollux-lighting.com\/pl\/#website\"},\"primaryImageOfPage\":{\"@id\":\"https:\/\/sollux-lighting.com\/pl\/nasza-oferta\/kinkiety\/kinkiet-inez-szary\/#primaryimage\"},\"image\":{\"@id\":\"https:\/\/sollux-lighting.com\/pl\/nasza-oferta\/kinkiety\/kinkiet-inez-szary\/#primaryimage\"},\"thumbnailUrl\":\"https:\/\/sollux-lighting.com\/wp-content\/uploads\/2023\/03\/0354-1-k.jpg\",\"datePublished\":\"2023-03-17T10:18:45+00:00\",\"dateModified\":\"2023-03-17T10:18:58+00:00\",\"breadcrumb\":{\"@id\":\"https:\/\/sollux-lighting.com\/pl\/nasza-oferta\/kinkiety\/kinkiet-inez-szary\/#breadcrumb\"},\"inLanguage\":\"pl-PL\",\"potentialAction\":[{\"@type\":\"ReadAction\",\"target\":[\"https:\/\/sollux-lighting.com\/pl\/nasza-oferta\/kinkiety\/kinkiet-inez-szary\/\"]}]},{\"@type\":\"ImageObject\",\"inLanguage\":\"pl-PL\",\"@id\":\"https:\/\/sollux-lighting.com\/pl\/nasza-oferta\/kinkiety\/kinkiet-inez-szary\/#primaryimage\",\"url\":\"https:\/\/sollux-lighting.com\/wp-content\/uploads\/2023\/03\/0354-1-k.jpg\",\"contentUrl\":\"https:\/\/sollux-lighting.com\/wp-content\/uploads\/2023\/03\/0354-1-k.jpg\",\"width\":750,\"height\":750},{\"@type\":\"BreadcrumbList\",\"@id\":\"https:\/\/sollux-lighting.com\/pl\/nasza-oferta\/kinkiety\/kinkiet-inez-szary\/#breadcrumb\",\"itemListElement\":[{\"@type\":\"ListItem\",\"position\":1,\"name\":\"Strona g\u0142\u00f3wna\",\"item\":\"https:\/\/sollux-lighting.com\/pl\/\"},{\"@type\":\"ListItem\",\"position\":2,\"name\":\"Nasza oferta\",\"item\":\"https:\/\/sollux-lighting.com\/pl\/nasza-oferta\/\"},{\"@type\":\"ListItem\",\"position\":3,\"name\":\"Kinkiet INEZ szary\"}]},{\"@type\":\"WebSite\",\"@id\":\"https:\/\/sollux-lighting.com\/pl\/#website\",\"url\":\"https:\/\/sollux-lighting.com\/pl\/\",\"name\":\"Sollux Lighting\",\"description\":\"Brighten up your business\",\"publisher\":{\"@id\":\"https:\/\/sollux-lighting.com\/pl\/#organization\"},\"potentialAction\":[{\"@type\":\"SearchAction\",\"target\":{\"@type\":\"EntryPoint\",\"urlTemplate\":\"https:\/\/sollux-lighting.com\/pl\/?s={search_term_string}\"},\"query-input\":{\"@type\":\"PropertyValueSpecification\",\"valueRequired\":true,\"valueName\":\"search_term_string\"}}],\"inLanguage\":\"pl-PL\"},{\"@type\":\"Organization\",\"@id\":\"https:\/\/sollux-lighting.com\/pl\/#organization\",\"name\":\"Sollux Lighting\",\"url\":\"https:\/\/sollux-lighting.com\/pl\/\",\"logo\":{\"@type\":\"ImageObject\",\"inLanguage\":\"pl-PL\",\"@id\":\"https:\/\/sollux-lighting.com\/pl\/#\/schema\/logo\/image\/\",\"url\":\"https:\/\/sollux-lighting.com\/wp-content\/uploads\/2023\/02\/LOGO.svg\",\"contentUrl\":\"https:\/\/sollux-lighting.com\/wp-content\/uploads\/2023\/02\/LOGO.svg\",\"width\":160,\"height\":46,\"caption\":\"Sollux Lighting\"},\"image\":{\"@id\":\"https:\/\/sollux-lighting.com\/pl\/#\/schema\/logo\/image\/\"}}]}<\/script>\n<!-- \/ Yoast SEO plugin. -->","yoast_head_json":{"title":"Kinkiet INEZ szary - Sollux Lighting","robots":{"index":"index","follow":"follow","max-snippet":"max-snippet:-1","max-image-preview":"max-image-preview:large","max-video-preview":"max-video-preview:-1"},"canonical":"https:\/\/sollux-lighting.com\/pl\/nasza-oferta\/kinkiety\/kinkiet-inez-szary\/","og_locale":"pl_PL","og_type":"article","og_title":"Kinkiet INEZ szary - Sollux Lighting","og_description":"\u0179r\u00f3d\u0142o \u015bwiat\u0142a: G9, 1x40W, 1x12W LED, 50-60Hz, ~220-230V, IP20, klasa ochronno\u015bci I \u0179r\u00f3d\u0142o \u015bwiat\u0142a nie jest w komplecie. Wymiary: 10\/12\/10 cm Materia\u0142: aluminium Kolor: szary","og_url":"https:\/\/sollux-lighting.com\/pl\/nasza-oferta\/kinkiety\/kinkiet-inez-szary\/","og_site_name":"Sollux Lighting","article_modified_time":"2023-03-17T10:18:58+00:00","og_image":[{"width":750,"height":750,"url":"https:\/\/sollux-lighting.com\/wp-content\/uploads\/2023\/03\/0354-1-k.jpg","type":"image\/jpeg"}],"twitter_card":"summary_large_image","schema":{"@context":"https:\/\/schema.org","@graph":[{"@type":"WebPage","@id":"https:\/\/sollux-lighting.com\/pl\/nasza-oferta\/kinkiety\/kinkiet-inez-szary\/","url":"https:\/\/sollux-lighting.com\/pl\/nasza-oferta\/kinkiety\/kinkiet-inez-szary\/","name":"Kinkiet INEZ szary - Sollux Lighting","isPartOf":{"@id":"https:\/\/sollux-lighting.com\/pl\/#website"},"primaryImageOfPage":{"@id":"https:\/\/sollux-lighting.com\/pl\/nasza-oferta\/kinkiety\/kinkiet-inez-szary\/#primaryimage"},"image":{"@id":"https:\/\/sollux-lighting.com\/pl\/nasza-oferta\/kinkiety\/kinkiet-inez-szary\/#primaryimage"},"thumbnailUrl":"https:\/\/sollux-lighting.com\/wp-content\/uploads\/2023\/03\/0354-1-k.jpg","datePublished":"2023-03-17T10:18:45+00:00","dateModified":"2023-03-17T10:18:58+00:00","breadcrumb":{"@id":"https:\/\/sollux-lighting.com\/pl\/nasza-oferta\/kinkiety\/kinkiet-inez-szary\/#breadcrumb"},"inLanguage":"pl-PL","potentialAction":[{"@type":"ReadAction","target":["https:\/\/sollux-lighting.com\/pl\/nasza-oferta\/kinkiety\/kinkiet-inez-szary\/"]}]},{"@type":"ImageObject","inLanguage":"pl-PL","@id":"https:\/\/sollux-lighting.com\/pl\/nasza-oferta\/kinkiety\/kinkiet-inez-szary\/#primaryimage","url":"https:\/\/sollux-lighting.com\/wp-content\/uploads\/2023\/03\/0354-1-k.jpg","contentUrl":"https:\/\/sollux-lighting.com\/wp-content\/uploads\/2023\/03\/0354-1-k.jpg","width":750,"height":750},{"@type":"BreadcrumbList","@id":"https:\/\/sollux-lighting.com\/pl\/nasza-oferta\/kinkiety\/kinkiet-inez-szary\/#breadcrumb","itemListElement":[{"@type":"ListItem","position":1,"name":"Strona g\u0142\u00f3wna","item":"https:\/\/sollux-lighting.com\/pl\/"},{"@type":"ListItem","position":2,"name":"Nasza oferta","item":"https:\/\/sollux-lighting.com\/pl\/nasza-oferta\/"},{"@type":"ListItem","position":3,"name":"Kinkiet INEZ szary"}]},{"@type":"WebSite","@id":"https:\/\/sollux-lighting.com\/pl\/#website","url":"https:\/\/sollux-lighting.com\/pl\/","name":"Sollux Lighting","description":"Brighten up your business","publisher":{"@id":"https:\/\/sollux-lighting.com\/pl\/#organization"},"potentialAction":[{"@type":"SearchAction","target":{"@type":"EntryPoint","urlTemplate":"https:\/\/sollux-lighting.com\/pl\/?s={search_term_string}"},"query-input":{"@type":"PropertyValueSpecification","valueRequired":true,"valueName":"search_term_string"}}],"inLanguage":"pl-PL"},{"@type":"Organization","@id":"https:\/\/sollux-lighting.com\/pl\/#organization","name":"Sollux Lighting","url":"https:\/\/sollux-lighting.com\/pl\/","logo":{"@type":"ImageObject","inLanguage":"pl-PL","@id":"https:\/\/sollux-lighting.com\/pl\/#\/schema\/logo\/image\/","url":"https:\/\/sollux-lighting.com\/wp-content\/uploads\/2023\/02\/LOGO.svg","contentUrl":"https:\/\/sollux-lighting.com\/wp-content\/uploads\/2023\/02\/LOGO.svg","width":160,"height":46,"caption":"Sollux Lighting"},"image":{"@id":"https:\/\/sollux-lighting.com\/pl\/#\/schema\/logo\/image\/"}}]}},"_links":{"self":[{"href":"https:\/\/sollux-lighting.com\/pl\/wp-json\/wp\/v2\/product\/12361","targetHints":{"allow":["GET"]}}],"collection":[{"href":"https:\/\/sollux-lighting.com\/pl\/wp-json\/wp\/v2\/product"}],"about":[{"href":"https:\/\/sollux-lighting.com\/pl\/wp-json\/wp\/v2\/types\/product"}],"wp:featuredmedia":[{"embeddable":true,"href":"https:\/\/sollux-lighting.com\/pl\/wp-json\/wp\/v2\/media\/12362"}],"wp:attachment":[{"href":"https:\/\/sollux-lighting.com\/pl\/wp-json\/wp\/v2\/media?parent=12361"}],"wp:term":[{"taxonomy":"product_brand","embeddable":true,"href":"https:\/\/sollux-lighting.com\/pl\/wp-json\/wp\/v2\/product_brand?post=12361"},{"taxonomy":"product_cat","embeddable":true,"href":"https:\/\/sollux-lighting.com\/pl\/wp-json\/wp\/v2\/product_cat?post=12361"},{"taxonomy":"product_tag","embeddable":true,"href":"https:\/\/sollux-lighting.com\/pl\/wp-json\/wp\/v2\/product_tag?post=12361"}],"curies":[{"name":"wp","href":"https:\/\/api.w.org\/{rel}","templated":true}]}}