{"id":76795,"date":"2024-10-22T14:25:58","date_gmt":"2024-10-22T12:25:58","guid":{"rendered":"https:\/\/sollux-lighting.com\/?page_id=76795"},"modified":"2024-10-22T14:29:00","modified_gmt":"2024-10-22T12:29:00","slug":"polityka-prywatnosci","status":"publish","type":"page","link":"https:\/\/sollux-lighting.com\/pl\/polityka-prywatnosci\/","title":{"rendered":"Polityka prywatno\u015bci"},"content":{"rendered":"\t\t<div data-elementor-type=\"wp-page\" data-elementor-id=\"76795\" class=\"elementor elementor-76795\" data-elementor-post-type=\"page\">\n\t\t\t\t<div class=\"elementor-element elementor-element-b23e725 e-flex e-con-boxed e-con e-parent\" data-id=\"b23e725\" data-element_type=\"container\" data-settings=\"{&quot;jet_parallax_layout_list&quot;:[]}\">\n\t\t\t\t\t<div class=\"e-con-inner\">\n\t\t\t\t<div class=\"elementor-element elementor-element-a697654 elementor-widget elementor-widget-spacer\" data-id=\"a697654\" data-element_type=\"widget\" data-widget_type=\"spacer.default\">\n\t\t\t\t<div class=\"elementor-widget-container\">\n\t\t\t\t\t\t\t<div class=\"elementor-spacer\">\n\t\t\t<div class=\"elementor-spacer-inner\"><\/div>\n\t\t<\/div>\n\t\t\t\t\t\t<\/div>\n\t\t\t\t<\/div>\n\t\t\t\t<div class=\"elementor-element elementor-element-801945f elementor-widget elementor-widget-heading\" data-id=\"801945f\" data-element_type=\"widget\" data-widget_type=\"heading.default\">\n\t\t\t\t<div class=\"elementor-widget-container\">\n\t\t\t\t\t<h2 class=\"elementor-heading-title elementor-size-default\"><b>Przetwarzanie danych osobowych w celach marketingowych na podstawie zgody<\/b><\/h2>\t\t\t\t<\/div>\n\t\t\t\t<\/div>\n\t\t\t\t<div class=\"elementor-element elementor-element-3c3f35a elementor-widget elementor-widget-text-editor\" data-id=\"3c3f35a\" data-element_type=\"widget\" data-widget_type=\"text-editor.default\">\n\t\t\t\t<div class=\"elementor-widget-container\">\n\t\t\t\t\t\t\t\t\t<p><b>1. Administrator danych<\/b><\/p>\n<p>Sollux Lighting Muzolf sp. j. z siedzib\u0105 w Budzyniu przy ul. \u0141okietka 35 (64-840 Budzy\u0144), wpisana do Krajowego Rejestru S\u0105dowego pod numerem KRS 0000591772, NIP 6070082443, jest administratorem danych osobowych przetwarzanych w celach marketingowych.<br>Z administratorem danych mo\u017cna kontaktowa\u0107 si\u0119:<br>1) pod adresem korespondencyjnym: ul. W\u0142adys\u0142awa \u0141okietka 35, 64-840 Budzy\u0144;<br>2) pod adresem poczty elektronicznej: rodo@sollux-lighting.pl<\/p>\n<p><b>2. Cele oraz podstawy prawne przetwarzania danych osobowych<\/b><\/p>\n<p>Administrator przetwarza podane dane osobowe w celach marketingowych na podstawie odr\u0119bnej, dobrowolnie wyra\u017conej zgody (art. 6 ust. 1 lit. a RODO).<\/p>\n<p><b>3. Czas przetwarzania danych osobowych<\/b><\/p>\n<p>Administrator b\u0119dzie przetwarza\u0142 dane osobowe w celach marketingowych do czasu cofni\u0119cia wyra\u017conej zgody lub z\u0142o\u017cenia sprzeciwu. Jednak w celu zapewnienia wysokiej dba\u0142o\u015bci o prawa os\u00f3b, kt\u00f3rych dane dotycz\u0105, administrator zwr\u00f3ci si\u0119 o od\u015bwie\u017cenie zgody po up\u0142ywie oko\u0142o 3 lat, chyba \u017ce w tym czasie osoba, kt\u00f3rej dane dotycz\u0105, cofnie zgod\u0119 lub z\u0142o\u017cy sprzeciw.<\/p>\n<p><b>4. Odbiorcy danych osobowych<\/b><\/p>\n<p>Administrator mo\u017ce ujawnia\u0107 dane osobowe wy\u0142\u0105cznie podmiotom wsp\u00f3\u0142pracuj\u0105cym z administratorem na podstawie pisemnych um\u00f3w powierzenia przetwarzania danych osobowych, w celu realizacji okre\u015blonych w umowie zada\u0144 i us\u0142ug na rzecz administratora, w szczeg\u00f3lno\u015bci w zakresie obs\u0142ugi marketingowej i PR, obs\u0142ugi poczty elektronicznej, hostingu, IT, obs\u0142ugi administracyjnej, obs\u0142ugi prawnej lub doradczej. Dane mog\u0105 by\u0107 te\u017c ujawniane operatorom pocztowym i kurierom.<\/p>\n<p><b>5. Prawa os\u00f3b, kt\u00f3rych dane osobowe dotycz\u0105<\/b><\/p>\n<p>1. Ka\u017cda osoba, kt\u00f3rej dane dotycz\u0105, ma prawo:<br>1) dost\u0119pu \u2013 uzyskania od administratora potwierdzenia, czy przetwarzane s\u0105 jej dane osobowe. Je\u017celi dane o osobie s\u0105 przetwarzane, jest ona uprawniona do uzyskania dost\u0119pu do nich oraz uzyskania nast\u0119puj\u0105cych informacji: o celach przetwarzania, kategoriach danych osobowych, odbiorcach lub kategoriach odbiorc\u00f3w, kt\u00f3rym dane zosta\u0142y lub zostan\u0105 ujawnione, o okresie przechowywania danych lub o kryteriach ich ustalania, o prawie do \u017c\u0105dania sprostowania, usuni\u0119cia lub ograniczenia przetwarzania danych osobowych przys\u0142uguj\u0105cych osobie, kt\u00f3rej dane dotycz\u0105, oraz do wniesienia sprzeciwu wobec takiego przetwarzania (art. 15 RODO);<br>2) do otrzymania kopii danych \u2013 uzyskania kopii danych podlegaj\u0105cych przetwarzaniu, przy czym pierwsza kopia jest bezp\u0142atna, a za kolejne kopie administrator mo\u017ce na\u0142o\u017cy\u0107 op\u0142at\u0119 w rozs\u0105dnej wysoko\u015bci, wynikaj\u0105c\u0105 z koszt\u00f3w administracyjnych (art. 15 ust. 3 RODO);<br>3) do sprostowania \u2013 \u017c\u0105dania sprostowania dotycz\u0105cych jej danych osobowych, kt\u00f3re s\u0105 nieprawid\u0142owe, lub uzupe\u0142nienia niekompletnych danych (art. 16 RODO);<br>4) do usuni\u0119cia danych \u2013 \u017c\u0105dania usuni\u0119cia jej danych osobowych, je\u017celi administrator nie ma ju\u017c podstawy prawnej do ich przetwarzania lub dane nie s\u0105 ju\u017c niezb\u0119dne do cel\u00f3w przetwarzania (art. 17 RODO);<br>5) do ograniczenia przetwarzania \u2013 \u017c\u0105dania ograniczenia przetwarzania danych osobowych (art. 18 RODO), gdy:<br>a) osoba, kt\u00f3rej dane dotycz\u0105, kwestionuje prawid\u0142owo\u015b\u0107 danych osobowych \u2013 na okres pozwalaj\u0105cy administratorowi sprawdzi\u0107 prawid\u0142owo\u015b\u0107 tych danych,<br>b) przetwarzanie jest niezgodne z prawem, a osoba, kt\u00f3rej dane dotycz\u0105, sprzeciwia si\u0119 ich usuni\u0119ciu, \u017c\u0105daj\u0105c ograniczenia ich wykorzystywania,<br>c) administrator nie potrzebuje ju\u017c tych danych, ale s\u0105 one potrzebne osobie, kt\u00f3rej dane dotycz\u0105, do ustalenia, dochodzenia lub obrony roszcze\u0144,<br>d) osoba, kt\u00f3rej dane dotycz\u0105, wnios\u0142a sprzeciw wobec przetwarzania \u2013 do czasu stwierdzenia, czy prawnie uzasadnione podstawy po stronie administratora s\u0105 nadrz\u0119dne wobec podstaw sprzeciwu osoby, kt\u00f3rej dane dotycz\u0105;<br>6) do przenoszenia danych \u2013 otrzymania w ustrukturyzowanym, powszechnie u\u017cywanym formacie nadaj\u0105cym si\u0119 do odczytu maszynowego danych osobowych jej dotycz\u0105cych, kt\u00f3re dostarczy\u0142a administratorowi, oraz \u017c\u0105dania przes\u0142ania tych danych innemu administratorowi, je\u017celi dane s\u0105 przetwarzane na podstawie zgody osoby, kt\u00f3rej dane dotycz\u0105, lub umowy z ni\u0105 zawartej oraz je\u017celi dane s\u0105 przetwarzane w spos\u00f3b zautomatyzowany (art. 20 RODO);<br>7) do sprzeciwu \u2013 wniesienia sprzeciwu wobec przetwarzania jej danych osobowych w prawnie uzasadnionych celach administratora, z przyczyn zwi\u0105zanych z jej szczeg\u00f3ln\u0105 sytuacj\u0105. W\u00f3wczas administrator dokonuje oceny istnienia wa\u017cnych prawnie uzasadnionych podstaw do przetwarzania, nadrz\u0119dnych wobec interes\u00f3w, praw i wolno\u015bci os\u00f3b, kt\u00f3rych dane dotycz\u0105, lub podstaw do ustalenia, dochodzenia lub obrony roszcze\u0144;<br>8) do cofni\u0119cia zgody w ka\u017cdym momencie i bez podawania przyczyny, lecz przetwarzanie danych osobowych dokonane przed cofni\u0119ciem zgody nadal pozostanie zgodne z prawem. Cofni\u0119cie zgody spowoduje zaprzestanie przetwarzania przez administratora danych osobowych w celu, w kt\u00f3rym zgoda ta zosta\u0142a wyra\u017cona.<br>2. Aby skorzysta\u0107 z wy\u017cej wymienionych praw, osoba, kt\u00f3rej dane dotycz\u0105, powinna skontaktowa\u0107 si\u0119, wykorzystuj\u0105c podane dane kontaktowe, z administratorem i poinformowa\u0107 go, z kt\u00f3rego prawa i w jakim zakresie chce skorzysta\u0107.<\/p>\n<p><b>6. Prezes Urz\u0119du Ochrony Danych Osobowych<\/b><\/p>\n<p>Osoba, kt\u00f3rej dane dotycz\u0105, ma prawo wnie\u015b\u0107 skarg\u0119 do organu nadzoru, kt\u00f3rym w Polsce jest Prezes Urz\u0119du Ochrony Danych Osobowych z siedzib\u0105 w Warszawie, ul. Stawki 2, z kt\u00f3rym mo\u017cna kontaktowa\u0107 si\u0119 w nast\u0119puj\u0105cy spos\u00f3b:<br>1) listownie: ul. Stawki 2, 00-193 Warszawa;<br>2) w formie elektronicznej: przez elektroniczn\u0105 skrzynk\u0119 podawcz\u0105 dost\u0119pn\u0105 na stronie https:\/\/www.uodo.gov.pl\/pl\/p\/kontakt;<\/p>\n<p><b>7. Akty prawne przywo\u0142ywane w klauzuli<\/b><\/p>\n<p>RODO \u2013 rozporz\u0105dzenie Parlamentu Europejskiego i Rady (UE) 2016\/679 z dnia 27 kwietnia 2016 r. w sprawie ochrony os\u00f3b fizycznych w zwi\u0105zku z przetwarzaniem danych osobowych i w sprawie swobodnego przep\u0142ywu takich danych oraz uchylenia dyrektywy 95\/46\/WE (Dz.Urz. UE L 2016 Nr 119, s. 1).<\/p>\t\t\t\t\t\t\t\t<\/div>\n\t\t\t\t<\/div>\n\t\t\t\t<div class=\"elementor-element elementor-element-5d64ac0 elementor-widget elementor-widget-spacer\" data-id=\"5d64ac0\" data-element_type=\"widget\" data-widget_type=\"spacer.default\">\n\t\t\t\t<div class=\"elementor-widget-container\">\n\t\t\t\t\t\t\t<div class=\"elementor-spacer\">\n\t\t\t<div class=\"elementor-spacer-inner\"><\/div>\n\t\t<\/div>\n\t\t\t\t\t\t<\/div>\n\t\t\t\t<\/div>\n\t\t\t\t\t<\/div>\n\t\t\t\t<\/div>\n\t\t\t\t<\/div>\n\t\t","protected":false},"excerpt":{"rendered":"<p>Przetwarzanie danych osobowych w celach marketingowych na podstawie zgody 1. Administrator danych Sollux Lighting Muzolf sp. j. z siedzib\u0105 w Budzyniu przy ul. \u0141okietka 35 (64-840 Budzy\u0144), wpisana do Krajowego Rejestru S\u0105dowego pod numerem KRS 0000591772, NIP 6070082443, jest administratorem danych osobowych przetwarzanych w celach marketingowych.Z administratorem danych mo\u017cna kontaktowa\u0107 si\u0119:1) pod adresem korespondencyjnym: ul. [&hellip;]<\/p>\n","protected":false},"author":2,"featured_media":0,"parent":0,"menu_order":0,"comment_status":"closed","ping_status":"closed","template":"elementor_header_footer","meta":{"_acf_changed":false,"footnotes":""},"class_list":["post-76795","page","type-page","status-publish","hentry"],"acf":[],"yoast_head":"<!-- This site is optimized with the Yoast SEO plugin v25.4 - https:\/\/yoast.com\/wordpress\/plugins\/seo\/ -->\n<title>Polityka prywatno\u015bci - Sollux Lighting<\/title>\n<meta name=\"robots\" content=\"index, follow, max-snippet:-1, max-image-preview:large, max-video-preview:-1\" \/>\n<link rel=\"canonical\" href=\"https:\/\/sollux-lighting.com\/pl\/polityka-prywatnosci\/\" \/>\n<meta property=\"og:locale\" content=\"pl_PL\" \/>\n<meta property=\"og:type\" content=\"article\" \/>\n<meta property=\"og:title\" content=\"Polityka prywatno\u015bci - Sollux Lighting\" \/>\n<meta property=\"og:description\" content=\"Przetwarzanie danych osobowych w celach marketingowych na podstawie zgody 1. Administrator danych Sollux Lighting Muzolf sp. j. z siedzib\u0105 w Budzyniu przy ul. \u0141okietka 35 (64-840 Budzy\u0144), wpisana do Krajowego Rejestru S\u0105dowego pod numerem KRS 0000591772, NIP 6070082443, jest administratorem danych osobowych przetwarzanych w celach marketingowych.Z administratorem danych mo\u017cna kontaktowa\u0107 si\u0119:1) pod adresem korespondencyjnym: ul. [&hellip;]\" \/>\n<meta property=\"og:url\" content=\"https:\/\/sollux-lighting.com\/pl\/polityka-prywatnosci\/\" \/>\n<meta property=\"og:site_name\" content=\"Sollux Lighting\" \/>\n<meta property=\"article:modified_time\" content=\"2024-10-22T12:29:00+00:00\" \/>\n<meta name=\"twitter:card\" content=\"summary_large_image\" \/>\n<meta name=\"twitter:label1\" content=\"Szacowany czas czytania\" \/>\n\t<meta name=\"twitter:data1\" content=\"5 minut\" \/>\n<script type=\"application\/ld+json\" class=\"yoast-schema-graph\">{\"@context\":\"https:\/\/schema.org\",\"@graph\":[{\"@type\":\"WebPage\",\"@id\":\"https:\/\/sollux-lighting.com\/pl\/polityka-prywatnosci\/\",\"url\":\"https:\/\/sollux-lighting.com\/pl\/polityka-prywatnosci\/\",\"name\":\"Polityka prywatno\u015bci - Sollux Lighting\",\"isPartOf\":{\"@id\":\"https:\/\/sollux-lighting.com\/pl\/#website\"},\"datePublished\":\"2024-10-22T12:25:58+00:00\",\"dateModified\":\"2024-10-22T12:29:00+00:00\",\"breadcrumb\":{\"@id\":\"https:\/\/sollux-lighting.com\/pl\/polityka-prywatnosci\/#breadcrumb\"},\"inLanguage\":\"pl-PL\",\"potentialAction\":[{\"@type\":\"ReadAction\",\"target\":[\"https:\/\/sollux-lighting.com\/pl\/polityka-prywatnosci\/\"]}]},{\"@type\":\"BreadcrumbList\",\"@id\":\"https:\/\/sollux-lighting.com\/pl\/polityka-prywatnosci\/#breadcrumb\",\"itemListElement\":[{\"@type\":\"ListItem\",\"position\":1,\"name\":\"Strona g\u0142\u00f3wna\",\"item\":\"https:\/\/sollux-lighting.com\/pl\/\"},{\"@type\":\"ListItem\",\"position\":2,\"name\":\"Polityka prywatno\u015bci\"}]},{\"@type\":\"WebSite\",\"@id\":\"https:\/\/sollux-lighting.com\/pl\/#website\",\"url\":\"https:\/\/sollux-lighting.com\/pl\/\",\"name\":\"Sollux Lighting\",\"description\":\"Brighten up your business\",\"publisher\":{\"@id\":\"https:\/\/sollux-lighting.com\/pl\/#organization\"},\"potentialAction\":[{\"@type\":\"SearchAction\",\"target\":{\"@type\":\"EntryPoint\",\"urlTemplate\":\"https:\/\/sollux-lighting.com\/pl\/?s={search_term_string}\"},\"query-input\":{\"@type\":\"PropertyValueSpecification\",\"valueRequired\":true,\"valueName\":\"search_term_string\"}}],\"inLanguage\":\"pl-PL\"},{\"@type\":\"Organization\",\"@id\":\"https:\/\/sollux-lighting.com\/pl\/#organization\",\"name\":\"Sollux Lighting\",\"url\":\"https:\/\/sollux-lighting.com\/pl\/\",\"logo\":{\"@type\":\"ImageObject\",\"inLanguage\":\"pl-PL\",\"@id\":\"https:\/\/sollux-lighting.com\/pl\/#\/schema\/logo\/image\/\",\"url\":\"https:\/\/sollux-lighting.com\/wp-content\/uploads\/2023\/02\/LOGO.svg\",\"contentUrl\":\"https:\/\/sollux-lighting.com\/wp-content\/uploads\/2023\/02\/LOGO.svg\",\"width\":160,\"height\":46,\"caption\":\"Sollux Lighting\"},\"image\":{\"@id\":\"https:\/\/sollux-lighting.com\/pl\/#\/schema\/logo\/image\/\"}}]}<\/script>\n<!-- \/ Yoast SEO plugin. -->","yoast_head_json":{"title":"Polityka prywatno\u015bci - Sollux Lighting","robots":{"index":"index","follow":"follow","max-snippet":"max-snippet:-1","max-image-preview":"max-image-preview:large","max-video-preview":"max-video-preview:-1"},"canonical":"https:\/\/sollux-lighting.com\/pl\/polityka-prywatnosci\/","og_locale":"pl_PL","og_type":"article","og_title":"Polityka prywatno\u015bci - Sollux Lighting","og_description":"Przetwarzanie danych osobowych w celach marketingowych na podstawie zgody 1. Administrator danych Sollux Lighting Muzolf sp. j. z siedzib\u0105 w Budzyniu przy ul. \u0141okietka 35 (64-840 Budzy\u0144), wpisana do Krajowego Rejestru S\u0105dowego pod numerem KRS 0000591772, NIP 6070082443, jest administratorem danych osobowych przetwarzanych w celach marketingowych.Z administratorem danych mo\u017cna kontaktowa\u0107 si\u0119:1) pod adresem korespondencyjnym: ul. [&hellip;]","og_url":"https:\/\/sollux-lighting.com\/pl\/polityka-prywatnosci\/","og_site_name":"Sollux Lighting","article_modified_time":"2024-10-22T12:29:00+00:00","twitter_card":"summary_large_image","twitter_misc":{"Szacowany czas czytania":"5 minut"},"schema":{"@context":"https:\/\/schema.org","@graph":[{"@type":"WebPage","@id":"https:\/\/sollux-lighting.com\/pl\/polityka-prywatnosci\/","url":"https:\/\/sollux-lighting.com\/pl\/polityka-prywatnosci\/","name":"Polityka prywatno\u015bci - Sollux Lighting","isPartOf":{"@id":"https:\/\/sollux-lighting.com\/pl\/#website"},"datePublished":"2024-10-22T12:25:58+00:00","dateModified":"2024-10-22T12:29:00+00:00","breadcrumb":{"@id":"https:\/\/sollux-lighting.com\/pl\/polityka-prywatnosci\/#breadcrumb"},"inLanguage":"pl-PL","potentialAction":[{"@type":"ReadAction","target":["https:\/\/sollux-lighting.com\/pl\/polityka-prywatnosci\/"]}]},{"@type":"BreadcrumbList","@id":"https:\/\/sollux-lighting.com\/pl\/polityka-prywatnosci\/#breadcrumb","itemListElement":[{"@type":"ListItem","position":1,"name":"Strona g\u0142\u00f3wna","item":"https:\/\/sollux-lighting.com\/pl\/"},{"@type":"ListItem","position":2,"name":"Polityka prywatno\u015bci"}]},{"@type":"WebSite","@id":"https:\/\/sollux-lighting.com\/pl\/#website","url":"https:\/\/sollux-lighting.com\/pl\/","name":"Sollux Lighting","description":"Brighten up your business","publisher":{"@id":"https:\/\/sollux-lighting.com\/pl\/#organization"},"potentialAction":[{"@type":"SearchAction","target":{"@type":"EntryPoint","urlTemplate":"https:\/\/sollux-lighting.com\/pl\/?s={search_term_string}"},"query-input":{"@type":"PropertyValueSpecification","valueRequired":true,"valueName":"search_term_string"}}],"inLanguage":"pl-PL"},{"@type":"Organization","@id":"https:\/\/sollux-lighting.com\/pl\/#organization","name":"Sollux Lighting","url":"https:\/\/sollux-lighting.com\/pl\/","logo":{"@type":"ImageObject","inLanguage":"pl-PL","@id":"https:\/\/sollux-lighting.com\/pl\/#\/schema\/logo\/image\/","url":"https:\/\/sollux-lighting.com\/wp-content\/uploads\/2023\/02\/LOGO.svg","contentUrl":"https:\/\/sollux-lighting.com\/wp-content\/uploads\/2023\/02\/LOGO.svg","width":160,"height":46,"caption":"Sollux Lighting"},"image":{"@id":"https:\/\/sollux-lighting.com\/pl\/#\/schema\/logo\/image\/"}}]}},"_links":{"self":[{"href":"https:\/\/sollux-lighting.com\/pl\/wp-json\/wp\/v2\/pages\/76795","targetHints":{"allow":["GET"]}}],"collection":[{"href":"https:\/\/sollux-lighting.com\/pl\/wp-json\/wp\/v2\/pages"}],"about":[{"href":"https:\/\/sollux-lighting.com\/pl\/wp-json\/wp\/v2\/types\/page"}],"author":[{"embeddable":true,"href":"https:\/\/sollux-lighting.com\/pl\/wp-json\/wp\/v2\/users\/2"}],"replies":[{"embeddable":true,"href":"https:\/\/sollux-lighting.com\/pl\/wp-json\/wp\/v2\/comments?post=76795"}],"version-history":[{"count":3,"href":"https:\/\/sollux-lighting.com\/pl\/wp-json\/wp\/v2\/pages\/76795\/revisions"}],"predecessor-version":[{"id":76805,"href":"https:\/\/sollux-lighting.com\/pl\/wp-json\/wp\/v2\/pages\/76795\/revisions\/76805"}],"wp:attachment":[{"href":"https:\/\/sollux-lighting.com\/pl\/wp-json\/wp\/v2\/media?parent=76795"}],"curies":[{"name":"wp","href":"https:\/\/api.w.org\/{rel}","templated":true}]}}