{"id":3359,"date":"2023-02-23T19:36:50","date_gmt":"2023-02-23T18:36:50","guid":{"rendered":"https:\/\/test.sollux-lighting.com\/?page_id=3359"},"modified":"2023-03-21T19:49:36","modified_gmt":"2023-03-21T18:49:36","slug":"sun-light","status":"publish","type":"page","link":"https:\/\/sollux-lighting.com\/pl\/produkty\/sun-light\/","title":{"rendered":"\u017bar\u00f3wki"},"content":{"rendered":"\t\t<div data-elementor-type=\"wp-page\" data-elementor-id=\"3359\" class=\"elementor elementor-3359\" data-elementor-post-type=\"page\">\n\t\t\t\t<div class=\"elementor-element elementor-element-68bb56f e-flex e-con-boxed e-con e-parent\" data-id=\"68bb56f\" data-element_type=\"container\" data-settings=\"{&quot;background_background&quot;:&quot;classic&quot;,&quot;jet_parallax_layout_list&quot;:[]}\">\n\t\t\t\t\t<div class=\"e-con-inner\">\n\t\t<div class=\"elementor-element elementor-element-f9a9cb7 e-flex e-con-boxed e-con e-child\" data-id=\"f9a9cb7\" data-element_type=\"container\" data-settings=\"{&quot;jet_parallax_layout_list&quot;:[]}\">\n\t\t\t\t\t<div class=\"e-con-inner\">\n\t\t\t\t<div class=\"elementor-element elementor-element-306fd14 elementor-widget elementor-widget-heading\" data-id=\"306fd14\" data-element_type=\"widget\" data-widget_type=\"heading.default\">\n\t\t\t\t<div class=\"elementor-widget-container\">\n\t\t\t\t\t<h2 class=\"elementor-heading-title elementor-size-default\">Powr\u00f3t do korzeni<\/h2>\t\t\t\t<\/div>\n\t\t\t\t<\/div>\n\t\t\t\t<div class=\"elementor-element elementor-element-a14108d elementor-widget elementor-widget-heading\" data-id=\"a14108d\" data-element_type=\"widget\" data-widget_type=\"heading.default\">\n\t\t\t\t<div class=\"elementor-widget-container\">\n\t\t\t\t\t<h2 class=\"elementor-heading-title elementor-size-default\">\u017bAR\u00d3WKI<\/h2>\t\t\t\t<\/div>\n\t\t\t\t<\/div>\n\t\t\t\t<div class=\"elementor-element elementor-element-2fabc97 elementor-widget elementor-widget-text-editor\" data-id=\"2fabc97\" data-element_type=\"widget\" data-widget_type=\"text-editor.default\">\n\t\t\t\t<div class=\"elementor-widget-container\">\n\t\t\t\t\t\t\t\t\t<p>O\u015bwietlenie w najprostszej, pierwotnej postaci: \u017car\u00f3wki. Ciekawe style, ciep\u0142e i zimne barwy &#8211; zaprojektowane z my\u015bl\u0105 zar\u00f3wno o jasnych \u0142azienkach, jak i przytulnych salonach czy sypialniach. W dziale znajdziesz propozycje o r\u00f3\u017cnych mocach &#8211; wybieraj spo\u015br\u00f3d wielu dost\u0119pnych mo\u017cliwo\u015bci.<\/p>\t\t\t\t\t\t\t\t<\/div>\n\t\t\t\t<\/div>\n\t\t\t\t\t<\/div>\n\t\t\t\t<\/div>\n\t\t<div class=\"elementor-element elementor-element-f93ae1b e-flex e-con-boxed e-con e-child\" data-id=\"f93ae1b\" data-element_type=\"container\" data-settings=\"{&quot;jet_parallax_layout_list&quot;:[]}\">\n\t\t\t\t\t<div class=\"e-con-inner\">\n\t\t\t\t<div class=\"elementor-element elementor-element-316b898 elementor-widget elementor-widget-image\" data-id=\"316b898\" data-element_type=\"widget\" data-widget_type=\"image.default\">\n\t\t\t\t<div class=\"elementor-widget-container\">\n\t\t\t\t\t\t\t\t\t\t\t\t\t\t\t<img fetchpriority=\"high\" decoding=\"async\" width=\"585\" height=\"390\" src=\"https:\/\/sollux-lighting.com\/wp-content\/uploads\/2023\/02\/bulbs.jpg\" class=\"attachment-large size-large wp-image-849\" alt=\"\" srcset=\"https:\/\/sollux-lighting.com\/wp-content\/uploads\/2023\/02\/bulbs.jpg 585w, https:\/\/sollux-lighting.com\/wp-content\/uploads\/2023\/02\/bulbs-300x200.jpg 300w\" sizes=\"(max-width: 585px) 100vw, 585px\" \/>\t\t\t\t\t\t\t\t\t\t\t\t\t\t\t<\/div>\n\t\t\t\t<\/div>\n\t\t\t\t\t<\/div>\n\t\t\t\t<\/div>\n\t\t\t\t\t<\/div>\n\t\t\t\t<\/div>\n\t\t<div class=\"elementor-element elementor-element-d742ad9 e-flex e-con-boxed e-con e-parent\" data-id=\"d742ad9\" data-element_type=\"container\" data-settings=\"{&quot;jet_parallax_layout_list&quot;:[]}\">\n\t\t\t\t\t<div class=\"e-con-inner\">\n\t\t\t\t<div class=\"elementor-element elementor-element-61a6295 elementor-widget elementor-widget-jet-listing-grid\" data-id=\"61a6295\" data-element_type=\"widget\" data-settings=\"{&quot;columns&quot;:&quot;4&quot;}\" data-widget_type=\"jet-listing-grid.default\">\n\t\t\t\t<div class=\"elementor-widget-container\">\n\t\t\t\t\t<div class=\"jet-listing-grid jet-listing\"><div class=\"jet-listing-not-found jet-listing-grid__items\" data-nav=\"{&quot;enabled&quot;:false,&quot;type&quot;:null,&quot;more_el&quot;:null,&quot;query&quot;:[],&quot;widget_settings&quot;:{&quot;lisitng_id&quot;:1560,&quot;posts_num&quot;:24,&quot;columns&quot;:4,&quot;columns_tablet&quot;:4,&quot;columns_mobile&quot;:4,&quot;column_min_width&quot;:240,&quot;column_min_width_tablet&quot;:240,&quot;column_min_width_mobile&quot;:240,&quot;inline_columns_css&quot;:false,&quot;is_archive_template&quot;:&quot;&quot;,&quot;post_status&quot;:[&quot;publish&quot;],&quot;use_random_posts_num&quot;:&quot;&quot;,&quot;max_posts_num&quot;:9,&quot;not_found_message&quot;:&quot;Nie znaleziono produkt\\u00f3w&quot;,&quot;is_masonry&quot;:false,&quot;equal_columns_height&quot;:&quot;&quot;,&quot;use_load_more&quot;:&quot;&quot;,&quot;load_more_id&quot;:&quot;&quot;,&quot;load_more_type&quot;:&quot;click&quot;,&quot;load_more_offset&quot;:{&quot;unit&quot;:&quot;px&quot;,&quot;size&quot;:0,&quot;sizes&quot;:[]},&quot;use_custom_post_types&quot;:&quot;&quot;,&quot;custom_post_types&quot;:[],&quot;hide_widget_if&quot;:&quot;&quot;,&quot;carousel_enabled&quot;:&quot;&quot;,&quot;slides_to_scroll&quot;:&quot;1&quot;,&quot;arrows&quot;:&quot;true&quot;,&quot;arrow_icon&quot;:&quot;fa fa-angle-left&quot;,&quot;dots&quot;:&quot;&quot;,&quot;autoplay&quot;:&quot;true&quot;,&quot;pause_on_hover&quot;:&quot;true&quot;,&quot;autoplay_speed&quot;:5000,&quot;infinite&quot;:&quot;true&quot;,&quot;center_mode&quot;:&quot;&quot;,&quot;effect&quot;:&quot;slide&quot;,&quot;speed&quot;:500,&quot;inject_alternative_items&quot;:&quot;&quot;,&quot;injection_items&quot;:[],&quot;scroll_slider_enabled&quot;:&quot;&quot;,&quot;scroll_slider_on&quot;:[&quot;desktop&quot;,&quot;tablet&quot;,&quot;mobile&quot;],&quot;custom_query&quot;:false,&quot;custom_query_id&quot;:&quot;&quot;,&quot;_element_id&quot;:&quot;&quot;,&quot;collapse_first_last_gap&quot;:false,&quot;list_tag_selection&quot;:&quot;&quot;,&quot;list_items_wrapper_tag&quot;:&quot;div&quot;,&quot;list_item_tag&quot;:&quot;div&quot;,&quot;empty_items_wrapper_tag&quot;:&quot;div&quot;}}\" data-listing-source=\"posts\" data-listing-id=\"1560\" data-query-id=\"\" data-queried-id=\"3359|WP_Post\">Nie znaleziono produkt\u00f3w<\/div><\/div>\t\t\t\t<\/div>\n\t\t\t\t<\/div>\n\t\t\t\t<div class=\"elementor-element elementor-element-b861c41 elementor-widget elementor-widget-jet-smart-filters-pagination\" data-id=\"b861c41\" data-element_type=\"widget\" data-widget_type=\"jet-smart-filters-pagination.default\">\n\t\t\t\t<div class=\"elementor-widget-container\">\n\t\t\t\t\t<div\n\t\t\t\tclass=\"jet-smart-filters-pagination jet-filter\"\n\t\t\t\tdata-apply-provider=\"jet-engine\"\n\t\t\t\tdata-content-provider=\"jet-engine\"\n\t\t\t\tdata-query-id=\"seria\"\n\t\t\t\tdata-controls=\"{&quot;items_enabled&quot;:true,&quot;pages_mid_size&quot;:0,&quot;pages_end_size&quot;:0,&quot;nav_enabled&quot;:false,&quot;load_more_enabled&quot;:false,&quot;provider_top_offset&quot;:0}\"\n\t\t\t\tdata-apply-type=\"ajax\"\n\t\t\t><\/div>\t\t\t\t<\/div>\n\t\t\t\t<\/div>\n\t\t\t\t\t<\/div>\n\t\t\t\t<\/div>\n\t\t\t\t<\/div>\n\t\t","protected":false},"excerpt":{"rendered":"<p>Powr\u00f3t do korzeni \u017bAR\u00d3WKI O\u015bwietlenie w najprostszej, pierwotnej postaci: \u017car\u00f3wki. Ciekawe style, ciep\u0142e i zimne barwy &#8211; zaprojektowane z my\u015bl\u0105 zar\u00f3wno o jasnych \u0142azienkach, jak i przytulnych salonach czy sypialniach. W dziale znajdziesz propozycje o r\u00f3\u017cnych mocach &#8211; wybieraj spo\u015br\u00f3d wielu dost\u0119pnych mo\u017cliwo\u015bci. Nie znaleziono produkt\u00f3w<\/p>\n","protected":false},"author":3,"featured_media":0,"parent":221,"menu_order":0,"comment_status":"closed","ping_status":"closed","template":"elementor_header_footer","meta":{"_acf_changed":false,"footnotes":""},"class_list":["post-3359","page","type-page","status-publish","hentry"],"acf":[],"yoast_head":"<!-- This site is optimized with the Yoast SEO plugin v25.4 - https:\/\/yoast.com\/wordpress\/plugins\/seo\/ -->\n<title>\u017bar\u00f3wki - Sollux Lighting<\/title>\n<meta name=\"robots\" content=\"index, follow, max-snippet:-1, max-image-preview:large, max-video-preview:-1\" \/>\n<link rel=\"canonical\" href=\"https:\/\/sollux-lighting.com\/pl\/produkty\/sun-light\/\" \/>\n<meta property=\"og:locale\" content=\"pl_PL\" \/>\n<meta property=\"og:type\" content=\"article\" \/>\n<meta property=\"og:title\" content=\"\u017bar\u00f3wki - Sollux Lighting\" \/>\n<meta property=\"og:description\" content=\"Powr\u00f3t do korzeni \u017bAR\u00d3WKI O\u015bwietlenie w najprostszej, pierwotnej postaci: \u017car\u00f3wki. Ciekawe style, ciep\u0142e i zimne barwy &#8211; zaprojektowane z my\u015bl\u0105 zar\u00f3wno o jasnych \u0142azienkach, jak i przytulnych salonach czy sypialniach. W dziale znajdziesz propozycje o r\u00f3\u017cnych mocach &#8211; wybieraj spo\u015br\u00f3d wielu dost\u0119pnych mo\u017cliwo\u015bci. Nie znaleziono produkt\u00f3w\" \/>\n<meta property=\"og:url\" content=\"https:\/\/sollux-lighting.com\/pl\/produkty\/sun-light\/\" \/>\n<meta property=\"og:site_name\" content=\"Sollux Lighting\" \/>\n<meta property=\"article:modified_time\" content=\"2023-03-21T18:49:36+00:00\" \/>\n<meta property=\"og:image\" content=\"https:\/\/test.sollux-lighting.com\/wp-content\/uploads\/2023\/02\/bulbs.jpg\" \/>\n<meta name=\"twitter:card\" content=\"summary_large_image\" \/>\n<meta name=\"twitter:label1\" content=\"Szacowany czas czytania\" \/>\n\t<meta name=\"twitter:data1\" content=\"1 minuta\" \/>\n<script type=\"application\/ld+json\" class=\"yoast-schema-graph\">{\"@context\":\"https:\/\/schema.org\",\"@graph\":[{\"@type\":\"WebPage\",\"@id\":\"https:\/\/sollux-lighting.com\/pl\/produkty\/sun-light\/\",\"url\":\"https:\/\/sollux-lighting.com\/pl\/produkty\/sun-light\/\",\"name\":\"\u017bar\u00f3wki - Sollux Lighting\",\"isPartOf\":{\"@id\":\"https:\/\/sollux-lighting.com\/pl\/#website\"},\"primaryImageOfPage\":{\"@id\":\"https:\/\/sollux-lighting.com\/pl\/produkty\/sun-light\/#primaryimage\"},\"image\":{\"@id\":\"https:\/\/sollux-lighting.com\/pl\/produkty\/sun-light\/#primaryimage\"},\"thumbnailUrl\":\"https:\/\/test.sollux-lighting.com\/wp-content\/uploads\/2023\/02\/bulbs.jpg\",\"datePublished\":\"2023-02-23T18:36:50+00:00\",\"dateModified\":\"2023-03-21T18:49:36+00:00\",\"breadcrumb\":{\"@id\":\"https:\/\/sollux-lighting.com\/pl\/produkty\/sun-light\/#breadcrumb\"},\"inLanguage\":\"pl-PL\",\"potentialAction\":[{\"@type\":\"ReadAction\",\"target\":[\"https:\/\/sollux-lighting.com\/pl\/produkty\/sun-light\/\"]}]},{\"@type\":\"ImageObject\",\"inLanguage\":\"pl-PL\",\"@id\":\"https:\/\/sollux-lighting.com\/pl\/produkty\/sun-light\/#primaryimage\",\"url\":\"https:\/\/test.sollux-lighting.com\/wp-content\/uploads\/2023\/02\/bulbs.jpg\",\"contentUrl\":\"https:\/\/test.sollux-lighting.com\/wp-content\/uploads\/2023\/02\/bulbs.jpg\"},{\"@type\":\"BreadcrumbList\",\"@id\":\"https:\/\/sollux-lighting.com\/pl\/produkty\/sun-light\/#breadcrumb\",\"itemListElement\":[{\"@type\":\"ListItem\",\"position\":1,\"name\":\"Strona g\u0142\u00f3wna\",\"item\":\"https:\/\/sollux-lighting.com\/pl\/\"},{\"@type\":\"ListItem\",\"position\":2,\"name\":\"Produkty\",\"item\":\"https:\/\/sollux-lighting.com\/pl\/produkty\/\"},{\"@type\":\"ListItem\",\"position\":3,\"name\":\"\u017bar\u00f3wki\"}]},{\"@type\":\"WebSite\",\"@id\":\"https:\/\/sollux-lighting.com\/pl\/#website\",\"url\":\"https:\/\/sollux-lighting.com\/pl\/\",\"name\":\"Sollux Lighting\",\"description\":\"Brighten up your business\",\"publisher\":{\"@id\":\"https:\/\/sollux-lighting.com\/pl\/#organization\"},\"potentialAction\":[{\"@type\":\"SearchAction\",\"target\":{\"@type\":\"EntryPoint\",\"urlTemplate\":\"https:\/\/sollux-lighting.com\/pl\/?s={search_term_string}\"},\"query-input\":{\"@type\":\"PropertyValueSpecification\",\"valueRequired\":true,\"valueName\":\"search_term_string\"}}],\"inLanguage\":\"pl-PL\"},{\"@type\":\"Organization\",\"@id\":\"https:\/\/sollux-lighting.com\/pl\/#organization\",\"name\":\"Sollux Lighting\",\"url\":\"https:\/\/sollux-lighting.com\/pl\/\",\"logo\":{\"@type\":\"ImageObject\",\"inLanguage\":\"pl-PL\",\"@id\":\"https:\/\/sollux-lighting.com\/pl\/#\/schema\/logo\/image\/\",\"url\":\"https:\/\/sollux-lighting.com\/wp-content\/uploads\/2023\/02\/LOGO.svg\",\"contentUrl\":\"https:\/\/sollux-lighting.com\/wp-content\/uploads\/2023\/02\/LOGO.svg\",\"width\":160,\"height\":46,\"caption\":\"Sollux Lighting\"},\"image\":{\"@id\":\"https:\/\/sollux-lighting.com\/pl\/#\/schema\/logo\/image\/\"}}]}<\/script>\n<!-- \/ Yoast SEO plugin. -->","yoast_head_json":{"title":"\u017bar\u00f3wki - Sollux Lighting","robots":{"index":"index","follow":"follow","max-snippet":"max-snippet:-1","max-image-preview":"max-image-preview:large","max-video-preview":"max-video-preview:-1"},"canonical":"https:\/\/sollux-lighting.com\/pl\/produkty\/sun-light\/","og_locale":"pl_PL","og_type":"article","og_title":"\u017bar\u00f3wki - Sollux Lighting","og_description":"Powr\u00f3t do korzeni \u017bAR\u00d3WKI O\u015bwietlenie w najprostszej, pierwotnej postaci: \u017car\u00f3wki. Ciekawe style, ciep\u0142e i zimne barwy &#8211; zaprojektowane z my\u015bl\u0105 zar\u00f3wno o jasnych \u0142azienkach, jak i przytulnych salonach czy sypialniach. W dziale znajdziesz propozycje o r\u00f3\u017cnych mocach &#8211; wybieraj spo\u015br\u00f3d wielu dost\u0119pnych mo\u017cliwo\u015bci. Nie znaleziono produkt\u00f3w","og_url":"https:\/\/sollux-lighting.com\/pl\/produkty\/sun-light\/","og_site_name":"Sollux Lighting","article_modified_time":"2023-03-21T18:49:36+00:00","og_image":[{"url":"https:\/\/test.sollux-lighting.com\/wp-content\/uploads\/2023\/02\/bulbs.jpg","type":"","width":"","height":""}],"twitter_card":"summary_large_image","twitter_misc":{"Szacowany czas czytania":"1 minuta"},"schema":{"@context":"https:\/\/schema.org","@graph":[{"@type":"WebPage","@id":"https:\/\/sollux-lighting.com\/pl\/produkty\/sun-light\/","url":"https:\/\/sollux-lighting.com\/pl\/produkty\/sun-light\/","name":"\u017bar\u00f3wki - Sollux Lighting","isPartOf":{"@id":"https:\/\/sollux-lighting.com\/pl\/#website"},"primaryImageOfPage":{"@id":"https:\/\/sollux-lighting.com\/pl\/produkty\/sun-light\/#primaryimage"},"image":{"@id":"https:\/\/sollux-lighting.com\/pl\/produkty\/sun-light\/#primaryimage"},"thumbnailUrl":"https:\/\/test.sollux-lighting.com\/wp-content\/uploads\/2023\/02\/bulbs.jpg","datePublished":"2023-02-23T18:36:50+00:00","dateModified":"2023-03-21T18:49:36+00:00","breadcrumb":{"@id":"https:\/\/sollux-lighting.com\/pl\/produkty\/sun-light\/#breadcrumb"},"inLanguage":"pl-PL","potentialAction":[{"@type":"ReadAction","target":["https:\/\/sollux-lighting.com\/pl\/produkty\/sun-light\/"]}]},{"@type":"ImageObject","inLanguage":"pl-PL","@id":"https:\/\/sollux-lighting.com\/pl\/produkty\/sun-light\/#primaryimage","url":"https:\/\/test.sollux-lighting.com\/wp-content\/uploads\/2023\/02\/bulbs.jpg","contentUrl":"https:\/\/test.sollux-lighting.com\/wp-content\/uploads\/2023\/02\/bulbs.jpg"},{"@type":"BreadcrumbList","@id":"https:\/\/sollux-lighting.com\/pl\/produkty\/sun-light\/#breadcrumb","itemListElement":[{"@type":"ListItem","position":1,"name":"Strona g\u0142\u00f3wna","item":"https:\/\/sollux-lighting.com\/pl\/"},{"@type":"ListItem","position":2,"name":"Produkty","item":"https:\/\/sollux-lighting.com\/pl\/produkty\/"},{"@type":"ListItem","position":3,"name":"\u017bar\u00f3wki"}]},{"@type":"WebSite","@id":"https:\/\/sollux-lighting.com\/pl\/#website","url":"https:\/\/sollux-lighting.com\/pl\/","name":"Sollux Lighting","description":"Brighten up your business","publisher":{"@id":"https:\/\/sollux-lighting.com\/pl\/#organization"},"potentialAction":[{"@type":"SearchAction","target":{"@type":"EntryPoint","urlTemplate":"https:\/\/sollux-lighting.com\/pl\/?s={search_term_string}"},"query-input":{"@type":"PropertyValueSpecification","valueRequired":true,"valueName":"search_term_string"}}],"inLanguage":"pl-PL"},{"@type":"Organization","@id":"https:\/\/sollux-lighting.com\/pl\/#organization","name":"Sollux Lighting","url":"https:\/\/sollux-lighting.com\/pl\/","logo":{"@type":"ImageObject","inLanguage":"pl-PL","@id":"https:\/\/sollux-lighting.com\/pl\/#\/schema\/logo\/image\/","url":"https:\/\/sollux-lighting.com\/wp-content\/uploads\/2023\/02\/LOGO.svg","contentUrl":"https:\/\/sollux-lighting.com\/wp-content\/uploads\/2023\/02\/LOGO.svg","width":160,"height":46,"caption":"Sollux Lighting"},"image":{"@id":"https:\/\/sollux-lighting.com\/pl\/#\/schema\/logo\/image\/"}}]}},"_links":{"self":[{"href":"https:\/\/sollux-lighting.com\/pl\/wp-json\/wp\/v2\/pages\/3359","targetHints":{"allow":["GET"]}}],"collection":[{"href":"https:\/\/sollux-lighting.com\/pl\/wp-json\/wp\/v2\/pages"}],"about":[{"href":"https:\/\/sollux-lighting.com\/pl\/wp-json\/wp\/v2\/types\/page"}],"author":[{"embeddable":true,"href":"https:\/\/sollux-lighting.com\/pl\/wp-json\/wp\/v2\/users\/3"}],"replies":[{"embeddable":true,"href":"https:\/\/sollux-lighting.com\/pl\/wp-json\/wp\/v2\/comments?post=3359"}],"version-history":[{"count":0,"href":"https:\/\/sollux-lighting.com\/pl\/wp-json\/wp\/v2\/pages\/3359\/revisions"}],"up":[{"embeddable":true,"href":"https:\/\/sollux-lighting.com\/pl\/wp-json\/wp\/v2\/pages\/221"}],"wp:attachment":[{"href":"https:\/\/sollux-lighting.com\/pl\/wp-json\/wp\/v2\/media?parent=3359"}],"curies":[{"name":"wp","href":"https:\/\/api.w.org\/{rel}","templated":true}]}}