{"id":72444,"date":"2024-03-26T17:47:46","date_gmt":"2024-03-26T16:47:46","guid":{"rendered":"https:\/\/test.sollux-lighting.com\/nasza-oferta\/senza-categoria\/lampada-a-sospensione-gren-120-led-3000k\/"},"modified":"2024-03-26T17:47:47","modified_gmt":"2024-03-26T16:47:47","slug":"lampada-a-sospensione-gren-120-led-3000k","status":"publish","type":"product","link":"https:\/\/sollux-lighting.com\/it\/nasza-oferta\/lampada-a-sospensione\/lampada-a-sospensione-gren-120-led-3000k\/","title":{"rendered":"Lampada a sospensione GREN 120 LED 3000K"},"content":{"rendered":"<p>Input: Collisione di una forma semplice con un approccio innovativo alla luce &#8211; questo \u00e8 GREN. Se ami il design minimalista che \u00e8 anche altamente funzionale, questa lampada soddisfer\u00e0 le tue aspettative. Il braccio semplice e il modulo LED moderno sono le caratteristiche distintive del modello GREN. Un alto CRI e un&#8217;efficienza energetica garantiscono una resa realistica dei colori e un risparmio sulle bollette. La struttura in acciaio nero della lampada la rende non solo resistente, ma si adatta perfettamente a diverse stilizzazioni degli interni. Anche se inizialmente potrebbe sembrare che il posto di GREN sia solo negli spazi industriali o loft, la sua versatilit\u00e0 \u00e8 sorprendente. Si abbina perfettamente sia agli interni moderni che minimalisti.<\/p>\n","protected":false},"excerpt":{"rendered":"<p>Lampadina: LED, 11W, 975lm, 3000K, CRI90, 50Hz, ~230V, IP20, classe I di apparecchiature<br \/>\nLampadina inclusa.<br \/>\nDimensioni: 120\/14\/160 cm<br \/>\nMateriale: alluminio<br \/>\nColore: nero<\/p>\n","protected":false},"featured_media":0,"template":"","meta":{"_acf_changed":false},"product_brand":[],"product_cat":[1909],"product_tag":[],"class_list":{"0":"post-72444","1":"product","2":"type-product","3":"status-publish","5":"product_cat-lampada-a-sospensione","7":"first","8":"instock","9":"product-type-simple"},"acf":[],"yoast_head":"<!-- This site is optimized with the Yoast SEO plugin v25.4 - https:\/\/yoast.com\/wordpress\/plugins\/seo\/ -->\n<title>Lampada a sospensione GREN 120 LED 3000K - Sollux Lighting<\/title>\n<meta name=\"robots\" content=\"index, follow, max-snippet:-1, max-image-preview:large, max-video-preview:-1\" \/>\n<link rel=\"canonical\" href=\"https:\/\/sollux-lighting.com\/it\/nasza-oferta\/lampada-a-sospensione\/lampada-a-sospensione-gren-120-led-3000k\/\" \/>\n<meta property=\"og:locale\" content=\"it_IT\" \/>\n<meta property=\"og:type\" content=\"article\" \/>\n<meta property=\"og:title\" content=\"Lampada a sospensione GREN 120 LED 3000K - Sollux Lighting\" \/>\n<meta property=\"og:description\" content=\"Lampadina: LED, 11W, 975lm, 3000K, CRI90, 50Hz, ~230V, IP20, classe I di apparecchiature Lampadina inclusa. Dimensioni: 120\/14\/160 cm Materiale: alluminio Colore: nero\" \/>\n<meta property=\"og:url\" content=\"https:\/\/sollux-lighting.com\/it\/nasza-oferta\/lampada-a-sospensione\/lampada-a-sospensione-gren-120-led-3000k\/\" \/>\n<meta property=\"og:site_name\" content=\"Sollux Lighting\" \/>\n<meta property=\"article:modified_time\" content=\"2024-03-26T16:47:47+00:00\" \/>\n<meta name=\"twitter:card\" content=\"summary_large_image\" \/>\n<meta name=\"twitter:label1\" content=\"Tempo di lettura stimato\" \/>\n\t<meta name=\"twitter:data1\" content=\"1 minuto\" \/>\n<script type=\"application\/ld+json\" class=\"yoast-schema-graph\">{\"@context\":\"https:\/\/schema.org\",\"@graph\":[{\"@type\":\"WebPage\",\"@id\":\"https:\/\/sollux-lighting.com\/it\/nasza-oferta\/lampada-a-sospensione\/lampada-a-sospensione-gren-120-led-3000k\/\",\"url\":\"https:\/\/sollux-lighting.com\/it\/nasza-oferta\/lampada-a-sospensione\/lampada-a-sospensione-gren-120-led-3000k\/\",\"name\":\"Lampada a sospensione GREN 120 LED 3000K - Sollux Lighting\",\"isPartOf\":{\"@id\":\"https:\/\/sollux-lighting.com\/it\/#website\"},\"datePublished\":\"2024-03-26T16:47:46+00:00\",\"dateModified\":\"2024-03-26T16:47:47+00:00\",\"breadcrumb\":{\"@id\":\"https:\/\/sollux-lighting.com\/it\/nasza-oferta\/lampada-a-sospensione\/lampada-a-sospensione-gren-120-led-3000k\/#breadcrumb\"},\"inLanguage\":\"it-IT\",\"potentialAction\":[{\"@type\":\"ReadAction\",\"target\":[\"https:\/\/sollux-lighting.com\/it\/nasza-oferta\/lampada-a-sospensione\/lampada-a-sospensione-gren-120-led-3000k\/\"]}]},{\"@type\":\"BreadcrumbList\",\"@id\":\"https:\/\/sollux-lighting.com\/it\/nasza-oferta\/lampada-a-sospensione\/lampada-a-sospensione-gren-120-led-3000k\/#breadcrumb\",\"itemListElement\":[{\"@type\":\"ListItem\",\"position\":1,\"name\":\"Pagina principale\",\"item\":\"https:\/\/sollux-lighting.com\/it\/\"},{\"@type\":\"ListItem\",\"position\":2,\"name\":\"La nostra offerta\",\"item\":\"https:\/\/sollux-lighting.com\/it\/la-nostra-offerta\/\"},{\"@type\":\"ListItem\",\"position\":3,\"name\":\"Lampada a sospensione GREN 120 LED 3000K\"}]},{\"@type\":\"WebSite\",\"@id\":\"https:\/\/sollux-lighting.com\/it\/#website\",\"url\":\"https:\/\/sollux-lighting.com\/it\/\",\"name\":\"Sollux Lighting\",\"description\":\"Brighten up your business\",\"publisher\":{\"@id\":\"https:\/\/sollux-lighting.com\/it\/#organization\"},\"potentialAction\":[{\"@type\":\"SearchAction\",\"target\":{\"@type\":\"EntryPoint\",\"urlTemplate\":\"https:\/\/sollux-lighting.com\/it\/?s={search_term_string}\"},\"query-input\":{\"@type\":\"PropertyValueSpecification\",\"valueRequired\":true,\"valueName\":\"search_term_string\"}}],\"inLanguage\":\"it-IT\"},{\"@type\":\"Organization\",\"@id\":\"https:\/\/sollux-lighting.com\/it\/#organization\",\"name\":\"Sollux Lighting\",\"url\":\"https:\/\/sollux-lighting.com\/it\/\",\"logo\":{\"@type\":\"ImageObject\",\"inLanguage\":\"it-IT\",\"@id\":\"https:\/\/sollux-lighting.com\/it\/#\/schema\/logo\/image\/\",\"url\":\"https:\/\/sollux-lighting.com\/wp-content\/uploads\/2023\/02\/LOGO.svg\",\"contentUrl\":\"https:\/\/sollux-lighting.com\/wp-content\/uploads\/2023\/02\/LOGO.svg\",\"width\":160,\"height\":46,\"caption\":\"Sollux Lighting \"},\"image\":{\"@id\":\"https:\/\/sollux-lighting.com\/it\/#\/schema\/logo\/image\/\"}}]}<\/script>\n<!-- \/ Yoast SEO plugin. -->","yoast_head_json":{"title":"Lampada a sospensione GREN 120 LED 3000K - Sollux Lighting","robots":{"index":"index","follow":"follow","max-snippet":"max-snippet:-1","max-image-preview":"max-image-preview:large","max-video-preview":"max-video-preview:-1"},"canonical":"https:\/\/sollux-lighting.com\/it\/nasza-oferta\/lampada-a-sospensione\/lampada-a-sospensione-gren-120-led-3000k\/","og_locale":"it_IT","og_type":"article","og_title":"Lampada a sospensione GREN 120 LED 3000K - Sollux Lighting","og_description":"Lampadina: LED, 11W, 975lm, 3000K, CRI90, 50Hz, ~230V, IP20, classe I di apparecchiature Lampadina inclusa. Dimensioni: 120\/14\/160 cm Materiale: alluminio Colore: nero","og_url":"https:\/\/sollux-lighting.com\/it\/nasza-oferta\/lampada-a-sospensione\/lampada-a-sospensione-gren-120-led-3000k\/","og_site_name":"Sollux Lighting","article_modified_time":"2024-03-26T16:47:47+00:00","twitter_card":"summary_large_image","twitter_misc":{"Tempo di lettura stimato":"1 minuto"},"schema":{"@context":"https:\/\/schema.org","@graph":[{"@type":"WebPage","@id":"https:\/\/sollux-lighting.com\/it\/nasza-oferta\/lampada-a-sospensione\/lampada-a-sospensione-gren-120-led-3000k\/","url":"https:\/\/sollux-lighting.com\/it\/nasza-oferta\/lampada-a-sospensione\/lampada-a-sospensione-gren-120-led-3000k\/","name":"Lampada a sospensione GREN 120 LED 3000K - Sollux Lighting","isPartOf":{"@id":"https:\/\/sollux-lighting.com\/it\/#website"},"datePublished":"2024-03-26T16:47:46+00:00","dateModified":"2024-03-26T16:47:47+00:00","breadcrumb":{"@id":"https:\/\/sollux-lighting.com\/it\/nasza-oferta\/lampada-a-sospensione\/lampada-a-sospensione-gren-120-led-3000k\/#breadcrumb"},"inLanguage":"it-IT","potentialAction":[{"@type":"ReadAction","target":["https:\/\/sollux-lighting.com\/it\/nasza-oferta\/lampada-a-sospensione\/lampada-a-sospensione-gren-120-led-3000k\/"]}]},{"@type":"BreadcrumbList","@id":"https:\/\/sollux-lighting.com\/it\/nasza-oferta\/lampada-a-sospensione\/lampada-a-sospensione-gren-120-led-3000k\/#breadcrumb","itemListElement":[{"@type":"ListItem","position":1,"name":"Pagina principale","item":"https:\/\/sollux-lighting.com\/it\/"},{"@type":"ListItem","position":2,"name":"La nostra offerta","item":"https:\/\/sollux-lighting.com\/it\/la-nostra-offerta\/"},{"@type":"ListItem","position":3,"name":"Lampada a sospensione GREN 120 LED 3000K"}]},{"@type":"WebSite","@id":"https:\/\/sollux-lighting.com\/it\/#website","url":"https:\/\/sollux-lighting.com\/it\/","name":"Sollux Lighting","description":"Brighten up your business","publisher":{"@id":"https:\/\/sollux-lighting.com\/it\/#organization"},"potentialAction":[{"@type":"SearchAction","target":{"@type":"EntryPoint","urlTemplate":"https:\/\/sollux-lighting.com\/it\/?s={search_term_string}"},"query-input":{"@type":"PropertyValueSpecification","valueRequired":true,"valueName":"search_term_string"}}],"inLanguage":"it-IT"},{"@type":"Organization","@id":"https:\/\/sollux-lighting.com\/it\/#organization","name":"Sollux Lighting","url":"https:\/\/sollux-lighting.com\/it\/","logo":{"@type":"ImageObject","inLanguage":"it-IT","@id":"https:\/\/sollux-lighting.com\/it\/#\/schema\/logo\/image\/","url":"https:\/\/sollux-lighting.com\/wp-content\/uploads\/2023\/02\/LOGO.svg","contentUrl":"https:\/\/sollux-lighting.com\/wp-content\/uploads\/2023\/02\/LOGO.svg","width":160,"height":46,"caption":"Sollux Lighting "},"image":{"@id":"https:\/\/sollux-lighting.com\/it\/#\/schema\/logo\/image\/"}}]}},"_links":{"self":[{"href":"https:\/\/sollux-lighting.com\/it\/wp-json\/wp\/v2\/product\/72444","targetHints":{"allow":["GET"]}}],"collection":[{"href":"https:\/\/sollux-lighting.com\/it\/wp-json\/wp\/v2\/product"}],"about":[{"href":"https:\/\/sollux-lighting.com\/it\/wp-json\/wp\/v2\/types\/product"}],"wp:attachment":[{"href":"https:\/\/sollux-lighting.com\/it\/wp-json\/wp\/v2\/media?parent=72444"}],"wp:term":[{"taxonomy":"product_brand","embeddable":true,"href":"https:\/\/sollux-lighting.com\/it\/wp-json\/wp\/v2\/product_brand?post=72444"},{"taxonomy":"product_cat","embeddable":true,"href":"https:\/\/sollux-lighting.com\/it\/wp-json\/wp\/v2\/product_cat?post=72444"},{"taxonomy":"product_tag","embeddable":true,"href":"https:\/\/sollux-lighting.com\/it\/wp-json\/wp\/v2\/product_tag?post=72444"}],"curies":[{"name":"wp","href":"https:\/\/api.w.org\/{rel}","templated":true}]}}