{"id":72319,"date":"2023-03-17T12:00:44","date_gmt":"2023-03-17T11:00:44","guid":{"rendered":"https:\/\/test.sollux-lighting.com\/nasza-oferta\/senza-categoria\/lampada-da-soffitto-rio-55-bianco-4000k\/"},"modified":"2024-03-26T17:36:02","modified_gmt":"2024-03-26T16:36:02","slug":"lampada-da-soffitto-rio-55-bianco-4000k","status":"publish","type":"product","link":"https:\/\/sollux-lighting.com\/it\/nasza-oferta\/senza-categoria\/lampada-da-soffitto-rio-55-bianco-4000k\/","title":{"rendered":"Lampada da soffitto RIO 55 bianco 4000K"},"content":{"rendered":"<p>RIO colpisce per la sua versatilit\u00e0. Un lampadario (singolo, doppio o triplo) e una lampada da soffitto sono la sua versione normale. Una variazione artistica sul tema RIO \u00e8 la lampada a sospensione verticale, che offre infinite possibilit\u00e0 di disposizione sia nella privacy che in ingresso, soggiorno, spogliatoio, bagno cos\u00ec come in eleganti spazi pubblici come: centro benessere, salone SPA, galleria, boutique, ristorante, ufficio. I moderni cerchi minimalisti a LED garantiscono parametri estetici e illuminotecnici elevati (3000K CRI 90, 4000K CRI 95). L&#8217;aspetto estetico dell&#8217;apparecchio garantisce anche le dimensioni del profilo: altezza 40 mm, larghezza 8 mm. Come tutte le nostre lampade, anche gli anelli sono prodotti interamente in Polonia. Per questo motivo possiamo garantire ai nostri clienti tempi rapidi di evasione dell&#8217;ordine.<\/p>\n","protected":false},"excerpt":{"rendered":"<p>Bulbola lampadina: LED, 30W, 3870LM, 4000K, CRI95, 50-60Hz, ~ 220-230V, IP20, Classe Appliance I<br \/>\nLampadina inclusa.<br \/>\nDimensioni: 55\/62\/12,5 cm<br \/>\nAltezza del profilo: 4 cm<br \/>\nLarghezza del profilo: 0,8 cm<br \/>\nMateriale: alluminio<br \/>\nColore bianco<\/p>\n","protected":false},"featured_media":61879,"template":"","meta":{"_acf_changed":false},"product_brand":[],"product_cat":[],"product_tag":[],"class_list":{"0":"post-72319","1":"product","2":"type-product","3":"status-publish","4":"has-post-thumbnail","7":"first","8":"instock","9":"product-type-simple"},"acf":[],"yoast_head":"<!-- This site is optimized with the Yoast SEO plugin v25.4 - https:\/\/yoast.com\/wordpress\/plugins\/seo\/ -->\n<title>Lampada da soffitto RIO 55 bianco 4000K - Sollux Lighting<\/title>\n<meta name=\"robots\" content=\"index, follow, max-snippet:-1, max-image-preview:large, max-video-preview:-1\" \/>\n<link rel=\"canonical\" href=\"https:\/\/sollux-lighting.com\/it\/nasza-oferta\/senza-categoria\/lampada-da-soffitto-rio-55-bianco-4000k\/\" \/>\n<meta property=\"og:locale\" content=\"it_IT\" \/>\n<meta property=\"og:type\" content=\"article\" \/>\n<meta property=\"og:title\" content=\"Lampada da soffitto RIO 55 bianco 4000K - Sollux Lighting\" \/>\n<meta property=\"og:description\" content=\"Bulbola lampadina: LED, 30W, 3870LM, 4000K, CRI95, 50-60Hz, ~ 220-230V, IP20, Classe Appliance I Lampadina inclusa. Dimensioni: 55\/62\/12,5 cm Altezza del profilo: 4 cm Larghezza del profilo: 0,8 cm Materiale: alluminio Colore bianco\" \/>\n<meta property=\"og:url\" content=\"https:\/\/sollux-lighting.com\/it\/nasza-oferta\/senza-categoria\/lampada-da-soffitto-rio-55-bianco-4000k\/\" \/>\n<meta property=\"og:site_name\" content=\"Sollux Lighting\" \/>\n<meta property=\"article:modified_time\" content=\"2024-03-26T16:36:02+00:00\" \/>\n<meta property=\"og:image\" content=\"https:\/\/sollux-lighting.com\/wp-content\/uploads\/2023\/03\/127-1-k.jpg\" \/>\n\t<meta property=\"og:image:width\" content=\"750\" \/>\n\t<meta property=\"og:image:height\" content=\"750\" \/>\n\t<meta property=\"og:image:type\" content=\"image\/jpeg\" \/>\n<meta name=\"twitter:card\" content=\"summary_large_image\" \/>\n<meta name=\"twitter:label1\" content=\"Tempo di lettura stimato\" \/>\n\t<meta name=\"twitter:data1\" content=\"1 minuto\" \/>\n<script type=\"application\/ld+json\" class=\"yoast-schema-graph\">{\"@context\":\"https:\/\/schema.org\",\"@graph\":[{\"@type\":\"WebPage\",\"@id\":\"https:\/\/sollux-lighting.com\/it\/nasza-oferta\/senza-categoria\/lampada-da-soffitto-rio-55-bianco-4000k\/\",\"url\":\"https:\/\/sollux-lighting.com\/it\/nasza-oferta\/senza-categoria\/lampada-da-soffitto-rio-55-bianco-4000k\/\",\"name\":\"Lampada da soffitto RIO 55 bianco 4000K - Sollux Lighting\",\"isPartOf\":{\"@id\":\"https:\/\/sollux-lighting.com\/it\/#website\"},\"primaryImageOfPage\":{\"@id\":\"https:\/\/sollux-lighting.com\/it\/nasza-oferta\/senza-categoria\/lampada-da-soffitto-rio-55-bianco-4000k\/#primaryimage\"},\"image\":{\"@id\":\"https:\/\/sollux-lighting.com\/it\/nasza-oferta\/senza-categoria\/lampada-da-soffitto-rio-55-bianco-4000k\/#primaryimage\"},\"thumbnailUrl\":\"https:\/\/sollux-lighting.com\/wp-content\/uploads\/2023\/03\/127-1-k.jpg\",\"datePublished\":\"2023-03-17T11:00:44+00:00\",\"dateModified\":\"2024-03-26T16:36:02+00:00\",\"breadcrumb\":{\"@id\":\"https:\/\/sollux-lighting.com\/it\/nasza-oferta\/senza-categoria\/lampada-da-soffitto-rio-55-bianco-4000k\/#breadcrumb\"},\"inLanguage\":\"it-IT\",\"potentialAction\":[{\"@type\":\"ReadAction\",\"target\":[\"https:\/\/sollux-lighting.com\/it\/nasza-oferta\/senza-categoria\/lampada-da-soffitto-rio-55-bianco-4000k\/\"]}]},{\"@type\":\"ImageObject\",\"inLanguage\":\"it-IT\",\"@id\":\"https:\/\/sollux-lighting.com\/it\/nasza-oferta\/senza-categoria\/lampada-da-soffitto-rio-55-bianco-4000k\/#primaryimage\",\"url\":\"https:\/\/sollux-lighting.com\/wp-content\/uploads\/2023\/03\/127-1-k.jpg\",\"contentUrl\":\"https:\/\/sollux-lighting.com\/wp-content\/uploads\/2023\/03\/127-1-k.jpg\",\"width\":750,\"height\":750},{\"@type\":\"BreadcrumbList\",\"@id\":\"https:\/\/sollux-lighting.com\/it\/nasza-oferta\/senza-categoria\/lampada-da-soffitto-rio-55-bianco-4000k\/#breadcrumb\",\"itemListElement\":[{\"@type\":\"ListItem\",\"position\":1,\"name\":\"Pagina principale\",\"item\":\"https:\/\/sollux-lighting.com\/it\/\"},{\"@type\":\"ListItem\",\"position\":2,\"name\":\"La nostra offerta\",\"item\":\"https:\/\/sollux-lighting.com\/it\/la-nostra-offerta\/\"},{\"@type\":\"ListItem\",\"position\":3,\"name\":\"Lampada da soffitto RIO 55 bianco 4000K\"}]},{\"@type\":\"WebSite\",\"@id\":\"https:\/\/sollux-lighting.com\/it\/#website\",\"url\":\"https:\/\/sollux-lighting.com\/it\/\",\"name\":\"Sollux Lighting\",\"description\":\"Brighten up your business\",\"publisher\":{\"@id\":\"https:\/\/sollux-lighting.com\/it\/#organization\"},\"potentialAction\":[{\"@type\":\"SearchAction\",\"target\":{\"@type\":\"EntryPoint\",\"urlTemplate\":\"https:\/\/sollux-lighting.com\/it\/?s={search_term_string}\"},\"query-input\":{\"@type\":\"PropertyValueSpecification\",\"valueRequired\":true,\"valueName\":\"search_term_string\"}}],\"inLanguage\":\"it-IT\"},{\"@type\":\"Organization\",\"@id\":\"https:\/\/sollux-lighting.com\/it\/#organization\",\"name\":\"Sollux Lighting\",\"url\":\"https:\/\/sollux-lighting.com\/it\/\",\"logo\":{\"@type\":\"ImageObject\",\"inLanguage\":\"it-IT\",\"@id\":\"https:\/\/sollux-lighting.com\/it\/#\/schema\/logo\/image\/\",\"url\":\"https:\/\/sollux-lighting.com\/wp-content\/uploads\/2023\/02\/LOGO.svg\",\"contentUrl\":\"https:\/\/sollux-lighting.com\/wp-content\/uploads\/2023\/02\/LOGO.svg\",\"width\":160,\"height\":46,\"caption\":\"Sollux Lighting \"},\"image\":{\"@id\":\"https:\/\/sollux-lighting.com\/it\/#\/schema\/logo\/image\/\"}}]}<\/script>\n<!-- \/ Yoast SEO plugin. -->","yoast_head_json":{"title":"Lampada da soffitto RIO 55 bianco 4000K - Sollux Lighting","robots":{"index":"index","follow":"follow","max-snippet":"max-snippet:-1","max-image-preview":"max-image-preview:large","max-video-preview":"max-video-preview:-1"},"canonical":"https:\/\/sollux-lighting.com\/it\/nasza-oferta\/senza-categoria\/lampada-da-soffitto-rio-55-bianco-4000k\/","og_locale":"it_IT","og_type":"article","og_title":"Lampada da soffitto RIO 55 bianco 4000K - Sollux Lighting","og_description":"Bulbola lampadina: LED, 30W, 3870LM, 4000K, CRI95, 50-60Hz, ~ 220-230V, IP20, Classe Appliance I Lampadina inclusa. Dimensioni: 55\/62\/12,5 cm Altezza del profilo: 4 cm Larghezza del profilo: 0,8 cm Materiale: alluminio Colore bianco","og_url":"https:\/\/sollux-lighting.com\/it\/nasza-oferta\/senza-categoria\/lampada-da-soffitto-rio-55-bianco-4000k\/","og_site_name":"Sollux Lighting","article_modified_time":"2024-03-26T16:36:02+00:00","og_image":[{"width":750,"height":750,"url":"https:\/\/sollux-lighting.com\/wp-content\/uploads\/2023\/03\/127-1-k.jpg","type":"image\/jpeg"}],"twitter_card":"summary_large_image","twitter_misc":{"Tempo di lettura stimato":"1 minuto"},"schema":{"@context":"https:\/\/schema.org","@graph":[{"@type":"WebPage","@id":"https:\/\/sollux-lighting.com\/it\/nasza-oferta\/senza-categoria\/lampada-da-soffitto-rio-55-bianco-4000k\/","url":"https:\/\/sollux-lighting.com\/it\/nasza-oferta\/senza-categoria\/lampada-da-soffitto-rio-55-bianco-4000k\/","name":"Lampada da soffitto RIO 55 bianco 4000K - Sollux Lighting","isPartOf":{"@id":"https:\/\/sollux-lighting.com\/it\/#website"},"primaryImageOfPage":{"@id":"https:\/\/sollux-lighting.com\/it\/nasza-oferta\/senza-categoria\/lampada-da-soffitto-rio-55-bianco-4000k\/#primaryimage"},"image":{"@id":"https:\/\/sollux-lighting.com\/it\/nasza-oferta\/senza-categoria\/lampada-da-soffitto-rio-55-bianco-4000k\/#primaryimage"},"thumbnailUrl":"https:\/\/sollux-lighting.com\/wp-content\/uploads\/2023\/03\/127-1-k.jpg","datePublished":"2023-03-17T11:00:44+00:00","dateModified":"2024-03-26T16:36:02+00:00","breadcrumb":{"@id":"https:\/\/sollux-lighting.com\/it\/nasza-oferta\/senza-categoria\/lampada-da-soffitto-rio-55-bianco-4000k\/#breadcrumb"},"inLanguage":"it-IT","potentialAction":[{"@type":"ReadAction","target":["https:\/\/sollux-lighting.com\/it\/nasza-oferta\/senza-categoria\/lampada-da-soffitto-rio-55-bianco-4000k\/"]}]},{"@type":"ImageObject","inLanguage":"it-IT","@id":"https:\/\/sollux-lighting.com\/it\/nasza-oferta\/senza-categoria\/lampada-da-soffitto-rio-55-bianco-4000k\/#primaryimage","url":"https:\/\/sollux-lighting.com\/wp-content\/uploads\/2023\/03\/127-1-k.jpg","contentUrl":"https:\/\/sollux-lighting.com\/wp-content\/uploads\/2023\/03\/127-1-k.jpg","width":750,"height":750},{"@type":"BreadcrumbList","@id":"https:\/\/sollux-lighting.com\/it\/nasza-oferta\/senza-categoria\/lampada-da-soffitto-rio-55-bianco-4000k\/#breadcrumb","itemListElement":[{"@type":"ListItem","position":1,"name":"Pagina principale","item":"https:\/\/sollux-lighting.com\/it\/"},{"@type":"ListItem","position":2,"name":"La nostra offerta","item":"https:\/\/sollux-lighting.com\/it\/la-nostra-offerta\/"},{"@type":"ListItem","position":3,"name":"Lampada da soffitto RIO 55 bianco 4000K"}]},{"@type":"WebSite","@id":"https:\/\/sollux-lighting.com\/it\/#website","url":"https:\/\/sollux-lighting.com\/it\/","name":"Sollux Lighting","description":"Brighten up your business","publisher":{"@id":"https:\/\/sollux-lighting.com\/it\/#organization"},"potentialAction":[{"@type":"SearchAction","target":{"@type":"EntryPoint","urlTemplate":"https:\/\/sollux-lighting.com\/it\/?s={search_term_string}"},"query-input":{"@type":"PropertyValueSpecification","valueRequired":true,"valueName":"search_term_string"}}],"inLanguage":"it-IT"},{"@type":"Organization","@id":"https:\/\/sollux-lighting.com\/it\/#organization","name":"Sollux Lighting","url":"https:\/\/sollux-lighting.com\/it\/","logo":{"@type":"ImageObject","inLanguage":"it-IT","@id":"https:\/\/sollux-lighting.com\/it\/#\/schema\/logo\/image\/","url":"https:\/\/sollux-lighting.com\/wp-content\/uploads\/2023\/02\/LOGO.svg","contentUrl":"https:\/\/sollux-lighting.com\/wp-content\/uploads\/2023\/02\/LOGO.svg","width":160,"height":46,"caption":"Sollux Lighting "},"image":{"@id":"https:\/\/sollux-lighting.com\/it\/#\/schema\/logo\/image\/"}}]}},"_links":{"self":[{"href":"https:\/\/sollux-lighting.com\/it\/wp-json\/wp\/v2\/product\/72319","targetHints":{"allow":["GET"]}}],"collection":[{"href":"https:\/\/sollux-lighting.com\/it\/wp-json\/wp\/v2\/product"}],"about":[{"href":"https:\/\/sollux-lighting.com\/it\/wp-json\/wp\/v2\/types\/product"}],"wp:featuredmedia":[{"embeddable":true,"href":"https:\/\/sollux-lighting.com\/it\/wp-json\/wp\/v2\/media\/61879"}],"wp:attachment":[{"href":"https:\/\/sollux-lighting.com\/it\/wp-json\/wp\/v2\/media?parent=72319"}],"wp:term":[{"taxonomy":"product_brand","embeddable":true,"href":"https:\/\/sollux-lighting.com\/it\/wp-json\/wp\/v2\/product_brand?post=72319"},{"taxonomy":"product_cat","embeddable":true,"href":"https:\/\/sollux-lighting.com\/it\/wp-json\/wp\/v2\/product_cat?post=72319"},{"taxonomy":"product_tag","embeddable":true,"href":"https:\/\/sollux-lighting.com\/it\/wp-json\/wp\/v2\/product_tag?post=72319"}],"curies":[{"name":"wp","href":"https:\/\/api.w.org\/{rel}","templated":true}]}}