{"id":72155,"date":"2024-03-26T17:20:57","date_gmt":"2024-03-26T16:20:57","guid":{"rendered":"https:\/\/test.sollux-lighting.com\/nasza-oferta\/senza-categoria\/lampada-a-sospensione-fost\/"},"modified":"2024-03-26T17:21:02","modified_gmt":"2024-03-26T16:21:02","slug":"lampada-a-sospensione-fost","status":"publish","type":"product","link":"https:\/\/sollux-lighting.com\/it\/nasza-oferta\/lampada-a-sospensione\/lampada-a-sospensione-fost\/","title":{"rendered":"Lampada a sospensione FOST"},"content":{"rendered":"<p>Lampada FOST \u00e8 una combinazione unica di classico e moderno che soddisfa perfettamente le esigenze degli amanti di entrambi gli stili. Unendo elementi moderni in acciaio al legno naturale, l&#8217;illuminazione crea una composizione di design che si inserisce nelle ultime tendenze. Disponibili in due forme, le lampade offrono non solo la possibilit\u00e0 di personalizzazione individuale, ma anche la creativa miscelazione dei modelli. FOST affascina per il design, ma introduce anche un&#8217;atmosfera unica in ogni ambiente. La sua versatilit\u00e0 \u00e8 dovuta alla sua palette di colori neutri e alla perfetta combinazione di tradizione e modernit\u00e0. Realizzata in Polonia, con la massima cura per i dettagli, garantisce durata nel tempo. Scegli FOST e aggiungi un carattere unico ai tuoi interni!<\/p>\n","protected":false},"excerpt":{"rendered":"<p>Lampadina: E27, 1x max 15 W LED, 50Hz, ~230V, IP20, classe I dell&#8217;apparecchio<br \/>\nLampadina non inclusa.<br \/>\nDimensioni: 26\/26\/134 cm<br \/>\nMateriale: acciaio\/cavo<br \/>\nColore: nero<\/p>\n","protected":false},"featured_media":0,"template":"","meta":{"_acf_changed":false},"product_brand":[],"product_cat":[1909],"product_tag":[],"class_list":{"0":"post-72155","1":"product","2":"type-product","3":"status-publish","5":"product_cat-lampada-a-sospensione","7":"first","8":"instock","9":"product-type-simple"},"acf":[],"yoast_head":"<!-- This site is optimized with the Yoast SEO plugin v25.4 - https:\/\/yoast.com\/wordpress\/plugins\/seo\/ -->\n<title>Lampada a sospensione FOST - Sollux Lighting<\/title>\n<meta name=\"robots\" content=\"index, follow, max-snippet:-1, max-image-preview:large, max-video-preview:-1\" \/>\n<link rel=\"canonical\" href=\"https:\/\/sollux-lighting.com\/it\/nasza-oferta\/lampada-a-sospensione\/lampada-a-sospensione-fost\/\" \/>\n<meta property=\"og:locale\" content=\"it_IT\" \/>\n<meta property=\"og:type\" content=\"article\" \/>\n<meta property=\"og:title\" content=\"Lampada a sospensione FOST - Sollux Lighting\" \/>\n<meta property=\"og:description\" content=\"Lampadina: E27, 1x max 15 W LED, 50Hz, ~230V, IP20, classe I dell&#039;apparecchio Lampadina non inclusa. Dimensioni: 26\/26\/134 cm Materiale: acciaio\/cavo Colore: nero\" \/>\n<meta property=\"og:url\" content=\"https:\/\/sollux-lighting.com\/it\/nasza-oferta\/lampada-a-sospensione\/lampada-a-sospensione-fost\/\" \/>\n<meta property=\"og:site_name\" content=\"Sollux Lighting\" \/>\n<meta property=\"article:modified_time\" content=\"2024-03-26T16:21:02+00:00\" \/>\n<meta name=\"twitter:card\" content=\"summary_large_image\" \/>\n<meta name=\"twitter:label1\" content=\"Tempo di lettura stimato\" \/>\n\t<meta name=\"twitter:data1\" content=\"1 minuto\" \/>\n<script type=\"application\/ld+json\" class=\"yoast-schema-graph\">{\"@context\":\"https:\/\/schema.org\",\"@graph\":[{\"@type\":\"WebPage\",\"@id\":\"https:\/\/sollux-lighting.com\/it\/nasza-oferta\/lampada-a-sospensione\/lampada-a-sospensione-fost\/\",\"url\":\"https:\/\/sollux-lighting.com\/it\/nasza-oferta\/lampada-a-sospensione\/lampada-a-sospensione-fost\/\",\"name\":\"Lampada a sospensione FOST - Sollux Lighting\",\"isPartOf\":{\"@id\":\"https:\/\/sollux-lighting.com\/it\/#website\"},\"datePublished\":\"2024-03-26T16:20:57+00:00\",\"dateModified\":\"2024-03-26T16:21:02+00:00\",\"breadcrumb\":{\"@id\":\"https:\/\/sollux-lighting.com\/it\/nasza-oferta\/lampada-a-sospensione\/lampada-a-sospensione-fost\/#breadcrumb\"},\"inLanguage\":\"it-IT\",\"potentialAction\":[{\"@type\":\"ReadAction\",\"target\":[\"https:\/\/sollux-lighting.com\/it\/nasza-oferta\/lampada-a-sospensione\/lampada-a-sospensione-fost\/\"]}]},{\"@type\":\"BreadcrumbList\",\"@id\":\"https:\/\/sollux-lighting.com\/it\/nasza-oferta\/lampada-a-sospensione\/lampada-a-sospensione-fost\/#breadcrumb\",\"itemListElement\":[{\"@type\":\"ListItem\",\"position\":1,\"name\":\"Pagina principale\",\"item\":\"https:\/\/sollux-lighting.com\/it\/\"},{\"@type\":\"ListItem\",\"position\":2,\"name\":\"La nostra offerta\",\"item\":\"https:\/\/sollux-lighting.com\/it\/la-nostra-offerta\/\"},{\"@type\":\"ListItem\",\"position\":3,\"name\":\"Lampada a sospensione FOST\"}]},{\"@type\":\"WebSite\",\"@id\":\"https:\/\/sollux-lighting.com\/it\/#website\",\"url\":\"https:\/\/sollux-lighting.com\/it\/\",\"name\":\"Sollux Lighting\",\"description\":\"Brighten up your business\",\"publisher\":{\"@id\":\"https:\/\/sollux-lighting.com\/it\/#organization\"},\"potentialAction\":[{\"@type\":\"SearchAction\",\"target\":{\"@type\":\"EntryPoint\",\"urlTemplate\":\"https:\/\/sollux-lighting.com\/it\/?s={search_term_string}\"},\"query-input\":{\"@type\":\"PropertyValueSpecification\",\"valueRequired\":true,\"valueName\":\"search_term_string\"}}],\"inLanguage\":\"it-IT\"},{\"@type\":\"Organization\",\"@id\":\"https:\/\/sollux-lighting.com\/it\/#organization\",\"name\":\"Sollux Lighting\",\"url\":\"https:\/\/sollux-lighting.com\/it\/\",\"logo\":{\"@type\":\"ImageObject\",\"inLanguage\":\"it-IT\",\"@id\":\"https:\/\/sollux-lighting.com\/it\/#\/schema\/logo\/image\/\",\"url\":\"https:\/\/sollux-lighting.com\/wp-content\/uploads\/2023\/02\/LOGO.svg\",\"contentUrl\":\"https:\/\/sollux-lighting.com\/wp-content\/uploads\/2023\/02\/LOGO.svg\",\"width\":160,\"height\":46,\"caption\":\"Sollux Lighting \"},\"image\":{\"@id\":\"https:\/\/sollux-lighting.com\/it\/#\/schema\/logo\/image\/\"}}]}<\/script>\n<!-- \/ Yoast SEO plugin. -->","yoast_head_json":{"title":"Lampada a sospensione FOST - Sollux Lighting","robots":{"index":"index","follow":"follow","max-snippet":"max-snippet:-1","max-image-preview":"max-image-preview:large","max-video-preview":"max-video-preview:-1"},"canonical":"https:\/\/sollux-lighting.com\/it\/nasza-oferta\/lampada-a-sospensione\/lampada-a-sospensione-fost\/","og_locale":"it_IT","og_type":"article","og_title":"Lampada a sospensione FOST - Sollux Lighting","og_description":"Lampadina: E27, 1x max 15 W LED, 50Hz, ~230V, IP20, classe I dell'apparecchio Lampadina non inclusa. Dimensioni: 26\/26\/134 cm Materiale: acciaio\/cavo Colore: nero","og_url":"https:\/\/sollux-lighting.com\/it\/nasza-oferta\/lampada-a-sospensione\/lampada-a-sospensione-fost\/","og_site_name":"Sollux Lighting","article_modified_time":"2024-03-26T16:21:02+00:00","twitter_card":"summary_large_image","twitter_misc":{"Tempo di lettura stimato":"1 minuto"},"schema":{"@context":"https:\/\/schema.org","@graph":[{"@type":"WebPage","@id":"https:\/\/sollux-lighting.com\/it\/nasza-oferta\/lampada-a-sospensione\/lampada-a-sospensione-fost\/","url":"https:\/\/sollux-lighting.com\/it\/nasza-oferta\/lampada-a-sospensione\/lampada-a-sospensione-fost\/","name":"Lampada a sospensione FOST - Sollux Lighting","isPartOf":{"@id":"https:\/\/sollux-lighting.com\/it\/#website"},"datePublished":"2024-03-26T16:20:57+00:00","dateModified":"2024-03-26T16:21:02+00:00","breadcrumb":{"@id":"https:\/\/sollux-lighting.com\/it\/nasza-oferta\/lampada-a-sospensione\/lampada-a-sospensione-fost\/#breadcrumb"},"inLanguage":"it-IT","potentialAction":[{"@type":"ReadAction","target":["https:\/\/sollux-lighting.com\/it\/nasza-oferta\/lampada-a-sospensione\/lampada-a-sospensione-fost\/"]}]},{"@type":"BreadcrumbList","@id":"https:\/\/sollux-lighting.com\/it\/nasza-oferta\/lampada-a-sospensione\/lampada-a-sospensione-fost\/#breadcrumb","itemListElement":[{"@type":"ListItem","position":1,"name":"Pagina principale","item":"https:\/\/sollux-lighting.com\/it\/"},{"@type":"ListItem","position":2,"name":"La nostra offerta","item":"https:\/\/sollux-lighting.com\/it\/la-nostra-offerta\/"},{"@type":"ListItem","position":3,"name":"Lampada a sospensione FOST"}]},{"@type":"WebSite","@id":"https:\/\/sollux-lighting.com\/it\/#website","url":"https:\/\/sollux-lighting.com\/it\/","name":"Sollux Lighting","description":"Brighten up your business","publisher":{"@id":"https:\/\/sollux-lighting.com\/it\/#organization"},"potentialAction":[{"@type":"SearchAction","target":{"@type":"EntryPoint","urlTemplate":"https:\/\/sollux-lighting.com\/it\/?s={search_term_string}"},"query-input":{"@type":"PropertyValueSpecification","valueRequired":true,"valueName":"search_term_string"}}],"inLanguage":"it-IT"},{"@type":"Organization","@id":"https:\/\/sollux-lighting.com\/it\/#organization","name":"Sollux Lighting","url":"https:\/\/sollux-lighting.com\/it\/","logo":{"@type":"ImageObject","inLanguage":"it-IT","@id":"https:\/\/sollux-lighting.com\/it\/#\/schema\/logo\/image\/","url":"https:\/\/sollux-lighting.com\/wp-content\/uploads\/2023\/02\/LOGO.svg","contentUrl":"https:\/\/sollux-lighting.com\/wp-content\/uploads\/2023\/02\/LOGO.svg","width":160,"height":46,"caption":"Sollux Lighting "},"image":{"@id":"https:\/\/sollux-lighting.com\/it\/#\/schema\/logo\/image\/"}}]}},"_links":{"self":[{"href":"https:\/\/sollux-lighting.com\/it\/wp-json\/wp\/v2\/product\/72155","targetHints":{"allow":["GET"]}}],"collection":[{"href":"https:\/\/sollux-lighting.com\/it\/wp-json\/wp\/v2\/product"}],"about":[{"href":"https:\/\/sollux-lighting.com\/it\/wp-json\/wp\/v2\/types\/product"}],"wp:attachment":[{"href":"https:\/\/sollux-lighting.com\/it\/wp-json\/wp\/v2\/media?parent=72155"}],"wp:term":[{"taxonomy":"product_brand","embeddable":true,"href":"https:\/\/sollux-lighting.com\/it\/wp-json\/wp\/v2\/product_brand?post=72155"},{"taxonomy":"product_cat","embeddable":true,"href":"https:\/\/sollux-lighting.com\/it\/wp-json\/wp\/v2\/product_cat?post=72155"},{"taxonomy":"product_tag","embeddable":true,"href":"https:\/\/sollux-lighting.com\/it\/wp-json\/wp\/v2\/product_tag?post=72155"}],"curies":[{"name":"wp","href":"https:\/\/api.w.org\/{rel}","templated":true}]}}