{"id":72034,"date":"2023-03-17T12:06:28","date_gmt":"2023-03-17T11:06:28","guid":{"rendered":"https:\/\/test.sollux-lighting.com\/nasza-oferta\/senza-categoria\/lampada-a-sospensione-sula-1-in-legno-naturale\/"},"modified":"2024-03-26T17:04:10","modified_gmt":"2024-03-26T16:04:10","slug":"lampada-a-sospensione-sula-1-in-legno-naturale","status":"publish","type":"product","link":"https:\/\/sollux-lighting.com\/it\/nasza-oferta\/lampada-a-sospensione\/lampada-a-sospensione-sula-1-in-legno-naturale\/","title":{"rendered":"Lampada a sospensione SULA 1 in legno naturale"},"content":{"rendered":"<p>Elegante, sottile, di classe: la lampada a sospensione SULA combina legno naturale e tocchi di bianco. \u00c8 elegante ma non austera, il che la rende perfetta per i luminosi interni scandinavi, gli accoglienti interni in stile boho o giapponese. SULA si trover\u00e0 volentieri a suo agio in salotto, immerger\u00e0 la camera da letto in una calda luce o sar\u00e0 appesa sopra il tavolo da pranzo. Il design semplice del sottile paralume in legno e la lunga imbracatura completeranno perfettamente il design della stanza, permettendovi di godere di uno spazio ricco di atmosfera. La lampada a sospensione SULA \u00e8 disponibile con 1 o 3 punti luce, in modo da poter arredare facilmente sia gli interni pi\u00f9 grandi che quelli pi\u00f9 piccoli.<\/p>\n","protected":false},"excerpt":{"rendered":"<p>Bulbola lampadina: GU10, 1x40W, LED 1x12W, 50-60Hz, ~ 220-230V, IP20, Classe di elettrodomestici I<br \/>\nLampadina non inclusa.<br \/>\nDimensioni: 8\/8\/120 cm<br \/>\nDimensione paralume: 8\/38 cm<br \/>\nMateriale: legno<br \/>\nColore: legno naturale<\/p>\n","protected":false},"featured_media":31826,"template":"","meta":{"_acf_changed":false},"product_brand":[],"product_cat":[1909],"product_tag":[],"class_list":{"0":"post-72034","1":"product","2":"type-product","3":"status-publish","4":"has-post-thumbnail","6":"product_cat-lampada-a-sospensione","8":"first","9":"instock","10":"product-type-simple"},"acf":[],"yoast_head":"<!-- This site is optimized with the Yoast SEO plugin v25.4 - https:\/\/yoast.com\/wordpress\/plugins\/seo\/ -->\n<title>Lampada a sospensione SULA 1 in legno naturale - Sollux Lighting<\/title>\n<meta name=\"robots\" content=\"index, follow, max-snippet:-1, max-image-preview:large, max-video-preview:-1\" \/>\n<link rel=\"canonical\" href=\"https:\/\/sollux-lighting.com\/it\/nasza-oferta\/lampada-a-sospensione\/lampada-a-sospensione-sula-1-in-legno-naturale\/\" \/>\n<meta property=\"og:locale\" content=\"it_IT\" \/>\n<meta property=\"og:type\" content=\"article\" \/>\n<meta property=\"og:title\" content=\"Lampada a sospensione SULA 1 in legno naturale - Sollux Lighting\" \/>\n<meta property=\"og:description\" content=\"Bulbola lampadina: GU10, 1x40W, LED 1x12W, 50-60Hz, ~ 220-230V, IP20, Classe di elettrodomestici I Lampadina non inclusa. Dimensioni: 8\/8\/120 cm Dimensione paralume: 8\/38 cm Materiale: legno Colore: legno naturale\" \/>\n<meta property=\"og:url\" content=\"https:\/\/sollux-lighting.com\/it\/nasza-oferta\/lampada-a-sospensione\/lampada-a-sospensione-sula-1-in-legno-naturale\/\" \/>\n<meta property=\"og:site_name\" content=\"Sollux Lighting\" \/>\n<meta property=\"article:modified_time\" content=\"2024-03-26T16:04:10+00:00\" \/>\n<meta property=\"og:image\" content=\"https:\/\/sollux-lighting.com\/wp-content\/uploads\/2023\/03\/1100-1-k.jpg\" \/>\n\t<meta property=\"og:image:width\" content=\"750\" \/>\n\t<meta property=\"og:image:height\" content=\"750\" \/>\n\t<meta property=\"og:image:type\" content=\"image\/jpeg\" \/>\n<meta name=\"twitter:card\" content=\"summary_large_image\" \/>\n<meta name=\"twitter:label1\" content=\"Tempo di lettura stimato\" \/>\n\t<meta name=\"twitter:data1\" content=\"1 minuto\" \/>\n<script type=\"application\/ld+json\" class=\"yoast-schema-graph\">{\"@context\":\"https:\/\/schema.org\",\"@graph\":[{\"@type\":\"WebPage\",\"@id\":\"https:\/\/sollux-lighting.com\/it\/nasza-oferta\/lampada-a-sospensione\/lampada-a-sospensione-sula-1-in-legno-naturale\/\",\"url\":\"https:\/\/sollux-lighting.com\/it\/nasza-oferta\/lampada-a-sospensione\/lampada-a-sospensione-sula-1-in-legno-naturale\/\",\"name\":\"Lampada a sospensione SULA 1 in legno naturale - Sollux Lighting\",\"isPartOf\":{\"@id\":\"https:\/\/sollux-lighting.com\/it\/#website\"},\"primaryImageOfPage\":{\"@id\":\"https:\/\/sollux-lighting.com\/it\/nasza-oferta\/lampada-a-sospensione\/lampada-a-sospensione-sula-1-in-legno-naturale\/#primaryimage\"},\"image\":{\"@id\":\"https:\/\/sollux-lighting.com\/it\/nasza-oferta\/lampada-a-sospensione\/lampada-a-sospensione-sula-1-in-legno-naturale\/#primaryimage\"},\"thumbnailUrl\":\"https:\/\/sollux-lighting.com\/wp-content\/uploads\/2023\/03\/1100-1-k.jpg\",\"datePublished\":\"2023-03-17T11:06:28+00:00\",\"dateModified\":\"2024-03-26T16:04:10+00:00\",\"breadcrumb\":{\"@id\":\"https:\/\/sollux-lighting.com\/it\/nasza-oferta\/lampada-a-sospensione\/lampada-a-sospensione-sula-1-in-legno-naturale\/#breadcrumb\"},\"inLanguage\":\"it-IT\",\"potentialAction\":[{\"@type\":\"ReadAction\",\"target\":[\"https:\/\/sollux-lighting.com\/it\/nasza-oferta\/lampada-a-sospensione\/lampada-a-sospensione-sula-1-in-legno-naturale\/\"]}]},{\"@type\":\"ImageObject\",\"inLanguage\":\"it-IT\",\"@id\":\"https:\/\/sollux-lighting.com\/it\/nasza-oferta\/lampada-a-sospensione\/lampada-a-sospensione-sula-1-in-legno-naturale\/#primaryimage\",\"url\":\"https:\/\/sollux-lighting.com\/wp-content\/uploads\/2023\/03\/1100-1-k.jpg\",\"contentUrl\":\"https:\/\/sollux-lighting.com\/wp-content\/uploads\/2023\/03\/1100-1-k.jpg\",\"width\":750,\"height\":750},{\"@type\":\"BreadcrumbList\",\"@id\":\"https:\/\/sollux-lighting.com\/it\/nasza-oferta\/lampada-a-sospensione\/lampada-a-sospensione-sula-1-in-legno-naturale\/#breadcrumb\",\"itemListElement\":[{\"@type\":\"ListItem\",\"position\":1,\"name\":\"Pagina principale\",\"item\":\"https:\/\/sollux-lighting.com\/it\/\"},{\"@type\":\"ListItem\",\"position\":2,\"name\":\"La nostra offerta\",\"item\":\"https:\/\/sollux-lighting.com\/it\/la-nostra-offerta\/\"},{\"@type\":\"ListItem\",\"position\":3,\"name\":\"Lampada a sospensione SULA 1 in legno naturale\"}]},{\"@type\":\"WebSite\",\"@id\":\"https:\/\/sollux-lighting.com\/it\/#website\",\"url\":\"https:\/\/sollux-lighting.com\/it\/\",\"name\":\"Sollux Lighting\",\"description\":\"Brighten up your business\",\"publisher\":{\"@id\":\"https:\/\/sollux-lighting.com\/it\/#organization\"},\"potentialAction\":[{\"@type\":\"SearchAction\",\"target\":{\"@type\":\"EntryPoint\",\"urlTemplate\":\"https:\/\/sollux-lighting.com\/it\/?s={search_term_string}\"},\"query-input\":{\"@type\":\"PropertyValueSpecification\",\"valueRequired\":true,\"valueName\":\"search_term_string\"}}],\"inLanguage\":\"it-IT\"},{\"@type\":\"Organization\",\"@id\":\"https:\/\/sollux-lighting.com\/it\/#organization\",\"name\":\"Sollux Lighting\",\"url\":\"https:\/\/sollux-lighting.com\/it\/\",\"logo\":{\"@type\":\"ImageObject\",\"inLanguage\":\"it-IT\",\"@id\":\"https:\/\/sollux-lighting.com\/it\/#\/schema\/logo\/image\/\",\"url\":\"https:\/\/sollux-lighting.com\/wp-content\/uploads\/2023\/02\/LOGO.svg\",\"contentUrl\":\"https:\/\/sollux-lighting.com\/wp-content\/uploads\/2023\/02\/LOGO.svg\",\"width\":160,\"height\":46,\"caption\":\"Sollux Lighting \"},\"image\":{\"@id\":\"https:\/\/sollux-lighting.com\/it\/#\/schema\/logo\/image\/\"}}]}<\/script>\n<!-- \/ Yoast SEO plugin. -->","yoast_head_json":{"title":"Lampada a sospensione SULA 1 in legno naturale - Sollux Lighting","robots":{"index":"index","follow":"follow","max-snippet":"max-snippet:-1","max-image-preview":"max-image-preview:large","max-video-preview":"max-video-preview:-1"},"canonical":"https:\/\/sollux-lighting.com\/it\/nasza-oferta\/lampada-a-sospensione\/lampada-a-sospensione-sula-1-in-legno-naturale\/","og_locale":"it_IT","og_type":"article","og_title":"Lampada a sospensione SULA 1 in legno naturale - Sollux Lighting","og_description":"Bulbola lampadina: GU10, 1x40W, LED 1x12W, 50-60Hz, ~ 220-230V, IP20, Classe di elettrodomestici I Lampadina non inclusa. Dimensioni: 8\/8\/120 cm Dimensione paralume: 8\/38 cm Materiale: legno Colore: legno naturale","og_url":"https:\/\/sollux-lighting.com\/it\/nasza-oferta\/lampada-a-sospensione\/lampada-a-sospensione-sula-1-in-legno-naturale\/","og_site_name":"Sollux Lighting","article_modified_time":"2024-03-26T16:04:10+00:00","og_image":[{"width":750,"height":750,"url":"https:\/\/sollux-lighting.com\/wp-content\/uploads\/2023\/03\/1100-1-k.jpg","type":"image\/jpeg"}],"twitter_card":"summary_large_image","twitter_misc":{"Tempo di lettura stimato":"1 minuto"},"schema":{"@context":"https:\/\/schema.org","@graph":[{"@type":"WebPage","@id":"https:\/\/sollux-lighting.com\/it\/nasza-oferta\/lampada-a-sospensione\/lampada-a-sospensione-sula-1-in-legno-naturale\/","url":"https:\/\/sollux-lighting.com\/it\/nasza-oferta\/lampada-a-sospensione\/lampada-a-sospensione-sula-1-in-legno-naturale\/","name":"Lampada a sospensione SULA 1 in legno naturale - Sollux Lighting","isPartOf":{"@id":"https:\/\/sollux-lighting.com\/it\/#website"},"primaryImageOfPage":{"@id":"https:\/\/sollux-lighting.com\/it\/nasza-oferta\/lampada-a-sospensione\/lampada-a-sospensione-sula-1-in-legno-naturale\/#primaryimage"},"image":{"@id":"https:\/\/sollux-lighting.com\/it\/nasza-oferta\/lampada-a-sospensione\/lampada-a-sospensione-sula-1-in-legno-naturale\/#primaryimage"},"thumbnailUrl":"https:\/\/sollux-lighting.com\/wp-content\/uploads\/2023\/03\/1100-1-k.jpg","datePublished":"2023-03-17T11:06:28+00:00","dateModified":"2024-03-26T16:04:10+00:00","breadcrumb":{"@id":"https:\/\/sollux-lighting.com\/it\/nasza-oferta\/lampada-a-sospensione\/lampada-a-sospensione-sula-1-in-legno-naturale\/#breadcrumb"},"inLanguage":"it-IT","potentialAction":[{"@type":"ReadAction","target":["https:\/\/sollux-lighting.com\/it\/nasza-oferta\/lampada-a-sospensione\/lampada-a-sospensione-sula-1-in-legno-naturale\/"]}]},{"@type":"ImageObject","inLanguage":"it-IT","@id":"https:\/\/sollux-lighting.com\/it\/nasza-oferta\/lampada-a-sospensione\/lampada-a-sospensione-sula-1-in-legno-naturale\/#primaryimage","url":"https:\/\/sollux-lighting.com\/wp-content\/uploads\/2023\/03\/1100-1-k.jpg","contentUrl":"https:\/\/sollux-lighting.com\/wp-content\/uploads\/2023\/03\/1100-1-k.jpg","width":750,"height":750},{"@type":"BreadcrumbList","@id":"https:\/\/sollux-lighting.com\/it\/nasza-oferta\/lampada-a-sospensione\/lampada-a-sospensione-sula-1-in-legno-naturale\/#breadcrumb","itemListElement":[{"@type":"ListItem","position":1,"name":"Pagina principale","item":"https:\/\/sollux-lighting.com\/it\/"},{"@type":"ListItem","position":2,"name":"La nostra offerta","item":"https:\/\/sollux-lighting.com\/it\/la-nostra-offerta\/"},{"@type":"ListItem","position":3,"name":"Lampada a sospensione SULA 1 in legno naturale"}]},{"@type":"WebSite","@id":"https:\/\/sollux-lighting.com\/it\/#website","url":"https:\/\/sollux-lighting.com\/it\/","name":"Sollux Lighting","description":"Brighten up your business","publisher":{"@id":"https:\/\/sollux-lighting.com\/it\/#organization"},"potentialAction":[{"@type":"SearchAction","target":{"@type":"EntryPoint","urlTemplate":"https:\/\/sollux-lighting.com\/it\/?s={search_term_string}"},"query-input":{"@type":"PropertyValueSpecification","valueRequired":true,"valueName":"search_term_string"}}],"inLanguage":"it-IT"},{"@type":"Organization","@id":"https:\/\/sollux-lighting.com\/it\/#organization","name":"Sollux Lighting","url":"https:\/\/sollux-lighting.com\/it\/","logo":{"@type":"ImageObject","inLanguage":"it-IT","@id":"https:\/\/sollux-lighting.com\/it\/#\/schema\/logo\/image\/","url":"https:\/\/sollux-lighting.com\/wp-content\/uploads\/2023\/02\/LOGO.svg","contentUrl":"https:\/\/sollux-lighting.com\/wp-content\/uploads\/2023\/02\/LOGO.svg","width":160,"height":46,"caption":"Sollux Lighting "},"image":{"@id":"https:\/\/sollux-lighting.com\/it\/#\/schema\/logo\/image\/"}}]}},"_links":{"self":[{"href":"https:\/\/sollux-lighting.com\/it\/wp-json\/wp\/v2\/product\/72034","targetHints":{"allow":["GET"]}}],"collection":[{"href":"https:\/\/sollux-lighting.com\/it\/wp-json\/wp\/v2\/product"}],"about":[{"href":"https:\/\/sollux-lighting.com\/it\/wp-json\/wp\/v2\/types\/product"}],"wp:featuredmedia":[{"embeddable":true,"href":"https:\/\/sollux-lighting.com\/it\/wp-json\/wp\/v2\/media\/31826"}],"wp:attachment":[{"href":"https:\/\/sollux-lighting.com\/it\/wp-json\/wp\/v2\/media?parent=72034"}],"wp:term":[{"taxonomy":"product_brand","embeddable":true,"href":"https:\/\/sollux-lighting.com\/it\/wp-json\/wp\/v2\/product_brand?post=72034"},{"taxonomy":"product_cat","embeddable":true,"href":"https:\/\/sollux-lighting.com\/it\/wp-json\/wp\/v2\/product_cat?post=72034"},{"taxonomy":"product_tag","embeddable":true,"href":"https:\/\/sollux-lighting.com\/it\/wp-json\/wp\/v2\/product_tag?post=72034"}],"curies":[{"name":"wp","href":"https:\/\/api.w.org\/{rel}","templated":true}]}}