{"id":71803,"date":"2023-03-17T11:36:38","date_gmt":"2023-03-17T10:36:38","guid":{"rendered":"https:\/\/test.sollux-lighting.com\/nasza-oferta\/senza-categoria\/lampada-a-sospensione-in-ceramica-bukano\/"},"modified":"2024-03-26T16:30:09","modified_gmt":"2024-03-26T15:30:09","slug":"lampada-a-sospensione-in-ceramica-bukano","status":"publish","type":"product","link":"https:\/\/sollux-lighting.com\/it\/nasza-oferta\/lampada-a-sospensione\/lampada-a-sospensione-in-ceramica-bukano\/","title":{"rendered":"Lampada a sospensione in ceramica BUKANO"},"content":{"rendered":"<p>La lampada sospesa in ceramica della serie BUKANO \u00e8 una combinazione di semplicit\u00e0, eleganza e design unico. Grazie alla soluzione unica, che \u00e8 la maniglia nella parte superiore della lampada, sorprende tutti. Questa lampada \u00e8 ideale per il tavolo da pranzo, poich\u00e9 la sua lunghezza pu\u00f2 essere regolata ed \u00e8 perfettamente adatta alla posizione dei pasti quotidiani di tutta la famiglia. Inoltre, utilizzando la lampadina originale, la lampada della serie BUKANO sar\u00e0 una decorazione unica della stanza in cui sar\u00e0 appesa.<\/p>\n","protected":false},"excerpt":{"rendered":"<p>Bulbola lampadina: E27, 1x60W, LED 1x15W, 50-60Hz, ~ 220-230V, IP20, Classe di elettrodomestici I<br \/>\nLampadina non inclusa.<br \/>\nDimensioni: 25\/25\/126 cm<br \/>\nDimensione paralume: 25\/26 cm<br \/>\nMateriale: ceramica<br \/>\nColore bianco<\/p>\n","protected":false},"featured_media":53191,"template":"","meta":{"_acf_changed":false},"product_brand":[],"product_cat":[1909],"product_tag":[],"class_list":{"0":"post-71803","1":"product","2":"type-product","3":"status-publish","4":"has-post-thumbnail","6":"product_cat-lampada-a-sospensione","8":"first","9":"instock","10":"product-type-simple"},"acf":[],"yoast_head":"<!-- This site is optimized with the Yoast SEO plugin v25.4 - https:\/\/yoast.com\/wordpress\/plugins\/seo\/ -->\n<title>Lampada a sospensione in ceramica BUKANO - Sollux Lighting<\/title>\n<meta name=\"robots\" content=\"index, follow, max-snippet:-1, max-image-preview:large, max-video-preview:-1\" \/>\n<link rel=\"canonical\" href=\"https:\/\/sollux-lighting.com\/it\/nasza-oferta\/lampada-a-sospensione\/lampada-a-sospensione-in-ceramica-bukano\/\" \/>\n<meta property=\"og:locale\" content=\"it_IT\" \/>\n<meta property=\"og:type\" content=\"article\" \/>\n<meta property=\"og:title\" content=\"Lampada a sospensione in ceramica BUKANO - Sollux Lighting\" \/>\n<meta property=\"og:description\" content=\"Bulbola lampadina: E27, 1x60W, LED 1x15W, 50-60Hz, ~ 220-230V, IP20, Classe di elettrodomestici I Lampadina non inclusa. Dimensioni: 25\/25\/126 cm Dimensione paralume: 25\/26 cm Materiale: ceramica Colore bianco\" \/>\n<meta property=\"og:url\" content=\"https:\/\/sollux-lighting.com\/it\/nasza-oferta\/lampada-a-sospensione\/lampada-a-sospensione-in-ceramica-bukano\/\" \/>\n<meta property=\"og:site_name\" content=\"Sollux Lighting\" \/>\n<meta property=\"article:modified_time\" content=\"2024-03-26T15:30:09+00:00\" \/>\n<meta property=\"og:image\" content=\"https:\/\/sollux-lighting.com\/wp-content\/uploads\/2023\/03\/0842-1-k.jpg\" \/>\n\t<meta property=\"og:image:width\" content=\"750\" \/>\n\t<meta property=\"og:image:height\" content=\"750\" \/>\n\t<meta property=\"og:image:type\" content=\"image\/jpeg\" \/>\n<meta name=\"twitter:card\" content=\"summary_large_image\" \/>\n<script type=\"application\/ld+json\" class=\"yoast-schema-graph\">{\"@context\":\"https:\/\/schema.org\",\"@graph\":[{\"@type\":\"WebPage\",\"@id\":\"https:\/\/sollux-lighting.com\/it\/nasza-oferta\/lampada-a-sospensione\/lampada-a-sospensione-in-ceramica-bukano\/\",\"url\":\"https:\/\/sollux-lighting.com\/it\/nasza-oferta\/lampada-a-sospensione\/lampada-a-sospensione-in-ceramica-bukano\/\",\"name\":\"Lampada a sospensione in ceramica BUKANO - Sollux Lighting\",\"isPartOf\":{\"@id\":\"https:\/\/sollux-lighting.com\/it\/#website\"},\"primaryImageOfPage\":{\"@id\":\"https:\/\/sollux-lighting.com\/it\/nasza-oferta\/lampada-a-sospensione\/lampada-a-sospensione-in-ceramica-bukano\/#primaryimage\"},\"image\":{\"@id\":\"https:\/\/sollux-lighting.com\/it\/nasza-oferta\/lampada-a-sospensione\/lampada-a-sospensione-in-ceramica-bukano\/#primaryimage\"},\"thumbnailUrl\":\"https:\/\/sollux-lighting.com\/wp-content\/uploads\/2023\/03\/0842-1-k.jpg\",\"datePublished\":\"2023-03-17T10:36:38+00:00\",\"dateModified\":\"2024-03-26T15:30:09+00:00\",\"breadcrumb\":{\"@id\":\"https:\/\/sollux-lighting.com\/it\/nasza-oferta\/lampada-a-sospensione\/lampada-a-sospensione-in-ceramica-bukano\/#breadcrumb\"},\"inLanguage\":\"it-IT\",\"potentialAction\":[{\"@type\":\"ReadAction\",\"target\":[\"https:\/\/sollux-lighting.com\/it\/nasza-oferta\/lampada-a-sospensione\/lampada-a-sospensione-in-ceramica-bukano\/\"]}]},{\"@type\":\"ImageObject\",\"inLanguage\":\"it-IT\",\"@id\":\"https:\/\/sollux-lighting.com\/it\/nasza-oferta\/lampada-a-sospensione\/lampada-a-sospensione-in-ceramica-bukano\/#primaryimage\",\"url\":\"https:\/\/sollux-lighting.com\/wp-content\/uploads\/2023\/03\/0842-1-k.jpg\",\"contentUrl\":\"https:\/\/sollux-lighting.com\/wp-content\/uploads\/2023\/03\/0842-1-k.jpg\",\"width\":750,\"height\":750},{\"@type\":\"BreadcrumbList\",\"@id\":\"https:\/\/sollux-lighting.com\/it\/nasza-oferta\/lampada-a-sospensione\/lampada-a-sospensione-in-ceramica-bukano\/#breadcrumb\",\"itemListElement\":[{\"@type\":\"ListItem\",\"position\":1,\"name\":\"Pagina principale\",\"item\":\"https:\/\/sollux-lighting.com\/it\/\"},{\"@type\":\"ListItem\",\"position\":2,\"name\":\"La nostra offerta\",\"item\":\"https:\/\/sollux-lighting.com\/it\/la-nostra-offerta\/\"},{\"@type\":\"ListItem\",\"position\":3,\"name\":\"Lampada a sospensione in ceramica BUKANO\"}]},{\"@type\":\"WebSite\",\"@id\":\"https:\/\/sollux-lighting.com\/it\/#website\",\"url\":\"https:\/\/sollux-lighting.com\/it\/\",\"name\":\"Sollux Lighting\",\"description\":\"Brighten up your business\",\"publisher\":{\"@id\":\"https:\/\/sollux-lighting.com\/it\/#organization\"},\"potentialAction\":[{\"@type\":\"SearchAction\",\"target\":{\"@type\":\"EntryPoint\",\"urlTemplate\":\"https:\/\/sollux-lighting.com\/it\/?s={search_term_string}\"},\"query-input\":{\"@type\":\"PropertyValueSpecification\",\"valueRequired\":true,\"valueName\":\"search_term_string\"}}],\"inLanguage\":\"it-IT\"},{\"@type\":\"Organization\",\"@id\":\"https:\/\/sollux-lighting.com\/it\/#organization\",\"name\":\"Sollux Lighting\",\"url\":\"https:\/\/sollux-lighting.com\/it\/\",\"logo\":{\"@type\":\"ImageObject\",\"inLanguage\":\"it-IT\",\"@id\":\"https:\/\/sollux-lighting.com\/it\/#\/schema\/logo\/image\/\",\"url\":\"https:\/\/sollux-lighting.com\/wp-content\/uploads\/2023\/02\/LOGO.svg\",\"contentUrl\":\"https:\/\/sollux-lighting.com\/wp-content\/uploads\/2023\/02\/LOGO.svg\",\"width\":160,\"height\":46,\"caption\":\"Sollux Lighting \"},\"image\":{\"@id\":\"https:\/\/sollux-lighting.com\/it\/#\/schema\/logo\/image\/\"}}]}<\/script>\n<!-- \/ Yoast SEO plugin. -->","yoast_head_json":{"title":"Lampada a sospensione in ceramica BUKANO - Sollux Lighting","robots":{"index":"index","follow":"follow","max-snippet":"max-snippet:-1","max-image-preview":"max-image-preview:large","max-video-preview":"max-video-preview:-1"},"canonical":"https:\/\/sollux-lighting.com\/it\/nasza-oferta\/lampada-a-sospensione\/lampada-a-sospensione-in-ceramica-bukano\/","og_locale":"it_IT","og_type":"article","og_title":"Lampada a sospensione in ceramica BUKANO - Sollux Lighting","og_description":"Bulbola lampadina: E27, 1x60W, LED 1x15W, 50-60Hz, ~ 220-230V, IP20, Classe di elettrodomestici I Lampadina non inclusa. Dimensioni: 25\/25\/126 cm Dimensione paralume: 25\/26 cm Materiale: ceramica Colore bianco","og_url":"https:\/\/sollux-lighting.com\/it\/nasza-oferta\/lampada-a-sospensione\/lampada-a-sospensione-in-ceramica-bukano\/","og_site_name":"Sollux Lighting","article_modified_time":"2024-03-26T15:30:09+00:00","og_image":[{"width":750,"height":750,"url":"https:\/\/sollux-lighting.com\/wp-content\/uploads\/2023\/03\/0842-1-k.jpg","type":"image\/jpeg"}],"twitter_card":"summary_large_image","schema":{"@context":"https:\/\/schema.org","@graph":[{"@type":"WebPage","@id":"https:\/\/sollux-lighting.com\/it\/nasza-oferta\/lampada-a-sospensione\/lampada-a-sospensione-in-ceramica-bukano\/","url":"https:\/\/sollux-lighting.com\/it\/nasza-oferta\/lampada-a-sospensione\/lampada-a-sospensione-in-ceramica-bukano\/","name":"Lampada a sospensione in ceramica BUKANO - Sollux Lighting","isPartOf":{"@id":"https:\/\/sollux-lighting.com\/it\/#website"},"primaryImageOfPage":{"@id":"https:\/\/sollux-lighting.com\/it\/nasza-oferta\/lampada-a-sospensione\/lampada-a-sospensione-in-ceramica-bukano\/#primaryimage"},"image":{"@id":"https:\/\/sollux-lighting.com\/it\/nasza-oferta\/lampada-a-sospensione\/lampada-a-sospensione-in-ceramica-bukano\/#primaryimage"},"thumbnailUrl":"https:\/\/sollux-lighting.com\/wp-content\/uploads\/2023\/03\/0842-1-k.jpg","datePublished":"2023-03-17T10:36:38+00:00","dateModified":"2024-03-26T15:30:09+00:00","breadcrumb":{"@id":"https:\/\/sollux-lighting.com\/it\/nasza-oferta\/lampada-a-sospensione\/lampada-a-sospensione-in-ceramica-bukano\/#breadcrumb"},"inLanguage":"it-IT","potentialAction":[{"@type":"ReadAction","target":["https:\/\/sollux-lighting.com\/it\/nasza-oferta\/lampada-a-sospensione\/lampada-a-sospensione-in-ceramica-bukano\/"]}]},{"@type":"ImageObject","inLanguage":"it-IT","@id":"https:\/\/sollux-lighting.com\/it\/nasza-oferta\/lampada-a-sospensione\/lampada-a-sospensione-in-ceramica-bukano\/#primaryimage","url":"https:\/\/sollux-lighting.com\/wp-content\/uploads\/2023\/03\/0842-1-k.jpg","contentUrl":"https:\/\/sollux-lighting.com\/wp-content\/uploads\/2023\/03\/0842-1-k.jpg","width":750,"height":750},{"@type":"BreadcrumbList","@id":"https:\/\/sollux-lighting.com\/it\/nasza-oferta\/lampada-a-sospensione\/lampada-a-sospensione-in-ceramica-bukano\/#breadcrumb","itemListElement":[{"@type":"ListItem","position":1,"name":"Pagina principale","item":"https:\/\/sollux-lighting.com\/it\/"},{"@type":"ListItem","position":2,"name":"La nostra offerta","item":"https:\/\/sollux-lighting.com\/it\/la-nostra-offerta\/"},{"@type":"ListItem","position":3,"name":"Lampada a sospensione in ceramica BUKANO"}]},{"@type":"WebSite","@id":"https:\/\/sollux-lighting.com\/it\/#website","url":"https:\/\/sollux-lighting.com\/it\/","name":"Sollux Lighting","description":"Brighten up your business","publisher":{"@id":"https:\/\/sollux-lighting.com\/it\/#organization"},"potentialAction":[{"@type":"SearchAction","target":{"@type":"EntryPoint","urlTemplate":"https:\/\/sollux-lighting.com\/it\/?s={search_term_string}"},"query-input":{"@type":"PropertyValueSpecification","valueRequired":true,"valueName":"search_term_string"}}],"inLanguage":"it-IT"},{"@type":"Organization","@id":"https:\/\/sollux-lighting.com\/it\/#organization","name":"Sollux Lighting","url":"https:\/\/sollux-lighting.com\/it\/","logo":{"@type":"ImageObject","inLanguage":"it-IT","@id":"https:\/\/sollux-lighting.com\/it\/#\/schema\/logo\/image\/","url":"https:\/\/sollux-lighting.com\/wp-content\/uploads\/2023\/02\/LOGO.svg","contentUrl":"https:\/\/sollux-lighting.com\/wp-content\/uploads\/2023\/02\/LOGO.svg","width":160,"height":46,"caption":"Sollux Lighting "},"image":{"@id":"https:\/\/sollux-lighting.com\/it\/#\/schema\/logo\/image\/"}}]}},"_links":{"self":[{"href":"https:\/\/sollux-lighting.com\/it\/wp-json\/wp\/v2\/product\/71803","targetHints":{"allow":["GET"]}}],"collection":[{"href":"https:\/\/sollux-lighting.com\/it\/wp-json\/wp\/v2\/product"}],"about":[{"href":"https:\/\/sollux-lighting.com\/it\/wp-json\/wp\/v2\/types\/product"}],"wp:featuredmedia":[{"embeddable":true,"href":"https:\/\/sollux-lighting.com\/it\/wp-json\/wp\/v2\/media\/53191"}],"wp:attachment":[{"href":"https:\/\/sollux-lighting.com\/it\/wp-json\/wp\/v2\/media?parent=71803"}],"wp:term":[{"taxonomy":"product_brand","embeddable":true,"href":"https:\/\/sollux-lighting.com\/it\/wp-json\/wp\/v2\/product_brand?post=71803"},{"taxonomy":"product_cat","embeddable":true,"href":"https:\/\/sollux-lighting.com\/it\/wp-json\/wp\/v2\/product_cat?post=71803"},{"taxonomy":"product_tag","embeddable":true,"href":"https:\/\/sollux-lighting.com\/it\/wp-json\/wp\/v2\/product_tag?post=71803"}],"curies":[{"name":"wp","href":"https:\/\/api.w.org\/{rel}","templated":true}]}}