{"id":71800,"date":"2023-03-17T11:36:38","date_gmt":"2023-03-17T10:36:38","guid":{"rendered":"https:\/\/test.sollux-lighting.com\/nasza-oferta\/senza-categoria\/lampada-da-parete-in-ceramica-nesta\/"},"modified":"2024-03-26T16:29:54","modified_gmt":"2024-03-26T15:29:54","slug":"lampada-da-parete-in-ceramica-nesta","status":"publish","type":"product","link":"https:\/\/sollux-lighting.com\/it\/nasza-oferta\/senza-categoria\/lampada-da-parete-in-ceramica-nesta\/","title":{"rendered":"Lampada da parete in ceramica NESTA"},"content":{"rendered":"<p>Chi ha detto che il posto della ceramica \u00e8 sulla tavola? L&#8217;abbiamo trasformata in questa bellissima applique per portare pi\u00f9 luce nella tua casa. NESTA ti delizier\u00e0 con la sua forma delicata durante il giorno e metter\u00e0 in scena uno spettacolo di luci alla sera. La luce si diffonde da entrambi i lati, quindi sar\u00e0 perfetta come decorazione che illumina la parete. NESTA non \u00e8 la solita applique. Combina una forma senza tempo con un materiale ceramico naturale. Non solo aggiunger\u00e0 gusto al tuo interno, ma creer\u00e0 sicuramente un&#8217;atmosfera accogliente. Ti stai orientando pi\u00f9 verso il minimalismo moderno o la tendenza eco? NESTA sar\u00e0 un&#8217;ottima aggiunta a entrambi gli stili di design.<\/p>\n","protected":false},"excerpt":{"rendered":"<p>Bulbola lampadina: E27, 1x60W, LED 1x15W, 50-60Hz, ~ 220-230V, IP20, Classe di elettrodomestici I<br \/>\nLampadina non inclusa.<br \/>\nDimensioni: 14\/14\/14 cm<br \/>\nMateriale: ceramica, vetro<br \/>\nColore bianco<\/p>\n","protected":false},"featured_media":53119,"template":"","meta":{"_acf_changed":false},"product_brand":[],"product_cat":[],"product_tag":[],"class_list":{"0":"post-71800","1":"product","2":"type-product","3":"status-publish","4":"has-post-thumbnail","7":"first","8":"instock","9":"product-type-simple"},"acf":[],"yoast_head":"<!-- This site is optimized with the Yoast SEO plugin v25.4 - https:\/\/yoast.com\/wordpress\/plugins\/seo\/ -->\n<title>Lampada da parete in ceramica NESTA - Sollux Lighting<\/title>\n<meta name=\"robots\" content=\"index, follow, max-snippet:-1, max-image-preview:large, max-video-preview:-1\" \/>\n<link rel=\"canonical\" href=\"https:\/\/sollux-lighting.com\/it\/nasza-oferta\/senza-categoria\/lampada-da-parete-in-ceramica-nesta\/\" \/>\n<meta property=\"og:locale\" content=\"it_IT\" \/>\n<meta property=\"og:type\" content=\"article\" \/>\n<meta property=\"og:title\" content=\"Lampada da parete in ceramica NESTA - Sollux Lighting\" \/>\n<meta property=\"og:description\" content=\"Bulbola lampadina: E27, 1x60W, LED 1x15W, 50-60Hz, ~ 220-230V, IP20, Classe di elettrodomestici I Lampadina non inclusa. Dimensioni: 14\/14\/14 cm Materiale: ceramica, vetro Colore bianco\" \/>\n<meta property=\"og:url\" content=\"https:\/\/sollux-lighting.com\/it\/nasza-oferta\/senza-categoria\/lampada-da-parete-in-ceramica-nesta\/\" \/>\n<meta property=\"og:site_name\" content=\"Sollux Lighting\" \/>\n<meta property=\"article:modified_time\" content=\"2024-03-26T15:29:54+00:00\" \/>\n<meta property=\"og:image\" content=\"https:\/\/sollux-lighting.com\/wp-content\/uploads\/2023\/03\/0839-1-k.jpg\" \/>\n\t<meta property=\"og:image:width\" content=\"750\" \/>\n\t<meta property=\"og:image:height\" content=\"750\" \/>\n\t<meta property=\"og:image:type\" content=\"image\/jpeg\" \/>\n<meta name=\"twitter:card\" content=\"summary_large_image\" \/>\n<meta name=\"twitter:label1\" content=\"Tempo di lettura stimato\" \/>\n\t<meta name=\"twitter:data1\" content=\"1 minuto\" \/>\n<script type=\"application\/ld+json\" class=\"yoast-schema-graph\">{\"@context\":\"https:\/\/schema.org\",\"@graph\":[{\"@type\":\"WebPage\",\"@id\":\"https:\/\/sollux-lighting.com\/it\/nasza-oferta\/senza-categoria\/lampada-da-parete-in-ceramica-nesta\/\",\"url\":\"https:\/\/sollux-lighting.com\/it\/nasza-oferta\/senza-categoria\/lampada-da-parete-in-ceramica-nesta\/\",\"name\":\"Lampada da parete in ceramica NESTA - Sollux Lighting\",\"isPartOf\":{\"@id\":\"https:\/\/sollux-lighting.com\/it\/#website\"},\"primaryImageOfPage\":{\"@id\":\"https:\/\/sollux-lighting.com\/it\/nasza-oferta\/senza-categoria\/lampada-da-parete-in-ceramica-nesta\/#primaryimage\"},\"image\":{\"@id\":\"https:\/\/sollux-lighting.com\/it\/nasza-oferta\/senza-categoria\/lampada-da-parete-in-ceramica-nesta\/#primaryimage\"},\"thumbnailUrl\":\"https:\/\/sollux-lighting.com\/wp-content\/uploads\/2023\/03\/0839-1-k.jpg\",\"datePublished\":\"2023-03-17T10:36:38+00:00\",\"dateModified\":\"2024-03-26T15:29:54+00:00\",\"breadcrumb\":{\"@id\":\"https:\/\/sollux-lighting.com\/it\/nasza-oferta\/senza-categoria\/lampada-da-parete-in-ceramica-nesta\/#breadcrumb\"},\"inLanguage\":\"it-IT\",\"potentialAction\":[{\"@type\":\"ReadAction\",\"target\":[\"https:\/\/sollux-lighting.com\/it\/nasza-oferta\/senza-categoria\/lampada-da-parete-in-ceramica-nesta\/\"]}]},{\"@type\":\"ImageObject\",\"inLanguage\":\"it-IT\",\"@id\":\"https:\/\/sollux-lighting.com\/it\/nasza-oferta\/senza-categoria\/lampada-da-parete-in-ceramica-nesta\/#primaryimage\",\"url\":\"https:\/\/sollux-lighting.com\/wp-content\/uploads\/2023\/03\/0839-1-k.jpg\",\"contentUrl\":\"https:\/\/sollux-lighting.com\/wp-content\/uploads\/2023\/03\/0839-1-k.jpg\",\"width\":750,\"height\":750},{\"@type\":\"BreadcrumbList\",\"@id\":\"https:\/\/sollux-lighting.com\/it\/nasza-oferta\/senza-categoria\/lampada-da-parete-in-ceramica-nesta\/#breadcrumb\",\"itemListElement\":[{\"@type\":\"ListItem\",\"position\":1,\"name\":\"Pagina principale\",\"item\":\"https:\/\/sollux-lighting.com\/it\/\"},{\"@type\":\"ListItem\",\"position\":2,\"name\":\"La nostra offerta\",\"item\":\"https:\/\/sollux-lighting.com\/it\/la-nostra-offerta\/\"},{\"@type\":\"ListItem\",\"position\":3,\"name\":\"Lampada da parete in ceramica NESTA\"}]},{\"@type\":\"WebSite\",\"@id\":\"https:\/\/sollux-lighting.com\/it\/#website\",\"url\":\"https:\/\/sollux-lighting.com\/it\/\",\"name\":\"Sollux Lighting\",\"description\":\"Brighten up your business\",\"publisher\":{\"@id\":\"https:\/\/sollux-lighting.com\/it\/#organization\"},\"potentialAction\":[{\"@type\":\"SearchAction\",\"target\":{\"@type\":\"EntryPoint\",\"urlTemplate\":\"https:\/\/sollux-lighting.com\/it\/?s={search_term_string}\"},\"query-input\":{\"@type\":\"PropertyValueSpecification\",\"valueRequired\":true,\"valueName\":\"search_term_string\"}}],\"inLanguage\":\"it-IT\"},{\"@type\":\"Organization\",\"@id\":\"https:\/\/sollux-lighting.com\/it\/#organization\",\"name\":\"Sollux Lighting\",\"url\":\"https:\/\/sollux-lighting.com\/it\/\",\"logo\":{\"@type\":\"ImageObject\",\"inLanguage\":\"it-IT\",\"@id\":\"https:\/\/sollux-lighting.com\/it\/#\/schema\/logo\/image\/\",\"url\":\"https:\/\/sollux-lighting.com\/wp-content\/uploads\/2023\/02\/LOGO.svg\",\"contentUrl\":\"https:\/\/sollux-lighting.com\/wp-content\/uploads\/2023\/02\/LOGO.svg\",\"width\":160,\"height\":46,\"caption\":\"Sollux Lighting \"},\"image\":{\"@id\":\"https:\/\/sollux-lighting.com\/it\/#\/schema\/logo\/image\/\"}}]}<\/script>\n<!-- \/ Yoast SEO plugin. -->","yoast_head_json":{"title":"Lampada da parete in ceramica NESTA - Sollux Lighting","robots":{"index":"index","follow":"follow","max-snippet":"max-snippet:-1","max-image-preview":"max-image-preview:large","max-video-preview":"max-video-preview:-1"},"canonical":"https:\/\/sollux-lighting.com\/it\/nasza-oferta\/senza-categoria\/lampada-da-parete-in-ceramica-nesta\/","og_locale":"it_IT","og_type":"article","og_title":"Lampada da parete in ceramica NESTA - Sollux Lighting","og_description":"Bulbola lampadina: E27, 1x60W, LED 1x15W, 50-60Hz, ~ 220-230V, IP20, Classe di elettrodomestici I Lampadina non inclusa. Dimensioni: 14\/14\/14 cm Materiale: ceramica, vetro Colore bianco","og_url":"https:\/\/sollux-lighting.com\/it\/nasza-oferta\/senza-categoria\/lampada-da-parete-in-ceramica-nesta\/","og_site_name":"Sollux Lighting","article_modified_time":"2024-03-26T15:29:54+00:00","og_image":[{"width":750,"height":750,"url":"https:\/\/sollux-lighting.com\/wp-content\/uploads\/2023\/03\/0839-1-k.jpg","type":"image\/jpeg"}],"twitter_card":"summary_large_image","twitter_misc":{"Tempo di lettura stimato":"1 minuto"},"schema":{"@context":"https:\/\/schema.org","@graph":[{"@type":"WebPage","@id":"https:\/\/sollux-lighting.com\/it\/nasza-oferta\/senza-categoria\/lampada-da-parete-in-ceramica-nesta\/","url":"https:\/\/sollux-lighting.com\/it\/nasza-oferta\/senza-categoria\/lampada-da-parete-in-ceramica-nesta\/","name":"Lampada da parete in ceramica NESTA - Sollux Lighting","isPartOf":{"@id":"https:\/\/sollux-lighting.com\/it\/#website"},"primaryImageOfPage":{"@id":"https:\/\/sollux-lighting.com\/it\/nasza-oferta\/senza-categoria\/lampada-da-parete-in-ceramica-nesta\/#primaryimage"},"image":{"@id":"https:\/\/sollux-lighting.com\/it\/nasza-oferta\/senza-categoria\/lampada-da-parete-in-ceramica-nesta\/#primaryimage"},"thumbnailUrl":"https:\/\/sollux-lighting.com\/wp-content\/uploads\/2023\/03\/0839-1-k.jpg","datePublished":"2023-03-17T10:36:38+00:00","dateModified":"2024-03-26T15:29:54+00:00","breadcrumb":{"@id":"https:\/\/sollux-lighting.com\/it\/nasza-oferta\/senza-categoria\/lampada-da-parete-in-ceramica-nesta\/#breadcrumb"},"inLanguage":"it-IT","potentialAction":[{"@type":"ReadAction","target":["https:\/\/sollux-lighting.com\/it\/nasza-oferta\/senza-categoria\/lampada-da-parete-in-ceramica-nesta\/"]}]},{"@type":"ImageObject","inLanguage":"it-IT","@id":"https:\/\/sollux-lighting.com\/it\/nasza-oferta\/senza-categoria\/lampada-da-parete-in-ceramica-nesta\/#primaryimage","url":"https:\/\/sollux-lighting.com\/wp-content\/uploads\/2023\/03\/0839-1-k.jpg","contentUrl":"https:\/\/sollux-lighting.com\/wp-content\/uploads\/2023\/03\/0839-1-k.jpg","width":750,"height":750},{"@type":"BreadcrumbList","@id":"https:\/\/sollux-lighting.com\/it\/nasza-oferta\/senza-categoria\/lampada-da-parete-in-ceramica-nesta\/#breadcrumb","itemListElement":[{"@type":"ListItem","position":1,"name":"Pagina principale","item":"https:\/\/sollux-lighting.com\/it\/"},{"@type":"ListItem","position":2,"name":"La nostra offerta","item":"https:\/\/sollux-lighting.com\/it\/la-nostra-offerta\/"},{"@type":"ListItem","position":3,"name":"Lampada da parete in ceramica NESTA"}]},{"@type":"WebSite","@id":"https:\/\/sollux-lighting.com\/it\/#website","url":"https:\/\/sollux-lighting.com\/it\/","name":"Sollux Lighting","description":"Brighten up your business","publisher":{"@id":"https:\/\/sollux-lighting.com\/it\/#organization"},"potentialAction":[{"@type":"SearchAction","target":{"@type":"EntryPoint","urlTemplate":"https:\/\/sollux-lighting.com\/it\/?s={search_term_string}"},"query-input":{"@type":"PropertyValueSpecification","valueRequired":true,"valueName":"search_term_string"}}],"inLanguage":"it-IT"},{"@type":"Organization","@id":"https:\/\/sollux-lighting.com\/it\/#organization","name":"Sollux Lighting","url":"https:\/\/sollux-lighting.com\/it\/","logo":{"@type":"ImageObject","inLanguage":"it-IT","@id":"https:\/\/sollux-lighting.com\/it\/#\/schema\/logo\/image\/","url":"https:\/\/sollux-lighting.com\/wp-content\/uploads\/2023\/02\/LOGO.svg","contentUrl":"https:\/\/sollux-lighting.com\/wp-content\/uploads\/2023\/02\/LOGO.svg","width":160,"height":46,"caption":"Sollux Lighting "},"image":{"@id":"https:\/\/sollux-lighting.com\/it\/#\/schema\/logo\/image\/"}}]}},"_links":{"self":[{"href":"https:\/\/sollux-lighting.com\/it\/wp-json\/wp\/v2\/product\/71800","targetHints":{"allow":["GET"]}}],"collection":[{"href":"https:\/\/sollux-lighting.com\/it\/wp-json\/wp\/v2\/product"}],"about":[{"href":"https:\/\/sollux-lighting.com\/it\/wp-json\/wp\/v2\/types\/product"}],"wp:featuredmedia":[{"embeddable":true,"href":"https:\/\/sollux-lighting.com\/it\/wp-json\/wp\/v2\/media\/53119"}],"wp:attachment":[{"href":"https:\/\/sollux-lighting.com\/it\/wp-json\/wp\/v2\/media?parent=71800"}],"wp:term":[{"taxonomy":"product_brand","embeddable":true,"href":"https:\/\/sollux-lighting.com\/it\/wp-json\/wp\/v2\/product_brand?post=71800"},{"taxonomy":"product_cat","embeddable":true,"href":"https:\/\/sollux-lighting.com\/it\/wp-json\/wp\/v2\/product_cat?post=71800"},{"taxonomy":"product_tag","embeddable":true,"href":"https:\/\/sollux-lighting.com\/it\/wp-json\/wp\/v2\/product_tag?post=71800"}],"curies":[{"name":"wp","href":"https:\/\/api.w.org\/{rel}","templated":true}]}}