{"id":76799,"date":"2024-10-22T14:25:58","date_gmt":"2024-10-22T12:25:58","guid":{"rendered":"https:\/\/sollux-lighting.com\/?page_id=76799"},"modified":"2024-10-22T14:42:12","modified_gmt":"2024-10-22T12:42:12","slug":"informativa-sulla-privacy","status":"publish","type":"page","link":"https:\/\/sollux-lighting.com\/it\/informativa-sulla-privacy\/","title":{"rendered":"Informativa sulla privacy"},"content":{"rendered":"\t\t<div data-elementor-type=\"wp-page\" data-elementor-id=\"76799\" class=\"elementor elementor-76799 elementor-76795\" data-elementor-post-type=\"page\">\n\t\t\t\t<div class=\"elementor-element elementor-element-b23e725 e-flex e-con-boxed e-con e-parent\" data-id=\"b23e725\" data-element_type=\"container\" data-settings=\"{&quot;jet_parallax_layout_list&quot;:[]}\">\n\t\t\t\t\t<div class=\"e-con-inner\">\n\t\t\t\t<div class=\"elementor-element elementor-element-a697654 elementor-widget elementor-widget-spacer\" data-id=\"a697654\" data-element_type=\"widget\" data-widget_type=\"spacer.default\">\n\t\t\t\t<div class=\"elementor-widget-container\">\n\t\t\t\t\t\t\t<div class=\"elementor-spacer\">\n\t\t\t<div class=\"elementor-spacer-inner\"><\/div>\n\t\t<\/div>\n\t\t\t\t\t\t<\/div>\n\t\t\t\t<\/div>\n\t\t\t\t<div class=\"elementor-element elementor-element-801945f elementor-widget elementor-widget-heading\" data-id=\"801945f\" data-element_type=\"widget\" data-widget_type=\"heading.default\">\n\t\t\t\t<div class=\"elementor-widget-container\">\n\t\t\t\t\t<h2 class=\"elementor-heading-title elementor-size-default\"><b>Trattamento dei dati personali a fini di marketing sulla base del consenso<\/b><\/h2>\t\t\t\t<\/div>\n\t\t\t\t<\/div>\n\t\t\t\t<div class=\"elementor-element elementor-element-3c3f35a elementor-widget elementor-widget-text-editor\" data-id=\"3c3f35a\" data-element_type=\"widget\" data-widget_type=\"text-editor.default\">\n\t\t\t\t<div class=\"elementor-widget-container\">\n\t\t\t\t\t\t\t\t\t<p><b>1. responsabile del trattamento dei dati<\/b><\/p><p>Sollux Lighting Muzolf sp. j. con sede legale a Budzyn, ul. \u0141okietka 35 (64-840 Budzyn), iscritta al Registro Nazionale dei Tribunali con il numero KRS 0000591772, NIP 6070082443, \u00e8 l&#8217;amministratore dei dati personali trattati per finalit\u00e0 di marketing. Il responsabile del trattamento pu\u00f2 essere contattato: 1) all&#8217;indirizzo postale: ul. W\u0142adys\u0142awa \u0141okietka 35, 64-840 Budzyn; 2) all&#8217;indirizzo e-mail: rodo@sollux-lighting.pl.<\/p><p><b>2 Finalit\u00e0 e base giuridica del trattamento dei dati personali<\/b><\/p><p>Il titolare del trattamento tratta i dati personali forniti per finalit\u00e0 di marketing sulla base di un consenso separato e volontario (articolo 6, paragrafo 1, lettera a), del RODO).<\/p><p><b>3 Tempi di trattamento dei dati personali<\/b><\/p><p>Il titolare del trattamento tratter\u00e0 i dati personali per finalit\u00e0 di marketing fino alla revoca del consenso prestato o alla presentazione di un&#8217;obiezione. Tuttavia, al fine di garantire un elevato livello di attenzione ai diritti degli interessati, il titolare del trattamento chieder\u00e0 un aggiornamento del consenso dopo un periodo di circa 3 anni, a meno che l&#8217;interessato non ritiri il consenso o presenti un&#8217;obiezione entro tale periodo.<\/p><p><b>4 Destinatari dei dati personali<\/b><\/p><p>Il titolare del trattamento pu\u00f2 divulgare i dati personali solo a soggetti che collaborano con il titolare del trattamento sulla base di contratti scritti di affidamento del trattamento dei dati personali, al fine di svolgere i compiti e i servizi specificati nel contratto al titolare del trattamento, in particolare nel campo del marketing e delle pubbliche relazioni, della gestione della posta elettronica, dell&#8217;hosting, dei servizi informatici, amministrativi, legali o di consulenza. I dati potranno essere comunicati anche a operatori postali e corrieri.<\/p><p><b>5. diritti degli interessati<\/b><\/p><p><br \/>(1) Ogni interessato ha il diritto di: 1) accesso &#8211; di ottenere dal responsabile del trattamento la conferma che sia o meno in corso un trattamento di dati personali che lo riguardano. Se i dati di una persona sono trattati, ha il diritto di accedervi e di ottenere le seguenti informazioni: le finalit\u00e0 del trattamento, le categorie di dati personali, i destinatari o le categorie di destinatari a cui i dati sono stati o saranno comunicati, il periodo per il quale i dati sono stati o saranno conservati o i criteri per determinarli, il diritto dell&#8217;interessato di richiedere la rettifica, la cancellazione o la limitazione del trattamento dei dati personali e di opporsi a tale trattamento (articolo 15 RODO); <br \/>2) ottenere una copia dei dati &#8211; ottenere una copia dei dati trattati, con la prima copia gratuita e per le copie successive il responsabile del trattamento pu\u00f2 addebitare un costo ragionevole basato sui costi amministrativi (articolo 15, paragrafo 3, del RODO);<br \/>3) alla rettifica &#8211; per richiedere la rettifica dei dati personali che lo riguardano inesatti o il completamento di quelli incompleti (articolo 16 del RODO);<br \/>4) alla cancellazione &#8211; per richiedere la cancellazione dei propri dati personali qualora il titolare del trattamento non abbia pi\u00f9 una base giuridica per il trattamento o i dati non siano pi\u00f9 necessari ai fini del trattamento (articolo 17 del RODO);<br \/>5) limitare il trattamento &#8211; richiedere la limitazione del trattamento dei dati personali (articolo 18 RODO) quando:<br \/>(a) l&#8217;interessato contesta l&#8217;accuratezza dei dati personali, per un periodo che consenta al responsabile del trattamento di verificare l&#8217;accuratezza dei dati,<br \/>(b) il trattamento \u00e8 illegale e l&#8217;interessato si oppone alla cancellazione richiedendo una limitazione dell&#8217;uso,<br \/>(c) il responsabile del trattamento non ha pi\u00f9 bisogno dei dati, ma questi sono necessari all&#8217;interessato per stabilire, far valere o difendere un diritto,<br \/>(d) l&#8217;interessato si \u00e8 opposto al trattamento &#8211; fino a quando non viene stabilito se i motivi legittimi del responsabile del trattamento prevalgono sui motivi dell&#8217;obiezione dell&#8217;interessato;<br \/>6) alla portabilit\u00e0 dei dati &#8211; ricevere in un formato strutturato, di uso comune e leggibile da dispositivo automatico i dati personali che lo riguardano forniti al titolare del trattamento e chiedere che tali dati siano trasmessi a un altro titolare del trattamento qualora i dati siano trattati sulla base del consenso dell&#8217;interessato o di un contratto con lo stesso e qualora i dati siano trattati con mezzi automatizzati (articolo 20 RODO);<br \/>7) opporsi &#8211; opporsi al trattamento dei propri dati personali per le finalit\u00e0 legittime del titolare del trattamento, per motivi legati alla propria situazione particolare.<br \/>Il responsabile del trattamento valuter\u00e0 quindi l&#8217;esistenza di validi motivi legittimi per il trattamento che prevalgano sugli interessi, i diritti e le libert\u00e0 dell&#8217;interessato, o motivi per stabilire, far valere o difendere dei diritti; 8) revocare il consenso in qualsiasi momento e senza indicarne il motivo, ma il trattamento dei dati personali effettuato prima della revoca del consenso continuer\u00e0 ad essere lecito.<br \/>La revoca del consenso comporter\u00e0 la cessazione del trattamento dei dati personali da parte del titolare del trattamento per le finalit\u00e0 per le quali \u00e8 stato prestato il consenso. 2. Per esercitare i suddetti diritti, l&#8217;interessato dovr\u00e0 contattare il titolare del trattamento utilizzando i dati di contatto forniti e informarlo di quale diritto e in quale misura desidera esercitarlo.<\/p><p><b>6. il presidente dell&#8217;Ufficio per la protezione dei dati personali<\/b><\/p><p>L&#8217;interessato ha il diritto di presentare un reclamo all&#8217;autorit\u00e0 di controllo, che in Polonia \u00e8 il Presidente dell&#8217;Ufficio per la Protezione dei Dati Personali con sede a Varsavia, 2 Stawki St. che pu\u00f2 essere contattato come segue: 1) per lettera: 2 Stawki St., 00-193 Varsavia; 2) in forma elettronica: attraverso la sotto-box elettronica disponibile all&#8217;indirizzo https:\/\/www.uodo.gov.pl\/pl\/p\/kontakt;<\/p><p><b>(7) Gli atti di cui alla clausola<\/b><\/p><p>RODO &#8211; Regolamento (UE) 2016\/679 del Parlamento europeo e del Consiglio, del 27 aprile 2016, relativo alla protezione delle persone fisiche con riguardo al trattamento dei dati personali, nonch\u00e9 alla libera circolazione di tali dati e che abroga la direttiva 95\/46\/CE (Gazzetta ufficiale dell&#8217;UE L 2016 n. 119, pag. 1).<\/p>\t\t\t\t\t\t\t\t<\/div>\n\t\t\t\t<\/div>\n\t\t\t\t<div class=\"elementor-element elementor-element-5d64ac0 elementor-widget elementor-widget-spacer\" data-id=\"5d64ac0\" data-element_type=\"widget\" data-widget_type=\"spacer.default\">\n\t\t\t\t<div class=\"elementor-widget-container\">\n\t\t\t\t\t\t\t<div class=\"elementor-spacer\">\n\t\t\t<div class=\"elementor-spacer-inner\"><\/div>\n\t\t<\/div>\n\t\t\t\t\t\t<\/div>\n\t\t\t\t<\/div>\n\t\t\t\t\t<\/div>\n\t\t\t\t<\/div>\n\t\t\t\t<\/div>\n\t\t","protected":false},"excerpt":{"rendered":"<p>Trattamento dei dati personali a fini di marketing sulla base del consenso 1. responsabile del trattamento dei dati Sollux Lighting Muzolf sp. j. con sede legale a Budzyn, ul. \u0141okietka 35 (64-840 Budzyn), iscritta al Registro Nazionale dei Tribunali con il numero KRS 0000591772, NIP 6070082443, \u00e8 l&#8217;amministratore dei dati personali trattati per finalit\u00e0 di [&hellip;]<\/p>\n","protected":false},"author":2,"featured_media":0,"parent":0,"menu_order":0,"comment_status":"closed","ping_status":"closed","template":"elementor_header_footer","meta":{"_acf_changed":false,"footnotes":""},"class_list":["post-76799","page","type-page","status-publish","hentry"],"acf":[],"yoast_head":"<!-- This site is optimized with the Yoast SEO plugin v25.4 - https:\/\/yoast.com\/wordpress\/plugins\/seo\/ -->\n<title>Informativa sulla privacy - Sollux Lighting<\/title>\n<meta name=\"robots\" content=\"index, follow, max-snippet:-1, max-image-preview:large, max-video-preview:-1\" \/>\n<link rel=\"canonical\" href=\"https:\/\/sollux-lighting.com\/it\/informativa-sulla-privacy\/\" \/>\n<meta property=\"og:locale\" content=\"it_IT\" \/>\n<meta property=\"og:type\" content=\"article\" \/>\n<meta property=\"og:title\" content=\"Informativa sulla privacy - Sollux Lighting\" \/>\n<meta property=\"og:description\" content=\"Trattamento dei dati personali a fini di marketing sulla base del consenso 1. responsabile del trattamento dei dati Sollux Lighting Muzolf sp. j. con sede legale a Budzyn, ul. \u0141okietka 35 (64-840 Budzyn), iscritta al Registro Nazionale dei Tribunali con il numero KRS 0000591772, NIP 6070082443, \u00e8 l&#8217;amministratore dei dati personali trattati per finalit\u00e0 di [&hellip;]\" \/>\n<meta property=\"og:url\" content=\"https:\/\/sollux-lighting.com\/it\/informativa-sulla-privacy\/\" \/>\n<meta property=\"og:site_name\" content=\"Sollux Lighting\" \/>\n<meta property=\"article:modified_time\" content=\"2024-10-22T12:42:12+00:00\" \/>\n<meta name=\"twitter:card\" content=\"summary_large_image\" \/>\n<meta name=\"twitter:label1\" content=\"Tempo di lettura stimato\" \/>\n\t<meta name=\"twitter:data1\" content=\"6 minuti\" \/>\n<script type=\"application\/ld+json\" class=\"yoast-schema-graph\">{\"@context\":\"https:\/\/schema.org\",\"@graph\":[{\"@type\":\"WebPage\",\"@id\":\"https:\/\/sollux-lighting.com\/it\/informativa-sulla-privacy\/\",\"url\":\"https:\/\/sollux-lighting.com\/it\/informativa-sulla-privacy\/\",\"name\":\"Informativa sulla privacy - Sollux Lighting\",\"isPartOf\":{\"@id\":\"https:\/\/sollux-lighting.com\/it\/#website\"},\"datePublished\":\"2024-10-22T12:25:58+00:00\",\"dateModified\":\"2024-10-22T12:42:12+00:00\",\"breadcrumb\":{\"@id\":\"https:\/\/sollux-lighting.com\/it\/informativa-sulla-privacy\/#breadcrumb\"},\"inLanguage\":\"it-IT\",\"potentialAction\":[{\"@type\":\"ReadAction\",\"target\":[\"https:\/\/sollux-lighting.com\/it\/informativa-sulla-privacy\/\"]}]},{\"@type\":\"BreadcrumbList\",\"@id\":\"https:\/\/sollux-lighting.com\/it\/informativa-sulla-privacy\/#breadcrumb\",\"itemListElement\":[{\"@type\":\"ListItem\",\"position\":1,\"name\":\"Pagina principale\",\"item\":\"https:\/\/sollux-lighting.com\/it\/\"},{\"@type\":\"ListItem\",\"position\":2,\"name\":\"Informativa sulla privacy\"}]},{\"@type\":\"WebSite\",\"@id\":\"https:\/\/sollux-lighting.com\/it\/#website\",\"url\":\"https:\/\/sollux-lighting.com\/it\/\",\"name\":\"Sollux Lighting\",\"description\":\"Brighten up your business\",\"publisher\":{\"@id\":\"https:\/\/sollux-lighting.com\/it\/#organization\"},\"potentialAction\":[{\"@type\":\"SearchAction\",\"target\":{\"@type\":\"EntryPoint\",\"urlTemplate\":\"https:\/\/sollux-lighting.com\/it\/?s={search_term_string}\"},\"query-input\":{\"@type\":\"PropertyValueSpecification\",\"valueRequired\":true,\"valueName\":\"search_term_string\"}}],\"inLanguage\":\"it-IT\"},{\"@type\":\"Organization\",\"@id\":\"https:\/\/sollux-lighting.com\/it\/#organization\",\"name\":\"Sollux Lighting\",\"url\":\"https:\/\/sollux-lighting.com\/it\/\",\"logo\":{\"@type\":\"ImageObject\",\"inLanguage\":\"it-IT\",\"@id\":\"https:\/\/sollux-lighting.com\/it\/#\/schema\/logo\/image\/\",\"url\":\"https:\/\/sollux-lighting.com\/wp-content\/uploads\/2023\/02\/LOGO.svg\",\"contentUrl\":\"https:\/\/sollux-lighting.com\/wp-content\/uploads\/2023\/02\/LOGO.svg\",\"width\":160,\"height\":46,\"caption\":\"Sollux Lighting \"},\"image\":{\"@id\":\"https:\/\/sollux-lighting.com\/it\/#\/schema\/logo\/image\/\"}}]}<\/script>\n<!-- \/ Yoast SEO plugin. -->","yoast_head_json":{"title":"Informativa sulla privacy - Sollux Lighting","robots":{"index":"index","follow":"follow","max-snippet":"max-snippet:-1","max-image-preview":"max-image-preview:large","max-video-preview":"max-video-preview:-1"},"canonical":"https:\/\/sollux-lighting.com\/it\/informativa-sulla-privacy\/","og_locale":"it_IT","og_type":"article","og_title":"Informativa sulla privacy - Sollux Lighting","og_description":"Trattamento dei dati personali a fini di marketing sulla base del consenso 1. responsabile del trattamento dei dati Sollux Lighting Muzolf sp. j. con sede legale a Budzyn, ul. \u0141okietka 35 (64-840 Budzyn), iscritta al Registro Nazionale dei Tribunali con il numero KRS 0000591772, NIP 6070082443, \u00e8 l&#8217;amministratore dei dati personali trattati per finalit\u00e0 di [&hellip;]","og_url":"https:\/\/sollux-lighting.com\/it\/informativa-sulla-privacy\/","og_site_name":"Sollux Lighting","article_modified_time":"2024-10-22T12:42:12+00:00","twitter_card":"summary_large_image","twitter_misc":{"Tempo di lettura stimato":"6 minuti"},"schema":{"@context":"https:\/\/schema.org","@graph":[{"@type":"WebPage","@id":"https:\/\/sollux-lighting.com\/it\/informativa-sulla-privacy\/","url":"https:\/\/sollux-lighting.com\/it\/informativa-sulla-privacy\/","name":"Informativa sulla privacy - Sollux Lighting","isPartOf":{"@id":"https:\/\/sollux-lighting.com\/it\/#website"},"datePublished":"2024-10-22T12:25:58+00:00","dateModified":"2024-10-22T12:42:12+00:00","breadcrumb":{"@id":"https:\/\/sollux-lighting.com\/it\/informativa-sulla-privacy\/#breadcrumb"},"inLanguage":"it-IT","potentialAction":[{"@type":"ReadAction","target":["https:\/\/sollux-lighting.com\/it\/informativa-sulla-privacy\/"]}]},{"@type":"BreadcrumbList","@id":"https:\/\/sollux-lighting.com\/it\/informativa-sulla-privacy\/#breadcrumb","itemListElement":[{"@type":"ListItem","position":1,"name":"Pagina principale","item":"https:\/\/sollux-lighting.com\/it\/"},{"@type":"ListItem","position":2,"name":"Informativa sulla privacy"}]},{"@type":"WebSite","@id":"https:\/\/sollux-lighting.com\/it\/#website","url":"https:\/\/sollux-lighting.com\/it\/","name":"Sollux Lighting","description":"Brighten up your business","publisher":{"@id":"https:\/\/sollux-lighting.com\/it\/#organization"},"potentialAction":[{"@type":"SearchAction","target":{"@type":"EntryPoint","urlTemplate":"https:\/\/sollux-lighting.com\/it\/?s={search_term_string}"},"query-input":{"@type":"PropertyValueSpecification","valueRequired":true,"valueName":"search_term_string"}}],"inLanguage":"it-IT"},{"@type":"Organization","@id":"https:\/\/sollux-lighting.com\/it\/#organization","name":"Sollux Lighting","url":"https:\/\/sollux-lighting.com\/it\/","logo":{"@type":"ImageObject","inLanguage":"it-IT","@id":"https:\/\/sollux-lighting.com\/it\/#\/schema\/logo\/image\/","url":"https:\/\/sollux-lighting.com\/wp-content\/uploads\/2023\/02\/LOGO.svg","contentUrl":"https:\/\/sollux-lighting.com\/wp-content\/uploads\/2023\/02\/LOGO.svg","width":160,"height":46,"caption":"Sollux Lighting "},"image":{"@id":"https:\/\/sollux-lighting.com\/it\/#\/schema\/logo\/image\/"}}]}},"_links":{"self":[{"href":"https:\/\/sollux-lighting.com\/it\/wp-json\/wp\/v2\/pages\/76799","targetHints":{"allow":["GET"]}}],"collection":[{"href":"https:\/\/sollux-lighting.com\/it\/wp-json\/wp\/v2\/pages"}],"about":[{"href":"https:\/\/sollux-lighting.com\/it\/wp-json\/wp\/v2\/types\/page"}],"author":[{"embeddable":true,"href":"https:\/\/sollux-lighting.com\/it\/wp-json\/wp\/v2\/users\/2"}],"replies":[{"embeddable":true,"href":"https:\/\/sollux-lighting.com\/it\/wp-json\/wp\/v2\/comments?post=76799"}],"version-history":[{"count":5,"href":"https:\/\/sollux-lighting.com\/it\/wp-json\/wp\/v2\/pages\/76799\/revisions"}],"predecessor-version":[{"id":76838,"href":"https:\/\/sollux-lighting.com\/it\/wp-json\/wp\/v2\/pages\/76799\/revisions\/76838"}],"wp:attachment":[{"href":"https:\/\/sollux-lighting.com\/it\/wp-json\/wp\/v2\/media?parent=76799"}],"curies":[{"name":"wp","href":"https:\/\/api.w.org\/{rel}","templated":true}]}}