{"id":73569,"date":"2024-03-26T19:33:30","date_gmt":"2024-03-26T18:33:30","guid":{"rendered":"https:\/\/test.sollux-lighting.com\/nasza-oferta\/non%20class\u00e9\/lampe-suspendue-galakse-148-noir-led-2700-6500k\/"},"modified":"2024-03-26T19:33:47","modified_gmt":"2024-03-26T18:33:47","slug":"lampe-suspendue-galakse-148-noir-led-2700-6500k","status":"publish","type":"product","link":"https:\/\/sollux-lighting.com\/fr\/nasza-oferta\/non class\u00e9\/lampe-suspendue-galakse-148-noir-led-2700-6500k\/","title":{"rendered":"Lampe suspendue GALAKSE 148 noir LED 2700-6500K"},"content":{"rendered":"<p>GALAKSE est la lumi\u00e8re du futur pour les int\u00e9rieurs contemporains. Dans cette s\u00e9rie, vous trouverez un applique murale et deux suspensions qui apporteront de la vari\u00e9t\u00e9 \u00e0 chaque espace, lui donnant un caract\u00e8re unique. Le design GALAKSE est l&rsquo;essence m\u00eame du style loft, minimaliste et moderne. Le module LED fantaisie enroul\u00e9 ajoute du caract\u00e8re \u00e0 la lampe, tandis que l&rsquo;acier noir souligne son aspect industriel. L&rsquo;\u00e9clairage GALAKSE est synonyme de puissance et de durabilit\u00e9, sans pour autant renoncer \u00e0 la finesse raffin\u00e9e. Le module LED utilis\u00e9 dans les lampes a un indice de rendu des couleurs \u00e9lev\u00e9, ce qui permet aux couleurs de votre int\u00e9rieur de para\u00eetre naturelles, ajoutant ainsi de la profondeur et de la nettet\u00e9. L&rsquo;absence de scintillement signifie que vos yeux seront moins fatigu\u00e9s et vous \u00e9viterez les maux de t\u00eate ind\u00e9sirables. Ajoutez \u00e0 cela une haute efficacit\u00e9 \u00e9nerg\u00e9tique du module et la possibilit\u00e9 de r\u00e9gler la couleur de la lumi\u00e8re, et les lampes GALAKSE deviennent l&rsquo;\u00e9clairage id\u00e9al.<\/p>\n","protected":false},"excerpt":{"rendered":"<p>Source de lumi\u00e8re : LED, 20W, 1100lm, 2700-6500K, CRI90, 50Hz, ~230V, IP20, classe de protection I<br \/>\nLa source de lumi\u00e8re est incluse.<br \/>\nDimensions : 148\/58\/160 cm<br \/>\nMat\u00e9riau : aluminium<br \/>\nCouleur : noir<\/p>\n","protected":false},"featured_media":0,"template":"","meta":{"_acf_changed":false},"product_brand":[],"product_cat":[],"product_tag":[],"class_list":{"0":"post-73569","1":"product","2":"type-product","3":"status-publish","6":"first","7":"instock","8":"product-type-simple"},"acf":[],"yoast_head":"<!-- This site is optimized with the Yoast SEO plugin v25.4 - https:\/\/yoast.com\/wordpress\/plugins\/seo\/ -->\n<title>Lampe suspendue GALAKSE 148 noir LED 2700-6500K - Sollux Lighting<\/title>\n<meta name=\"robots\" content=\"index, follow, max-snippet:-1, max-image-preview:large, max-video-preview:-1\" \/>\n<link rel=\"canonical\" href=\"https:\/\/sollux-lighting.com\/fr\/nasza-oferta\/non%20class\u00e9\/lampe-suspendue-galakse-148-noir-led-2700-6500k\/\" \/>\n<meta property=\"og:locale\" content=\"fr_FR\" \/>\n<meta property=\"og:type\" content=\"article\" \/>\n<meta property=\"og:title\" content=\"Lampe suspendue GALAKSE 148 noir LED 2700-6500K - Sollux Lighting\" \/>\n<meta property=\"og:description\" content=\"Source de lumi\u00e8re : LED, 20W, 1100lm, 2700-6500K, CRI90, 50Hz, ~230V, IP20, classe de protection I La source de lumi\u00e8re est incluse. Dimensions : 148\/58\/160 cm Mat\u00e9riau : aluminium Couleur : noir\" \/>\n<meta property=\"og:url\" content=\"https:\/\/sollux-lighting.com\/fr\/nasza-oferta\/non class\u00e9\/lampe-suspendue-galakse-148-noir-led-2700-6500k\/\" \/>\n<meta property=\"og:site_name\" content=\"Sollux Lighting\" \/>\n<meta property=\"article:modified_time\" content=\"2024-03-26T18:33:47+00:00\" \/>\n<meta name=\"twitter:card\" content=\"summary_large_image\" \/>\n<meta name=\"twitter:label1\" content=\"Dur\u00e9e de lecture estim\u00e9e\" \/>\n\t<meta name=\"twitter:data1\" content=\"1 minute\" \/>\n<script type=\"application\/ld+json\" class=\"yoast-schema-graph\">{\"@context\":\"https:\/\/schema.org\",\"@graph\":[{\"@type\":\"WebPage\",\"@id\":\"https:\/\/sollux-lighting.com\/fr\/nasza-oferta\/non class\u00e9\/lampe-suspendue-galakse-148-noir-led-2700-6500k\/\",\"url\":\"https:\/\/sollux-lighting.com\/fr\/nasza-oferta\/non class\u00e9\/lampe-suspendue-galakse-148-noir-led-2700-6500k\/\",\"name\":\"Lampe suspendue GALAKSE 148 noir LED 2700-6500K - Sollux Lighting\",\"isPartOf\":{\"@id\":\"https:\/\/sollux-lighting.com\/fr\/#website\"},\"datePublished\":\"2024-03-26T18:33:30+00:00\",\"dateModified\":\"2024-03-26T18:33:47+00:00\",\"breadcrumb\":{\"@id\":\"https:\/\/sollux-lighting.com\/fr\/nasza-oferta\/non class\u00e9\/lampe-suspendue-galakse-148-noir-led-2700-6500k\/#breadcrumb\"},\"inLanguage\":\"fr-FR\",\"potentialAction\":[{\"@type\":\"ReadAction\",\"target\":[\"https:\/\/sollux-lighting.com\/fr\/nasza-oferta\/non class\u00e9\/lampe-suspendue-galakse-148-noir-led-2700-6500k\/\"]}]},{\"@type\":\"BreadcrumbList\",\"@id\":\"https:\/\/sollux-lighting.com\/fr\/nasza-oferta\/non class\u00e9\/lampe-suspendue-galakse-148-noir-led-2700-6500k\/#breadcrumb\",\"itemListElement\":[{\"@type\":\"ListItem\",\"position\":1,\"name\":\"Page d'accueil\",\"item\":\"https:\/\/sollux-lighting.com\/fr\/\"},{\"@type\":\"ListItem\",\"position\":2,\"name\":\"Notre offre\",\"item\":\"https:\/\/sollux-lighting.com\/fr\/notre-offre\/\"},{\"@type\":\"ListItem\",\"position\":3,\"name\":\"Lampe suspendue GALAKSE 148 noir LED 2700-6500K\"}]},{\"@type\":\"WebSite\",\"@id\":\"https:\/\/sollux-lighting.com\/fr\/#website\",\"url\":\"https:\/\/sollux-lighting.com\/fr\/\",\"name\":\"Sollux Lighting\",\"description\":\"Brighten up your business\",\"publisher\":{\"@id\":\"https:\/\/sollux-lighting.com\/fr\/#organization\"},\"potentialAction\":[{\"@type\":\"SearchAction\",\"target\":{\"@type\":\"EntryPoint\",\"urlTemplate\":\"https:\/\/sollux-lighting.com\/fr\/?s={search_term_string}\"},\"query-input\":{\"@type\":\"PropertyValueSpecification\",\"valueRequired\":true,\"valueName\":\"search_term_string\"}}],\"inLanguage\":\"fr-FR\"},{\"@type\":\"Organization\",\"@id\":\"https:\/\/sollux-lighting.com\/fr\/#organization\",\"name\":\"Sollux Lighting\",\"url\":\"https:\/\/sollux-lighting.com\/fr\/\",\"logo\":{\"@type\":\"ImageObject\",\"inLanguage\":\"fr-FR\",\"@id\":\"https:\/\/sollux-lighting.com\/fr\/#\/schema\/logo\/image\/\",\"url\":\"https:\/\/sollux-lighting.com\/wp-content\/uploads\/2023\/02\/LOGO.svg\",\"contentUrl\":\"https:\/\/sollux-lighting.com\/wp-content\/uploads\/2023\/02\/LOGO.svg\",\"width\":160,\"height\":46,\"caption\":\"Sollux Lighting \"},\"image\":{\"@id\":\"https:\/\/sollux-lighting.com\/fr\/#\/schema\/logo\/image\/\"}}]}<\/script>\n<!-- \/ Yoast SEO plugin. -->","yoast_head_json":{"title":"Lampe suspendue GALAKSE 148 noir LED 2700-6500K - Sollux Lighting","robots":{"index":"index","follow":"follow","max-snippet":"max-snippet:-1","max-image-preview":"max-image-preview:large","max-video-preview":"max-video-preview:-1"},"canonical":"https:\/\/sollux-lighting.com\/fr\/nasza-oferta\/non class\u00e9\/lampe-suspendue-galakse-148-noir-led-2700-6500k\/","og_locale":"fr_FR","og_type":"article","og_title":"Lampe suspendue GALAKSE 148 noir LED 2700-6500K - Sollux Lighting","og_description":"Source de lumi\u00e8re : LED, 20W, 1100lm, 2700-6500K, CRI90, 50Hz, ~230V, IP20, classe de protection I La source de lumi\u00e8re est incluse. Dimensions : 148\/58\/160 cm Mat\u00e9riau : aluminium Couleur : noir","og_url":"https:\/\/sollux-lighting.com\/fr\/nasza-oferta\/non class\u00e9\/lampe-suspendue-galakse-148-noir-led-2700-6500k\/","og_site_name":"Sollux Lighting","article_modified_time":"2024-03-26T18:33:47+00:00","twitter_card":"summary_large_image","twitter_misc":{"Dur\u00e9e de lecture estim\u00e9e":"1 minute"},"schema":{"@context":"https:\/\/schema.org","@graph":[{"@type":"WebPage","@id":"https:\/\/sollux-lighting.com\/fr\/nasza-oferta\/non class\u00e9\/lampe-suspendue-galakse-148-noir-led-2700-6500k\/","url":"https:\/\/sollux-lighting.com\/fr\/nasza-oferta\/non class\u00e9\/lampe-suspendue-galakse-148-noir-led-2700-6500k\/","name":"Lampe suspendue GALAKSE 148 noir LED 2700-6500K - Sollux Lighting","isPartOf":{"@id":"https:\/\/sollux-lighting.com\/fr\/#website"},"datePublished":"2024-03-26T18:33:30+00:00","dateModified":"2024-03-26T18:33:47+00:00","breadcrumb":{"@id":"https:\/\/sollux-lighting.com\/fr\/nasza-oferta\/non class\u00e9\/lampe-suspendue-galakse-148-noir-led-2700-6500k\/#breadcrumb"},"inLanguage":"fr-FR","potentialAction":[{"@type":"ReadAction","target":["https:\/\/sollux-lighting.com\/fr\/nasza-oferta\/non class\u00e9\/lampe-suspendue-galakse-148-noir-led-2700-6500k\/"]}]},{"@type":"BreadcrumbList","@id":"https:\/\/sollux-lighting.com\/fr\/nasza-oferta\/non class\u00e9\/lampe-suspendue-galakse-148-noir-led-2700-6500k\/#breadcrumb","itemListElement":[{"@type":"ListItem","position":1,"name":"Page d'accueil","item":"https:\/\/sollux-lighting.com\/fr\/"},{"@type":"ListItem","position":2,"name":"Notre offre","item":"https:\/\/sollux-lighting.com\/fr\/notre-offre\/"},{"@type":"ListItem","position":3,"name":"Lampe suspendue GALAKSE 148 noir LED 2700-6500K"}]},{"@type":"WebSite","@id":"https:\/\/sollux-lighting.com\/fr\/#website","url":"https:\/\/sollux-lighting.com\/fr\/","name":"Sollux Lighting","description":"Brighten up your business","publisher":{"@id":"https:\/\/sollux-lighting.com\/fr\/#organization"},"potentialAction":[{"@type":"SearchAction","target":{"@type":"EntryPoint","urlTemplate":"https:\/\/sollux-lighting.com\/fr\/?s={search_term_string}"},"query-input":{"@type":"PropertyValueSpecification","valueRequired":true,"valueName":"search_term_string"}}],"inLanguage":"fr-FR"},{"@type":"Organization","@id":"https:\/\/sollux-lighting.com\/fr\/#organization","name":"Sollux Lighting","url":"https:\/\/sollux-lighting.com\/fr\/","logo":{"@type":"ImageObject","inLanguage":"fr-FR","@id":"https:\/\/sollux-lighting.com\/fr\/#\/schema\/logo\/image\/","url":"https:\/\/sollux-lighting.com\/wp-content\/uploads\/2023\/02\/LOGO.svg","contentUrl":"https:\/\/sollux-lighting.com\/wp-content\/uploads\/2023\/02\/LOGO.svg","width":160,"height":46,"caption":"Sollux Lighting "},"image":{"@id":"https:\/\/sollux-lighting.com\/fr\/#\/schema\/logo\/image\/"}}]}},"_links":{"self":[{"href":"https:\/\/sollux-lighting.com\/fr\/wp-json\/wp\/v2\/product\/73569","targetHints":{"allow":["GET"]}}],"collection":[{"href":"https:\/\/sollux-lighting.com\/fr\/wp-json\/wp\/v2\/product"}],"about":[{"href":"https:\/\/sollux-lighting.com\/fr\/wp-json\/wp\/v2\/types\/product"}],"wp:attachment":[{"href":"https:\/\/sollux-lighting.com\/fr\/wp-json\/wp\/v2\/media?parent=73569"}],"wp:term":[{"taxonomy":"product_brand","embeddable":true,"href":"https:\/\/sollux-lighting.com\/fr\/wp-json\/wp\/v2\/product_brand?post=73569"},{"taxonomy":"product_cat","embeddable":true,"href":"https:\/\/sollux-lighting.com\/fr\/wp-json\/wp\/v2\/product_cat?post=73569"},{"taxonomy":"product_tag","embeddable":true,"href":"https:\/\/sollux-lighting.com\/fr\/wp-json\/wp\/v2\/product_tag?post=73569"}],"curies":[{"name":"wp","href":"https:\/\/api.w.org\/{rel}","templated":true}]}}