{"id":73220,"date":"2024-03-26T19:05:40","date_gmt":"2024-03-26T18:05:40","guid":{"rendered":"https:\/\/test.sollux-lighting.com\/nasza-oferta\/non%20class\u00e9\/applique-suba-noir\/"},"modified":"2024-03-26T19:05:41","modified_gmt":"2024-03-26T18:05:41","slug":"applique-suba-noir","status":"publish","type":"product","link":"https:\/\/sollux-lighting.com\/fr\/nasza-oferta\/applique\/applique-suba-noir\/","title":{"rendered":"Applique SUBA noir"},"content":{"rendered":"<p>La s\u00e9rie SUBA est un m\u00e9lange d&rsquo;\u00e9l\u00e9gance moderne et de rudesse industrielle. Les lampes noires de cette s\u00e9rie, fabriqu\u00e9es en acier r\u00e9sistant, s&rsquo;int\u00e8grent parfaitement dans les espaces loft et minimalistes. Elles vous s\u00e9duiront par leur polyvalence et leur originalit\u00e9. Vous trouverez ici diff\u00e9rents mod\u00e8les qui satisferont tous les besoins et toutes les esth\u00e9tiques. L&rsquo;encadrement exceptionnel d&rsquo;une \u00e9l\u00e9gante lampe suspendue poss\u00e8de un \u00e9norme potentiel d\u00e9coratif que vous pouvez maximiser en choisissant la version avec 3 ou 4 points lumineux. Vous recherchez un \u00e9clairage discret suppl\u00e9mentaire ? Optez pour une applique murale ! SUBA est plus qu&rsquo;un simple \u00e9clairage : cet \u00e9l\u00e9ment d\u00e9coratif distinguera votre int\u00e9rieur en lui ajoutant un caract\u00e8re brut mais \u00e9l\u00e9gant. Inviter cette collection chez vous est un choix de style qui ne passera pas inaper\u00e7u.<\/p>\n","protected":false},"excerpt":{"rendered":"<p>Source de lumi\u00e8re: E27, 1x max 15W LED, 50Hz, ~230V, IP20, classe de protection II<br \/>\nLa source de lumi\u00e8re est incluse.<br \/>\nDimensions: 15\/23\/23 cm<br \/>\nMat\u00e9riau: acier<br \/>\nCouleur: noir<\/p>\n","protected":false},"featured_media":0,"template":"","meta":{"_acf_changed":false},"product_brand":[],"product_cat":[1899],"product_tag":[],"class_list":{"0":"post-73220","1":"product","2":"type-product","3":"status-publish","5":"product_cat-applique","7":"first","8":"instock","9":"product-type-simple"},"acf":[],"yoast_head":"<!-- This site is optimized with the Yoast SEO plugin v25.4 - https:\/\/yoast.com\/wordpress\/plugins\/seo\/ -->\n<title>Applique SUBA noir - Sollux Lighting<\/title>\n<meta name=\"robots\" content=\"index, follow, max-snippet:-1, max-image-preview:large, max-video-preview:-1\" \/>\n<link rel=\"canonical\" href=\"https:\/\/sollux-lighting.com\/fr\/nasza-oferta\/applique\/applique-suba-noir\/\" \/>\n<meta property=\"og:locale\" content=\"fr_FR\" \/>\n<meta property=\"og:type\" content=\"article\" \/>\n<meta property=\"og:title\" content=\"Applique SUBA noir - Sollux Lighting\" \/>\n<meta property=\"og:description\" content=\"Source de lumi\u00e8re: E27, 1x max 15W LED, 50Hz, ~230V, IP20, classe de protection II La source de lumi\u00e8re est incluse. Dimensions: 15\/23\/23 cm Mat\u00e9riau: acier Couleur: noir\" \/>\n<meta property=\"og:url\" content=\"https:\/\/sollux-lighting.com\/fr\/nasza-oferta\/applique\/applique-suba-noir\/\" \/>\n<meta property=\"og:site_name\" content=\"Sollux Lighting\" \/>\n<meta property=\"article:modified_time\" content=\"2024-03-26T18:05:41+00:00\" \/>\n<meta name=\"twitter:card\" content=\"summary_large_image\" \/>\n<meta name=\"twitter:label1\" content=\"Dur\u00e9e de lecture estim\u00e9e\" \/>\n\t<meta name=\"twitter:data1\" content=\"1 minute\" \/>\n<script type=\"application\/ld+json\" class=\"yoast-schema-graph\">{\"@context\":\"https:\/\/schema.org\",\"@graph\":[{\"@type\":\"WebPage\",\"@id\":\"https:\/\/sollux-lighting.com\/fr\/nasza-oferta\/applique\/applique-suba-noir\/\",\"url\":\"https:\/\/sollux-lighting.com\/fr\/nasza-oferta\/applique\/applique-suba-noir\/\",\"name\":\"Applique SUBA noir - Sollux Lighting\",\"isPartOf\":{\"@id\":\"https:\/\/sollux-lighting.com\/fr\/#website\"},\"datePublished\":\"2024-03-26T18:05:40+00:00\",\"dateModified\":\"2024-03-26T18:05:41+00:00\",\"breadcrumb\":{\"@id\":\"https:\/\/sollux-lighting.com\/fr\/nasza-oferta\/applique\/applique-suba-noir\/#breadcrumb\"},\"inLanguage\":\"fr-FR\",\"potentialAction\":[{\"@type\":\"ReadAction\",\"target\":[\"https:\/\/sollux-lighting.com\/fr\/nasza-oferta\/applique\/applique-suba-noir\/\"]}]},{\"@type\":\"BreadcrumbList\",\"@id\":\"https:\/\/sollux-lighting.com\/fr\/nasza-oferta\/applique\/applique-suba-noir\/#breadcrumb\",\"itemListElement\":[{\"@type\":\"ListItem\",\"position\":1,\"name\":\"Page d'accueil\",\"item\":\"https:\/\/sollux-lighting.com\/fr\/\"},{\"@type\":\"ListItem\",\"position\":2,\"name\":\"Notre offre\",\"item\":\"https:\/\/sollux-lighting.com\/fr\/notre-offre\/\"},{\"@type\":\"ListItem\",\"position\":3,\"name\":\"Applique SUBA noir\"}]},{\"@type\":\"WebSite\",\"@id\":\"https:\/\/sollux-lighting.com\/fr\/#website\",\"url\":\"https:\/\/sollux-lighting.com\/fr\/\",\"name\":\"Sollux Lighting\",\"description\":\"Brighten up your business\",\"publisher\":{\"@id\":\"https:\/\/sollux-lighting.com\/fr\/#organization\"},\"potentialAction\":[{\"@type\":\"SearchAction\",\"target\":{\"@type\":\"EntryPoint\",\"urlTemplate\":\"https:\/\/sollux-lighting.com\/fr\/?s={search_term_string}\"},\"query-input\":{\"@type\":\"PropertyValueSpecification\",\"valueRequired\":true,\"valueName\":\"search_term_string\"}}],\"inLanguage\":\"fr-FR\"},{\"@type\":\"Organization\",\"@id\":\"https:\/\/sollux-lighting.com\/fr\/#organization\",\"name\":\"Sollux Lighting\",\"url\":\"https:\/\/sollux-lighting.com\/fr\/\",\"logo\":{\"@type\":\"ImageObject\",\"inLanguage\":\"fr-FR\",\"@id\":\"https:\/\/sollux-lighting.com\/fr\/#\/schema\/logo\/image\/\",\"url\":\"https:\/\/sollux-lighting.com\/wp-content\/uploads\/2023\/02\/LOGO.svg\",\"contentUrl\":\"https:\/\/sollux-lighting.com\/wp-content\/uploads\/2023\/02\/LOGO.svg\",\"width\":160,\"height\":46,\"caption\":\"Sollux Lighting \"},\"image\":{\"@id\":\"https:\/\/sollux-lighting.com\/fr\/#\/schema\/logo\/image\/\"}}]}<\/script>\n<!-- \/ Yoast SEO plugin. -->","yoast_head_json":{"title":"Applique SUBA noir - Sollux Lighting","robots":{"index":"index","follow":"follow","max-snippet":"max-snippet:-1","max-image-preview":"max-image-preview:large","max-video-preview":"max-video-preview:-1"},"canonical":"https:\/\/sollux-lighting.com\/fr\/nasza-oferta\/applique\/applique-suba-noir\/","og_locale":"fr_FR","og_type":"article","og_title":"Applique SUBA noir - Sollux Lighting","og_description":"Source de lumi\u00e8re: E27, 1x max 15W LED, 50Hz, ~230V, IP20, classe de protection II La source de lumi\u00e8re est incluse. Dimensions: 15\/23\/23 cm Mat\u00e9riau: acier Couleur: noir","og_url":"https:\/\/sollux-lighting.com\/fr\/nasza-oferta\/applique\/applique-suba-noir\/","og_site_name":"Sollux Lighting","article_modified_time":"2024-03-26T18:05:41+00:00","twitter_card":"summary_large_image","twitter_misc":{"Dur\u00e9e de lecture estim\u00e9e":"1 minute"},"schema":{"@context":"https:\/\/schema.org","@graph":[{"@type":"WebPage","@id":"https:\/\/sollux-lighting.com\/fr\/nasza-oferta\/applique\/applique-suba-noir\/","url":"https:\/\/sollux-lighting.com\/fr\/nasza-oferta\/applique\/applique-suba-noir\/","name":"Applique SUBA noir - Sollux Lighting","isPartOf":{"@id":"https:\/\/sollux-lighting.com\/fr\/#website"},"datePublished":"2024-03-26T18:05:40+00:00","dateModified":"2024-03-26T18:05:41+00:00","breadcrumb":{"@id":"https:\/\/sollux-lighting.com\/fr\/nasza-oferta\/applique\/applique-suba-noir\/#breadcrumb"},"inLanguage":"fr-FR","potentialAction":[{"@type":"ReadAction","target":["https:\/\/sollux-lighting.com\/fr\/nasza-oferta\/applique\/applique-suba-noir\/"]}]},{"@type":"BreadcrumbList","@id":"https:\/\/sollux-lighting.com\/fr\/nasza-oferta\/applique\/applique-suba-noir\/#breadcrumb","itemListElement":[{"@type":"ListItem","position":1,"name":"Page d'accueil","item":"https:\/\/sollux-lighting.com\/fr\/"},{"@type":"ListItem","position":2,"name":"Notre offre","item":"https:\/\/sollux-lighting.com\/fr\/notre-offre\/"},{"@type":"ListItem","position":3,"name":"Applique SUBA noir"}]},{"@type":"WebSite","@id":"https:\/\/sollux-lighting.com\/fr\/#website","url":"https:\/\/sollux-lighting.com\/fr\/","name":"Sollux Lighting","description":"Brighten up your business","publisher":{"@id":"https:\/\/sollux-lighting.com\/fr\/#organization"},"potentialAction":[{"@type":"SearchAction","target":{"@type":"EntryPoint","urlTemplate":"https:\/\/sollux-lighting.com\/fr\/?s={search_term_string}"},"query-input":{"@type":"PropertyValueSpecification","valueRequired":true,"valueName":"search_term_string"}}],"inLanguage":"fr-FR"},{"@type":"Organization","@id":"https:\/\/sollux-lighting.com\/fr\/#organization","name":"Sollux Lighting","url":"https:\/\/sollux-lighting.com\/fr\/","logo":{"@type":"ImageObject","inLanguage":"fr-FR","@id":"https:\/\/sollux-lighting.com\/fr\/#\/schema\/logo\/image\/","url":"https:\/\/sollux-lighting.com\/wp-content\/uploads\/2023\/02\/LOGO.svg","contentUrl":"https:\/\/sollux-lighting.com\/wp-content\/uploads\/2023\/02\/LOGO.svg","width":160,"height":46,"caption":"Sollux Lighting "},"image":{"@id":"https:\/\/sollux-lighting.com\/fr\/#\/schema\/logo\/image\/"}}]}},"_links":{"self":[{"href":"https:\/\/sollux-lighting.com\/fr\/wp-json\/wp\/v2\/product\/73220","targetHints":{"allow":["GET"]}}],"collection":[{"href":"https:\/\/sollux-lighting.com\/fr\/wp-json\/wp\/v2\/product"}],"about":[{"href":"https:\/\/sollux-lighting.com\/fr\/wp-json\/wp\/v2\/types\/product"}],"wp:attachment":[{"href":"https:\/\/sollux-lighting.com\/fr\/wp-json\/wp\/v2\/media?parent=73220"}],"wp:term":[{"taxonomy":"product_brand","embeddable":true,"href":"https:\/\/sollux-lighting.com\/fr\/wp-json\/wp\/v2\/product_brand?post=73220"},{"taxonomy":"product_cat","embeddable":true,"href":"https:\/\/sollux-lighting.com\/fr\/wp-json\/wp\/v2\/product_cat?post=73220"},{"taxonomy":"product_tag","embeddable":true,"href":"https:\/\/sollux-lighting.com\/fr\/wp-json\/wp\/v2\/product_tag?post=73220"}],"curies":[{"name":"wp","href":"https:\/\/api.w.org\/{rel}","templated":true}]}}