{"id":72837,"date":"2023-03-17T11:32:02","date_gmt":"2023-03-17T10:32:02","guid":{"rendered":"https:\/\/test.sollux-lighting.com\/nasza-oferta\/non%20class\u00e9\/lustre-saturno-70-blanc\/"},"modified":"2024-03-26T18:36:30","modified_gmt":"2024-03-26T17:36:30","slug":"lustre-saturno-70-blanc","status":"publish","type":"product","link":"https:\/\/sollux-lighting.com\/fr\/nasza-oferta\/lustre\/lustre-saturno-70-blanc\/","title":{"rendered":"Lustre SATURNO 70 blanc"},"content":{"rendered":"<p>Tous ceux qui souhaitent am\u00e9nager les pi\u00e8ces de mani\u00e8re originale et les \u00e9clairer de fa\u00e7on unique devraient utiliser le lustre SATURNO. Gr\u00e2ce \u00e0 leur forme ronde, \u00e0 leur section \u00e9troite et \u00e0 leur large circonf\u00e9rence, les lustres SATURNO sont particuli\u00e8rement bien adapt\u00e9s aux pi\u00e8ces dont les leitmotivs sont la g\u00e9om\u00e9trie, le minimalisme et la modernit\u00e9. Cependant, le lustre SATURNO n&rsquo;est pas seulement efficace dans les int\u00e9rieurs modernes, il est \u00e9galement tr\u00e8s beau dans les pi\u00e8ces traditionnelles. C&rsquo;est le choix id\u00e9al pour les personnes qui aiment l&rsquo;\u00e9l\u00e9gance.<\/p>\n","protected":false},"excerpt":{"rendered":"<p>Source de lumi\u00e8re : E27, 6x max 15W LED, 50Hz, ~230V, IP20, classe de protection I<br \/>\nLa source de lumi\u00e8re n&rsquo;est pas incluse.<br \/>\nDimensions : 70\/70\/112 cm<br \/>\nDimensions de l&rsquo;abat-jour : 70\/22 cm<br \/>\nMat\u00e9riel : tissu, PVC, acier<br \/>\nCouleur : blanc<\/p>\n","protected":false},"featured_media":51096,"template":"","meta":{"_acf_changed":false},"product_brand":[],"product_cat":[1904],"product_tag":[],"class_list":{"0":"post-72837","1":"product","2":"type-product","3":"status-publish","4":"has-post-thumbnail","6":"product_cat-lustre","8":"first","9":"instock","10":"product-type-simple"},"acf":[],"yoast_head":"<!-- This site is optimized with the Yoast SEO plugin v25.4 - https:\/\/yoast.com\/wordpress\/plugins\/seo\/ -->\n<title>Lustre SATURNO 70 blanc - Sollux Lighting<\/title>\n<meta name=\"robots\" content=\"index, follow, max-snippet:-1, max-image-preview:large, max-video-preview:-1\" \/>\n<link rel=\"canonical\" href=\"https:\/\/sollux-lighting.com\/fr\/nasza-oferta\/lustre\/lustre-saturno-70-blanc\/\" \/>\n<meta property=\"og:locale\" content=\"fr_FR\" \/>\n<meta property=\"og:type\" content=\"article\" \/>\n<meta property=\"og:title\" content=\"Lustre SATURNO 70 blanc - Sollux Lighting\" \/>\n<meta property=\"og:description\" content=\"Source de lumi\u00e8re : E27, 6x max 15W LED, 50Hz, ~230V, IP20, classe de protection I La source de lumi\u00e8re n&#039;est pas incluse. Dimensions : 70\/70\/112 cm Dimensions de l&#039;abat-jour : 70\/22 cm Mat\u00e9riel : tissu, PVC, acier Couleur : blanc\" \/>\n<meta property=\"og:url\" content=\"https:\/\/sollux-lighting.com\/fr\/nasza-oferta\/lustre\/lustre-saturno-70-blanc\/\" \/>\n<meta property=\"og:site_name\" content=\"Sollux Lighting\" \/>\n<meta property=\"article:modified_time\" content=\"2024-03-26T17:36:30+00:00\" \/>\n<meta property=\"og:image\" content=\"https:\/\/sollux-lighting.com\/wp-content\/uploads\/2023\/03\/0751-1-k.jpg\" \/>\n\t<meta property=\"og:image:width\" content=\"750\" \/>\n\t<meta property=\"og:image:height\" content=\"750\" \/>\n\t<meta property=\"og:image:type\" content=\"image\/jpeg\" \/>\n<meta name=\"twitter:card\" content=\"summary_large_image\" \/>\n<meta name=\"twitter:label1\" content=\"Dur\u00e9e de lecture estim\u00e9e\" \/>\n\t<meta name=\"twitter:data1\" content=\"1 minute\" \/>\n<script type=\"application\/ld+json\" class=\"yoast-schema-graph\">{\"@context\":\"https:\/\/schema.org\",\"@graph\":[{\"@type\":\"WebPage\",\"@id\":\"https:\/\/sollux-lighting.com\/fr\/nasza-oferta\/lustre\/lustre-saturno-70-blanc\/\",\"url\":\"https:\/\/sollux-lighting.com\/fr\/nasza-oferta\/lustre\/lustre-saturno-70-blanc\/\",\"name\":\"Lustre SATURNO 70 blanc - Sollux Lighting\",\"isPartOf\":{\"@id\":\"https:\/\/sollux-lighting.com\/fr\/#website\"},\"primaryImageOfPage\":{\"@id\":\"https:\/\/sollux-lighting.com\/fr\/nasza-oferta\/lustre\/lustre-saturno-70-blanc\/#primaryimage\"},\"image\":{\"@id\":\"https:\/\/sollux-lighting.com\/fr\/nasza-oferta\/lustre\/lustre-saturno-70-blanc\/#primaryimage\"},\"thumbnailUrl\":\"https:\/\/sollux-lighting.com\/wp-content\/uploads\/2023\/03\/0751-1-k.jpg\",\"datePublished\":\"2023-03-17T10:32:02+00:00\",\"dateModified\":\"2024-03-26T17:36:30+00:00\",\"breadcrumb\":{\"@id\":\"https:\/\/sollux-lighting.com\/fr\/nasza-oferta\/lustre\/lustre-saturno-70-blanc\/#breadcrumb\"},\"inLanguage\":\"fr-FR\",\"potentialAction\":[{\"@type\":\"ReadAction\",\"target\":[\"https:\/\/sollux-lighting.com\/fr\/nasza-oferta\/lustre\/lustre-saturno-70-blanc\/\"]}]},{\"@type\":\"ImageObject\",\"inLanguage\":\"fr-FR\",\"@id\":\"https:\/\/sollux-lighting.com\/fr\/nasza-oferta\/lustre\/lustre-saturno-70-blanc\/#primaryimage\",\"url\":\"https:\/\/sollux-lighting.com\/wp-content\/uploads\/2023\/03\/0751-1-k.jpg\",\"contentUrl\":\"https:\/\/sollux-lighting.com\/wp-content\/uploads\/2023\/03\/0751-1-k.jpg\",\"width\":750,\"height\":750},{\"@type\":\"BreadcrumbList\",\"@id\":\"https:\/\/sollux-lighting.com\/fr\/nasza-oferta\/lustre\/lustre-saturno-70-blanc\/#breadcrumb\",\"itemListElement\":[{\"@type\":\"ListItem\",\"position\":1,\"name\":\"Page d'accueil\",\"item\":\"https:\/\/sollux-lighting.com\/fr\/\"},{\"@type\":\"ListItem\",\"position\":2,\"name\":\"Notre offre\",\"item\":\"https:\/\/sollux-lighting.com\/fr\/notre-offre\/\"},{\"@type\":\"ListItem\",\"position\":3,\"name\":\"Lustre SATURNO 70 blanc\"}]},{\"@type\":\"WebSite\",\"@id\":\"https:\/\/sollux-lighting.com\/fr\/#website\",\"url\":\"https:\/\/sollux-lighting.com\/fr\/\",\"name\":\"Sollux Lighting\",\"description\":\"Brighten up your business\",\"publisher\":{\"@id\":\"https:\/\/sollux-lighting.com\/fr\/#organization\"},\"potentialAction\":[{\"@type\":\"SearchAction\",\"target\":{\"@type\":\"EntryPoint\",\"urlTemplate\":\"https:\/\/sollux-lighting.com\/fr\/?s={search_term_string}\"},\"query-input\":{\"@type\":\"PropertyValueSpecification\",\"valueRequired\":true,\"valueName\":\"search_term_string\"}}],\"inLanguage\":\"fr-FR\"},{\"@type\":\"Organization\",\"@id\":\"https:\/\/sollux-lighting.com\/fr\/#organization\",\"name\":\"Sollux Lighting\",\"url\":\"https:\/\/sollux-lighting.com\/fr\/\",\"logo\":{\"@type\":\"ImageObject\",\"inLanguage\":\"fr-FR\",\"@id\":\"https:\/\/sollux-lighting.com\/fr\/#\/schema\/logo\/image\/\",\"url\":\"https:\/\/sollux-lighting.com\/wp-content\/uploads\/2023\/02\/LOGO.svg\",\"contentUrl\":\"https:\/\/sollux-lighting.com\/wp-content\/uploads\/2023\/02\/LOGO.svg\",\"width\":160,\"height\":46,\"caption\":\"Sollux Lighting \"},\"image\":{\"@id\":\"https:\/\/sollux-lighting.com\/fr\/#\/schema\/logo\/image\/\"}}]}<\/script>\n<!-- \/ Yoast SEO plugin. -->","yoast_head_json":{"title":"Lustre SATURNO 70 blanc - Sollux Lighting","robots":{"index":"index","follow":"follow","max-snippet":"max-snippet:-1","max-image-preview":"max-image-preview:large","max-video-preview":"max-video-preview:-1"},"canonical":"https:\/\/sollux-lighting.com\/fr\/nasza-oferta\/lustre\/lustre-saturno-70-blanc\/","og_locale":"fr_FR","og_type":"article","og_title":"Lustre SATURNO 70 blanc - Sollux Lighting","og_description":"Source de lumi\u00e8re : E27, 6x max 15W LED, 50Hz, ~230V, IP20, classe de protection I La source de lumi\u00e8re n'est pas incluse. Dimensions : 70\/70\/112 cm Dimensions de l'abat-jour : 70\/22 cm Mat\u00e9riel : tissu, PVC, acier Couleur : blanc","og_url":"https:\/\/sollux-lighting.com\/fr\/nasza-oferta\/lustre\/lustre-saturno-70-blanc\/","og_site_name":"Sollux Lighting","article_modified_time":"2024-03-26T17:36:30+00:00","og_image":[{"width":750,"height":750,"url":"https:\/\/sollux-lighting.com\/wp-content\/uploads\/2023\/03\/0751-1-k.jpg","type":"image\/jpeg"}],"twitter_card":"summary_large_image","twitter_misc":{"Dur\u00e9e de lecture estim\u00e9e":"1 minute"},"schema":{"@context":"https:\/\/schema.org","@graph":[{"@type":"WebPage","@id":"https:\/\/sollux-lighting.com\/fr\/nasza-oferta\/lustre\/lustre-saturno-70-blanc\/","url":"https:\/\/sollux-lighting.com\/fr\/nasza-oferta\/lustre\/lustre-saturno-70-blanc\/","name":"Lustre SATURNO 70 blanc - Sollux Lighting","isPartOf":{"@id":"https:\/\/sollux-lighting.com\/fr\/#website"},"primaryImageOfPage":{"@id":"https:\/\/sollux-lighting.com\/fr\/nasza-oferta\/lustre\/lustre-saturno-70-blanc\/#primaryimage"},"image":{"@id":"https:\/\/sollux-lighting.com\/fr\/nasza-oferta\/lustre\/lustre-saturno-70-blanc\/#primaryimage"},"thumbnailUrl":"https:\/\/sollux-lighting.com\/wp-content\/uploads\/2023\/03\/0751-1-k.jpg","datePublished":"2023-03-17T10:32:02+00:00","dateModified":"2024-03-26T17:36:30+00:00","breadcrumb":{"@id":"https:\/\/sollux-lighting.com\/fr\/nasza-oferta\/lustre\/lustre-saturno-70-blanc\/#breadcrumb"},"inLanguage":"fr-FR","potentialAction":[{"@type":"ReadAction","target":["https:\/\/sollux-lighting.com\/fr\/nasza-oferta\/lustre\/lustre-saturno-70-blanc\/"]}]},{"@type":"ImageObject","inLanguage":"fr-FR","@id":"https:\/\/sollux-lighting.com\/fr\/nasza-oferta\/lustre\/lustre-saturno-70-blanc\/#primaryimage","url":"https:\/\/sollux-lighting.com\/wp-content\/uploads\/2023\/03\/0751-1-k.jpg","contentUrl":"https:\/\/sollux-lighting.com\/wp-content\/uploads\/2023\/03\/0751-1-k.jpg","width":750,"height":750},{"@type":"BreadcrumbList","@id":"https:\/\/sollux-lighting.com\/fr\/nasza-oferta\/lustre\/lustre-saturno-70-blanc\/#breadcrumb","itemListElement":[{"@type":"ListItem","position":1,"name":"Page d'accueil","item":"https:\/\/sollux-lighting.com\/fr\/"},{"@type":"ListItem","position":2,"name":"Notre offre","item":"https:\/\/sollux-lighting.com\/fr\/notre-offre\/"},{"@type":"ListItem","position":3,"name":"Lustre SATURNO 70 blanc"}]},{"@type":"WebSite","@id":"https:\/\/sollux-lighting.com\/fr\/#website","url":"https:\/\/sollux-lighting.com\/fr\/","name":"Sollux Lighting","description":"Brighten up your business","publisher":{"@id":"https:\/\/sollux-lighting.com\/fr\/#organization"},"potentialAction":[{"@type":"SearchAction","target":{"@type":"EntryPoint","urlTemplate":"https:\/\/sollux-lighting.com\/fr\/?s={search_term_string}"},"query-input":{"@type":"PropertyValueSpecification","valueRequired":true,"valueName":"search_term_string"}}],"inLanguage":"fr-FR"},{"@type":"Organization","@id":"https:\/\/sollux-lighting.com\/fr\/#organization","name":"Sollux Lighting","url":"https:\/\/sollux-lighting.com\/fr\/","logo":{"@type":"ImageObject","inLanguage":"fr-FR","@id":"https:\/\/sollux-lighting.com\/fr\/#\/schema\/logo\/image\/","url":"https:\/\/sollux-lighting.com\/wp-content\/uploads\/2023\/02\/LOGO.svg","contentUrl":"https:\/\/sollux-lighting.com\/wp-content\/uploads\/2023\/02\/LOGO.svg","width":160,"height":46,"caption":"Sollux Lighting "},"image":{"@id":"https:\/\/sollux-lighting.com\/fr\/#\/schema\/logo\/image\/"}}]}},"_links":{"self":[{"href":"https:\/\/sollux-lighting.com\/fr\/wp-json\/wp\/v2\/product\/72837","targetHints":{"allow":["GET"]}}],"collection":[{"href":"https:\/\/sollux-lighting.com\/fr\/wp-json\/wp\/v2\/product"}],"about":[{"href":"https:\/\/sollux-lighting.com\/fr\/wp-json\/wp\/v2\/types\/product"}],"wp:featuredmedia":[{"embeddable":true,"href":"https:\/\/sollux-lighting.com\/fr\/wp-json\/wp\/v2\/media\/51096"}],"wp:attachment":[{"href":"https:\/\/sollux-lighting.com\/fr\/wp-json\/wp\/v2\/media?parent=72837"}],"wp:term":[{"taxonomy":"product_brand","embeddable":true,"href":"https:\/\/sollux-lighting.com\/fr\/wp-json\/wp\/v2\/product_brand?post=72837"},{"taxonomy":"product_cat","embeddable":true,"href":"https:\/\/sollux-lighting.com\/fr\/wp-json\/wp\/v2\/product_cat?post=72837"},{"taxonomy":"product_tag","embeddable":true,"href":"https:\/\/sollux-lighting.com\/fr\/wp-json\/wp\/v2\/product_tag?post=72837"}],"curies":[{"name":"wp","href":"https:\/\/api.w.org\/{rel}","templated":true}]}}