{"id":72581,"date":"2023-03-17T11:16:24","date_gmt":"2023-03-17T10:16:24","guid":{"rendered":"https:\/\/test.sollux-lighting.com\/nasza-oferta\/non%20class\u00e9\/lampe-pendante-ugo-30\/"},"modified":"2024-03-26T18:17:25","modified_gmt":"2024-03-26T17:17:25","slug":"lampe-pendante-ugo-30","status":"publish","type":"product","link":"https:\/\/sollux-lighting.com\/fr\/nasza-oferta\/non class\u00e9\/lampe-pendante-ugo-30\/","title":{"rendered":"Lampe pendante UGO 30"},"content":{"rendered":"<p>Les lampes modernes Ugo t\u00e9moignent d&rsquo;une approche minimaliste du design. Leur conception simple leur permet de s&rsquo;int\u00e9grer dans la plupart des int\u00e9rieurs, quel que soit leur style. Les abat-jour sont fabriqu\u00e9s en verre \u00e9pais et laiteux, de sorte que la lumi\u00e8re qui en r\u00e9sulte donne l&rsquo;impression d&rsquo;une douce lueur brumeuse. Les lampes Ugo peuvent \u00eatre utilis\u00e9es comme \u00e9clairage principal ou en option &#8211; selon les besoins et les pr\u00e9f\u00e9rences de chacun.<\/p>\n","protected":false},"excerpt":{"rendered":"<p>Source de lumi\u00e8re : E27, 1x max 15W LED, 50Hz, ~230V, IP20, classe de protection I<br \/>\nLa source de lumi\u00e8re n&rsquo;est pas incluse.<br \/>\nDimensions : 30\/30\/120 cm<br \/>\nMat\u00e9riau : acier, verre<br \/>\nCouleur : blanc, chrome<\/p>\n","protected":false},"featured_media":44586,"template":"","meta":{"_acf_changed":false},"product_brand":[],"product_cat":[],"product_tag":[],"class_list":{"0":"post-72581","1":"product","2":"type-product","3":"status-publish","4":"has-post-thumbnail","7":"first","8":"instock","9":"product-type-simple"},"acf":[],"yoast_head":"<!-- This site is optimized with the Yoast SEO plugin v25.4 - https:\/\/yoast.com\/wordpress\/plugins\/seo\/ -->\n<title>Lampe pendante UGO 30 - Sollux Lighting<\/title>\n<meta name=\"robots\" content=\"index, follow, max-snippet:-1, max-image-preview:large, max-video-preview:-1\" \/>\n<link rel=\"canonical\" href=\"https:\/\/sollux-lighting.com\/fr\/nasza-oferta\/non%20class\u00e9\/lampe-pendante-ugo-30\/\" \/>\n<meta property=\"og:locale\" content=\"fr_FR\" \/>\n<meta property=\"og:type\" content=\"article\" \/>\n<meta property=\"og:title\" content=\"Lampe pendante UGO 30 - Sollux Lighting\" \/>\n<meta property=\"og:description\" content=\"Source de lumi\u00e8re : E27, 1x max 15W LED, 50Hz, ~230V, IP20, classe de protection I La source de lumi\u00e8re n&#039;est pas incluse. Dimensions : 30\/30\/120 cm Mat\u00e9riau : acier, verre Couleur : blanc, chrome\" \/>\n<meta property=\"og:url\" content=\"https:\/\/sollux-lighting.com\/fr\/nasza-oferta\/non class\u00e9\/lampe-pendante-ugo-30\/\" \/>\n<meta property=\"og:site_name\" content=\"Sollux Lighting\" \/>\n<meta property=\"article:modified_time\" content=\"2024-03-26T17:17:25+00:00\" \/>\n<meta property=\"og:image\" content=\"https:\/\/sollux-lighting.com\/wp-content\/uploads\/2023\/03\/0264-1-k.jpg\" \/>\n\t<meta property=\"og:image:width\" content=\"750\" \/>\n\t<meta property=\"og:image:height\" content=\"750\" \/>\n\t<meta property=\"og:image:type\" content=\"image\/jpeg\" \/>\n<meta name=\"twitter:card\" content=\"summary_large_image\" \/>\n<script type=\"application\/ld+json\" class=\"yoast-schema-graph\">{\"@context\":\"https:\/\/schema.org\",\"@graph\":[{\"@type\":\"WebPage\",\"@id\":\"https:\/\/sollux-lighting.com\/fr\/nasza-oferta\/non class\u00e9\/lampe-pendante-ugo-30\/\",\"url\":\"https:\/\/sollux-lighting.com\/fr\/nasza-oferta\/non class\u00e9\/lampe-pendante-ugo-30\/\",\"name\":\"Lampe pendante UGO 30 - Sollux Lighting\",\"isPartOf\":{\"@id\":\"https:\/\/sollux-lighting.com\/fr\/#website\"},\"primaryImageOfPage\":{\"@id\":\"https:\/\/sollux-lighting.com\/fr\/nasza-oferta\/non class\u00e9\/lampe-pendante-ugo-30\/#primaryimage\"},\"image\":{\"@id\":\"https:\/\/sollux-lighting.com\/fr\/nasza-oferta\/non class\u00e9\/lampe-pendante-ugo-30\/#primaryimage\"},\"thumbnailUrl\":\"https:\/\/sollux-lighting.com\/wp-content\/uploads\/2023\/03\/0264-1-k.jpg\",\"datePublished\":\"2023-03-17T10:16:24+00:00\",\"dateModified\":\"2024-03-26T17:17:25+00:00\",\"breadcrumb\":{\"@id\":\"https:\/\/sollux-lighting.com\/fr\/nasza-oferta\/non class\u00e9\/lampe-pendante-ugo-30\/#breadcrumb\"},\"inLanguage\":\"fr-FR\",\"potentialAction\":[{\"@type\":\"ReadAction\",\"target\":[\"https:\/\/sollux-lighting.com\/fr\/nasza-oferta\/non class\u00e9\/lampe-pendante-ugo-30\/\"]}]},{\"@type\":\"ImageObject\",\"inLanguage\":\"fr-FR\",\"@id\":\"https:\/\/sollux-lighting.com\/fr\/nasza-oferta\/non class\u00e9\/lampe-pendante-ugo-30\/#primaryimage\",\"url\":\"https:\/\/sollux-lighting.com\/wp-content\/uploads\/2023\/03\/0264-1-k.jpg\",\"contentUrl\":\"https:\/\/sollux-lighting.com\/wp-content\/uploads\/2023\/03\/0264-1-k.jpg\",\"width\":750,\"height\":750},{\"@type\":\"BreadcrumbList\",\"@id\":\"https:\/\/sollux-lighting.com\/fr\/nasza-oferta\/non class\u00e9\/lampe-pendante-ugo-30\/#breadcrumb\",\"itemListElement\":[{\"@type\":\"ListItem\",\"position\":1,\"name\":\"Page d'accueil\",\"item\":\"https:\/\/sollux-lighting.com\/fr\/\"},{\"@type\":\"ListItem\",\"position\":2,\"name\":\"Notre offre\",\"item\":\"https:\/\/sollux-lighting.com\/fr\/notre-offre\/\"},{\"@type\":\"ListItem\",\"position\":3,\"name\":\"Lampe pendante UGO 30\"}]},{\"@type\":\"WebSite\",\"@id\":\"https:\/\/sollux-lighting.com\/fr\/#website\",\"url\":\"https:\/\/sollux-lighting.com\/fr\/\",\"name\":\"Sollux Lighting\",\"description\":\"Brighten up your business\",\"publisher\":{\"@id\":\"https:\/\/sollux-lighting.com\/fr\/#organization\"},\"potentialAction\":[{\"@type\":\"SearchAction\",\"target\":{\"@type\":\"EntryPoint\",\"urlTemplate\":\"https:\/\/sollux-lighting.com\/fr\/?s={search_term_string}\"},\"query-input\":{\"@type\":\"PropertyValueSpecification\",\"valueRequired\":true,\"valueName\":\"search_term_string\"}}],\"inLanguage\":\"fr-FR\"},{\"@type\":\"Organization\",\"@id\":\"https:\/\/sollux-lighting.com\/fr\/#organization\",\"name\":\"Sollux Lighting\",\"url\":\"https:\/\/sollux-lighting.com\/fr\/\",\"logo\":{\"@type\":\"ImageObject\",\"inLanguage\":\"fr-FR\",\"@id\":\"https:\/\/sollux-lighting.com\/fr\/#\/schema\/logo\/image\/\",\"url\":\"https:\/\/sollux-lighting.com\/wp-content\/uploads\/2023\/02\/LOGO.svg\",\"contentUrl\":\"https:\/\/sollux-lighting.com\/wp-content\/uploads\/2023\/02\/LOGO.svg\",\"width\":160,\"height\":46,\"caption\":\"Sollux Lighting \"},\"image\":{\"@id\":\"https:\/\/sollux-lighting.com\/fr\/#\/schema\/logo\/image\/\"}}]}<\/script>\n<!-- \/ Yoast SEO plugin. -->","yoast_head_json":{"title":"Lampe pendante UGO 30 - Sollux Lighting","robots":{"index":"index","follow":"follow","max-snippet":"max-snippet:-1","max-image-preview":"max-image-preview:large","max-video-preview":"max-video-preview:-1"},"canonical":"https:\/\/sollux-lighting.com\/fr\/nasza-oferta\/non class\u00e9\/lampe-pendante-ugo-30\/","og_locale":"fr_FR","og_type":"article","og_title":"Lampe pendante UGO 30 - Sollux Lighting","og_description":"Source de lumi\u00e8re : E27, 1x max 15W LED, 50Hz, ~230V, IP20, classe de protection I La source de lumi\u00e8re n'est pas incluse. Dimensions : 30\/30\/120 cm Mat\u00e9riau : acier, verre Couleur : blanc, chrome","og_url":"https:\/\/sollux-lighting.com\/fr\/nasza-oferta\/non class\u00e9\/lampe-pendante-ugo-30\/","og_site_name":"Sollux Lighting","article_modified_time":"2024-03-26T17:17:25+00:00","og_image":[{"width":750,"height":750,"url":"https:\/\/sollux-lighting.com\/wp-content\/uploads\/2023\/03\/0264-1-k.jpg","type":"image\/jpeg"}],"twitter_card":"summary_large_image","schema":{"@context":"https:\/\/schema.org","@graph":[{"@type":"WebPage","@id":"https:\/\/sollux-lighting.com\/fr\/nasza-oferta\/non class\u00e9\/lampe-pendante-ugo-30\/","url":"https:\/\/sollux-lighting.com\/fr\/nasza-oferta\/non class\u00e9\/lampe-pendante-ugo-30\/","name":"Lampe pendante UGO 30 - Sollux Lighting","isPartOf":{"@id":"https:\/\/sollux-lighting.com\/fr\/#website"},"primaryImageOfPage":{"@id":"https:\/\/sollux-lighting.com\/fr\/nasza-oferta\/non class\u00e9\/lampe-pendante-ugo-30\/#primaryimage"},"image":{"@id":"https:\/\/sollux-lighting.com\/fr\/nasza-oferta\/non class\u00e9\/lampe-pendante-ugo-30\/#primaryimage"},"thumbnailUrl":"https:\/\/sollux-lighting.com\/wp-content\/uploads\/2023\/03\/0264-1-k.jpg","datePublished":"2023-03-17T10:16:24+00:00","dateModified":"2024-03-26T17:17:25+00:00","breadcrumb":{"@id":"https:\/\/sollux-lighting.com\/fr\/nasza-oferta\/non class\u00e9\/lampe-pendante-ugo-30\/#breadcrumb"},"inLanguage":"fr-FR","potentialAction":[{"@type":"ReadAction","target":["https:\/\/sollux-lighting.com\/fr\/nasza-oferta\/non class\u00e9\/lampe-pendante-ugo-30\/"]}]},{"@type":"ImageObject","inLanguage":"fr-FR","@id":"https:\/\/sollux-lighting.com\/fr\/nasza-oferta\/non class\u00e9\/lampe-pendante-ugo-30\/#primaryimage","url":"https:\/\/sollux-lighting.com\/wp-content\/uploads\/2023\/03\/0264-1-k.jpg","contentUrl":"https:\/\/sollux-lighting.com\/wp-content\/uploads\/2023\/03\/0264-1-k.jpg","width":750,"height":750},{"@type":"BreadcrumbList","@id":"https:\/\/sollux-lighting.com\/fr\/nasza-oferta\/non class\u00e9\/lampe-pendante-ugo-30\/#breadcrumb","itemListElement":[{"@type":"ListItem","position":1,"name":"Page d'accueil","item":"https:\/\/sollux-lighting.com\/fr\/"},{"@type":"ListItem","position":2,"name":"Notre offre","item":"https:\/\/sollux-lighting.com\/fr\/notre-offre\/"},{"@type":"ListItem","position":3,"name":"Lampe pendante UGO 30"}]},{"@type":"WebSite","@id":"https:\/\/sollux-lighting.com\/fr\/#website","url":"https:\/\/sollux-lighting.com\/fr\/","name":"Sollux Lighting","description":"Brighten up your business","publisher":{"@id":"https:\/\/sollux-lighting.com\/fr\/#organization"},"potentialAction":[{"@type":"SearchAction","target":{"@type":"EntryPoint","urlTemplate":"https:\/\/sollux-lighting.com\/fr\/?s={search_term_string}"},"query-input":{"@type":"PropertyValueSpecification","valueRequired":true,"valueName":"search_term_string"}}],"inLanguage":"fr-FR"},{"@type":"Organization","@id":"https:\/\/sollux-lighting.com\/fr\/#organization","name":"Sollux Lighting","url":"https:\/\/sollux-lighting.com\/fr\/","logo":{"@type":"ImageObject","inLanguage":"fr-FR","@id":"https:\/\/sollux-lighting.com\/fr\/#\/schema\/logo\/image\/","url":"https:\/\/sollux-lighting.com\/wp-content\/uploads\/2023\/02\/LOGO.svg","contentUrl":"https:\/\/sollux-lighting.com\/wp-content\/uploads\/2023\/02\/LOGO.svg","width":160,"height":46,"caption":"Sollux Lighting "},"image":{"@id":"https:\/\/sollux-lighting.com\/fr\/#\/schema\/logo\/image\/"}}]}},"_links":{"self":[{"href":"https:\/\/sollux-lighting.com\/fr\/wp-json\/wp\/v2\/product\/72581","targetHints":{"allow":["GET"]}}],"collection":[{"href":"https:\/\/sollux-lighting.com\/fr\/wp-json\/wp\/v2\/product"}],"about":[{"href":"https:\/\/sollux-lighting.com\/fr\/wp-json\/wp\/v2\/types\/product"}],"wp:featuredmedia":[{"embeddable":true,"href":"https:\/\/sollux-lighting.com\/fr\/wp-json\/wp\/v2\/media\/44586"}],"wp:attachment":[{"href":"https:\/\/sollux-lighting.com\/fr\/wp-json\/wp\/v2\/media?parent=72581"}],"wp:term":[{"taxonomy":"product_brand","embeddable":true,"href":"https:\/\/sollux-lighting.com\/fr\/wp-json\/wp\/v2\/product_brand?post=72581"},{"taxonomy":"product_cat","embeddable":true,"href":"https:\/\/sollux-lighting.com\/fr\/wp-json\/wp\/v2\/product_cat?post=72581"},{"taxonomy":"product_tag","embeddable":true,"href":"https:\/\/sollux-lighting.com\/fr\/wp-json\/wp\/v2\/product_tag?post=72581"}],"curies":[{"name":"wp","href":"https:\/\/api.w.org\/{rel}","templated":true}]}}