{"id":72548,"date":"2023-03-17T11:15:43","date_gmt":"2023-03-17T10:15:43","guid":{"rendered":"https:\/\/test.sollux-lighting.com\/nasza-oferta\/non%20class\u00e9\/applique-fabiano\/"},"modified":"2024-03-26T18:14:55","modified_gmt":"2024-03-26T17:14:55","slug":"applique-fabiano","status":"publish","type":"product","link":"https:\/\/sollux-lighting.com\/fr\/nasza-oferta\/applique\/applique-fabiano\/","title":{"rendered":"Applique FABIANO"},"content":{"rendered":"<p>L&rsquo;association \u00e9l\u00e9gante du verre et du m\u00e9tal fait toujours le bonheur des amateurs de style moderne &#8211; la collection Fabiano a \u00e9t\u00e9 cr\u00e9\u00e9e pour eux. Les formes g\u00e9om\u00e9triques, les mat\u00e9riaux de qualit\u00e9 sup\u00e9rieure et le design minimaliste font de chaque lampe moderne de cette s\u00e9rie une d\u00e9coration unique de tout int\u00e9rieur. Les luminaires Fabiano s&rsquo;int\u00e8grent parfaitement dans toutes les pi\u00e8ces &#8211; du salon et de la salle \u00e0 manger \u00e0 la cuisine et \u00e0 la salle de bains. Le design le plus \u00e0 la mode pour les clients les plus exigeants.<\/p>\n","protected":false},"excerpt":{"rendered":"<p>Source de lumi\u00e8re : E27, 2x max 15W LED, 50Hz, ~230V, IP20, classe de protection I<br \/>\nLa source de lumi\u00e8re n&rsquo;est pas incluse.<br \/>\nDimensions : 27\/7\/37 cm<br \/>\nMat\u00e9riau : acier, verre<br \/>\nCouleur : chrome, blanc<\/p>\n","protected":false},"featured_media":43725,"template":"","meta":{"_acf_changed":false},"product_brand":[],"product_cat":[1899],"product_tag":[],"class_list":{"0":"post-72548","1":"product","2":"type-product","3":"status-publish","4":"has-post-thumbnail","6":"product_cat-applique","8":"first","9":"instock","10":"product-type-simple"},"acf":[],"yoast_head":"<!-- This site is optimized with the Yoast SEO plugin v25.4 - https:\/\/yoast.com\/wordpress\/plugins\/seo\/ -->\n<title>Applique FABIANO - Sollux Lighting<\/title>\n<meta name=\"robots\" content=\"index, follow, max-snippet:-1, max-image-preview:large, max-video-preview:-1\" \/>\n<link rel=\"canonical\" href=\"https:\/\/sollux-lighting.com\/fr\/nasza-oferta\/applique\/applique-fabiano\/\" \/>\n<meta property=\"og:locale\" content=\"fr_FR\" \/>\n<meta property=\"og:type\" content=\"article\" \/>\n<meta property=\"og:title\" content=\"Applique FABIANO - Sollux Lighting\" \/>\n<meta property=\"og:description\" content=\"Source de lumi\u00e8re : E27, 2x max 15W LED, 50Hz, ~230V, IP20, classe de protection I La source de lumi\u00e8re n&#039;est pas incluse. Dimensions : 27\/7\/37 cm Mat\u00e9riau : acier, verre Couleur : chrome, blanc\" \/>\n<meta property=\"og:url\" content=\"https:\/\/sollux-lighting.com\/fr\/nasza-oferta\/applique\/applique-fabiano\/\" \/>\n<meta property=\"og:site_name\" content=\"Sollux Lighting\" \/>\n<meta property=\"article:modified_time\" content=\"2024-03-26T17:14:55+00:00\" \/>\n<meta property=\"og:image\" content=\"https:\/\/sollux-lighting.com\/wp-content\/uploads\/2023\/03\/0197-1-k.jpg\" \/>\n\t<meta property=\"og:image:width\" content=\"750\" \/>\n\t<meta property=\"og:image:height\" content=\"750\" \/>\n\t<meta property=\"og:image:type\" content=\"image\/jpeg\" \/>\n<meta name=\"twitter:card\" content=\"summary_large_image\" \/>\n<script type=\"application\/ld+json\" class=\"yoast-schema-graph\">{\"@context\":\"https:\/\/schema.org\",\"@graph\":[{\"@type\":\"WebPage\",\"@id\":\"https:\/\/sollux-lighting.com\/fr\/nasza-oferta\/applique\/applique-fabiano\/\",\"url\":\"https:\/\/sollux-lighting.com\/fr\/nasza-oferta\/applique\/applique-fabiano\/\",\"name\":\"Applique FABIANO - Sollux Lighting\",\"isPartOf\":{\"@id\":\"https:\/\/sollux-lighting.com\/fr\/#website\"},\"primaryImageOfPage\":{\"@id\":\"https:\/\/sollux-lighting.com\/fr\/nasza-oferta\/applique\/applique-fabiano\/#primaryimage\"},\"image\":{\"@id\":\"https:\/\/sollux-lighting.com\/fr\/nasza-oferta\/applique\/applique-fabiano\/#primaryimage\"},\"thumbnailUrl\":\"https:\/\/sollux-lighting.com\/wp-content\/uploads\/2023\/03\/0197-1-k.jpg\",\"datePublished\":\"2023-03-17T10:15:43+00:00\",\"dateModified\":\"2024-03-26T17:14:55+00:00\",\"breadcrumb\":{\"@id\":\"https:\/\/sollux-lighting.com\/fr\/nasza-oferta\/applique\/applique-fabiano\/#breadcrumb\"},\"inLanguage\":\"fr-FR\",\"potentialAction\":[{\"@type\":\"ReadAction\",\"target\":[\"https:\/\/sollux-lighting.com\/fr\/nasza-oferta\/applique\/applique-fabiano\/\"]}]},{\"@type\":\"ImageObject\",\"inLanguage\":\"fr-FR\",\"@id\":\"https:\/\/sollux-lighting.com\/fr\/nasza-oferta\/applique\/applique-fabiano\/#primaryimage\",\"url\":\"https:\/\/sollux-lighting.com\/wp-content\/uploads\/2023\/03\/0197-1-k.jpg\",\"contentUrl\":\"https:\/\/sollux-lighting.com\/wp-content\/uploads\/2023\/03\/0197-1-k.jpg\",\"width\":750,\"height\":750},{\"@type\":\"BreadcrumbList\",\"@id\":\"https:\/\/sollux-lighting.com\/fr\/nasza-oferta\/applique\/applique-fabiano\/#breadcrumb\",\"itemListElement\":[{\"@type\":\"ListItem\",\"position\":1,\"name\":\"Page d'accueil\",\"item\":\"https:\/\/sollux-lighting.com\/fr\/\"},{\"@type\":\"ListItem\",\"position\":2,\"name\":\"Notre offre\",\"item\":\"https:\/\/sollux-lighting.com\/fr\/notre-offre\/\"},{\"@type\":\"ListItem\",\"position\":3,\"name\":\"Applique FABIANO\"}]},{\"@type\":\"WebSite\",\"@id\":\"https:\/\/sollux-lighting.com\/fr\/#website\",\"url\":\"https:\/\/sollux-lighting.com\/fr\/\",\"name\":\"Sollux Lighting\",\"description\":\"Brighten up your business\",\"publisher\":{\"@id\":\"https:\/\/sollux-lighting.com\/fr\/#organization\"},\"potentialAction\":[{\"@type\":\"SearchAction\",\"target\":{\"@type\":\"EntryPoint\",\"urlTemplate\":\"https:\/\/sollux-lighting.com\/fr\/?s={search_term_string}\"},\"query-input\":{\"@type\":\"PropertyValueSpecification\",\"valueRequired\":true,\"valueName\":\"search_term_string\"}}],\"inLanguage\":\"fr-FR\"},{\"@type\":\"Organization\",\"@id\":\"https:\/\/sollux-lighting.com\/fr\/#organization\",\"name\":\"Sollux Lighting\",\"url\":\"https:\/\/sollux-lighting.com\/fr\/\",\"logo\":{\"@type\":\"ImageObject\",\"inLanguage\":\"fr-FR\",\"@id\":\"https:\/\/sollux-lighting.com\/fr\/#\/schema\/logo\/image\/\",\"url\":\"https:\/\/sollux-lighting.com\/wp-content\/uploads\/2023\/02\/LOGO.svg\",\"contentUrl\":\"https:\/\/sollux-lighting.com\/wp-content\/uploads\/2023\/02\/LOGO.svg\",\"width\":160,\"height\":46,\"caption\":\"Sollux Lighting \"},\"image\":{\"@id\":\"https:\/\/sollux-lighting.com\/fr\/#\/schema\/logo\/image\/\"}}]}<\/script>\n<!-- \/ Yoast SEO plugin. -->","yoast_head_json":{"title":"Applique FABIANO - Sollux Lighting","robots":{"index":"index","follow":"follow","max-snippet":"max-snippet:-1","max-image-preview":"max-image-preview:large","max-video-preview":"max-video-preview:-1"},"canonical":"https:\/\/sollux-lighting.com\/fr\/nasza-oferta\/applique\/applique-fabiano\/","og_locale":"fr_FR","og_type":"article","og_title":"Applique FABIANO - Sollux Lighting","og_description":"Source de lumi\u00e8re : E27, 2x max 15W LED, 50Hz, ~230V, IP20, classe de protection I La source de lumi\u00e8re n'est pas incluse. Dimensions : 27\/7\/37 cm Mat\u00e9riau : acier, verre Couleur : chrome, blanc","og_url":"https:\/\/sollux-lighting.com\/fr\/nasza-oferta\/applique\/applique-fabiano\/","og_site_name":"Sollux Lighting","article_modified_time":"2024-03-26T17:14:55+00:00","og_image":[{"width":750,"height":750,"url":"https:\/\/sollux-lighting.com\/wp-content\/uploads\/2023\/03\/0197-1-k.jpg","type":"image\/jpeg"}],"twitter_card":"summary_large_image","schema":{"@context":"https:\/\/schema.org","@graph":[{"@type":"WebPage","@id":"https:\/\/sollux-lighting.com\/fr\/nasza-oferta\/applique\/applique-fabiano\/","url":"https:\/\/sollux-lighting.com\/fr\/nasza-oferta\/applique\/applique-fabiano\/","name":"Applique FABIANO - Sollux Lighting","isPartOf":{"@id":"https:\/\/sollux-lighting.com\/fr\/#website"},"primaryImageOfPage":{"@id":"https:\/\/sollux-lighting.com\/fr\/nasza-oferta\/applique\/applique-fabiano\/#primaryimage"},"image":{"@id":"https:\/\/sollux-lighting.com\/fr\/nasza-oferta\/applique\/applique-fabiano\/#primaryimage"},"thumbnailUrl":"https:\/\/sollux-lighting.com\/wp-content\/uploads\/2023\/03\/0197-1-k.jpg","datePublished":"2023-03-17T10:15:43+00:00","dateModified":"2024-03-26T17:14:55+00:00","breadcrumb":{"@id":"https:\/\/sollux-lighting.com\/fr\/nasza-oferta\/applique\/applique-fabiano\/#breadcrumb"},"inLanguage":"fr-FR","potentialAction":[{"@type":"ReadAction","target":["https:\/\/sollux-lighting.com\/fr\/nasza-oferta\/applique\/applique-fabiano\/"]}]},{"@type":"ImageObject","inLanguage":"fr-FR","@id":"https:\/\/sollux-lighting.com\/fr\/nasza-oferta\/applique\/applique-fabiano\/#primaryimage","url":"https:\/\/sollux-lighting.com\/wp-content\/uploads\/2023\/03\/0197-1-k.jpg","contentUrl":"https:\/\/sollux-lighting.com\/wp-content\/uploads\/2023\/03\/0197-1-k.jpg","width":750,"height":750},{"@type":"BreadcrumbList","@id":"https:\/\/sollux-lighting.com\/fr\/nasza-oferta\/applique\/applique-fabiano\/#breadcrumb","itemListElement":[{"@type":"ListItem","position":1,"name":"Page d'accueil","item":"https:\/\/sollux-lighting.com\/fr\/"},{"@type":"ListItem","position":2,"name":"Notre offre","item":"https:\/\/sollux-lighting.com\/fr\/notre-offre\/"},{"@type":"ListItem","position":3,"name":"Applique FABIANO"}]},{"@type":"WebSite","@id":"https:\/\/sollux-lighting.com\/fr\/#website","url":"https:\/\/sollux-lighting.com\/fr\/","name":"Sollux Lighting","description":"Brighten up your business","publisher":{"@id":"https:\/\/sollux-lighting.com\/fr\/#organization"},"potentialAction":[{"@type":"SearchAction","target":{"@type":"EntryPoint","urlTemplate":"https:\/\/sollux-lighting.com\/fr\/?s={search_term_string}"},"query-input":{"@type":"PropertyValueSpecification","valueRequired":true,"valueName":"search_term_string"}}],"inLanguage":"fr-FR"},{"@type":"Organization","@id":"https:\/\/sollux-lighting.com\/fr\/#organization","name":"Sollux Lighting","url":"https:\/\/sollux-lighting.com\/fr\/","logo":{"@type":"ImageObject","inLanguage":"fr-FR","@id":"https:\/\/sollux-lighting.com\/fr\/#\/schema\/logo\/image\/","url":"https:\/\/sollux-lighting.com\/wp-content\/uploads\/2023\/02\/LOGO.svg","contentUrl":"https:\/\/sollux-lighting.com\/wp-content\/uploads\/2023\/02\/LOGO.svg","width":160,"height":46,"caption":"Sollux Lighting "},"image":{"@id":"https:\/\/sollux-lighting.com\/fr\/#\/schema\/logo\/image\/"}}]}},"_links":{"self":[{"href":"https:\/\/sollux-lighting.com\/fr\/wp-json\/wp\/v2\/product\/72548","targetHints":{"allow":["GET"]}}],"collection":[{"href":"https:\/\/sollux-lighting.com\/fr\/wp-json\/wp\/v2\/product"}],"about":[{"href":"https:\/\/sollux-lighting.com\/fr\/wp-json\/wp\/v2\/types\/product"}],"wp:featuredmedia":[{"embeddable":true,"href":"https:\/\/sollux-lighting.com\/fr\/wp-json\/wp\/v2\/media\/43725"}],"wp:attachment":[{"href":"https:\/\/sollux-lighting.com\/fr\/wp-json\/wp\/v2\/media?parent=72548"}],"wp:term":[{"taxonomy":"product_brand","embeddable":true,"href":"https:\/\/sollux-lighting.com\/fr\/wp-json\/wp\/v2\/product_brand?post=72548"},{"taxonomy":"product_cat","embeddable":true,"href":"https:\/\/sollux-lighting.com\/fr\/wp-json\/wp\/v2\/product_cat?post=72548"},{"taxonomy":"product_tag","embeddable":true,"href":"https:\/\/sollux-lighting.com\/fr\/wp-json\/wp\/v2\/product_tag?post=72548"}],"curies":[{"name":"wp","href":"https:\/\/api.w.org\/{rel}","templated":true}]}}