{"id":74022,"date":"2023-03-17T11:35:28","date_gmt":"2023-03-17T10:35:28","guid":{"rendered":"https:\/\/test.sollux-lighting.com\/nasza-oferta\/sin%20categor\u00eda\/lampada-a-soffitto-skala-90-nero\/"},"modified":"2024-03-26T21:29:13","modified_gmt":"2024-03-26T20:29:13","slug":"lampada-a-soffitto-skala-90-nero","status":"publish","type":"product","link":"https:\/\/sollux-lighting.com\/es\/nasza-oferta\/lampara-de-techo\/lampada-a-soffitto-skala-90-nero\/","title":{"rendered":"Lampada a soffitto SKALA 90 nero"},"content":{"rendered":"<p>Para todos aquellos que aman la elegancia y el estilo, el plaf\u00f3n SKALA es una gran soluci\u00f3n. Este candelabro redondo es la elecci\u00f3n perfecta para aquellos que desean dar elegancia a sus habitaciones y proporcionar una muy buena iluminaci\u00f3n. Los plafones SKALA son una garant\u00eda de la m\u00e1s alta calidad. Su gran ventaja es su universalidad. Se pueden utilizar en una variedad de habitaciones, ya sea en un estilo moderno o tradicional. Se ven muy bien en salas de estar, dormitorios, cocinas, ba\u00f1os, habitaciones infantiles y juveniles.<\/p>\n","protected":false},"excerpt":{"rendered":"<p>Fuente de luz: E27, 6x m\u00e1ximo 15W LED, 50Hz, ~230V, IP20, clase de protecci\u00f3n I<br \/>\nLa fuente de luz no est\u00e1 incluida.<br \/>\nDimensiones: 90\/90\/20 cm<br \/>\nMaterial: tela, vidrio, acero<br \/>\nColor: negro<\/p>\n","protected":false},"featured_media":52610,"template":"","meta":{"_acf_changed":false},"product_brand":[],"product_cat":[1918],"product_tag":[],"class_list":{"0":"post-74022","1":"product","2":"type-product","3":"status-publish","4":"has-post-thumbnail","6":"product_cat-lampara-de-techo","8":"first","9":"instock","10":"product-type-simple"},"acf":[],"yoast_head":"<!-- This site is optimized with the Yoast SEO plugin v25.4 - https:\/\/yoast.com\/wordpress\/plugins\/seo\/ -->\n<title>Lampada a soffitto SKALA 90 nero - Sollux Lighting<\/title>\n<meta name=\"robots\" content=\"index, follow, max-snippet:-1, max-image-preview:large, max-video-preview:-1\" \/>\n<link rel=\"canonical\" href=\"https:\/\/sollux-lighting.com\/es\/nasza-oferta\/lampara-de-techo\/lampada-a-soffitto-skala-90-nero\/\" \/>\n<meta property=\"og:locale\" content=\"es_ES\" \/>\n<meta property=\"og:type\" content=\"article\" \/>\n<meta property=\"og:title\" content=\"Lampada a soffitto SKALA 90 nero - Sollux Lighting\" \/>\n<meta property=\"og:description\" content=\"Fuente de luz: E27, 6x m\u00e1ximo 15W LED, 50Hz, ~230V, IP20, clase de protecci\u00f3n I La fuente de luz no est\u00e1 incluida. Dimensiones: 90\/90\/20 cm Material: tela, vidrio, acero Color: negro\" \/>\n<meta property=\"og:url\" content=\"https:\/\/sollux-lighting.com\/es\/nasza-oferta\/lampara-de-techo\/lampada-a-soffitto-skala-90-nero\/\" \/>\n<meta property=\"og:site_name\" content=\"Sollux Lighting\" \/>\n<meta property=\"article:modified_time\" content=\"2024-03-26T20:29:13+00:00\" \/>\n<meta property=\"og:image\" content=\"https:\/\/sollux-lighting.com\/wp-content\/uploads\/2023\/03\/0816-1-k.jpg\" \/>\n\t<meta property=\"og:image:width\" content=\"750\" \/>\n\t<meta property=\"og:image:height\" content=\"750\" \/>\n\t<meta property=\"og:image:type\" content=\"image\/jpeg\" \/>\n<meta name=\"twitter:card\" content=\"summary_large_image\" \/>\n<script type=\"application\/ld+json\" class=\"yoast-schema-graph\">{\"@context\":\"https:\/\/schema.org\",\"@graph\":[{\"@type\":\"WebPage\",\"@id\":\"https:\/\/sollux-lighting.com\/es\/nasza-oferta\/lampara-de-techo\/lampada-a-soffitto-skala-90-nero\/\",\"url\":\"https:\/\/sollux-lighting.com\/es\/nasza-oferta\/lampara-de-techo\/lampada-a-soffitto-skala-90-nero\/\",\"name\":\"Lampada a soffitto SKALA 90 nero - Sollux Lighting\",\"isPartOf\":{\"@id\":\"https:\/\/sollux-lighting.com\/es\/#website\"},\"primaryImageOfPage\":{\"@id\":\"https:\/\/sollux-lighting.com\/es\/nasza-oferta\/lampara-de-techo\/lampada-a-soffitto-skala-90-nero\/#primaryimage\"},\"image\":{\"@id\":\"https:\/\/sollux-lighting.com\/es\/nasza-oferta\/lampara-de-techo\/lampada-a-soffitto-skala-90-nero\/#primaryimage\"},\"thumbnailUrl\":\"https:\/\/sollux-lighting.com\/wp-content\/uploads\/2023\/03\/0816-1-k.jpg\",\"datePublished\":\"2023-03-17T10:35:28+00:00\",\"dateModified\":\"2024-03-26T20:29:13+00:00\",\"breadcrumb\":{\"@id\":\"https:\/\/sollux-lighting.com\/es\/nasza-oferta\/lampara-de-techo\/lampada-a-soffitto-skala-90-nero\/#breadcrumb\"},\"inLanguage\":\"es\",\"potentialAction\":[{\"@type\":\"ReadAction\",\"target\":[\"https:\/\/sollux-lighting.com\/es\/nasza-oferta\/lampara-de-techo\/lampada-a-soffitto-skala-90-nero\/\"]}]},{\"@type\":\"ImageObject\",\"inLanguage\":\"es\",\"@id\":\"https:\/\/sollux-lighting.com\/es\/nasza-oferta\/lampara-de-techo\/lampada-a-soffitto-skala-90-nero\/#primaryimage\",\"url\":\"https:\/\/sollux-lighting.com\/wp-content\/uploads\/2023\/03\/0816-1-k.jpg\",\"contentUrl\":\"https:\/\/sollux-lighting.com\/wp-content\/uploads\/2023\/03\/0816-1-k.jpg\",\"width\":750,\"height\":750},{\"@type\":\"BreadcrumbList\",\"@id\":\"https:\/\/sollux-lighting.com\/es\/nasza-oferta\/lampara-de-techo\/lampada-a-soffitto-skala-90-nero\/#breadcrumb\",\"itemListElement\":[{\"@type\":\"ListItem\",\"position\":1,\"name\":\"P\u00e1gina principal\",\"item\":\"https:\/\/sollux-lighting.com\/es\/\"},{\"@type\":\"ListItem\",\"position\":2,\"name\":\"Nuestra oferta\",\"item\":\"https:\/\/sollux-lighting.com\/es\/nuestra-oferta\/\"},{\"@type\":\"ListItem\",\"position\":3,\"name\":\"Lampada a soffitto SKALA 90 nero\"}]},{\"@type\":\"WebSite\",\"@id\":\"https:\/\/sollux-lighting.com\/es\/#website\",\"url\":\"https:\/\/sollux-lighting.com\/es\/\",\"name\":\"Sollux Lighting\",\"description\":\"Brighten up your business\",\"publisher\":{\"@id\":\"https:\/\/sollux-lighting.com\/es\/#organization\"},\"potentialAction\":[{\"@type\":\"SearchAction\",\"target\":{\"@type\":\"EntryPoint\",\"urlTemplate\":\"https:\/\/sollux-lighting.com\/es\/?s={search_term_string}\"},\"query-input\":{\"@type\":\"PropertyValueSpecification\",\"valueRequired\":true,\"valueName\":\"search_term_string\"}}],\"inLanguage\":\"es\"},{\"@type\":\"Organization\",\"@id\":\"https:\/\/sollux-lighting.com\/es\/#organization\",\"name\":\"Sollux Lighting\",\"url\":\"https:\/\/sollux-lighting.com\/es\/\",\"logo\":{\"@type\":\"ImageObject\",\"inLanguage\":\"es\",\"@id\":\"https:\/\/sollux-lighting.com\/es\/#\/schema\/logo\/image\/\",\"url\":\"https:\/\/sollux-lighting.com\/wp-content\/uploads\/2023\/02\/LOGO.svg\",\"contentUrl\":\"https:\/\/sollux-lighting.com\/wp-content\/uploads\/2023\/02\/LOGO.svg\",\"width\":160,\"height\":46,\"caption\":\"Sollux Lighting \"},\"image\":{\"@id\":\"https:\/\/sollux-lighting.com\/es\/#\/schema\/logo\/image\/\"}}]}<\/script>\n<!-- \/ Yoast SEO plugin. -->","yoast_head_json":{"title":"Lampada a soffitto SKALA 90 nero - Sollux Lighting","robots":{"index":"index","follow":"follow","max-snippet":"max-snippet:-1","max-image-preview":"max-image-preview:large","max-video-preview":"max-video-preview:-1"},"canonical":"https:\/\/sollux-lighting.com\/es\/nasza-oferta\/lampara-de-techo\/lampada-a-soffitto-skala-90-nero\/","og_locale":"es_ES","og_type":"article","og_title":"Lampada a soffitto SKALA 90 nero - Sollux Lighting","og_description":"Fuente de luz: E27, 6x m\u00e1ximo 15W LED, 50Hz, ~230V, IP20, clase de protecci\u00f3n I La fuente de luz no est\u00e1 incluida. Dimensiones: 90\/90\/20 cm Material: tela, vidrio, acero Color: negro","og_url":"https:\/\/sollux-lighting.com\/es\/nasza-oferta\/lampara-de-techo\/lampada-a-soffitto-skala-90-nero\/","og_site_name":"Sollux Lighting","article_modified_time":"2024-03-26T20:29:13+00:00","og_image":[{"width":750,"height":750,"url":"https:\/\/sollux-lighting.com\/wp-content\/uploads\/2023\/03\/0816-1-k.jpg","type":"image\/jpeg"}],"twitter_card":"summary_large_image","schema":{"@context":"https:\/\/schema.org","@graph":[{"@type":"WebPage","@id":"https:\/\/sollux-lighting.com\/es\/nasza-oferta\/lampara-de-techo\/lampada-a-soffitto-skala-90-nero\/","url":"https:\/\/sollux-lighting.com\/es\/nasza-oferta\/lampara-de-techo\/lampada-a-soffitto-skala-90-nero\/","name":"Lampada a soffitto SKALA 90 nero - Sollux Lighting","isPartOf":{"@id":"https:\/\/sollux-lighting.com\/es\/#website"},"primaryImageOfPage":{"@id":"https:\/\/sollux-lighting.com\/es\/nasza-oferta\/lampara-de-techo\/lampada-a-soffitto-skala-90-nero\/#primaryimage"},"image":{"@id":"https:\/\/sollux-lighting.com\/es\/nasza-oferta\/lampara-de-techo\/lampada-a-soffitto-skala-90-nero\/#primaryimage"},"thumbnailUrl":"https:\/\/sollux-lighting.com\/wp-content\/uploads\/2023\/03\/0816-1-k.jpg","datePublished":"2023-03-17T10:35:28+00:00","dateModified":"2024-03-26T20:29:13+00:00","breadcrumb":{"@id":"https:\/\/sollux-lighting.com\/es\/nasza-oferta\/lampara-de-techo\/lampada-a-soffitto-skala-90-nero\/#breadcrumb"},"inLanguage":"es","potentialAction":[{"@type":"ReadAction","target":["https:\/\/sollux-lighting.com\/es\/nasza-oferta\/lampara-de-techo\/lampada-a-soffitto-skala-90-nero\/"]}]},{"@type":"ImageObject","inLanguage":"es","@id":"https:\/\/sollux-lighting.com\/es\/nasza-oferta\/lampara-de-techo\/lampada-a-soffitto-skala-90-nero\/#primaryimage","url":"https:\/\/sollux-lighting.com\/wp-content\/uploads\/2023\/03\/0816-1-k.jpg","contentUrl":"https:\/\/sollux-lighting.com\/wp-content\/uploads\/2023\/03\/0816-1-k.jpg","width":750,"height":750},{"@type":"BreadcrumbList","@id":"https:\/\/sollux-lighting.com\/es\/nasza-oferta\/lampara-de-techo\/lampada-a-soffitto-skala-90-nero\/#breadcrumb","itemListElement":[{"@type":"ListItem","position":1,"name":"P\u00e1gina principal","item":"https:\/\/sollux-lighting.com\/es\/"},{"@type":"ListItem","position":2,"name":"Nuestra oferta","item":"https:\/\/sollux-lighting.com\/es\/nuestra-oferta\/"},{"@type":"ListItem","position":3,"name":"Lampada a soffitto SKALA 90 nero"}]},{"@type":"WebSite","@id":"https:\/\/sollux-lighting.com\/es\/#website","url":"https:\/\/sollux-lighting.com\/es\/","name":"Sollux Lighting","description":"Brighten up your business","publisher":{"@id":"https:\/\/sollux-lighting.com\/es\/#organization"},"potentialAction":[{"@type":"SearchAction","target":{"@type":"EntryPoint","urlTemplate":"https:\/\/sollux-lighting.com\/es\/?s={search_term_string}"},"query-input":{"@type":"PropertyValueSpecification","valueRequired":true,"valueName":"search_term_string"}}],"inLanguage":"es"},{"@type":"Organization","@id":"https:\/\/sollux-lighting.com\/es\/#organization","name":"Sollux Lighting","url":"https:\/\/sollux-lighting.com\/es\/","logo":{"@type":"ImageObject","inLanguage":"es","@id":"https:\/\/sollux-lighting.com\/es\/#\/schema\/logo\/image\/","url":"https:\/\/sollux-lighting.com\/wp-content\/uploads\/2023\/02\/LOGO.svg","contentUrl":"https:\/\/sollux-lighting.com\/wp-content\/uploads\/2023\/02\/LOGO.svg","width":160,"height":46,"caption":"Sollux Lighting "},"image":{"@id":"https:\/\/sollux-lighting.com\/es\/#\/schema\/logo\/image\/"}}]}},"_links":{"self":[{"href":"https:\/\/sollux-lighting.com\/es\/wp-json\/wp\/v2\/product\/74022","targetHints":{"allow":["GET"]}}],"collection":[{"href":"https:\/\/sollux-lighting.com\/es\/wp-json\/wp\/v2\/product"}],"about":[{"href":"https:\/\/sollux-lighting.com\/es\/wp-json\/wp\/v2\/types\/product"}],"wp:featuredmedia":[{"embeddable":true,"href":"https:\/\/sollux-lighting.com\/es\/wp-json\/wp\/v2\/media\/52610"}],"wp:attachment":[{"href":"https:\/\/sollux-lighting.com\/es\/wp-json\/wp\/v2\/media?parent=74022"}],"wp:term":[{"taxonomy":"product_brand","embeddable":true,"href":"https:\/\/sollux-lighting.com\/es\/wp-json\/wp\/v2\/product_brand?post=74022"},{"taxonomy":"product_cat","embeddable":true,"href":"https:\/\/sollux-lighting.com\/es\/wp-json\/wp\/v2\/product_cat?post=74022"},{"taxonomy":"product_tag","embeddable":true,"href":"https:\/\/sollux-lighting.com\/es\/wp-json\/wp\/v2\/product_tag?post=74022"}],"curies":[{"name":"wp","href":"https:\/\/api.w.org\/{rel}","templated":true}]}}