{"id":73818,"date":"2023-03-17T11:23:33","date_gmt":"2023-03-17T10:23:33","guid":{"rendered":"https:\/\/test.sollux-lighting.com\/nasza-oferta\/sin%20categor\u00eda\/lampada-da-soffitto-orbis-in-cemento\/"},"modified":"2024-03-26T21:12:29","modified_gmt":"2024-03-26T20:12:29","slug":"lampada-da-soffitto-orbis-in-cemento","status":"publish","type":"product","link":"https:\/\/sollux-lighting.com\/es\/nasza-oferta\/lampara-de-techo\/lampada-da-soffitto-orbis-in-cemento\/","title":{"rendered":"Lampada da soffitto ORBIS in cemento"},"content":{"rendered":"<p>Esta l\u00e1mpara inusual en forma de s\u00f3lido geom\u00e9trico atraer\u00e1 a todos los amantes del dise\u00f1o moderno. Se puede adaptar f\u00e1cilmente a los dise\u00f1os de interiores m\u00e1s originales en los que predominan las combinaciones de diferentes materiales. El plaf\u00f3n presentado tiene un marco de concreto, lo que le da un car\u00e1cter crudo. Al mismo tiempo, la l\u00e1mpara garantiza una iluminaci\u00f3n eficiente de la habitaci\u00f3n y, por lo tanto, es indispensable al crear un interior acogedor inspirado en las tendencias escandinavas o el dise\u00f1o industrial.<\/p>\n","protected":false},"excerpt":{"rendered":"<p>Fuente de luz: GU10, 1x m\u00e1ximo 10W LED, 50Hz, ~230V, IP20, clase de protecci\u00f3n I<br \/>\nLa fuente de luz no est\u00e1 incluida.<br \/>\nDimensiones: 10\/10\/10 cm<br \/>\nMaterial: concreto<br \/>\nColor: gris<\/p>\n","protected":false},"featured_media":47384,"template":"","meta":{"_acf_changed":false},"product_brand":[],"product_cat":[1918],"product_tag":[],"class_list":{"0":"post-73818","1":"product","2":"type-product","3":"status-publish","4":"has-post-thumbnail","6":"product_cat-lampara-de-techo","8":"first","9":"instock","10":"product-type-simple"},"acf":[],"yoast_head":"<!-- This site is optimized with the Yoast SEO plugin v25.4 - https:\/\/yoast.com\/wordpress\/plugins\/seo\/ -->\n<title>Lampada da soffitto ORBIS in cemento - Sollux Lighting<\/title>\n<meta name=\"robots\" content=\"index, follow, max-snippet:-1, max-image-preview:large, max-video-preview:-1\" \/>\n<link rel=\"canonical\" href=\"https:\/\/sollux-lighting.com\/es\/nasza-oferta\/lampara-de-techo\/lampada-da-soffitto-orbis-in-cemento\/\" \/>\n<meta property=\"og:locale\" content=\"es_ES\" \/>\n<meta property=\"og:type\" content=\"article\" \/>\n<meta property=\"og:title\" content=\"Lampada da soffitto ORBIS in cemento - Sollux Lighting\" \/>\n<meta property=\"og:description\" content=\"Fuente de luz: GU10, 1x m\u00e1ximo 10W LED, 50Hz, ~230V, IP20, clase de protecci\u00f3n I La fuente de luz no est\u00e1 incluida. Dimensiones: 10\/10\/10 cm Material: concreto Color: gris\" \/>\n<meta property=\"og:url\" content=\"https:\/\/sollux-lighting.com\/es\/nasza-oferta\/lampara-de-techo\/lampada-da-soffitto-orbis-in-cemento\/\" \/>\n<meta property=\"og:site_name\" content=\"Sollux Lighting\" \/>\n<meta property=\"article:modified_time\" content=\"2024-03-26T20:12:29+00:00\" \/>\n<meta property=\"og:image\" content=\"https:\/\/sollux-lighting.com\/wp-content\/uploads\/2023\/03\/0488-1-k.jpg\" \/>\n\t<meta property=\"og:image:width\" content=\"750\" \/>\n\t<meta property=\"og:image:height\" content=\"750\" \/>\n\t<meta property=\"og:image:type\" content=\"image\/jpeg\" \/>\n<meta name=\"twitter:card\" content=\"summary_large_image\" \/>\n<script type=\"application\/ld+json\" class=\"yoast-schema-graph\">{\"@context\":\"https:\/\/schema.org\",\"@graph\":[{\"@type\":\"WebPage\",\"@id\":\"https:\/\/sollux-lighting.com\/es\/nasza-oferta\/lampara-de-techo\/lampada-da-soffitto-orbis-in-cemento\/\",\"url\":\"https:\/\/sollux-lighting.com\/es\/nasza-oferta\/lampara-de-techo\/lampada-da-soffitto-orbis-in-cemento\/\",\"name\":\"Lampada da soffitto ORBIS in cemento - Sollux Lighting\",\"isPartOf\":{\"@id\":\"https:\/\/sollux-lighting.com\/es\/#website\"},\"primaryImageOfPage\":{\"@id\":\"https:\/\/sollux-lighting.com\/es\/nasza-oferta\/lampara-de-techo\/lampada-da-soffitto-orbis-in-cemento\/#primaryimage\"},\"image\":{\"@id\":\"https:\/\/sollux-lighting.com\/es\/nasza-oferta\/lampara-de-techo\/lampada-da-soffitto-orbis-in-cemento\/#primaryimage\"},\"thumbnailUrl\":\"https:\/\/sollux-lighting.com\/wp-content\/uploads\/2023\/03\/0488-1-k.jpg\",\"datePublished\":\"2023-03-17T10:23:33+00:00\",\"dateModified\":\"2024-03-26T20:12:29+00:00\",\"breadcrumb\":{\"@id\":\"https:\/\/sollux-lighting.com\/es\/nasza-oferta\/lampara-de-techo\/lampada-da-soffitto-orbis-in-cemento\/#breadcrumb\"},\"inLanguage\":\"es\",\"potentialAction\":[{\"@type\":\"ReadAction\",\"target\":[\"https:\/\/sollux-lighting.com\/es\/nasza-oferta\/lampara-de-techo\/lampada-da-soffitto-orbis-in-cemento\/\"]}]},{\"@type\":\"ImageObject\",\"inLanguage\":\"es\",\"@id\":\"https:\/\/sollux-lighting.com\/es\/nasza-oferta\/lampara-de-techo\/lampada-da-soffitto-orbis-in-cemento\/#primaryimage\",\"url\":\"https:\/\/sollux-lighting.com\/wp-content\/uploads\/2023\/03\/0488-1-k.jpg\",\"contentUrl\":\"https:\/\/sollux-lighting.com\/wp-content\/uploads\/2023\/03\/0488-1-k.jpg\",\"width\":750,\"height\":750},{\"@type\":\"BreadcrumbList\",\"@id\":\"https:\/\/sollux-lighting.com\/es\/nasza-oferta\/lampara-de-techo\/lampada-da-soffitto-orbis-in-cemento\/#breadcrumb\",\"itemListElement\":[{\"@type\":\"ListItem\",\"position\":1,\"name\":\"P\u00e1gina principal\",\"item\":\"https:\/\/sollux-lighting.com\/es\/\"},{\"@type\":\"ListItem\",\"position\":2,\"name\":\"Nuestra oferta\",\"item\":\"https:\/\/sollux-lighting.com\/es\/nuestra-oferta\/\"},{\"@type\":\"ListItem\",\"position\":3,\"name\":\"Lampada da soffitto ORBIS in cemento\"}]},{\"@type\":\"WebSite\",\"@id\":\"https:\/\/sollux-lighting.com\/es\/#website\",\"url\":\"https:\/\/sollux-lighting.com\/es\/\",\"name\":\"Sollux Lighting\",\"description\":\"Brighten up your business\",\"publisher\":{\"@id\":\"https:\/\/sollux-lighting.com\/es\/#organization\"},\"potentialAction\":[{\"@type\":\"SearchAction\",\"target\":{\"@type\":\"EntryPoint\",\"urlTemplate\":\"https:\/\/sollux-lighting.com\/es\/?s={search_term_string}\"},\"query-input\":{\"@type\":\"PropertyValueSpecification\",\"valueRequired\":true,\"valueName\":\"search_term_string\"}}],\"inLanguage\":\"es\"},{\"@type\":\"Organization\",\"@id\":\"https:\/\/sollux-lighting.com\/es\/#organization\",\"name\":\"Sollux Lighting\",\"url\":\"https:\/\/sollux-lighting.com\/es\/\",\"logo\":{\"@type\":\"ImageObject\",\"inLanguage\":\"es\",\"@id\":\"https:\/\/sollux-lighting.com\/es\/#\/schema\/logo\/image\/\",\"url\":\"https:\/\/sollux-lighting.com\/wp-content\/uploads\/2023\/02\/LOGO.svg\",\"contentUrl\":\"https:\/\/sollux-lighting.com\/wp-content\/uploads\/2023\/02\/LOGO.svg\",\"width\":160,\"height\":46,\"caption\":\"Sollux Lighting \"},\"image\":{\"@id\":\"https:\/\/sollux-lighting.com\/es\/#\/schema\/logo\/image\/\"}}]}<\/script>\n<!-- \/ Yoast SEO plugin. -->","yoast_head_json":{"title":"Lampada da soffitto ORBIS in cemento - Sollux Lighting","robots":{"index":"index","follow":"follow","max-snippet":"max-snippet:-1","max-image-preview":"max-image-preview:large","max-video-preview":"max-video-preview:-1"},"canonical":"https:\/\/sollux-lighting.com\/es\/nasza-oferta\/lampara-de-techo\/lampada-da-soffitto-orbis-in-cemento\/","og_locale":"es_ES","og_type":"article","og_title":"Lampada da soffitto ORBIS in cemento - Sollux Lighting","og_description":"Fuente de luz: GU10, 1x m\u00e1ximo 10W LED, 50Hz, ~230V, IP20, clase de protecci\u00f3n I La fuente de luz no est\u00e1 incluida. Dimensiones: 10\/10\/10 cm Material: concreto Color: gris","og_url":"https:\/\/sollux-lighting.com\/es\/nasza-oferta\/lampara-de-techo\/lampada-da-soffitto-orbis-in-cemento\/","og_site_name":"Sollux Lighting","article_modified_time":"2024-03-26T20:12:29+00:00","og_image":[{"width":750,"height":750,"url":"https:\/\/sollux-lighting.com\/wp-content\/uploads\/2023\/03\/0488-1-k.jpg","type":"image\/jpeg"}],"twitter_card":"summary_large_image","schema":{"@context":"https:\/\/schema.org","@graph":[{"@type":"WebPage","@id":"https:\/\/sollux-lighting.com\/es\/nasza-oferta\/lampara-de-techo\/lampada-da-soffitto-orbis-in-cemento\/","url":"https:\/\/sollux-lighting.com\/es\/nasza-oferta\/lampara-de-techo\/lampada-da-soffitto-orbis-in-cemento\/","name":"Lampada da soffitto ORBIS in cemento - Sollux Lighting","isPartOf":{"@id":"https:\/\/sollux-lighting.com\/es\/#website"},"primaryImageOfPage":{"@id":"https:\/\/sollux-lighting.com\/es\/nasza-oferta\/lampara-de-techo\/lampada-da-soffitto-orbis-in-cemento\/#primaryimage"},"image":{"@id":"https:\/\/sollux-lighting.com\/es\/nasza-oferta\/lampara-de-techo\/lampada-da-soffitto-orbis-in-cemento\/#primaryimage"},"thumbnailUrl":"https:\/\/sollux-lighting.com\/wp-content\/uploads\/2023\/03\/0488-1-k.jpg","datePublished":"2023-03-17T10:23:33+00:00","dateModified":"2024-03-26T20:12:29+00:00","breadcrumb":{"@id":"https:\/\/sollux-lighting.com\/es\/nasza-oferta\/lampara-de-techo\/lampada-da-soffitto-orbis-in-cemento\/#breadcrumb"},"inLanguage":"es","potentialAction":[{"@type":"ReadAction","target":["https:\/\/sollux-lighting.com\/es\/nasza-oferta\/lampara-de-techo\/lampada-da-soffitto-orbis-in-cemento\/"]}]},{"@type":"ImageObject","inLanguage":"es","@id":"https:\/\/sollux-lighting.com\/es\/nasza-oferta\/lampara-de-techo\/lampada-da-soffitto-orbis-in-cemento\/#primaryimage","url":"https:\/\/sollux-lighting.com\/wp-content\/uploads\/2023\/03\/0488-1-k.jpg","contentUrl":"https:\/\/sollux-lighting.com\/wp-content\/uploads\/2023\/03\/0488-1-k.jpg","width":750,"height":750},{"@type":"BreadcrumbList","@id":"https:\/\/sollux-lighting.com\/es\/nasza-oferta\/lampara-de-techo\/lampada-da-soffitto-orbis-in-cemento\/#breadcrumb","itemListElement":[{"@type":"ListItem","position":1,"name":"P\u00e1gina principal","item":"https:\/\/sollux-lighting.com\/es\/"},{"@type":"ListItem","position":2,"name":"Nuestra oferta","item":"https:\/\/sollux-lighting.com\/es\/nuestra-oferta\/"},{"@type":"ListItem","position":3,"name":"Lampada da soffitto ORBIS in cemento"}]},{"@type":"WebSite","@id":"https:\/\/sollux-lighting.com\/es\/#website","url":"https:\/\/sollux-lighting.com\/es\/","name":"Sollux Lighting","description":"Brighten up your business","publisher":{"@id":"https:\/\/sollux-lighting.com\/es\/#organization"},"potentialAction":[{"@type":"SearchAction","target":{"@type":"EntryPoint","urlTemplate":"https:\/\/sollux-lighting.com\/es\/?s={search_term_string}"},"query-input":{"@type":"PropertyValueSpecification","valueRequired":true,"valueName":"search_term_string"}}],"inLanguage":"es"},{"@type":"Organization","@id":"https:\/\/sollux-lighting.com\/es\/#organization","name":"Sollux Lighting","url":"https:\/\/sollux-lighting.com\/es\/","logo":{"@type":"ImageObject","inLanguage":"es","@id":"https:\/\/sollux-lighting.com\/es\/#\/schema\/logo\/image\/","url":"https:\/\/sollux-lighting.com\/wp-content\/uploads\/2023\/02\/LOGO.svg","contentUrl":"https:\/\/sollux-lighting.com\/wp-content\/uploads\/2023\/02\/LOGO.svg","width":160,"height":46,"caption":"Sollux Lighting "},"image":{"@id":"https:\/\/sollux-lighting.com\/es\/#\/schema\/logo\/image\/"}}]}},"_links":{"self":[{"href":"https:\/\/sollux-lighting.com\/es\/wp-json\/wp\/v2\/product\/73818","targetHints":{"allow":["GET"]}}],"collection":[{"href":"https:\/\/sollux-lighting.com\/es\/wp-json\/wp\/v2\/product"}],"about":[{"href":"https:\/\/sollux-lighting.com\/es\/wp-json\/wp\/v2\/types\/product"}],"wp:featuredmedia":[{"embeddable":true,"href":"https:\/\/sollux-lighting.com\/es\/wp-json\/wp\/v2\/media\/47384"}],"wp:attachment":[{"href":"https:\/\/sollux-lighting.com\/es\/wp-json\/wp\/v2\/media?parent=73818"}],"wp:term":[{"taxonomy":"product_brand","embeddable":true,"href":"https:\/\/sollux-lighting.com\/es\/wp-json\/wp\/v2\/product_brand?post=73818"},{"taxonomy":"product_cat","embeddable":true,"href":"https:\/\/sollux-lighting.com\/es\/wp-json\/wp\/v2\/product_cat?post=73818"},{"taxonomy":"product_tag","embeddable":true,"href":"https:\/\/sollux-lighting.com\/es\/wp-json\/wp\/v2\/product_tag?post=73818"}],"curies":[{"name":"wp","href":"https:\/\/api.w.org\/{rel}","templated":true}]}}