{"id":73733,"date":"2023-03-17T11:18:45","date_gmt":"2023-03-17T10:18:45","guid":{"rendered":"https:\/\/test.sollux-lighting.com\/nasza-oferta\/sin%20categor\u00eda\/lampada-da-parete-celia-chrom\/"},"modified":"2024-03-26T21:05:52","modified_gmt":"2024-03-26T20:05:52","slug":"lampada-da-parete-celia-chrom","status":"publish","type":"product","link":"https:\/\/sollux-lighting.com\/es\/nasza-oferta\/lampara-de-pared\/lampada-da-parete-celia-chrom\/","title":{"rendered":"Lampada da parete CELIA chrom"},"content":{"rendered":"<p>Los plafones y l\u00e1mparas de pared de Celia se distinguen por su dise\u00f1o inusualmente interesante y gran versatilidad. La iluminaci\u00f3n de pared y techo de esta colecci\u00f3n, bellamente dise\u00f1ada, combina la elegancia cl\u00e1sica con toques modernos, lo que la hace adecuada para su uso en casi cualquier arreglo. Los paneles de vidrio curvado difunden bellamente la luz, dando a las habitaciones una atm\u00f3sfera c\u00e1lida y acogedora. Las l\u00e1mparas de esta serie deleitar\u00e1n por su forma \u00fanica y ser\u00e1n el adorno original en el hogar.<\/p>\n","protected":false},"excerpt":{"rendered":"<p>Fuente de luz: G9, 2x m\u00e1ximo 8W LED, 50Hz, ~230V, IP20, clase de protecci\u00f3n I<br \/>\nLa fuente de luz no est\u00e1 incluida.<br \/>\nDimensiones: 42\/7\/23 cm<br \/>\nMaterial: acero, vidrio<br \/>\nColor: cromo, blanco<\/p>\n","protected":false},"featured_media":45284,"template":"","meta":{"_acf_changed":false},"product_brand":[],"product_cat":[1914],"product_tag":[],"class_list":{"0":"post-73733","1":"product","2":"type-product","3":"status-publish","4":"has-post-thumbnail","6":"product_cat-lampara-de-pared","8":"first","9":"instock","10":"product-type-simple"},"acf":[],"yoast_head":"<!-- This site is optimized with the Yoast SEO plugin v25.4 - https:\/\/yoast.com\/wordpress\/plugins\/seo\/ -->\n<title>Lampada da parete CELIA chrom - Sollux Lighting<\/title>\n<meta name=\"robots\" content=\"index, follow, max-snippet:-1, max-image-preview:large, max-video-preview:-1\" \/>\n<link rel=\"canonical\" href=\"https:\/\/sollux-lighting.com\/es\/nasza-oferta\/lampara-de-pared\/lampada-da-parete-celia-chrom\/\" \/>\n<meta property=\"og:locale\" content=\"es_ES\" \/>\n<meta property=\"og:type\" content=\"article\" \/>\n<meta property=\"og:title\" content=\"Lampada da parete CELIA chrom - Sollux Lighting\" \/>\n<meta property=\"og:description\" content=\"Fuente de luz: G9, 2x m\u00e1ximo 8W LED, 50Hz, ~230V, IP20, clase de protecci\u00f3n I La fuente de luz no est\u00e1 incluida. Dimensiones: 42\/7\/23 cm Material: acero, vidrio Color: cromo, blanco\" \/>\n<meta property=\"og:url\" content=\"https:\/\/sollux-lighting.com\/es\/nasza-oferta\/lampara-de-pared\/lampada-da-parete-celia-chrom\/\" \/>\n<meta property=\"og:site_name\" content=\"Sollux Lighting\" \/>\n<meta property=\"article:modified_time\" content=\"2024-03-26T20:05:52+00:00\" \/>\n<meta property=\"og:image\" content=\"https:\/\/sollux-lighting.com\/wp-content\/uploads\/2023\/03\/0350-1-k.jpg\" \/>\n\t<meta property=\"og:image:width\" content=\"750\" \/>\n\t<meta property=\"og:image:height\" content=\"750\" \/>\n\t<meta property=\"og:image:type\" content=\"image\/jpeg\" \/>\n<meta name=\"twitter:card\" content=\"summary_large_image\" \/>\n<script type=\"application\/ld+json\" class=\"yoast-schema-graph\">{\"@context\":\"https:\/\/schema.org\",\"@graph\":[{\"@type\":\"WebPage\",\"@id\":\"https:\/\/sollux-lighting.com\/es\/nasza-oferta\/lampara-de-pared\/lampada-da-parete-celia-chrom\/\",\"url\":\"https:\/\/sollux-lighting.com\/es\/nasza-oferta\/lampara-de-pared\/lampada-da-parete-celia-chrom\/\",\"name\":\"Lampada da parete CELIA chrom - Sollux Lighting\",\"isPartOf\":{\"@id\":\"https:\/\/sollux-lighting.com\/es\/#website\"},\"primaryImageOfPage\":{\"@id\":\"https:\/\/sollux-lighting.com\/es\/nasza-oferta\/lampara-de-pared\/lampada-da-parete-celia-chrom\/#primaryimage\"},\"image\":{\"@id\":\"https:\/\/sollux-lighting.com\/es\/nasza-oferta\/lampara-de-pared\/lampada-da-parete-celia-chrom\/#primaryimage\"},\"thumbnailUrl\":\"https:\/\/sollux-lighting.com\/wp-content\/uploads\/2023\/03\/0350-1-k.jpg\",\"datePublished\":\"2023-03-17T10:18:45+00:00\",\"dateModified\":\"2024-03-26T20:05:52+00:00\",\"breadcrumb\":{\"@id\":\"https:\/\/sollux-lighting.com\/es\/nasza-oferta\/lampara-de-pared\/lampada-da-parete-celia-chrom\/#breadcrumb\"},\"inLanguage\":\"es\",\"potentialAction\":[{\"@type\":\"ReadAction\",\"target\":[\"https:\/\/sollux-lighting.com\/es\/nasza-oferta\/lampara-de-pared\/lampada-da-parete-celia-chrom\/\"]}]},{\"@type\":\"ImageObject\",\"inLanguage\":\"es\",\"@id\":\"https:\/\/sollux-lighting.com\/es\/nasza-oferta\/lampara-de-pared\/lampada-da-parete-celia-chrom\/#primaryimage\",\"url\":\"https:\/\/sollux-lighting.com\/wp-content\/uploads\/2023\/03\/0350-1-k.jpg\",\"contentUrl\":\"https:\/\/sollux-lighting.com\/wp-content\/uploads\/2023\/03\/0350-1-k.jpg\",\"width\":750,\"height\":750},{\"@type\":\"BreadcrumbList\",\"@id\":\"https:\/\/sollux-lighting.com\/es\/nasza-oferta\/lampara-de-pared\/lampada-da-parete-celia-chrom\/#breadcrumb\",\"itemListElement\":[{\"@type\":\"ListItem\",\"position\":1,\"name\":\"P\u00e1gina principal\",\"item\":\"https:\/\/sollux-lighting.com\/es\/\"},{\"@type\":\"ListItem\",\"position\":2,\"name\":\"Nuestra oferta\",\"item\":\"https:\/\/sollux-lighting.com\/es\/nuestra-oferta\/\"},{\"@type\":\"ListItem\",\"position\":3,\"name\":\"Lampada da parete CELIA chrom\"}]},{\"@type\":\"WebSite\",\"@id\":\"https:\/\/sollux-lighting.com\/es\/#website\",\"url\":\"https:\/\/sollux-lighting.com\/es\/\",\"name\":\"Sollux Lighting\",\"description\":\"Brighten up your business\",\"publisher\":{\"@id\":\"https:\/\/sollux-lighting.com\/es\/#organization\"},\"potentialAction\":[{\"@type\":\"SearchAction\",\"target\":{\"@type\":\"EntryPoint\",\"urlTemplate\":\"https:\/\/sollux-lighting.com\/es\/?s={search_term_string}\"},\"query-input\":{\"@type\":\"PropertyValueSpecification\",\"valueRequired\":true,\"valueName\":\"search_term_string\"}}],\"inLanguage\":\"es\"},{\"@type\":\"Organization\",\"@id\":\"https:\/\/sollux-lighting.com\/es\/#organization\",\"name\":\"Sollux Lighting\",\"url\":\"https:\/\/sollux-lighting.com\/es\/\",\"logo\":{\"@type\":\"ImageObject\",\"inLanguage\":\"es\",\"@id\":\"https:\/\/sollux-lighting.com\/es\/#\/schema\/logo\/image\/\",\"url\":\"https:\/\/sollux-lighting.com\/wp-content\/uploads\/2023\/02\/LOGO.svg\",\"contentUrl\":\"https:\/\/sollux-lighting.com\/wp-content\/uploads\/2023\/02\/LOGO.svg\",\"width\":160,\"height\":46,\"caption\":\"Sollux Lighting \"},\"image\":{\"@id\":\"https:\/\/sollux-lighting.com\/es\/#\/schema\/logo\/image\/\"}}]}<\/script>\n<!-- \/ Yoast SEO plugin. -->","yoast_head_json":{"title":"Lampada da parete CELIA chrom - Sollux Lighting","robots":{"index":"index","follow":"follow","max-snippet":"max-snippet:-1","max-image-preview":"max-image-preview:large","max-video-preview":"max-video-preview:-1"},"canonical":"https:\/\/sollux-lighting.com\/es\/nasza-oferta\/lampara-de-pared\/lampada-da-parete-celia-chrom\/","og_locale":"es_ES","og_type":"article","og_title":"Lampada da parete CELIA chrom - Sollux Lighting","og_description":"Fuente de luz: G9, 2x m\u00e1ximo 8W LED, 50Hz, ~230V, IP20, clase de protecci\u00f3n I La fuente de luz no est\u00e1 incluida. Dimensiones: 42\/7\/23 cm Material: acero, vidrio Color: cromo, blanco","og_url":"https:\/\/sollux-lighting.com\/es\/nasza-oferta\/lampara-de-pared\/lampada-da-parete-celia-chrom\/","og_site_name":"Sollux Lighting","article_modified_time":"2024-03-26T20:05:52+00:00","og_image":[{"width":750,"height":750,"url":"https:\/\/sollux-lighting.com\/wp-content\/uploads\/2023\/03\/0350-1-k.jpg","type":"image\/jpeg"}],"twitter_card":"summary_large_image","schema":{"@context":"https:\/\/schema.org","@graph":[{"@type":"WebPage","@id":"https:\/\/sollux-lighting.com\/es\/nasza-oferta\/lampara-de-pared\/lampada-da-parete-celia-chrom\/","url":"https:\/\/sollux-lighting.com\/es\/nasza-oferta\/lampara-de-pared\/lampada-da-parete-celia-chrom\/","name":"Lampada da parete CELIA chrom - Sollux Lighting","isPartOf":{"@id":"https:\/\/sollux-lighting.com\/es\/#website"},"primaryImageOfPage":{"@id":"https:\/\/sollux-lighting.com\/es\/nasza-oferta\/lampara-de-pared\/lampada-da-parete-celia-chrom\/#primaryimage"},"image":{"@id":"https:\/\/sollux-lighting.com\/es\/nasza-oferta\/lampara-de-pared\/lampada-da-parete-celia-chrom\/#primaryimage"},"thumbnailUrl":"https:\/\/sollux-lighting.com\/wp-content\/uploads\/2023\/03\/0350-1-k.jpg","datePublished":"2023-03-17T10:18:45+00:00","dateModified":"2024-03-26T20:05:52+00:00","breadcrumb":{"@id":"https:\/\/sollux-lighting.com\/es\/nasza-oferta\/lampara-de-pared\/lampada-da-parete-celia-chrom\/#breadcrumb"},"inLanguage":"es","potentialAction":[{"@type":"ReadAction","target":["https:\/\/sollux-lighting.com\/es\/nasza-oferta\/lampara-de-pared\/lampada-da-parete-celia-chrom\/"]}]},{"@type":"ImageObject","inLanguage":"es","@id":"https:\/\/sollux-lighting.com\/es\/nasza-oferta\/lampara-de-pared\/lampada-da-parete-celia-chrom\/#primaryimage","url":"https:\/\/sollux-lighting.com\/wp-content\/uploads\/2023\/03\/0350-1-k.jpg","contentUrl":"https:\/\/sollux-lighting.com\/wp-content\/uploads\/2023\/03\/0350-1-k.jpg","width":750,"height":750},{"@type":"BreadcrumbList","@id":"https:\/\/sollux-lighting.com\/es\/nasza-oferta\/lampara-de-pared\/lampada-da-parete-celia-chrom\/#breadcrumb","itemListElement":[{"@type":"ListItem","position":1,"name":"P\u00e1gina principal","item":"https:\/\/sollux-lighting.com\/es\/"},{"@type":"ListItem","position":2,"name":"Nuestra oferta","item":"https:\/\/sollux-lighting.com\/es\/nuestra-oferta\/"},{"@type":"ListItem","position":3,"name":"Lampada da parete CELIA chrom"}]},{"@type":"WebSite","@id":"https:\/\/sollux-lighting.com\/es\/#website","url":"https:\/\/sollux-lighting.com\/es\/","name":"Sollux Lighting","description":"Brighten up your business","publisher":{"@id":"https:\/\/sollux-lighting.com\/es\/#organization"},"potentialAction":[{"@type":"SearchAction","target":{"@type":"EntryPoint","urlTemplate":"https:\/\/sollux-lighting.com\/es\/?s={search_term_string}"},"query-input":{"@type":"PropertyValueSpecification","valueRequired":true,"valueName":"search_term_string"}}],"inLanguage":"es"},{"@type":"Organization","@id":"https:\/\/sollux-lighting.com\/es\/#organization","name":"Sollux Lighting","url":"https:\/\/sollux-lighting.com\/es\/","logo":{"@type":"ImageObject","inLanguage":"es","@id":"https:\/\/sollux-lighting.com\/es\/#\/schema\/logo\/image\/","url":"https:\/\/sollux-lighting.com\/wp-content\/uploads\/2023\/02\/LOGO.svg","contentUrl":"https:\/\/sollux-lighting.com\/wp-content\/uploads\/2023\/02\/LOGO.svg","width":160,"height":46,"caption":"Sollux Lighting "},"image":{"@id":"https:\/\/sollux-lighting.com\/es\/#\/schema\/logo\/image\/"}}]}},"_links":{"self":[{"href":"https:\/\/sollux-lighting.com\/es\/wp-json\/wp\/v2\/product\/73733","targetHints":{"allow":["GET"]}}],"collection":[{"href":"https:\/\/sollux-lighting.com\/es\/wp-json\/wp\/v2\/product"}],"about":[{"href":"https:\/\/sollux-lighting.com\/es\/wp-json\/wp\/v2\/types\/product"}],"wp:featuredmedia":[{"embeddable":true,"href":"https:\/\/sollux-lighting.com\/es\/wp-json\/wp\/v2\/media\/45284"}],"wp:attachment":[{"href":"https:\/\/sollux-lighting.com\/es\/wp-json\/wp\/v2\/media?parent=73733"}],"wp:term":[{"taxonomy":"product_brand","embeddable":true,"href":"https:\/\/sollux-lighting.com\/es\/wp-json\/wp\/v2\/product_brand?post=73733"},{"taxonomy":"product_cat","embeddable":true,"href":"https:\/\/sollux-lighting.com\/es\/wp-json\/wp\/v2\/product_cat?post=73733"},{"taxonomy":"product_tag","embeddable":true,"href":"https:\/\/sollux-lighting.com\/es\/wp-json\/wp\/v2\/product_tag?post=73733"}],"curies":[{"name":"wp","href":"https:\/\/api.w.org\/{rel}","templated":true}]}}