{"id":73724,"date":"2023-03-17T11:17:36","date_gmt":"2023-03-17T10:17:36","guid":{"rendered":"https:\/\/test.sollux-lighting.com\/nasza-oferta\/sin%20categor\u00eda\/lampada-da-parete-lagos-bianco\/"},"modified":"2024-03-26T21:05:11","modified_gmt":"2024-03-26T20:05:11","slug":"lampada-da-parete-lagos-bianco","status":"publish","type":"product","link":"https:\/\/sollux-lighting.com\/es\/nasza-oferta\/lampara-de-pared\/lampada-da-parete-lagos-bianco\/","title":{"rendered":"Lampada da parete LAGOS bianco"},"content":{"rendered":"<p>El acero crudo tiene un encanto \u00fanico y, por lo tanto, se ha convertido en una inspiraci\u00f3n para crear una colecci\u00f3n \u00fanica Lagos. Aqu\u00ed encontrar\u00e1 l\u00e1mparas de suspensi\u00f3n y de pared modernas, cuya forma y material acent\u00faan bellamente la atm\u00f3sfera original de arreglos industriales, de loft y modernistas. Las pantallas cil\u00edndricas estrechas le dan a estos productos un car\u00e1cter \u00fanico, que es apreciado principalmente por los consumidores que buscan soluciones de iluminaci\u00f3n originales y muy efectivas en el hogar. Las l\u00e1mparas de suspensi\u00f3n y de pared Lagos son una gran sugerencia para la sala de estar, el dormitorio o el vest\u00edbulo decorado con buen gusto.<\/p>\n","protected":false},"excerpt":{"rendered":"<p>Fuente de luz: GU10, 2x m\u00e1ximo 10W LED, 50Hz, ~230V, IP20, clase de protecci\u00f3n I<br \/>\nLa fuente de luz no est\u00e1 incluida.<br \/>\nDimensiones: 6\/8\/30 cm<br \/>\nMaterial: acero<br \/>\nColor: blanco<\/p>\n","protected":false},"featured_media":45068,"template":"","meta":{"_acf_changed":false},"product_brand":[],"product_cat":[1914],"product_tag":[],"class_list":{"0":"post-73724","1":"product","2":"type-product","3":"status-publish","4":"has-post-thumbnail","6":"product_cat-lampara-de-pared","8":"first","9":"instock","10":"product-type-simple"},"acf":[],"yoast_head":"<!-- This site is optimized with the Yoast SEO plugin v25.4 - https:\/\/yoast.com\/wordpress\/plugins\/seo\/ -->\n<title>Lampada da parete LAGOS bianco - Sollux Lighting<\/title>\n<meta name=\"robots\" content=\"index, follow, max-snippet:-1, max-image-preview:large, max-video-preview:-1\" \/>\n<link rel=\"canonical\" href=\"https:\/\/sollux-lighting.com\/es\/nasza-oferta\/lampara-de-pared\/lampada-da-parete-lagos-bianco\/\" \/>\n<meta property=\"og:locale\" content=\"es_ES\" \/>\n<meta property=\"og:type\" content=\"article\" \/>\n<meta property=\"og:title\" content=\"Lampada da parete LAGOS bianco - Sollux Lighting\" \/>\n<meta property=\"og:description\" content=\"Fuente de luz: GU10, 2x m\u00e1ximo 10W LED, 50Hz, ~230V, IP20, clase de protecci\u00f3n I La fuente de luz no est\u00e1 incluida. Dimensiones: 6\/8\/30 cm Material: acero Color: blanco\" \/>\n<meta property=\"og:url\" content=\"https:\/\/sollux-lighting.com\/es\/nasza-oferta\/lampara-de-pared\/lampada-da-parete-lagos-bianco\/\" \/>\n<meta property=\"og:site_name\" content=\"Sollux Lighting\" \/>\n<meta property=\"article:modified_time\" content=\"2024-03-26T20:05:11+00:00\" \/>\n<meta property=\"og:image\" content=\"https:\/\/sollux-lighting.com\/wp-content\/uploads\/2023\/03\/0326-1-k.jpg\" \/>\n\t<meta property=\"og:image:width\" content=\"750\" \/>\n\t<meta property=\"og:image:height\" content=\"750\" \/>\n\t<meta property=\"og:image:type\" content=\"image\/jpeg\" \/>\n<meta name=\"twitter:card\" content=\"summary_large_image\" \/>\n<meta name=\"twitter:label1\" content=\"Tiempo de lectura\" \/>\n\t<meta name=\"twitter:data1\" content=\"1 minuto\" \/>\n<script type=\"application\/ld+json\" class=\"yoast-schema-graph\">{\"@context\":\"https:\/\/schema.org\",\"@graph\":[{\"@type\":\"WebPage\",\"@id\":\"https:\/\/sollux-lighting.com\/es\/nasza-oferta\/lampara-de-pared\/lampada-da-parete-lagos-bianco\/\",\"url\":\"https:\/\/sollux-lighting.com\/es\/nasza-oferta\/lampara-de-pared\/lampada-da-parete-lagos-bianco\/\",\"name\":\"Lampada da parete LAGOS bianco - Sollux Lighting\",\"isPartOf\":{\"@id\":\"https:\/\/sollux-lighting.com\/es\/#website\"},\"primaryImageOfPage\":{\"@id\":\"https:\/\/sollux-lighting.com\/es\/nasza-oferta\/lampara-de-pared\/lampada-da-parete-lagos-bianco\/#primaryimage\"},\"image\":{\"@id\":\"https:\/\/sollux-lighting.com\/es\/nasza-oferta\/lampara-de-pared\/lampada-da-parete-lagos-bianco\/#primaryimage\"},\"thumbnailUrl\":\"https:\/\/sollux-lighting.com\/wp-content\/uploads\/2023\/03\/0326-1-k.jpg\",\"datePublished\":\"2023-03-17T10:17:36+00:00\",\"dateModified\":\"2024-03-26T20:05:11+00:00\",\"breadcrumb\":{\"@id\":\"https:\/\/sollux-lighting.com\/es\/nasza-oferta\/lampara-de-pared\/lampada-da-parete-lagos-bianco\/#breadcrumb\"},\"inLanguage\":\"es\",\"potentialAction\":[{\"@type\":\"ReadAction\",\"target\":[\"https:\/\/sollux-lighting.com\/es\/nasza-oferta\/lampara-de-pared\/lampada-da-parete-lagos-bianco\/\"]}]},{\"@type\":\"ImageObject\",\"inLanguage\":\"es\",\"@id\":\"https:\/\/sollux-lighting.com\/es\/nasza-oferta\/lampara-de-pared\/lampada-da-parete-lagos-bianco\/#primaryimage\",\"url\":\"https:\/\/sollux-lighting.com\/wp-content\/uploads\/2023\/03\/0326-1-k.jpg\",\"contentUrl\":\"https:\/\/sollux-lighting.com\/wp-content\/uploads\/2023\/03\/0326-1-k.jpg\",\"width\":750,\"height\":750},{\"@type\":\"BreadcrumbList\",\"@id\":\"https:\/\/sollux-lighting.com\/es\/nasza-oferta\/lampara-de-pared\/lampada-da-parete-lagos-bianco\/#breadcrumb\",\"itemListElement\":[{\"@type\":\"ListItem\",\"position\":1,\"name\":\"P\u00e1gina principal\",\"item\":\"https:\/\/sollux-lighting.com\/es\/\"},{\"@type\":\"ListItem\",\"position\":2,\"name\":\"Nuestra oferta\",\"item\":\"https:\/\/sollux-lighting.com\/es\/nuestra-oferta\/\"},{\"@type\":\"ListItem\",\"position\":3,\"name\":\"Lampada da parete LAGOS bianco\"}]},{\"@type\":\"WebSite\",\"@id\":\"https:\/\/sollux-lighting.com\/es\/#website\",\"url\":\"https:\/\/sollux-lighting.com\/es\/\",\"name\":\"Sollux Lighting\",\"description\":\"Brighten up your business\",\"publisher\":{\"@id\":\"https:\/\/sollux-lighting.com\/es\/#organization\"},\"potentialAction\":[{\"@type\":\"SearchAction\",\"target\":{\"@type\":\"EntryPoint\",\"urlTemplate\":\"https:\/\/sollux-lighting.com\/es\/?s={search_term_string}\"},\"query-input\":{\"@type\":\"PropertyValueSpecification\",\"valueRequired\":true,\"valueName\":\"search_term_string\"}}],\"inLanguage\":\"es\"},{\"@type\":\"Organization\",\"@id\":\"https:\/\/sollux-lighting.com\/es\/#organization\",\"name\":\"Sollux Lighting\",\"url\":\"https:\/\/sollux-lighting.com\/es\/\",\"logo\":{\"@type\":\"ImageObject\",\"inLanguage\":\"es\",\"@id\":\"https:\/\/sollux-lighting.com\/es\/#\/schema\/logo\/image\/\",\"url\":\"https:\/\/sollux-lighting.com\/wp-content\/uploads\/2023\/02\/LOGO.svg\",\"contentUrl\":\"https:\/\/sollux-lighting.com\/wp-content\/uploads\/2023\/02\/LOGO.svg\",\"width\":160,\"height\":46,\"caption\":\"Sollux Lighting \"},\"image\":{\"@id\":\"https:\/\/sollux-lighting.com\/es\/#\/schema\/logo\/image\/\"}}]}<\/script>\n<!-- \/ Yoast SEO plugin. -->","yoast_head_json":{"title":"Lampada da parete LAGOS bianco - Sollux Lighting","robots":{"index":"index","follow":"follow","max-snippet":"max-snippet:-1","max-image-preview":"max-image-preview:large","max-video-preview":"max-video-preview:-1"},"canonical":"https:\/\/sollux-lighting.com\/es\/nasza-oferta\/lampara-de-pared\/lampada-da-parete-lagos-bianco\/","og_locale":"es_ES","og_type":"article","og_title":"Lampada da parete LAGOS bianco - Sollux Lighting","og_description":"Fuente de luz: GU10, 2x m\u00e1ximo 10W LED, 50Hz, ~230V, IP20, clase de protecci\u00f3n I La fuente de luz no est\u00e1 incluida. Dimensiones: 6\/8\/30 cm Material: acero Color: blanco","og_url":"https:\/\/sollux-lighting.com\/es\/nasza-oferta\/lampara-de-pared\/lampada-da-parete-lagos-bianco\/","og_site_name":"Sollux Lighting","article_modified_time":"2024-03-26T20:05:11+00:00","og_image":[{"width":750,"height":750,"url":"https:\/\/sollux-lighting.com\/wp-content\/uploads\/2023\/03\/0326-1-k.jpg","type":"image\/jpeg"}],"twitter_card":"summary_large_image","twitter_misc":{"Tiempo de lectura":"1 minuto"},"schema":{"@context":"https:\/\/schema.org","@graph":[{"@type":"WebPage","@id":"https:\/\/sollux-lighting.com\/es\/nasza-oferta\/lampara-de-pared\/lampada-da-parete-lagos-bianco\/","url":"https:\/\/sollux-lighting.com\/es\/nasza-oferta\/lampara-de-pared\/lampada-da-parete-lagos-bianco\/","name":"Lampada da parete LAGOS bianco - Sollux Lighting","isPartOf":{"@id":"https:\/\/sollux-lighting.com\/es\/#website"},"primaryImageOfPage":{"@id":"https:\/\/sollux-lighting.com\/es\/nasza-oferta\/lampara-de-pared\/lampada-da-parete-lagos-bianco\/#primaryimage"},"image":{"@id":"https:\/\/sollux-lighting.com\/es\/nasza-oferta\/lampara-de-pared\/lampada-da-parete-lagos-bianco\/#primaryimage"},"thumbnailUrl":"https:\/\/sollux-lighting.com\/wp-content\/uploads\/2023\/03\/0326-1-k.jpg","datePublished":"2023-03-17T10:17:36+00:00","dateModified":"2024-03-26T20:05:11+00:00","breadcrumb":{"@id":"https:\/\/sollux-lighting.com\/es\/nasza-oferta\/lampara-de-pared\/lampada-da-parete-lagos-bianco\/#breadcrumb"},"inLanguage":"es","potentialAction":[{"@type":"ReadAction","target":["https:\/\/sollux-lighting.com\/es\/nasza-oferta\/lampara-de-pared\/lampada-da-parete-lagos-bianco\/"]}]},{"@type":"ImageObject","inLanguage":"es","@id":"https:\/\/sollux-lighting.com\/es\/nasza-oferta\/lampara-de-pared\/lampada-da-parete-lagos-bianco\/#primaryimage","url":"https:\/\/sollux-lighting.com\/wp-content\/uploads\/2023\/03\/0326-1-k.jpg","contentUrl":"https:\/\/sollux-lighting.com\/wp-content\/uploads\/2023\/03\/0326-1-k.jpg","width":750,"height":750},{"@type":"BreadcrumbList","@id":"https:\/\/sollux-lighting.com\/es\/nasza-oferta\/lampara-de-pared\/lampada-da-parete-lagos-bianco\/#breadcrumb","itemListElement":[{"@type":"ListItem","position":1,"name":"P\u00e1gina principal","item":"https:\/\/sollux-lighting.com\/es\/"},{"@type":"ListItem","position":2,"name":"Nuestra oferta","item":"https:\/\/sollux-lighting.com\/es\/nuestra-oferta\/"},{"@type":"ListItem","position":3,"name":"Lampada da parete LAGOS bianco"}]},{"@type":"WebSite","@id":"https:\/\/sollux-lighting.com\/es\/#website","url":"https:\/\/sollux-lighting.com\/es\/","name":"Sollux Lighting","description":"Brighten up your business","publisher":{"@id":"https:\/\/sollux-lighting.com\/es\/#organization"},"potentialAction":[{"@type":"SearchAction","target":{"@type":"EntryPoint","urlTemplate":"https:\/\/sollux-lighting.com\/es\/?s={search_term_string}"},"query-input":{"@type":"PropertyValueSpecification","valueRequired":true,"valueName":"search_term_string"}}],"inLanguage":"es"},{"@type":"Organization","@id":"https:\/\/sollux-lighting.com\/es\/#organization","name":"Sollux Lighting","url":"https:\/\/sollux-lighting.com\/es\/","logo":{"@type":"ImageObject","inLanguage":"es","@id":"https:\/\/sollux-lighting.com\/es\/#\/schema\/logo\/image\/","url":"https:\/\/sollux-lighting.com\/wp-content\/uploads\/2023\/02\/LOGO.svg","contentUrl":"https:\/\/sollux-lighting.com\/wp-content\/uploads\/2023\/02\/LOGO.svg","width":160,"height":46,"caption":"Sollux Lighting "},"image":{"@id":"https:\/\/sollux-lighting.com\/es\/#\/schema\/logo\/image\/"}}]}},"_links":{"self":[{"href":"https:\/\/sollux-lighting.com\/es\/wp-json\/wp\/v2\/product\/73724","targetHints":{"allow":["GET"]}}],"collection":[{"href":"https:\/\/sollux-lighting.com\/es\/wp-json\/wp\/v2\/product"}],"about":[{"href":"https:\/\/sollux-lighting.com\/es\/wp-json\/wp\/v2\/types\/product"}],"wp:featuredmedia":[{"embeddable":true,"href":"https:\/\/sollux-lighting.com\/es\/wp-json\/wp\/v2\/media\/45068"}],"wp:attachment":[{"href":"https:\/\/sollux-lighting.com\/es\/wp-json\/wp\/v2\/media?parent=73724"}],"wp:term":[{"taxonomy":"product_brand","embeddable":true,"href":"https:\/\/sollux-lighting.com\/es\/wp-json\/wp\/v2\/product_brand?post=73724"},{"taxonomy":"product_cat","embeddable":true,"href":"https:\/\/sollux-lighting.com\/es\/wp-json\/wp\/v2\/product_cat?post=73724"},{"taxonomy":"product_tag","embeddable":true,"href":"https:\/\/sollux-lighting.com\/es\/wp-json\/wp\/v2\/product_tag?post=73724"}],"curies":[{"name":"wp","href":"https:\/\/api.w.org\/{rel}","templated":true}]}}