{"id":76800,"date":"2024-10-22T14:25:58","date_gmt":"2024-10-22T12:25:58","guid":{"rendered":"https:\/\/sollux-lighting.com\/?page_id=76800"},"modified":"2024-10-22T15:16:28","modified_gmt":"2024-10-22T13:16:28","slug":"politica-de-privacidad","status":"publish","type":"page","link":"https:\/\/sollux-lighting.com\/es\/politica-de-privacidad\/","title":{"rendered":"Pol\u00edtica de privacidad"},"content":{"rendered":"\t\t<div data-elementor-type=\"wp-page\" data-elementor-id=\"76800\" class=\"elementor elementor-76800 elementor-76795\" data-elementor-post-type=\"page\">\n\t\t\t\t<div class=\"elementor-element elementor-element-b23e725 e-flex e-con-boxed e-con e-parent\" data-id=\"b23e725\" data-element_type=\"container\" data-settings=\"{&quot;jet_parallax_layout_list&quot;:[]}\">\n\t\t\t\t\t<div class=\"e-con-inner\">\n\t\t\t\t<div class=\"elementor-element elementor-element-a697654 elementor-widget elementor-widget-spacer\" data-id=\"a697654\" data-element_type=\"widget\" data-widget_type=\"spacer.default\">\n\t\t\t\t<div class=\"elementor-widget-container\">\n\t\t\t\t\t\t\t<div class=\"elementor-spacer\">\n\t\t\t<div class=\"elementor-spacer-inner\"><\/div>\n\t\t<\/div>\n\t\t\t\t\t\t<\/div>\n\t\t\t\t<\/div>\n\t\t\t\t<div class=\"elementor-element elementor-element-801945f elementor-widget elementor-widget-heading\" data-id=\"801945f\" data-element_type=\"widget\" data-widget_type=\"heading.default\">\n\t\t\t\t<div class=\"elementor-widget-container\">\n\t\t\t\t\t<h2 class=\"elementor-heading-title elementor-size-default\"><b>Tratamiento de datos personales con fines de marketing sobre la base del consentimiento<\/b><\/h2>\t\t\t\t<\/div>\n\t\t\t\t<\/div>\n\t\t\t\t<div class=\"elementor-element elementor-element-3c3f35a elementor-widget elementor-widget-text-editor\" data-id=\"3c3f35a\" data-element_type=\"widget\" data-widget_type=\"text-editor.default\">\n\t\t\t\t<div class=\"elementor-widget-container\">\n\t\t\t\t\t\t\t\t\t<p><b>1. controlador de datos<\/b><\/p><p>Sollux Lighting Muzolf sp. j., con domicilio social en Budzyn, ul. \u0141okietka 35 (64-840 Budzyn), inscrita en el Registro Judicial Nacional con el n\u00famero KRS 0000591772, NIP 6070082443, es la administradora de los datos personales tratados con fines de marketing. Puedes ponerte en contacto con el responsable del tratamiento: 1) en la direcci\u00f3n postal: ul. W\u0142adys\u0142awa \u0141okietka 35, 64-840 Budzyn; 2) en la direcci\u00f3n de correo electr\u00f3nico: rodo@sollux-lighting.pl.<\/p><p><b>2. finalidad y base jur\u00eddica del tratamiento de los datos personales<\/b><\/p><p>El responsable del tratamiento trata los datos personales facilitados con fines de marketing sobre la base de un consentimiento separado y dado voluntariamente (art\u00edculo 6, apartado 1, letra a) RODO).<\/p><p><b>3 Momento del tratamiento de los datos personales<\/b><\/p><p>El responsable del tratamiento tratar\u00e1 los datos personales con fines de marketing hasta que se retire el consentimiento dado o se presente una objeci\u00f3n. Sin embargo, con el fin de garantizar un alto nivel de atenci\u00f3n a los derechos de los interesados, el responsable del tratamiento solicitar\u00e1 una renovaci\u00f3n del consentimiento tras un periodo aproximado de 3 a\u00f1os, a menos que el interesado retire su consentimiento o presente una objeci\u00f3n dentro de este periodo.<\/p><p><b>4 Destinatarios de los datos personales<\/b><\/p><p>El responsable del tratamiento s\u00f3lo podr\u00e1 revelar datos personales a entidades que cooperen con el responsable del tratamiento sobre la base de contratos escritos de encomienda de tratamiento de datos personales, con el fin de realizar las tareas y servicios especificados en el contrato al responsable del tratamiento, en particular en el \u00e1mbito del marketing y las relaciones p\u00fablicas, la gesti\u00f3n del correo electr\u00f3nico, el alojamiento, los servicios inform\u00e1ticos, administrativos, jur\u00eddicos o de asesoramiento. Los datos tambi\u00e9n pueden comunicarse a operadores postales y mensajeros.<\/p><p><b>5. derechos de los interesados<\/b><\/p><p>(1) Todo interesado tendr\u00e1 derecho: 1) de acceso: a obtener del responsable del tratamiento confirmaci\u00f3n de si se est\u00e1n tratando o no datos personales que le conciernan. Si se tratan datos sobre una persona, \u00e9sta tiene derecho a acceder a ellos y a obtener la siguiente informaci\u00f3n: sobre los fines del tratamiento, las categor\u00edas de datos personales, los destinatarios o categor\u00edas de destinatarios a los que se han comunicado o se comunicar\u00e1n los datos, el periodo durante el cual se han conservado o se conservar\u00e1n los datos o los criterios para determinarlo, el derecho del interesado a solicitar la rectificaci\u00f3n, supresi\u00f3n o limitaci\u00f3n del tratamiento de datos personales y a oponerse a dicho tratamiento (art\u00edculo 15 RODO); <br \/>2) a obtener una copia de los datos &#8211; a obtener una copia de los datos objeto de tratamiento, siendo gratuita la primera copia y pudiendo el responsable del tratamiento cobrar por las copias posteriores una tarifa razonable basada en los costes administrativos (art\u00edculo 15.3 RODO);<br \/>3) a la rectificaci\u00f3n &#8211; a solicitar la rectificaci\u00f3n de los datos personales que le conciernan que sean inexactos o la compleci\u00f3n de los datos incompletos (Art\u00edculo 16 RODO);<br \/>4) a la supresi\u00f3n &#8211; a solicitar la supresi\u00f3n de sus datos personales si el responsable del tratamiento ya no tiene base jur\u00eddica para el tratamiento o los datos ya no son necesarios para los fines del tratamiento (art\u00edculo 17 RODO);<br \/>5) restringir el tratamiento &#8211; solicitar la restricci\u00f3n del tratamiento de datos personales (art\u00edculo 18 RODO) cuando:<br \/>(a) el interesado impugne la exactitud de los datos personales, durante un periodo que permita al responsable del tratamiento verificar la exactitud de los datos,<br \/>(b) el tratamiento es il\u00edcito y el interesado se opone a la supresi\u00f3n solicitando la limitaci\u00f3n de su uso,<br \/>(c) el responsable del tratamiento ya no necesita los datos, pero el interesado los necesita para establecer, hacer valer o defender una reclamaci\u00f3n,<br \/>(d) el interesado se ha opuesto al tratamiento, hasta que se determine si los motivos leg\u00edtimos del responsable del tratamiento prevalecen sobre los motivos de la oposici\u00f3n del interesado;<br \/>6) a la portabilidad de los datos &#8211; a recibir en un formato estructurado, de uso com\u00fan y lectura mec\u00e1nica los datos personales que le conciernan y que haya facilitado al responsable del tratamiento, y a solicitar que dichos datos se env\u00eden a otro responsable del tratamiento cuando los datos se traten sobre la base del consentimiento del interesado o de un contrato con \u00e9l y cuando los datos se traten por medios automatizados (art\u00edculo 20 RODO);<br \/>7) oponerse: oponerse al tratamiento de sus datos personales para fines leg\u00edtimos del responsable del tratamiento, por motivos relacionados con su situaci\u00f3n particular.<br \/>En ese caso, el responsable del tratamiento evaluar\u00e1 la existencia de motivos leg\u00edtimos v\u00e1lidos para el tratamiento que prevalezcan sobre los intereses, derechos y libertades del interesado, o motivos para el establecimiento, la afirmaci\u00f3n o la defensa de reclamaciones; 8) retirar el consentimiento en cualquier momento y sin indicar el motivo, pero el tratamiento de datos personales realizado antes de la retirada del consentimiento seguir\u00e1 siendo l\u00edcito.<br \/>La retirada del consentimiento supondr\u00e1 que el responsable del tratamiento dejar\u00e1 de tratar los datos personales para la finalidad para la que se dio el consentimiento. 2. Para ejercer los derechos mencionados, el interesado deber\u00e1 ponerse en contacto, utilizando los datos de contacto facilitados, con el responsable del tratamiento e informarle de qu\u00e9 derecho y en qu\u00e9 medida desea ejercerlo.<\/p><p><b>6. el Presidente de la Oficina de Protecci\u00f3n de Datos Personale<\/b><\/p><p>El interesado tiene derecho a presentar una reclamaci\u00f3n ante la autoridad de control, que en Polonia es el Presidente de la Oficina de Protecci\u00f3n de Datos Personales, con sede en Varsovia, calle Stawki 2, con quien puede ponerse en contacto de la siguiente forma: 1) por carta: calle Stawki 2, 00-193 Varsovia; 2) en formato electr\u00f3nico: a trav\u00e9s del buz\u00f3n electr\u00f3nico disponible en https:\/\/www.uodo.gov.pl\/pl\/p\/kontakt;<\/p><p><b>(7) Actos a los que se refiere la cl\u00e1usula<\/b><\/p><p>RODO &#8211; Reglamento (UE) 2016\/679 del Parlamento Europeo y del Consejo, de 27 de abril de 2016, relativo a la protecci\u00f3n de las personas f\u00edsicas en lo que respecta al tratamiento de datos personales y a la libre circulaci\u00f3n de estos datos y por el que se deroga la Directiva 95\/46\/CE (Diario Oficial de la UE L 2016 n\u00ba 119, p. 1).<\/p>\t\t\t\t\t\t\t\t<\/div>\n\t\t\t\t<\/div>\n\t\t\t\t<div class=\"elementor-element elementor-element-5d64ac0 elementor-widget elementor-widget-spacer\" data-id=\"5d64ac0\" data-element_type=\"widget\" data-widget_type=\"spacer.default\">\n\t\t\t\t<div class=\"elementor-widget-container\">\n\t\t\t\t\t\t\t<div class=\"elementor-spacer\">\n\t\t\t<div class=\"elementor-spacer-inner\"><\/div>\n\t\t<\/div>\n\t\t\t\t\t\t<\/div>\n\t\t\t\t<\/div>\n\t\t\t\t\t<\/div>\n\t\t\t\t<\/div>\n\t\t\t\t<\/div>\n\t\t","protected":false},"excerpt":{"rendered":"<p>Tratamiento de datos personales con fines de marketing sobre la base del consentimiento 1. controlador de datos Sollux Lighting Muzolf sp. j., con domicilio social en Budzyn, ul. \u0141okietka 35 (64-840 Budzyn), inscrita en el Registro Judicial Nacional con el n\u00famero KRS 0000591772, NIP 6070082443, es la administradora de los datos personales tratados con fines [&hellip;]<\/p>\n","protected":false},"author":2,"featured_media":0,"parent":0,"menu_order":0,"comment_status":"closed","ping_status":"closed","template":"elementor_header_footer","meta":{"_acf_changed":false,"footnotes":""},"class_list":["post-76800","page","type-page","status-publish","hentry"],"acf":[],"yoast_head":"<!-- This site is optimized with the Yoast SEO plugin v25.4 - https:\/\/yoast.com\/wordpress\/plugins\/seo\/ -->\n<title>Pol\u00edtica de privacidad - Sollux Lighting<\/title>\n<meta name=\"robots\" content=\"index, follow, max-snippet:-1, max-image-preview:large, max-video-preview:-1\" \/>\n<link rel=\"canonical\" href=\"https:\/\/sollux-lighting.com\/es\/politica-de-privacidad\/\" \/>\n<meta property=\"og:locale\" content=\"es_ES\" \/>\n<meta property=\"og:type\" content=\"article\" \/>\n<meta property=\"og:title\" content=\"Pol\u00edtica de privacidad - Sollux Lighting\" \/>\n<meta property=\"og:description\" content=\"Tratamiento de datos personales con fines de marketing sobre la base del consentimiento 1. controlador de datos Sollux Lighting Muzolf sp. j., con domicilio social en Budzyn, ul. \u0141okietka 35 (64-840 Budzyn), inscrita en el Registro Judicial Nacional con el n\u00famero KRS 0000591772, NIP 6070082443, es la administradora de los datos personales tratados con fines [&hellip;]\" \/>\n<meta property=\"og:url\" content=\"https:\/\/sollux-lighting.com\/es\/politica-de-privacidad\/\" \/>\n<meta property=\"og:site_name\" content=\"Sollux Lighting\" \/>\n<meta property=\"article:modified_time\" content=\"2024-10-22T13:16:28+00:00\" \/>\n<meta name=\"twitter:card\" content=\"summary_large_image\" \/>\n<meta name=\"twitter:label1\" content=\"Tiempo de lectura\" \/>\n\t<meta name=\"twitter:data1\" content=\"5 minutos\" \/>\n<script type=\"application\/ld+json\" class=\"yoast-schema-graph\">{\"@context\":\"https:\/\/schema.org\",\"@graph\":[{\"@type\":\"WebPage\",\"@id\":\"https:\/\/sollux-lighting.com\/es\/politica-de-privacidad\/\",\"url\":\"https:\/\/sollux-lighting.com\/es\/politica-de-privacidad\/\",\"name\":\"Pol\u00edtica de privacidad - Sollux Lighting\",\"isPartOf\":{\"@id\":\"https:\/\/sollux-lighting.com\/es\/#website\"},\"datePublished\":\"2024-10-22T12:25:58+00:00\",\"dateModified\":\"2024-10-22T13:16:28+00:00\",\"breadcrumb\":{\"@id\":\"https:\/\/sollux-lighting.com\/es\/politica-de-privacidad\/#breadcrumb\"},\"inLanguage\":\"es\",\"potentialAction\":[{\"@type\":\"ReadAction\",\"target\":[\"https:\/\/sollux-lighting.com\/es\/politica-de-privacidad\/\"]}]},{\"@type\":\"BreadcrumbList\",\"@id\":\"https:\/\/sollux-lighting.com\/es\/politica-de-privacidad\/#breadcrumb\",\"itemListElement\":[{\"@type\":\"ListItem\",\"position\":1,\"name\":\"P\u00e1gina principal\",\"item\":\"https:\/\/sollux-lighting.com\/es\/\"},{\"@type\":\"ListItem\",\"position\":2,\"name\":\"Pol\u00edtica de privacidad\"}]},{\"@type\":\"WebSite\",\"@id\":\"https:\/\/sollux-lighting.com\/es\/#website\",\"url\":\"https:\/\/sollux-lighting.com\/es\/\",\"name\":\"Sollux Lighting\",\"description\":\"Brighten up your business\",\"publisher\":{\"@id\":\"https:\/\/sollux-lighting.com\/es\/#organization\"},\"potentialAction\":[{\"@type\":\"SearchAction\",\"target\":{\"@type\":\"EntryPoint\",\"urlTemplate\":\"https:\/\/sollux-lighting.com\/es\/?s={search_term_string}\"},\"query-input\":{\"@type\":\"PropertyValueSpecification\",\"valueRequired\":true,\"valueName\":\"search_term_string\"}}],\"inLanguage\":\"es\"},{\"@type\":\"Organization\",\"@id\":\"https:\/\/sollux-lighting.com\/es\/#organization\",\"name\":\"Sollux Lighting\",\"url\":\"https:\/\/sollux-lighting.com\/es\/\",\"logo\":{\"@type\":\"ImageObject\",\"inLanguage\":\"es\",\"@id\":\"https:\/\/sollux-lighting.com\/es\/#\/schema\/logo\/image\/\",\"url\":\"https:\/\/sollux-lighting.com\/wp-content\/uploads\/2023\/02\/LOGO.svg\",\"contentUrl\":\"https:\/\/sollux-lighting.com\/wp-content\/uploads\/2023\/02\/LOGO.svg\",\"width\":160,\"height\":46,\"caption\":\"Sollux Lighting \"},\"image\":{\"@id\":\"https:\/\/sollux-lighting.com\/es\/#\/schema\/logo\/image\/\"}}]}<\/script>\n<!-- \/ Yoast SEO plugin. -->","yoast_head_json":{"title":"Pol\u00edtica de privacidad - Sollux Lighting","robots":{"index":"index","follow":"follow","max-snippet":"max-snippet:-1","max-image-preview":"max-image-preview:large","max-video-preview":"max-video-preview:-1"},"canonical":"https:\/\/sollux-lighting.com\/es\/politica-de-privacidad\/","og_locale":"es_ES","og_type":"article","og_title":"Pol\u00edtica de privacidad - Sollux Lighting","og_description":"Tratamiento de datos personales con fines de marketing sobre la base del consentimiento 1. controlador de datos Sollux Lighting Muzolf sp. j., con domicilio social en Budzyn, ul. \u0141okietka 35 (64-840 Budzyn), inscrita en el Registro Judicial Nacional con el n\u00famero KRS 0000591772, NIP 6070082443, es la administradora de los datos personales tratados con fines [&hellip;]","og_url":"https:\/\/sollux-lighting.com\/es\/politica-de-privacidad\/","og_site_name":"Sollux Lighting","article_modified_time":"2024-10-22T13:16:28+00:00","twitter_card":"summary_large_image","twitter_misc":{"Tiempo de lectura":"5 minutos"},"schema":{"@context":"https:\/\/schema.org","@graph":[{"@type":"WebPage","@id":"https:\/\/sollux-lighting.com\/es\/politica-de-privacidad\/","url":"https:\/\/sollux-lighting.com\/es\/politica-de-privacidad\/","name":"Pol\u00edtica de privacidad - Sollux Lighting","isPartOf":{"@id":"https:\/\/sollux-lighting.com\/es\/#website"},"datePublished":"2024-10-22T12:25:58+00:00","dateModified":"2024-10-22T13:16:28+00:00","breadcrumb":{"@id":"https:\/\/sollux-lighting.com\/es\/politica-de-privacidad\/#breadcrumb"},"inLanguage":"es","potentialAction":[{"@type":"ReadAction","target":["https:\/\/sollux-lighting.com\/es\/politica-de-privacidad\/"]}]},{"@type":"BreadcrumbList","@id":"https:\/\/sollux-lighting.com\/es\/politica-de-privacidad\/#breadcrumb","itemListElement":[{"@type":"ListItem","position":1,"name":"P\u00e1gina principal","item":"https:\/\/sollux-lighting.com\/es\/"},{"@type":"ListItem","position":2,"name":"Pol\u00edtica de privacidad"}]},{"@type":"WebSite","@id":"https:\/\/sollux-lighting.com\/es\/#website","url":"https:\/\/sollux-lighting.com\/es\/","name":"Sollux Lighting","description":"Brighten up your business","publisher":{"@id":"https:\/\/sollux-lighting.com\/es\/#organization"},"potentialAction":[{"@type":"SearchAction","target":{"@type":"EntryPoint","urlTemplate":"https:\/\/sollux-lighting.com\/es\/?s={search_term_string}"},"query-input":{"@type":"PropertyValueSpecification","valueRequired":true,"valueName":"search_term_string"}}],"inLanguage":"es"},{"@type":"Organization","@id":"https:\/\/sollux-lighting.com\/es\/#organization","name":"Sollux Lighting","url":"https:\/\/sollux-lighting.com\/es\/","logo":{"@type":"ImageObject","inLanguage":"es","@id":"https:\/\/sollux-lighting.com\/es\/#\/schema\/logo\/image\/","url":"https:\/\/sollux-lighting.com\/wp-content\/uploads\/2023\/02\/LOGO.svg","contentUrl":"https:\/\/sollux-lighting.com\/wp-content\/uploads\/2023\/02\/LOGO.svg","width":160,"height":46,"caption":"Sollux Lighting "},"image":{"@id":"https:\/\/sollux-lighting.com\/es\/#\/schema\/logo\/image\/"}}]}},"_links":{"self":[{"href":"https:\/\/sollux-lighting.com\/es\/wp-json\/wp\/v2\/pages\/76800","targetHints":{"allow":["GET"]}}],"collection":[{"href":"https:\/\/sollux-lighting.com\/es\/wp-json\/wp\/v2\/pages"}],"about":[{"href":"https:\/\/sollux-lighting.com\/es\/wp-json\/wp\/v2\/types\/page"}],"author":[{"embeddable":true,"href":"https:\/\/sollux-lighting.com\/es\/wp-json\/wp\/v2\/users\/2"}],"replies":[{"embeddable":true,"href":"https:\/\/sollux-lighting.com\/es\/wp-json\/wp\/v2\/comments?post=76800"}],"version-history":[{"count":8,"href":"https:\/\/sollux-lighting.com\/es\/wp-json\/wp\/v2\/pages\/76800\/revisions"}],"predecessor-version":[{"id":76848,"href":"https:\/\/sollux-lighting.com\/es\/wp-json\/wp\/v2\/pages\/76800\/revisions\/76848"}],"wp:attachment":[{"href":"https:\/\/sollux-lighting.com\/es\/wp-json\/wp\/v2\/media?parent=76800"}],"curies":[{"name":"wp","href":"https:\/\/api.w.org\/{rel}","templated":true}]}}