{"id":71288,"date":"2024-03-16T13:41:14","date_gmt":"2024-03-16T12:41:14","guid":{"rendered":"https:\/\/test.sollux-lighting.com\/nasza-oferta\/unkategorisiert\/pendelleuchten-galakse-148-schwarz-led-2700-6500k-2\/"},"modified":"2024-03-16T13:41:30","modified_gmt":"2024-03-16T12:41:30","slug":"pendelleuchten-galakse-148-schwarz-led-2700-6500k-2","status":"publish","type":"product","link":"https:\/\/sollux-lighting.com\/de\/nasza-oferta\/unkategorisiert\/pendelleuchten-galakse-148-schwarz-led-2700-6500k-2\/","title":{"rendered":"Pendelleuchten GALAKSE 148 schwarz LED  2700-6500K"},"content":{"rendered":"<p>GALAKSE ist das Licht der Zukunft f\u00fcr moderne Innenr\u00e4ume. In dieser Serie finden Sie eine Wandleuchte und zwei H\u00e4ngelampen, die jeden Raum aufwerten und ihm einen einzigartigen Charakter verleihen. Das Design von GALAKSE verk\u00f6rpert den Stil des Lofts, minimalistisch und modern. Das fantasievoll gewickelte LED-Modul verleiht der Lampe Charakter und das schwarze Stahl betont ihr industrielles Aussehen. Die Beleuchtung von GALASKE steht f\u00fcr St\u00e4rke und Langlebigkeit, ohne auf raffinierte Feinheit zu verzichten. Das in den Lampen verwendete LED-Modul hat einen hohen CRI, sodass die Farben in Ihrem Innenraum nat\u00fcrlich aussehen und ihm Tiefe und Ausdruck verleihen. Das Fehlen von Flackern bedeutet, dass Ihre Augen weniger belastet werden und Sie unerw\u00fcnschte Kopfschmerzen vermeiden k\u00f6nnen. F\u00fcgen Sie dazu noch die hohe Energieeffizienz des Moduls und die M\u00f6glichkeit der Lichtfarbeneinstellung hinzu und die GALASKE-Lampen werden zur perfekten Beleuchtung.<\/p>\n","protected":false},"excerpt":{"rendered":"<p>Lichtquelle: LED, 20W, 1100lm, 2700-6500K, CRI90, 50Hz, ~230V, IP20, Schutzklasse I<br \/>\nDie Lichtquelle ist im Lieferumfang enthalten.<br \/>\nMa\u00dfe: 148\/58\/160 cm<br \/>\nMaterial: Aluminium<br \/>\nFarbe: Schwarz<\/p>\n","protected":false},"featured_media":0,"template":"","meta":{"_acf_changed":false},"product_brand":[],"product_cat":[],"product_tag":[],"class_list":{"0":"post-71288","1":"product","2":"type-product","3":"status-publish","6":"first","7":"instock","8":"product-type-simple"},"acf":[],"yoast_head":"<!-- This site is optimized with the Yoast SEO plugin v25.4 - https:\/\/yoast.com\/wordpress\/plugins\/seo\/ -->\n<title>Pendelleuchten GALAKSE 148 schwarz LED 2700-6500K - Sollux Lighting<\/title>\n<meta name=\"robots\" content=\"index, follow, max-snippet:-1, max-image-preview:large, max-video-preview:-1\" \/>\n<link rel=\"canonical\" href=\"https:\/\/sollux-lighting.com\/de\/nasza-oferta\/unkategorisiert\/pendelleuchten-galakse-148-schwarz-led-2700-6500k-2\/\" \/>\n<meta property=\"og:locale\" content=\"de_DE\" \/>\n<meta property=\"og:type\" content=\"article\" \/>\n<meta property=\"og:title\" content=\"Pendelleuchten GALAKSE 148 schwarz LED 2700-6500K - Sollux Lighting\" \/>\n<meta property=\"og:description\" content=\"Lichtquelle: LED, 20W, 1100lm, 2700-6500K, CRI90, 50Hz, ~230V, IP20, Schutzklasse I Die Lichtquelle ist im Lieferumfang enthalten. Ma\u00dfe: 148\/58\/160 cm Material: Aluminium Farbe: Schwarz\" \/>\n<meta property=\"og:url\" content=\"https:\/\/sollux-lighting.com\/de\/nasza-oferta\/unkategorisiert\/pendelleuchten-galakse-148-schwarz-led-2700-6500k-2\/\" \/>\n<meta property=\"og:site_name\" content=\"Sollux Lighting\" \/>\n<meta property=\"article:modified_time\" content=\"2024-03-16T12:41:30+00:00\" \/>\n<meta name=\"twitter:card\" content=\"summary_large_image\" \/>\n<meta name=\"twitter:label1\" content=\"Gesch\u00e4tzte Lesezeit\" \/>\n\t<meta name=\"twitter:data1\" content=\"1\u00a0Minute\" \/>\n<script type=\"application\/ld+json\" class=\"yoast-schema-graph\">{\"@context\":\"https:\/\/schema.org\",\"@graph\":[{\"@type\":\"WebPage\",\"@id\":\"https:\/\/sollux-lighting.com\/de\/nasza-oferta\/unkategorisiert\/pendelleuchten-galakse-148-schwarz-led-2700-6500k-2\/\",\"url\":\"https:\/\/sollux-lighting.com\/de\/nasza-oferta\/unkategorisiert\/pendelleuchten-galakse-148-schwarz-led-2700-6500k-2\/\",\"name\":\"Pendelleuchten GALAKSE 148 schwarz LED 2700-6500K - Sollux Lighting\",\"isPartOf\":{\"@id\":\"https:\/\/sollux-lighting.com\/de\/#website\"},\"datePublished\":\"2024-03-16T12:41:14+00:00\",\"dateModified\":\"2024-03-16T12:41:30+00:00\",\"breadcrumb\":{\"@id\":\"https:\/\/sollux-lighting.com\/de\/nasza-oferta\/unkategorisiert\/pendelleuchten-galakse-148-schwarz-led-2700-6500k-2\/#breadcrumb\"},\"inLanguage\":\"de\",\"potentialAction\":[{\"@type\":\"ReadAction\",\"target\":[\"https:\/\/sollux-lighting.com\/de\/nasza-oferta\/unkategorisiert\/pendelleuchten-galakse-148-schwarz-led-2700-6500k-2\/\"]}]},{\"@type\":\"BreadcrumbList\",\"@id\":\"https:\/\/sollux-lighting.com\/de\/nasza-oferta\/unkategorisiert\/pendelleuchten-galakse-148-schwarz-led-2700-6500k-2\/#breadcrumb\",\"itemListElement\":[{\"@type\":\"ListItem\",\"position\":1,\"name\":\"Startseite\",\"item\":\"https:\/\/sollux-lighting.com\/de\/\"},{\"@type\":\"ListItem\",\"position\":2,\"name\":\"Unser Angebot\",\"item\":\"https:\/\/sollux-lighting.com\/de\/unser-angebot\/\"},{\"@type\":\"ListItem\",\"position\":3,\"name\":\"Pendelleuchten GALAKSE 148 schwarz LED 2700-6500K\"}]},{\"@type\":\"WebSite\",\"@id\":\"https:\/\/sollux-lighting.com\/de\/#website\",\"url\":\"https:\/\/sollux-lighting.com\/de\/\",\"name\":\"Sollux Lighting\",\"description\":\"Brighten up your business\",\"publisher\":{\"@id\":\"https:\/\/sollux-lighting.com\/de\/#organization\"},\"potentialAction\":[{\"@type\":\"SearchAction\",\"target\":{\"@type\":\"EntryPoint\",\"urlTemplate\":\"https:\/\/sollux-lighting.com\/de\/?s={search_term_string}\"},\"query-input\":{\"@type\":\"PropertyValueSpecification\",\"valueRequired\":true,\"valueName\":\"search_term_string\"}}],\"inLanguage\":\"de\"},{\"@type\":\"Organization\",\"@id\":\"https:\/\/sollux-lighting.com\/de\/#organization\",\"name\":\"Sollux Lighting\",\"url\":\"https:\/\/sollux-lighting.com\/de\/\",\"logo\":{\"@type\":\"ImageObject\",\"inLanguage\":\"de\",\"@id\":\"https:\/\/sollux-lighting.com\/de\/#\/schema\/logo\/image\/\",\"url\":\"https:\/\/sollux-lighting.com\/wp-content\/uploads\/2023\/02\/LOGO.svg\",\"contentUrl\":\"https:\/\/sollux-lighting.com\/wp-content\/uploads\/2023\/02\/LOGO.svg\",\"width\":160,\"height\":46,\"caption\":\"Sollux Lighting \"},\"image\":{\"@id\":\"https:\/\/sollux-lighting.com\/de\/#\/schema\/logo\/image\/\"}}]}<\/script>\n<!-- \/ Yoast SEO plugin. -->","yoast_head_json":{"title":"Pendelleuchten GALAKSE 148 schwarz LED 2700-6500K - Sollux Lighting","robots":{"index":"index","follow":"follow","max-snippet":"max-snippet:-1","max-image-preview":"max-image-preview:large","max-video-preview":"max-video-preview:-1"},"canonical":"https:\/\/sollux-lighting.com\/de\/nasza-oferta\/unkategorisiert\/pendelleuchten-galakse-148-schwarz-led-2700-6500k-2\/","og_locale":"de_DE","og_type":"article","og_title":"Pendelleuchten GALAKSE 148 schwarz LED 2700-6500K - Sollux Lighting","og_description":"Lichtquelle: LED, 20W, 1100lm, 2700-6500K, CRI90, 50Hz, ~230V, IP20, Schutzklasse I Die Lichtquelle ist im Lieferumfang enthalten. Ma\u00dfe: 148\/58\/160 cm Material: Aluminium Farbe: Schwarz","og_url":"https:\/\/sollux-lighting.com\/de\/nasza-oferta\/unkategorisiert\/pendelleuchten-galakse-148-schwarz-led-2700-6500k-2\/","og_site_name":"Sollux Lighting","article_modified_time":"2024-03-16T12:41:30+00:00","twitter_card":"summary_large_image","twitter_misc":{"Gesch\u00e4tzte Lesezeit":"1\u00a0Minute"},"schema":{"@context":"https:\/\/schema.org","@graph":[{"@type":"WebPage","@id":"https:\/\/sollux-lighting.com\/de\/nasza-oferta\/unkategorisiert\/pendelleuchten-galakse-148-schwarz-led-2700-6500k-2\/","url":"https:\/\/sollux-lighting.com\/de\/nasza-oferta\/unkategorisiert\/pendelleuchten-galakse-148-schwarz-led-2700-6500k-2\/","name":"Pendelleuchten GALAKSE 148 schwarz LED 2700-6500K - Sollux Lighting","isPartOf":{"@id":"https:\/\/sollux-lighting.com\/de\/#website"},"datePublished":"2024-03-16T12:41:14+00:00","dateModified":"2024-03-16T12:41:30+00:00","breadcrumb":{"@id":"https:\/\/sollux-lighting.com\/de\/nasza-oferta\/unkategorisiert\/pendelleuchten-galakse-148-schwarz-led-2700-6500k-2\/#breadcrumb"},"inLanguage":"de","potentialAction":[{"@type":"ReadAction","target":["https:\/\/sollux-lighting.com\/de\/nasza-oferta\/unkategorisiert\/pendelleuchten-galakse-148-schwarz-led-2700-6500k-2\/"]}]},{"@type":"BreadcrumbList","@id":"https:\/\/sollux-lighting.com\/de\/nasza-oferta\/unkategorisiert\/pendelleuchten-galakse-148-schwarz-led-2700-6500k-2\/#breadcrumb","itemListElement":[{"@type":"ListItem","position":1,"name":"Startseite","item":"https:\/\/sollux-lighting.com\/de\/"},{"@type":"ListItem","position":2,"name":"Unser Angebot","item":"https:\/\/sollux-lighting.com\/de\/unser-angebot\/"},{"@type":"ListItem","position":3,"name":"Pendelleuchten GALAKSE 148 schwarz LED 2700-6500K"}]},{"@type":"WebSite","@id":"https:\/\/sollux-lighting.com\/de\/#website","url":"https:\/\/sollux-lighting.com\/de\/","name":"Sollux Lighting","description":"Brighten up your business","publisher":{"@id":"https:\/\/sollux-lighting.com\/de\/#organization"},"potentialAction":[{"@type":"SearchAction","target":{"@type":"EntryPoint","urlTemplate":"https:\/\/sollux-lighting.com\/de\/?s={search_term_string}"},"query-input":{"@type":"PropertyValueSpecification","valueRequired":true,"valueName":"search_term_string"}}],"inLanguage":"de"},{"@type":"Organization","@id":"https:\/\/sollux-lighting.com\/de\/#organization","name":"Sollux Lighting","url":"https:\/\/sollux-lighting.com\/de\/","logo":{"@type":"ImageObject","inLanguage":"de","@id":"https:\/\/sollux-lighting.com\/de\/#\/schema\/logo\/image\/","url":"https:\/\/sollux-lighting.com\/wp-content\/uploads\/2023\/02\/LOGO.svg","contentUrl":"https:\/\/sollux-lighting.com\/wp-content\/uploads\/2023\/02\/LOGO.svg","width":160,"height":46,"caption":"Sollux Lighting "},"image":{"@id":"https:\/\/sollux-lighting.com\/de\/#\/schema\/logo\/image\/"}}]}},"_links":{"self":[{"href":"https:\/\/sollux-lighting.com\/de\/wp-json\/wp\/v2\/product\/71288","targetHints":{"allow":["GET"]}}],"collection":[{"href":"https:\/\/sollux-lighting.com\/de\/wp-json\/wp\/v2\/product"}],"about":[{"href":"https:\/\/sollux-lighting.com\/de\/wp-json\/wp\/v2\/types\/product"}],"wp:attachment":[{"href":"https:\/\/sollux-lighting.com\/de\/wp-json\/wp\/v2\/media?parent=71288"}],"wp:term":[{"taxonomy":"product_brand","embeddable":true,"href":"https:\/\/sollux-lighting.com\/de\/wp-json\/wp\/v2\/product_brand?post=71288"},{"taxonomy":"product_cat","embeddable":true,"href":"https:\/\/sollux-lighting.com\/de\/wp-json\/wp\/v2\/product_cat?post=71288"},{"taxonomy":"product_tag","embeddable":true,"href":"https:\/\/sollux-lighting.com\/de\/wp-json\/wp\/v2\/product_tag?post=71288"}],"curies":[{"name":"wp","href":"https:\/\/api.w.org\/{rel}","templated":true}]}}