{"id":71284,"date":"2024-03-16T13:41:14","date_gmt":"2024-03-16T12:41:14","guid":{"rendered":"https:\/\/test.sollux-lighting.com\/nasza-oferta\/unkategorisiert\/kronleuchter-risa-120-schwarz-led-3000k-2\/"},"modified":"2024-03-16T13:41:15","modified_gmt":"2024-03-16T12:41:15","slug":"kronleuchter-risa-120-schwarz-led-3000k-2","status":"publish","type":"product","link":"https:\/\/sollux-lighting.com\/de\/nasza-oferta\/kronleuchter\/kronleuchter-risa-120-schwarz-led-3000k-2\/","title":{"rendered":"Kronleuchter RISA 120 schwarz LED 3000K"},"content":{"rendered":"<p>Die RISA-H\u00e4ngeleuchte ist nicht nur eine Lichtquelle, sondern verleiht dem Innenraum auch Stil und Charakter dank ihres beeindruckenden Designs. Ihr zarter, beleuchteter Ring mit LED-Modul bietet angenehmes, beruhigendes Licht mit einer Temperatur von 3000K. Die RISA gibt nat\u00fcrliche Farben perfekt wieder und sch\u00fctzt zus\u00e4tzlich vor unkontrolliertem Flackern des Lichts, um den Komfort Ihrer Augen und Ihr allgemeines Wohlbefinden zu gew\u00e4hrleisten. Die H\u00e4ngeleuchte ist in zwei Gr\u00f6\u00dfen erh\u00e4ltlich &#8211; mit einem Durchmesser von 90 cm und 120 cm &#8211; und passt in R\u00e4ume unterschiedlicher Gr\u00f6\u00dfe. Ihr zeitloser Charakter vervollst\u00e4ndigt jede Inneneinrichtung und ist wie das fehlende Puzzlest\u00fcck. Wenn Sie in die RISA-H\u00e4ngeleuchte investieren, erhalten Sie nicht nur Qualit\u00e4t und eine 5-j\u00e4hrige Garantie, sondern tragen auch zur Umwelt bei dank des umweltfreundlichen LED-Moduls.<\/p>\n","protected":false},"excerpt":{"rendered":"<p>Lichtquelle: LED, 98W, 12959lm, 3000K, CRI93, 50Hz, ~230V, IP20, Schutzklasse I<br \/>\nDie Lichtquelle ist im Lieferumfang enthalten.<br \/>\nAbmessungen: 120\/120\/160 cm<br \/>\nMaterial: Aluminium<br \/>\nFarbe: Schwarz<\/p>\n","protected":false},"featured_media":0,"template":"","meta":{"_acf_changed":false},"product_brand":[],"product_cat":[1891],"product_tag":[],"class_list":{"0":"post-71284","1":"product","2":"type-product","3":"status-publish","5":"product_cat-kronleuchter","7":"first","8":"instock","9":"product-type-simple"},"acf":[],"yoast_head":"<!-- This site is optimized with the Yoast SEO plugin v25.4 - https:\/\/yoast.com\/wordpress\/plugins\/seo\/ -->\n<title>Kronleuchter RISA 120 schwarz LED 3000K - Sollux Lighting<\/title>\n<meta name=\"robots\" content=\"index, follow, max-snippet:-1, max-image-preview:large, max-video-preview:-1\" \/>\n<link rel=\"canonical\" href=\"https:\/\/sollux-lighting.com\/de\/nasza-oferta\/kronleuchter\/kronleuchter-risa-120-schwarz-led-3000k-2\/\" \/>\n<meta property=\"og:locale\" content=\"de_DE\" \/>\n<meta property=\"og:type\" content=\"article\" \/>\n<meta property=\"og:title\" content=\"Kronleuchter RISA 120 schwarz LED 3000K - Sollux Lighting\" \/>\n<meta property=\"og:description\" content=\"Lichtquelle: LED, 98W, 12959lm, 3000K, CRI93, 50Hz, ~230V, IP20, Schutzklasse I Die Lichtquelle ist im Lieferumfang enthalten. Abmessungen: 120\/120\/160 cm Material: Aluminium Farbe: Schwarz\" \/>\n<meta property=\"og:url\" content=\"https:\/\/sollux-lighting.com\/de\/nasza-oferta\/kronleuchter\/kronleuchter-risa-120-schwarz-led-3000k-2\/\" \/>\n<meta property=\"og:site_name\" content=\"Sollux Lighting\" \/>\n<meta property=\"article:modified_time\" content=\"2024-03-16T12:41:15+00:00\" \/>\n<meta name=\"twitter:card\" content=\"summary_large_image\" \/>\n<meta name=\"twitter:label1\" content=\"Gesch\u00e4tzte Lesezeit\" \/>\n\t<meta name=\"twitter:data1\" content=\"1\u00a0Minute\" \/>\n<script type=\"application\/ld+json\" class=\"yoast-schema-graph\">{\"@context\":\"https:\/\/schema.org\",\"@graph\":[{\"@type\":\"WebPage\",\"@id\":\"https:\/\/sollux-lighting.com\/de\/nasza-oferta\/kronleuchter\/kronleuchter-risa-120-schwarz-led-3000k-2\/\",\"url\":\"https:\/\/sollux-lighting.com\/de\/nasza-oferta\/kronleuchter\/kronleuchter-risa-120-schwarz-led-3000k-2\/\",\"name\":\"Kronleuchter RISA 120 schwarz LED 3000K - Sollux Lighting\",\"isPartOf\":{\"@id\":\"https:\/\/sollux-lighting.com\/de\/#website\"},\"datePublished\":\"2024-03-16T12:41:14+00:00\",\"dateModified\":\"2024-03-16T12:41:15+00:00\",\"breadcrumb\":{\"@id\":\"https:\/\/sollux-lighting.com\/de\/nasza-oferta\/kronleuchter\/kronleuchter-risa-120-schwarz-led-3000k-2\/#breadcrumb\"},\"inLanguage\":\"de\",\"potentialAction\":[{\"@type\":\"ReadAction\",\"target\":[\"https:\/\/sollux-lighting.com\/de\/nasza-oferta\/kronleuchter\/kronleuchter-risa-120-schwarz-led-3000k-2\/\"]}]},{\"@type\":\"BreadcrumbList\",\"@id\":\"https:\/\/sollux-lighting.com\/de\/nasza-oferta\/kronleuchter\/kronleuchter-risa-120-schwarz-led-3000k-2\/#breadcrumb\",\"itemListElement\":[{\"@type\":\"ListItem\",\"position\":1,\"name\":\"Startseite\",\"item\":\"https:\/\/sollux-lighting.com\/de\/\"},{\"@type\":\"ListItem\",\"position\":2,\"name\":\"Unser Angebot\",\"item\":\"https:\/\/sollux-lighting.com\/de\/unser-angebot\/\"},{\"@type\":\"ListItem\",\"position\":3,\"name\":\"Kronleuchter RISA 120 schwarz LED 3000K\"}]},{\"@type\":\"WebSite\",\"@id\":\"https:\/\/sollux-lighting.com\/de\/#website\",\"url\":\"https:\/\/sollux-lighting.com\/de\/\",\"name\":\"Sollux Lighting\",\"description\":\"Brighten up your business\",\"publisher\":{\"@id\":\"https:\/\/sollux-lighting.com\/de\/#organization\"},\"potentialAction\":[{\"@type\":\"SearchAction\",\"target\":{\"@type\":\"EntryPoint\",\"urlTemplate\":\"https:\/\/sollux-lighting.com\/de\/?s={search_term_string}\"},\"query-input\":{\"@type\":\"PropertyValueSpecification\",\"valueRequired\":true,\"valueName\":\"search_term_string\"}}],\"inLanguage\":\"de\"},{\"@type\":\"Organization\",\"@id\":\"https:\/\/sollux-lighting.com\/de\/#organization\",\"name\":\"Sollux Lighting\",\"url\":\"https:\/\/sollux-lighting.com\/de\/\",\"logo\":{\"@type\":\"ImageObject\",\"inLanguage\":\"de\",\"@id\":\"https:\/\/sollux-lighting.com\/de\/#\/schema\/logo\/image\/\",\"url\":\"https:\/\/sollux-lighting.com\/wp-content\/uploads\/2023\/02\/LOGO.svg\",\"contentUrl\":\"https:\/\/sollux-lighting.com\/wp-content\/uploads\/2023\/02\/LOGO.svg\",\"width\":160,\"height\":46,\"caption\":\"Sollux Lighting \"},\"image\":{\"@id\":\"https:\/\/sollux-lighting.com\/de\/#\/schema\/logo\/image\/\"}}]}<\/script>\n<!-- \/ Yoast SEO plugin. -->","yoast_head_json":{"title":"Kronleuchter RISA 120 schwarz LED 3000K - Sollux Lighting","robots":{"index":"index","follow":"follow","max-snippet":"max-snippet:-1","max-image-preview":"max-image-preview:large","max-video-preview":"max-video-preview:-1"},"canonical":"https:\/\/sollux-lighting.com\/de\/nasza-oferta\/kronleuchter\/kronleuchter-risa-120-schwarz-led-3000k-2\/","og_locale":"de_DE","og_type":"article","og_title":"Kronleuchter RISA 120 schwarz LED 3000K - Sollux Lighting","og_description":"Lichtquelle: LED, 98W, 12959lm, 3000K, CRI93, 50Hz, ~230V, IP20, Schutzklasse I Die Lichtquelle ist im Lieferumfang enthalten. Abmessungen: 120\/120\/160 cm Material: Aluminium Farbe: Schwarz","og_url":"https:\/\/sollux-lighting.com\/de\/nasza-oferta\/kronleuchter\/kronleuchter-risa-120-schwarz-led-3000k-2\/","og_site_name":"Sollux Lighting","article_modified_time":"2024-03-16T12:41:15+00:00","twitter_card":"summary_large_image","twitter_misc":{"Gesch\u00e4tzte Lesezeit":"1\u00a0Minute"},"schema":{"@context":"https:\/\/schema.org","@graph":[{"@type":"WebPage","@id":"https:\/\/sollux-lighting.com\/de\/nasza-oferta\/kronleuchter\/kronleuchter-risa-120-schwarz-led-3000k-2\/","url":"https:\/\/sollux-lighting.com\/de\/nasza-oferta\/kronleuchter\/kronleuchter-risa-120-schwarz-led-3000k-2\/","name":"Kronleuchter RISA 120 schwarz LED 3000K - Sollux Lighting","isPartOf":{"@id":"https:\/\/sollux-lighting.com\/de\/#website"},"datePublished":"2024-03-16T12:41:14+00:00","dateModified":"2024-03-16T12:41:15+00:00","breadcrumb":{"@id":"https:\/\/sollux-lighting.com\/de\/nasza-oferta\/kronleuchter\/kronleuchter-risa-120-schwarz-led-3000k-2\/#breadcrumb"},"inLanguage":"de","potentialAction":[{"@type":"ReadAction","target":["https:\/\/sollux-lighting.com\/de\/nasza-oferta\/kronleuchter\/kronleuchter-risa-120-schwarz-led-3000k-2\/"]}]},{"@type":"BreadcrumbList","@id":"https:\/\/sollux-lighting.com\/de\/nasza-oferta\/kronleuchter\/kronleuchter-risa-120-schwarz-led-3000k-2\/#breadcrumb","itemListElement":[{"@type":"ListItem","position":1,"name":"Startseite","item":"https:\/\/sollux-lighting.com\/de\/"},{"@type":"ListItem","position":2,"name":"Unser Angebot","item":"https:\/\/sollux-lighting.com\/de\/unser-angebot\/"},{"@type":"ListItem","position":3,"name":"Kronleuchter RISA 120 schwarz LED 3000K"}]},{"@type":"WebSite","@id":"https:\/\/sollux-lighting.com\/de\/#website","url":"https:\/\/sollux-lighting.com\/de\/","name":"Sollux Lighting","description":"Brighten up your business","publisher":{"@id":"https:\/\/sollux-lighting.com\/de\/#organization"},"potentialAction":[{"@type":"SearchAction","target":{"@type":"EntryPoint","urlTemplate":"https:\/\/sollux-lighting.com\/de\/?s={search_term_string}"},"query-input":{"@type":"PropertyValueSpecification","valueRequired":true,"valueName":"search_term_string"}}],"inLanguage":"de"},{"@type":"Organization","@id":"https:\/\/sollux-lighting.com\/de\/#organization","name":"Sollux Lighting","url":"https:\/\/sollux-lighting.com\/de\/","logo":{"@type":"ImageObject","inLanguage":"de","@id":"https:\/\/sollux-lighting.com\/de\/#\/schema\/logo\/image\/","url":"https:\/\/sollux-lighting.com\/wp-content\/uploads\/2023\/02\/LOGO.svg","contentUrl":"https:\/\/sollux-lighting.com\/wp-content\/uploads\/2023\/02\/LOGO.svg","width":160,"height":46,"caption":"Sollux Lighting "},"image":{"@id":"https:\/\/sollux-lighting.com\/de\/#\/schema\/logo\/image\/"}}]}},"_links":{"self":[{"href":"https:\/\/sollux-lighting.com\/de\/wp-json\/wp\/v2\/product\/71284","targetHints":{"allow":["GET"]}}],"collection":[{"href":"https:\/\/sollux-lighting.com\/de\/wp-json\/wp\/v2\/product"}],"about":[{"href":"https:\/\/sollux-lighting.com\/de\/wp-json\/wp\/v2\/types\/product"}],"wp:attachment":[{"href":"https:\/\/sollux-lighting.com\/de\/wp-json\/wp\/v2\/media?parent=71284"}],"wp:term":[{"taxonomy":"product_brand","embeddable":true,"href":"https:\/\/sollux-lighting.com\/de\/wp-json\/wp\/v2\/product_brand?post=71284"},{"taxonomy":"product_cat","embeddable":true,"href":"https:\/\/sollux-lighting.com\/de\/wp-json\/wp\/v2\/product_cat?post=71284"},{"taxonomy":"product_tag","embeddable":true,"href":"https:\/\/sollux-lighting.com\/de\/wp-json\/wp\/v2\/product_tag?post=71284"}],"curies":[{"name":"wp","href":"https:\/\/api.w.org\/{rel}","templated":true}]}}