{"id":71140,"date":"2024-03-16T13:18:13","date_gmt":"2024-03-16T12:18:13","guid":{"rendered":"https:\/\/test.sollux-lighting.com\/nasza-oferta\/unkategorisiert\/deckenleuchte-tavo-2-2\/"},"modified":"2024-03-16T13:18:23","modified_gmt":"2024-03-16T12:18:23","slug":"deckenleuchte-tavo-2-2","status":"publish","type":"product","link":"https:\/\/sollux-lighting.com\/de\/nasza-oferta\/unkategorisiert\/deckenleuchte-tavo-2-2\/","title":{"rendered":"Deckenleuchte TAVO 2"},"content":{"rendered":"<p>Gleichzeitig roh und elegant definiert die TAVO-Deckenleuchte zeitgen\u00f6ssisches Design. Hergestellt aus hochwertigem Beton, zeichnet sie sich durch au\u00dfergew\u00f6hnliche Strapazierf\u00e4higkeit aus und verleiht jedem Raum einen urbanen Touch. Obwohl zweifellos ideal f\u00fcr moderne Lofts und industrielle Innenr\u00e4ume, f\u00fcgt sich die Deckenleuchte auch gut in zur\u00fcckhaltendere Arrangements ein. In Varianten mit 1, 2 oder 3 Lichtpunkten erh\u00e4ltlich, passt sich die TAVO-Deckenleuchte dem Charakter und der Funktion jedes Raumes an: Schlafzimmer, Wohnzimmer, Flur oder Esszimmer. W\u00e4hlen Sie die graue TAVO-Deckenleuchte und sehen Sie, wie selbst die einfachsten Materialien den Anfang von etwas Besonderem darstellen k\u00f6nnen.<\/p>\n","protected":false},"excerpt":{"rendered":"<p>Lichtquelle: E27, 2x max 15 W LED, 50 Hz, ~230V, IP20, Schutzklasse I<br \/>\nLichtquelle ist nicht im Lieferumfang enthalten.<br \/>\nMa\u00dfe: 35\/13,5\/10 cm<br \/>\nMaterial: Beton<br \/>\nFarbe: Grau<\/p>\n","protected":false},"featured_media":0,"template":"","meta":{"_acf_changed":false},"product_brand":[],"product_cat":[],"product_tag":[],"class_list":{"0":"post-71140","1":"product","2":"type-product","3":"status-publish","6":"first","7":"instock","8":"product-type-simple"},"acf":[],"yoast_head":"<!-- This site is optimized with the Yoast SEO plugin v25.4 - https:\/\/yoast.com\/wordpress\/plugins\/seo\/ -->\n<title>Deckenleuchte TAVO 2 - Sollux Lighting<\/title>\n<meta name=\"robots\" content=\"index, follow, max-snippet:-1, max-image-preview:large, max-video-preview:-1\" \/>\n<link rel=\"canonical\" href=\"https:\/\/sollux-lighting.com\/de\/nasza-oferta\/unkategorisiert\/deckenleuchte-tavo-2-2\/\" \/>\n<meta property=\"og:locale\" content=\"de_DE\" \/>\n<meta property=\"og:type\" content=\"article\" \/>\n<meta property=\"og:title\" content=\"Deckenleuchte TAVO 2 - Sollux Lighting\" \/>\n<meta property=\"og:description\" content=\"Lichtquelle: E27, 2x max 15 W LED, 50 Hz, ~230V, IP20, Schutzklasse I Lichtquelle ist nicht im Lieferumfang enthalten. Ma\u00dfe: 35\/13,5\/10 cm Material: Beton Farbe: Grau\" \/>\n<meta property=\"og:url\" content=\"https:\/\/sollux-lighting.com\/de\/nasza-oferta\/unkategorisiert\/deckenleuchte-tavo-2-2\/\" \/>\n<meta property=\"og:site_name\" content=\"Sollux Lighting\" \/>\n<meta property=\"article:modified_time\" content=\"2024-03-16T12:18:23+00:00\" \/>\n<meta name=\"twitter:card\" content=\"summary_large_image\" \/>\n<meta name=\"twitter:label1\" content=\"Gesch\u00e4tzte Lesezeit\" \/>\n\t<meta name=\"twitter:data1\" content=\"1\u00a0Minute\" \/>\n<script type=\"application\/ld+json\" class=\"yoast-schema-graph\">{\"@context\":\"https:\/\/schema.org\",\"@graph\":[{\"@type\":\"WebPage\",\"@id\":\"https:\/\/sollux-lighting.com\/de\/nasza-oferta\/unkategorisiert\/deckenleuchte-tavo-2-2\/\",\"url\":\"https:\/\/sollux-lighting.com\/de\/nasza-oferta\/unkategorisiert\/deckenleuchte-tavo-2-2\/\",\"name\":\"Deckenleuchte TAVO 2 - Sollux Lighting\",\"isPartOf\":{\"@id\":\"https:\/\/sollux-lighting.com\/de\/#website\"},\"datePublished\":\"2024-03-16T12:18:13+00:00\",\"dateModified\":\"2024-03-16T12:18:23+00:00\",\"breadcrumb\":{\"@id\":\"https:\/\/sollux-lighting.com\/de\/nasza-oferta\/unkategorisiert\/deckenleuchte-tavo-2-2\/#breadcrumb\"},\"inLanguage\":\"de\",\"potentialAction\":[{\"@type\":\"ReadAction\",\"target\":[\"https:\/\/sollux-lighting.com\/de\/nasza-oferta\/unkategorisiert\/deckenleuchte-tavo-2-2\/\"]}]},{\"@type\":\"BreadcrumbList\",\"@id\":\"https:\/\/sollux-lighting.com\/de\/nasza-oferta\/unkategorisiert\/deckenleuchte-tavo-2-2\/#breadcrumb\",\"itemListElement\":[{\"@type\":\"ListItem\",\"position\":1,\"name\":\"Startseite\",\"item\":\"https:\/\/sollux-lighting.com\/de\/\"},{\"@type\":\"ListItem\",\"position\":2,\"name\":\"Unser Angebot\",\"item\":\"https:\/\/sollux-lighting.com\/de\/unser-angebot\/\"},{\"@type\":\"ListItem\",\"position\":3,\"name\":\"Deckenleuchte TAVO 2\"}]},{\"@type\":\"WebSite\",\"@id\":\"https:\/\/sollux-lighting.com\/de\/#website\",\"url\":\"https:\/\/sollux-lighting.com\/de\/\",\"name\":\"Sollux Lighting\",\"description\":\"Brighten up your business\",\"publisher\":{\"@id\":\"https:\/\/sollux-lighting.com\/de\/#organization\"},\"potentialAction\":[{\"@type\":\"SearchAction\",\"target\":{\"@type\":\"EntryPoint\",\"urlTemplate\":\"https:\/\/sollux-lighting.com\/de\/?s={search_term_string}\"},\"query-input\":{\"@type\":\"PropertyValueSpecification\",\"valueRequired\":true,\"valueName\":\"search_term_string\"}}],\"inLanguage\":\"de\"},{\"@type\":\"Organization\",\"@id\":\"https:\/\/sollux-lighting.com\/de\/#organization\",\"name\":\"Sollux Lighting\",\"url\":\"https:\/\/sollux-lighting.com\/de\/\",\"logo\":{\"@type\":\"ImageObject\",\"inLanguage\":\"de\",\"@id\":\"https:\/\/sollux-lighting.com\/de\/#\/schema\/logo\/image\/\",\"url\":\"https:\/\/sollux-lighting.com\/wp-content\/uploads\/2023\/02\/LOGO.svg\",\"contentUrl\":\"https:\/\/sollux-lighting.com\/wp-content\/uploads\/2023\/02\/LOGO.svg\",\"width\":160,\"height\":46,\"caption\":\"Sollux Lighting \"},\"image\":{\"@id\":\"https:\/\/sollux-lighting.com\/de\/#\/schema\/logo\/image\/\"}}]}<\/script>\n<!-- \/ Yoast SEO plugin. -->","yoast_head_json":{"title":"Deckenleuchte TAVO 2 - Sollux Lighting","robots":{"index":"index","follow":"follow","max-snippet":"max-snippet:-1","max-image-preview":"max-image-preview:large","max-video-preview":"max-video-preview:-1"},"canonical":"https:\/\/sollux-lighting.com\/de\/nasza-oferta\/unkategorisiert\/deckenleuchte-tavo-2-2\/","og_locale":"de_DE","og_type":"article","og_title":"Deckenleuchte TAVO 2 - Sollux Lighting","og_description":"Lichtquelle: E27, 2x max 15 W LED, 50 Hz, ~230V, IP20, Schutzklasse I Lichtquelle ist nicht im Lieferumfang enthalten. Ma\u00dfe: 35\/13,5\/10 cm Material: Beton Farbe: Grau","og_url":"https:\/\/sollux-lighting.com\/de\/nasza-oferta\/unkategorisiert\/deckenleuchte-tavo-2-2\/","og_site_name":"Sollux Lighting","article_modified_time":"2024-03-16T12:18:23+00:00","twitter_card":"summary_large_image","twitter_misc":{"Gesch\u00e4tzte Lesezeit":"1\u00a0Minute"},"schema":{"@context":"https:\/\/schema.org","@graph":[{"@type":"WebPage","@id":"https:\/\/sollux-lighting.com\/de\/nasza-oferta\/unkategorisiert\/deckenleuchte-tavo-2-2\/","url":"https:\/\/sollux-lighting.com\/de\/nasza-oferta\/unkategorisiert\/deckenleuchte-tavo-2-2\/","name":"Deckenleuchte TAVO 2 - Sollux Lighting","isPartOf":{"@id":"https:\/\/sollux-lighting.com\/de\/#website"},"datePublished":"2024-03-16T12:18:13+00:00","dateModified":"2024-03-16T12:18:23+00:00","breadcrumb":{"@id":"https:\/\/sollux-lighting.com\/de\/nasza-oferta\/unkategorisiert\/deckenleuchte-tavo-2-2\/#breadcrumb"},"inLanguage":"de","potentialAction":[{"@type":"ReadAction","target":["https:\/\/sollux-lighting.com\/de\/nasza-oferta\/unkategorisiert\/deckenleuchte-tavo-2-2\/"]}]},{"@type":"BreadcrumbList","@id":"https:\/\/sollux-lighting.com\/de\/nasza-oferta\/unkategorisiert\/deckenleuchte-tavo-2-2\/#breadcrumb","itemListElement":[{"@type":"ListItem","position":1,"name":"Startseite","item":"https:\/\/sollux-lighting.com\/de\/"},{"@type":"ListItem","position":2,"name":"Unser Angebot","item":"https:\/\/sollux-lighting.com\/de\/unser-angebot\/"},{"@type":"ListItem","position":3,"name":"Deckenleuchte TAVO 2"}]},{"@type":"WebSite","@id":"https:\/\/sollux-lighting.com\/de\/#website","url":"https:\/\/sollux-lighting.com\/de\/","name":"Sollux Lighting","description":"Brighten up your business","publisher":{"@id":"https:\/\/sollux-lighting.com\/de\/#organization"},"potentialAction":[{"@type":"SearchAction","target":{"@type":"EntryPoint","urlTemplate":"https:\/\/sollux-lighting.com\/de\/?s={search_term_string}"},"query-input":{"@type":"PropertyValueSpecification","valueRequired":true,"valueName":"search_term_string"}}],"inLanguage":"de"},{"@type":"Organization","@id":"https:\/\/sollux-lighting.com\/de\/#organization","name":"Sollux Lighting","url":"https:\/\/sollux-lighting.com\/de\/","logo":{"@type":"ImageObject","inLanguage":"de","@id":"https:\/\/sollux-lighting.com\/de\/#\/schema\/logo\/image\/","url":"https:\/\/sollux-lighting.com\/wp-content\/uploads\/2023\/02\/LOGO.svg","contentUrl":"https:\/\/sollux-lighting.com\/wp-content\/uploads\/2023\/02\/LOGO.svg","width":160,"height":46,"caption":"Sollux Lighting "},"image":{"@id":"https:\/\/sollux-lighting.com\/de\/#\/schema\/logo\/image\/"}}]}},"_links":{"self":[{"href":"https:\/\/sollux-lighting.com\/de\/wp-json\/wp\/v2\/product\/71140","targetHints":{"allow":["GET"]}}],"collection":[{"href":"https:\/\/sollux-lighting.com\/de\/wp-json\/wp\/v2\/product"}],"about":[{"href":"https:\/\/sollux-lighting.com\/de\/wp-json\/wp\/v2\/types\/product"}],"wp:attachment":[{"href":"https:\/\/sollux-lighting.com\/de\/wp-json\/wp\/v2\/media?parent=71140"}],"wp:term":[{"taxonomy":"product_brand","embeddable":true,"href":"https:\/\/sollux-lighting.com\/de\/wp-json\/wp\/v2\/product_brand?post=71140"},{"taxonomy":"product_cat","embeddable":true,"href":"https:\/\/sollux-lighting.com\/de\/wp-json\/wp\/v2\/product_cat?post=71140"},{"taxonomy":"product_tag","embeddable":true,"href":"https:\/\/sollux-lighting.com\/de\/wp-json\/wp\/v2\/product_tag?post=71140"}],"curies":[{"name":"wp","href":"https:\/\/api.w.org\/{rel}","templated":true}]}}