{"id":70770,"date":"2023-03-17T12:12:27","date_gmt":"2023-03-17T11:12:27","guid":{"rendered":"https:\/\/test.sollux-lighting.com\/nasza-oferta\/unkategorisiert\/deckenleuchte-yoli-4-weiss\/"},"modified":"2024-03-16T13:17:50","modified_gmt":"2024-03-16T12:17:50","slug":"deckenleuchte-yoli-4-weiss","status":"publish","type":"product","link":"https:\/\/sollux-lighting.com\/de\/nasza-oferta\/unkategorisiert\/deckenleuchte-yoli-4-weiss\/","title":{"rendered":"Deckenleuchte YOLI 4 wei\u00df"},"content":{"rendered":"<p>Beim YOLI Plafond wird stilvolle Schlichtheit mit zeitlosen Klassikern kombiniert, um einen visuellen Effekt zu erzielen, der in eine Vielzahl von Interieurs passt. Dank der 2 verf\u00fcgbaren Farbversionen &#8211; schwarz und wei\u00df &#8211; passt die \u00c4sthetik der Lampe perfekt in einen Raum, der im skandinavischen, modernen, eklektischen, Loft- oder Industriestil eingerichtet ist.Die regelm\u00e4\u00dfige Form des Lampenschirms in Form einer Kugel beruhigt die Sinne und ist eine perfekte dekorative Erg\u00e4nzung der Einrichtung. Sie eignet sich sowohl f\u00fcr das Schlafzimmer als auch f\u00fcr das Wohn- oder Esszimmer. Dank mehrerer Lampenvarianten &#8211; mit 1, 2, 3, 4 oder sogar 6 Lichtpunkten &#8211; k\u00f6nnen Sie YOLI leicht an die Gr\u00f6\u00dfe des Raumes anpassen. Unauff\u00e4llig und doch unverzichtbar &#8211; genau das ist der YOLI Plafond.<\/p>\n","protected":false},"excerpt":{"rendered":"<p>Lichtquelle: G9, 4x max 8W LED, 50Hz, ~230V, IP20, Schutzklasse I<br \/>\nLichtquelle ist nicht im Lieferumfang enthalten.<br \/>\nMa\u00dfe: 88\/12\/14,5 cm<br \/>\nMaterial: Stahl, Glas<br \/>\nFarbe: Wei\u00df<\/p>\n","protected":false},"featured_media":7229,"template":"","meta":{"_acf_changed":false},"product_brand":[],"product_cat":[],"product_tag":[],"class_list":{"0":"post-70770","1":"product","2":"type-product","3":"status-publish","4":"has-post-thumbnail","7":"first","8":"instock","9":"product-type-simple"},"acf":[],"yoast_head":"<!-- This site is optimized with the Yoast SEO plugin v25.4 - https:\/\/yoast.com\/wordpress\/plugins\/seo\/ -->\n<title>Deckenleuchte YOLI 4 wei\u00df - Sollux Lighting<\/title>\n<meta name=\"robots\" content=\"index, follow, max-snippet:-1, max-image-preview:large, max-video-preview:-1\" \/>\n<link rel=\"canonical\" href=\"https:\/\/sollux-lighting.com\/de\/nasza-oferta\/unkategorisiert\/deckenleuchte-yoli-4-weiss\/\" \/>\n<meta property=\"og:locale\" content=\"de_DE\" \/>\n<meta property=\"og:type\" content=\"article\" \/>\n<meta property=\"og:title\" content=\"Deckenleuchte YOLI 4 wei\u00df - Sollux Lighting\" \/>\n<meta property=\"og:description\" content=\"Lichtquelle: G9, 4x max 8W LED, 50Hz, ~230V, IP20, Schutzklasse I Lichtquelle ist nicht im Lieferumfang enthalten. Ma\u00dfe: 88\/12\/14,5 cm Material: Stahl, Glas Farbe: Wei\u00df\" \/>\n<meta property=\"og:url\" content=\"https:\/\/sollux-lighting.com\/de\/nasza-oferta\/unkategorisiert\/deckenleuchte-yoli-4-weiss\/\" \/>\n<meta property=\"og:site_name\" content=\"Sollux Lighting\" \/>\n<meta property=\"article:modified_time\" content=\"2024-03-16T12:17:50+00:00\" \/>\n<meta property=\"og:image\" content=\"https:\/\/sollux-lighting.com\/wp-content\/uploads\/2023\/02\/1149-1-k.jpg\" \/>\n\t<meta property=\"og:image:width\" content=\"750\" \/>\n\t<meta property=\"og:image:height\" content=\"750\" \/>\n\t<meta property=\"og:image:type\" content=\"image\/jpeg\" \/>\n<meta name=\"twitter:card\" content=\"summary_large_image\" \/>\n<meta name=\"twitter:label1\" content=\"Gesch\u00e4tzte Lesezeit\" \/>\n\t<meta name=\"twitter:data1\" content=\"1\u00a0Minute\" \/>\n<script type=\"application\/ld+json\" class=\"yoast-schema-graph\">{\"@context\":\"https:\/\/schema.org\",\"@graph\":[{\"@type\":\"WebPage\",\"@id\":\"https:\/\/sollux-lighting.com\/de\/nasza-oferta\/unkategorisiert\/deckenleuchte-yoli-4-weiss\/\",\"url\":\"https:\/\/sollux-lighting.com\/de\/nasza-oferta\/unkategorisiert\/deckenleuchte-yoli-4-weiss\/\",\"name\":\"Deckenleuchte YOLI 4 wei\u00df - Sollux Lighting\",\"isPartOf\":{\"@id\":\"https:\/\/sollux-lighting.com\/de\/#website\"},\"primaryImageOfPage\":{\"@id\":\"https:\/\/sollux-lighting.com\/de\/nasza-oferta\/unkategorisiert\/deckenleuchte-yoli-4-weiss\/#primaryimage\"},\"image\":{\"@id\":\"https:\/\/sollux-lighting.com\/de\/nasza-oferta\/unkategorisiert\/deckenleuchte-yoli-4-weiss\/#primaryimage\"},\"thumbnailUrl\":\"https:\/\/sollux-lighting.com\/wp-content\/uploads\/2023\/02\/1149-1-k.jpg\",\"datePublished\":\"2023-03-17T11:12:27+00:00\",\"dateModified\":\"2024-03-16T12:17:50+00:00\",\"breadcrumb\":{\"@id\":\"https:\/\/sollux-lighting.com\/de\/nasza-oferta\/unkategorisiert\/deckenleuchte-yoli-4-weiss\/#breadcrumb\"},\"inLanguage\":\"de\",\"potentialAction\":[{\"@type\":\"ReadAction\",\"target\":[\"https:\/\/sollux-lighting.com\/de\/nasza-oferta\/unkategorisiert\/deckenleuchte-yoli-4-weiss\/\"]}]},{\"@type\":\"ImageObject\",\"inLanguage\":\"de\",\"@id\":\"https:\/\/sollux-lighting.com\/de\/nasza-oferta\/unkategorisiert\/deckenleuchte-yoli-4-weiss\/#primaryimage\",\"url\":\"https:\/\/sollux-lighting.com\/wp-content\/uploads\/2023\/02\/1149-1-k.jpg\",\"contentUrl\":\"https:\/\/sollux-lighting.com\/wp-content\/uploads\/2023\/02\/1149-1-k.jpg\",\"width\":750,\"height\":750},{\"@type\":\"BreadcrumbList\",\"@id\":\"https:\/\/sollux-lighting.com\/de\/nasza-oferta\/unkategorisiert\/deckenleuchte-yoli-4-weiss\/#breadcrumb\",\"itemListElement\":[{\"@type\":\"ListItem\",\"position\":1,\"name\":\"Startseite\",\"item\":\"https:\/\/sollux-lighting.com\/de\/\"},{\"@type\":\"ListItem\",\"position\":2,\"name\":\"Unser Angebot\",\"item\":\"https:\/\/sollux-lighting.com\/de\/unser-angebot\/\"},{\"@type\":\"ListItem\",\"position\":3,\"name\":\"Deckenleuchte YOLI 4 wei\u00df\"}]},{\"@type\":\"WebSite\",\"@id\":\"https:\/\/sollux-lighting.com\/de\/#website\",\"url\":\"https:\/\/sollux-lighting.com\/de\/\",\"name\":\"Sollux Lighting\",\"description\":\"Brighten up your business\",\"publisher\":{\"@id\":\"https:\/\/sollux-lighting.com\/de\/#organization\"},\"potentialAction\":[{\"@type\":\"SearchAction\",\"target\":{\"@type\":\"EntryPoint\",\"urlTemplate\":\"https:\/\/sollux-lighting.com\/de\/?s={search_term_string}\"},\"query-input\":{\"@type\":\"PropertyValueSpecification\",\"valueRequired\":true,\"valueName\":\"search_term_string\"}}],\"inLanguage\":\"de\"},{\"@type\":\"Organization\",\"@id\":\"https:\/\/sollux-lighting.com\/de\/#organization\",\"name\":\"Sollux Lighting\",\"url\":\"https:\/\/sollux-lighting.com\/de\/\",\"logo\":{\"@type\":\"ImageObject\",\"inLanguage\":\"de\",\"@id\":\"https:\/\/sollux-lighting.com\/de\/#\/schema\/logo\/image\/\",\"url\":\"https:\/\/sollux-lighting.com\/wp-content\/uploads\/2023\/02\/LOGO.svg\",\"contentUrl\":\"https:\/\/sollux-lighting.com\/wp-content\/uploads\/2023\/02\/LOGO.svg\",\"width\":160,\"height\":46,\"caption\":\"Sollux Lighting \"},\"image\":{\"@id\":\"https:\/\/sollux-lighting.com\/de\/#\/schema\/logo\/image\/\"}}]}<\/script>\n<!-- \/ Yoast SEO plugin. -->","yoast_head_json":{"title":"Deckenleuchte YOLI 4 wei\u00df - Sollux Lighting","robots":{"index":"index","follow":"follow","max-snippet":"max-snippet:-1","max-image-preview":"max-image-preview:large","max-video-preview":"max-video-preview:-1"},"canonical":"https:\/\/sollux-lighting.com\/de\/nasza-oferta\/unkategorisiert\/deckenleuchte-yoli-4-weiss\/","og_locale":"de_DE","og_type":"article","og_title":"Deckenleuchte YOLI 4 wei\u00df - Sollux Lighting","og_description":"Lichtquelle: G9, 4x max 8W LED, 50Hz, ~230V, IP20, Schutzklasse I Lichtquelle ist nicht im Lieferumfang enthalten. Ma\u00dfe: 88\/12\/14,5 cm Material: Stahl, Glas Farbe: Wei\u00df","og_url":"https:\/\/sollux-lighting.com\/de\/nasza-oferta\/unkategorisiert\/deckenleuchte-yoli-4-weiss\/","og_site_name":"Sollux Lighting","article_modified_time":"2024-03-16T12:17:50+00:00","og_image":[{"width":750,"height":750,"url":"https:\/\/sollux-lighting.com\/wp-content\/uploads\/2023\/02\/1149-1-k.jpg","type":"image\/jpeg"}],"twitter_card":"summary_large_image","twitter_misc":{"Gesch\u00e4tzte Lesezeit":"1\u00a0Minute"},"schema":{"@context":"https:\/\/schema.org","@graph":[{"@type":"WebPage","@id":"https:\/\/sollux-lighting.com\/de\/nasza-oferta\/unkategorisiert\/deckenleuchte-yoli-4-weiss\/","url":"https:\/\/sollux-lighting.com\/de\/nasza-oferta\/unkategorisiert\/deckenleuchte-yoli-4-weiss\/","name":"Deckenleuchte YOLI 4 wei\u00df - Sollux Lighting","isPartOf":{"@id":"https:\/\/sollux-lighting.com\/de\/#website"},"primaryImageOfPage":{"@id":"https:\/\/sollux-lighting.com\/de\/nasza-oferta\/unkategorisiert\/deckenleuchte-yoli-4-weiss\/#primaryimage"},"image":{"@id":"https:\/\/sollux-lighting.com\/de\/nasza-oferta\/unkategorisiert\/deckenleuchte-yoli-4-weiss\/#primaryimage"},"thumbnailUrl":"https:\/\/sollux-lighting.com\/wp-content\/uploads\/2023\/02\/1149-1-k.jpg","datePublished":"2023-03-17T11:12:27+00:00","dateModified":"2024-03-16T12:17:50+00:00","breadcrumb":{"@id":"https:\/\/sollux-lighting.com\/de\/nasza-oferta\/unkategorisiert\/deckenleuchte-yoli-4-weiss\/#breadcrumb"},"inLanguage":"de","potentialAction":[{"@type":"ReadAction","target":["https:\/\/sollux-lighting.com\/de\/nasza-oferta\/unkategorisiert\/deckenleuchte-yoli-4-weiss\/"]}]},{"@type":"ImageObject","inLanguage":"de","@id":"https:\/\/sollux-lighting.com\/de\/nasza-oferta\/unkategorisiert\/deckenleuchte-yoli-4-weiss\/#primaryimage","url":"https:\/\/sollux-lighting.com\/wp-content\/uploads\/2023\/02\/1149-1-k.jpg","contentUrl":"https:\/\/sollux-lighting.com\/wp-content\/uploads\/2023\/02\/1149-1-k.jpg","width":750,"height":750},{"@type":"BreadcrumbList","@id":"https:\/\/sollux-lighting.com\/de\/nasza-oferta\/unkategorisiert\/deckenleuchte-yoli-4-weiss\/#breadcrumb","itemListElement":[{"@type":"ListItem","position":1,"name":"Startseite","item":"https:\/\/sollux-lighting.com\/de\/"},{"@type":"ListItem","position":2,"name":"Unser Angebot","item":"https:\/\/sollux-lighting.com\/de\/unser-angebot\/"},{"@type":"ListItem","position":3,"name":"Deckenleuchte YOLI 4 wei\u00df"}]},{"@type":"WebSite","@id":"https:\/\/sollux-lighting.com\/de\/#website","url":"https:\/\/sollux-lighting.com\/de\/","name":"Sollux Lighting","description":"Brighten up your business","publisher":{"@id":"https:\/\/sollux-lighting.com\/de\/#organization"},"potentialAction":[{"@type":"SearchAction","target":{"@type":"EntryPoint","urlTemplate":"https:\/\/sollux-lighting.com\/de\/?s={search_term_string}"},"query-input":{"@type":"PropertyValueSpecification","valueRequired":true,"valueName":"search_term_string"}}],"inLanguage":"de"},{"@type":"Organization","@id":"https:\/\/sollux-lighting.com\/de\/#organization","name":"Sollux Lighting","url":"https:\/\/sollux-lighting.com\/de\/","logo":{"@type":"ImageObject","inLanguage":"de","@id":"https:\/\/sollux-lighting.com\/de\/#\/schema\/logo\/image\/","url":"https:\/\/sollux-lighting.com\/wp-content\/uploads\/2023\/02\/LOGO.svg","contentUrl":"https:\/\/sollux-lighting.com\/wp-content\/uploads\/2023\/02\/LOGO.svg","width":160,"height":46,"caption":"Sollux Lighting "},"image":{"@id":"https:\/\/sollux-lighting.com\/de\/#\/schema\/logo\/image\/"}}]}},"_links":{"self":[{"href":"https:\/\/sollux-lighting.com\/de\/wp-json\/wp\/v2\/product\/70770","targetHints":{"allow":["GET"]}}],"collection":[{"href":"https:\/\/sollux-lighting.com\/de\/wp-json\/wp\/v2\/product"}],"about":[{"href":"https:\/\/sollux-lighting.com\/de\/wp-json\/wp\/v2\/types\/product"}],"wp:featuredmedia":[{"embeddable":true,"href":"https:\/\/sollux-lighting.com\/de\/wp-json\/wp\/v2\/media\/7229"}],"wp:attachment":[{"href":"https:\/\/sollux-lighting.com\/de\/wp-json\/wp\/v2\/media?parent=70770"}],"wp:term":[{"taxonomy":"product_brand","embeddable":true,"href":"https:\/\/sollux-lighting.com\/de\/wp-json\/wp\/v2\/product_brand?post=70770"},{"taxonomy":"product_cat","embeddable":true,"href":"https:\/\/sollux-lighting.com\/de\/wp-json\/wp\/v2\/product_cat?post=70770"},{"taxonomy":"product_tag","embeddable":true,"href":"https:\/\/sollux-lighting.com\/de\/wp-json\/wp\/v2\/product_tag?post=70770"}],"curies":[{"name":"wp","href":"https:\/\/api.w.org\/{rel}","templated":true}]}}