{"id":70760,"date":"2023-03-17T12:12:27","date_gmt":"2023-03-17T11:12:27","guid":{"rendered":"https:\/\/test.sollux-lighting.com\/nasza-oferta\/unkategorisiert\/wall-lamp-alino-1-black\/"},"modified":"2024-03-16T13:17:12","modified_gmt":"2024-03-16T12:17:12","slug":"wall-lamp-alino-1-black","status":"publish","type":"product","link":"https:\/\/sollux-lighting.com\/de\/nasza-oferta\/wandleuchte\/wall-lamp-alino-1-black\/","title":{"rendered":"Wall lamp ALINO 1 black"},"content":{"rendered":"<p>Die Lampen aus der ALINO-Kollektion sind nicht nur funktional, sondern auch dekorativ. Der Stahlsockel in tiefem Schwarz und der Schirm aus get\u00f6ntem Glas sind eine Kombination, die Sie und alle Ihre G\u00e4ste begeistern wird. Raffiniert und in Designerversion, aber dennoch minimalistisch und modern. Die Kombination von zwei nat\u00fcrlichen Rohstoffen, Glas und Stahl, tr\u00e4gt zur Noblesse dieses Designs bei. ALINO l\u00e4sst sich perfekt mit anderen Einrichtungsgegenst\u00e4nden aus Beton, Holz, Metall oder Stein kombinieren. Die Lampen sind in 4 Varianten erh\u00e4ltlich: als Einzelwandleuchte, als dreiflammiger Plafond und als H\u00e4ngeleuchte mit 1 oder 3 Lichtpunkten. ALINO kann mit anderen hochwertigen Accessoires kombiniert werden, um komfortabel und stilvoll zu leben.<\/p>\n","protected":false},"excerpt":{"rendered":"<p>Lichtquelle: E27, 1x max. 15W LED, 50Hz, ~230V, IP20, Schutzklasse I<br \/>\nLichtquelle nicht im Lieferumfang enthalten.<br \/>\nAbmessungen: 15\/15\/26 cm<br \/>\nMaterial: Stahl<br \/>\nFarbe: Schwarz<\/p>\n","protected":false},"featured_media":7699,"template":"","meta":{"_acf_changed":false},"product_brand":[],"product_cat":[1892],"product_tag":[],"class_list":{"0":"post-70760","1":"product","2":"type-product","3":"status-publish","4":"has-post-thumbnail","6":"product_cat-wandleuchte","8":"first","9":"instock","10":"product-type-simple"},"acf":[],"yoast_head":"<!-- This site is optimized with the Yoast SEO plugin v25.4 - https:\/\/yoast.com\/wordpress\/plugins\/seo\/ -->\n<title>Wall lamp ALINO 1 black - Sollux Lighting<\/title>\n<meta name=\"robots\" content=\"index, follow, max-snippet:-1, max-image-preview:large, max-video-preview:-1\" \/>\n<link rel=\"canonical\" href=\"https:\/\/sollux-lighting.com\/de\/nasza-oferta\/wandleuchte\/wall-lamp-alino-1-black\/\" \/>\n<meta property=\"og:locale\" content=\"de_DE\" \/>\n<meta property=\"og:type\" content=\"article\" \/>\n<meta property=\"og:title\" content=\"Wall lamp ALINO 1 black - Sollux Lighting\" \/>\n<meta property=\"og:description\" content=\"Lichtquelle: E27, 1x max. 15W LED, 50Hz, ~230V, IP20, Schutzklasse I Lichtquelle nicht im Lieferumfang enthalten. Abmessungen: 15\/15\/26 cm Material: Stahl Farbe: Schwarz\" \/>\n<meta property=\"og:url\" content=\"https:\/\/sollux-lighting.com\/de\/nasza-oferta\/wandleuchte\/wall-lamp-alino-1-black\/\" \/>\n<meta property=\"og:site_name\" content=\"Sollux Lighting\" \/>\n<meta property=\"article:modified_time\" content=\"2024-03-16T12:17:12+00:00\" \/>\n<meta property=\"og:image\" content=\"https:\/\/sollux-lighting.com\/wp-content\/uploads\/2023\/02\/1139-1-k-1.jpg\" \/>\n\t<meta property=\"og:image:width\" content=\"750\" \/>\n\t<meta property=\"og:image:height\" content=\"750\" \/>\n\t<meta property=\"og:image:type\" content=\"image\/jpeg\" \/>\n<meta name=\"twitter:card\" content=\"summary_large_image\" \/>\n<meta name=\"twitter:label1\" content=\"Gesch\u00e4tzte Lesezeit\" \/>\n\t<meta name=\"twitter:data1\" content=\"1\u00a0Minute\" \/>\n<script type=\"application\/ld+json\" class=\"yoast-schema-graph\">{\"@context\":\"https:\/\/schema.org\",\"@graph\":[{\"@type\":\"WebPage\",\"@id\":\"https:\/\/sollux-lighting.com\/de\/nasza-oferta\/wandleuchte\/wall-lamp-alino-1-black\/\",\"url\":\"https:\/\/sollux-lighting.com\/de\/nasza-oferta\/wandleuchte\/wall-lamp-alino-1-black\/\",\"name\":\"Wall lamp ALINO 1 black - Sollux Lighting\",\"isPartOf\":{\"@id\":\"https:\/\/sollux-lighting.com\/de\/#website\"},\"primaryImageOfPage\":{\"@id\":\"https:\/\/sollux-lighting.com\/de\/nasza-oferta\/wandleuchte\/wall-lamp-alino-1-black\/#primaryimage\"},\"image\":{\"@id\":\"https:\/\/sollux-lighting.com\/de\/nasza-oferta\/wandleuchte\/wall-lamp-alino-1-black\/#primaryimage\"},\"thumbnailUrl\":\"https:\/\/sollux-lighting.com\/wp-content\/uploads\/2023\/02\/1139-1-k-1.jpg\",\"datePublished\":\"2023-03-17T11:12:27+00:00\",\"dateModified\":\"2024-03-16T12:17:12+00:00\",\"breadcrumb\":{\"@id\":\"https:\/\/sollux-lighting.com\/de\/nasza-oferta\/wandleuchte\/wall-lamp-alino-1-black\/#breadcrumb\"},\"inLanguage\":\"de\",\"potentialAction\":[{\"@type\":\"ReadAction\",\"target\":[\"https:\/\/sollux-lighting.com\/de\/nasza-oferta\/wandleuchte\/wall-lamp-alino-1-black\/\"]}]},{\"@type\":\"ImageObject\",\"inLanguage\":\"de\",\"@id\":\"https:\/\/sollux-lighting.com\/de\/nasza-oferta\/wandleuchte\/wall-lamp-alino-1-black\/#primaryimage\",\"url\":\"https:\/\/sollux-lighting.com\/wp-content\/uploads\/2023\/02\/1139-1-k-1.jpg\",\"contentUrl\":\"https:\/\/sollux-lighting.com\/wp-content\/uploads\/2023\/02\/1139-1-k-1.jpg\",\"width\":750,\"height\":750},{\"@type\":\"BreadcrumbList\",\"@id\":\"https:\/\/sollux-lighting.com\/de\/nasza-oferta\/wandleuchte\/wall-lamp-alino-1-black\/#breadcrumb\",\"itemListElement\":[{\"@type\":\"ListItem\",\"position\":1,\"name\":\"Startseite\",\"item\":\"https:\/\/sollux-lighting.com\/de\/\"},{\"@type\":\"ListItem\",\"position\":2,\"name\":\"Unser Angebot\",\"item\":\"https:\/\/sollux-lighting.com\/de\/unser-angebot\/\"},{\"@type\":\"ListItem\",\"position\":3,\"name\":\"Wall lamp ALINO 1 black\"}]},{\"@type\":\"WebSite\",\"@id\":\"https:\/\/sollux-lighting.com\/de\/#website\",\"url\":\"https:\/\/sollux-lighting.com\/de\/\",\"name\":\"Sollux Lighting\",\"description\":\"Brighten up your business\",\"publisher\":{\"@id\":\"https:\/\/sollux-lighting.com\/de\/#organization\"},\"potentialAction\":[{\"@type\":\"SearchAction\",\"target\":{\"@type\":\"EntryPoint\",\"urlTemplate\":\"https:\/\/sollux-lighting.com\/de\/?s={search_term_string}\"},\"query-input\":{\"@type\":\"PropertyValueSpecification\",\"valueRequired\":true,\"valueName\":\"search_term_string\"}}],\"inLanguage\":\"de\"},{\"@type\":\"Organization\",\"@id\":\"https:\/\/sollux-lighting.com\/de\/#organization\",\"name\":\"Sollux Lighting\",\"url\":\"https:\/\/sollux-lighting.com\/de\/\",\"logo\":{\"@type\":\"ImageObject\",\"inLanguage\":\"de\",\"@id\":\"https:\/\/sollux-lighting.com\/de\/#\/schema\/logo\/image\/\",\"url\":\"https:\/\/sollux-lighting.com\/wp-content\/uploads\/2023\/02\/LOGO.svg\",\"contentUrl\":\"https:\/\/sollux-lighting.com\/wp-content\/uploads\/2023\/02\/LOGO.svg\",\"width\":160,\"height\":46,\"caption\":\"Sollux Lighting \"},\"image\":{\"@id\":\"https:\/\/sollux-lighting.com\/de\/#\/schema\/logo\/image\/\"}}]}<\/script>\n<!-- \/ Yoast SEO plugin. -->","yoast_head_json":{"title":"Wall lamp ALINO 1 black - Sollux Lighting","robots":{"index":"index","follow":"follow","max-snippet":"max-snippet:-1","max-image-preview":"max-image-preview:large","max-video-preview":"max-video-preview:-1"},"canonical":"https:\/\/sollux-lighting.com\/de\/nasza-oferta\/wandleuchte\/wall-lamp-alino-1-black\/","og_locale":"de_DE","og_type":"article","og_title":"Wall lamp ALINO 1 black - Sollux Lighting","og_description":"Lichtquelle: E27, 1x max. 15W LED, 50Hz, ~230V, IP20, Schutzklasse I Lichtquelle nicht im Lieferumfang enthalten. Abmessungen: 15\/15\/26 cm Material: Stahl Farbe: Schwarz","og_url":"https:\/\/sollux-lighting.com\/de\/nasza-oferta\/wandleuchte\/wall-lamp-alino-1-black\/","og_site_name":"Sollux Lighting","article_modified_time":"2024-03-16T12:17:12+00:00","og_image":[{"width":750,"height":750,"url":"https:\/\/sollux-lighting.com\/wp-content\/uploads\/2023\/02\/1139-1-k-1.jpg","type":"image\/jpeg"}],"twitter_card":"summary_large_image","twitter_misc":{"Gesch\u00e4tzte Lesezeit":"1\u00a0Minute"},"schema":{"@context":"https:\/\/schema.org","@graph":[{"@type":"WebPage","@id":"https:\/\/sollux-lighting.com\/de\/nasza-oferta\/wandleuchte\/wall-lamp-alino-1-black\/","url":"https:\/\/sollux-lighting.com\/de\/nasza-oferta\/wandleuchte\/wall-lamp-alino-1-black\/","name":"Wall lamp ALINO 1 black - Sollux Lighting","isPartOf":{"@id":"https:\/\/sollux-lighting.com\/de\/#website"},"primaryImageOfPage":{"@id":"https:\/\/sollux-lighting.com\/de\/nasza-oferta\/wandleuchte\/wall-lamp-alino-1-black\/#primaryimage"},"image":{"@id":"https:\/\/sollux-lighting.com\/de\/nasza-oferta\/wandleuchte\/wall-lamp-alino-1-black\/#primaryimage"},"thumbnailUrl":"https:\/\/sollux-lighting.com\/wp-content\/uploads\/2023\/02\/1139-1-k-1.jpg","datePublished":"2023-03-17T11:12:27+00:00","dateModified":"2024-03-16T12:17:12+00:00","breadcrumb":{"@id":"https:\/\/sollux-lighting.com\/de\/nasza-oferta\/wandleuchte\/wall-lamp-alino-1-black\/#breadcrumb"},"inLanguage":"de","potentialAction":[{"@type":"ReadAction","target":["https:\/\/sollux-lighting.com\/de\/nasza-oferta\/wandleuchte\/wall-lamp-alino-1-black\/"]}]},{"@type":"ImageObject","inLanguage":"de","@id":"https:\/\/sollux-lighting.com\/de\/nasza-oferta\/wandleuchte\/wall-lamp-alino-1-black\/#primaryimage","url":"https:\/\/sollux-lighting.com\/wp-content\/uploads\/2023\/02\/1139-1-k-1.jpg","contentUrl":"https:\/\/sollux-lighting.com\/wp-content\/uploads\/2023\/02\/1139-1-k-1.jpg","width":750,"height":750},{"@type":"BreadcrumbList","@id":"https:\/\/sollux-lighting.com\/de\/nasza-oferta\/wandleuchte\/wall-lamp-alino-1-black\/#breadcrumb","itemListElement":[{"@type":"ListItem","position":1,"name":"Startseite","item":"https:\/\/sollux-lighting.com\/de\/"},{"@type":"ListItem","position":2,"name":"Unser Angebot","item":"https:\/\/sollux-lighting.com\/de\/unser-angebot\/"},{"@type":"ListItem","position":3,"name":"Wall lamp ALINO 1 black"}]},{"@type":"WebSite","@id":"https:\/\/sollux-lighting.com\/de\/#website","url":"https:\/\/sollux-lighting.com\/de\/","name":"Sollux Lighting","description":"Brighten up your business","publisher":{"@id":"https:\/\/sollux-lighting.com\/de\/#organization"},"potentialAction":[{"@type":"SearchAction","target":{"@type":"EntryPoint","urlTemplate":"https:\/\/sollux-lighting.com\/de\/?s={search_term_string}"},"query-input":{"@type":"PropertyValueSpecification","valueRequired":true,"valueName":"search_term_string"}}],"inLanguage":"de"},{"@type":"Organization","@id":"https:\/\/sollux-lighting.com\/de\/#organization","name":"Sollux Lighting","url":"https:\/\/sollux-lighting.com\/de\/","logo":{"@type":"ImageObject","inLanguage":"de","@id":"https:\/\/sollux-lighting.com\/de\/#\/schema\/logo\/image\/","url":"https:\/\/sollux-lighting.com\/wp-content\/uploads\/2023\/02\/LOGO.svg","contentUrl":"https:\/\/sollux-lighting.com\/wp-content\/uploads\/2023\/02\/LOGO.svg","width":160,"height":46,"caption":"Sollux Lighting "},"image":{"@id":"https:\/\/sollux-lighting.com\/de\/#\/schema\/logo\/image\/"}}]}},"_links":{"self":[{"href":"https:\/\/sollux-lighting.com\/de\/wp-json\/wp\/v2\/product\/70760","targetHints":{"allow":["GET"]}}],"collection":[{"href":"https:\/\/sollux-lighting.com\/de\/wp-json\/wp\/v2\/product"}],"about":[{"href":"https:\/\/sollux-lighting.com\/de\/wp-json\/wp\/v2\/types\/product"}],"wp:featuredmedia":[{"embeddable":true,"href":"https:\/\/sollux-lighting.com\/de\/wp-json\/wp\/v2\/media\/7699"}],"wp:attachment":[{"href":"https:\/\/sollux-lighting.com\/de\/wp-json\/wp\/v2\/media?parent=70760"}],"wp:term":[{"taxonomy":"product_brand","embeddable":true,"href":"https:\/\/sollux-lighting.com\/de\/wp-json\/wp\/v2\/product_brand?post=70760"},{"taxonomy":"product_cat","embeddable":true,"href":"https:\/\/sollux-lighting.com\/de\/wp-json\/wp\/v2\/product_cat?post=70760"},{"taxonomy":"product_tag","embeddable":true,"href":"https:\/\/sollux-lighting.com\/de\/wp-json\/wp\/v2\/product_tag?post=70760"}],"curies":[{"name":"wp","href":"https:\/\/api.w.org\/{rel}","templated":true}]}}