{"id":70507,"date":"2023-03-17T11:38:56","date_gmt":"2023-03-17T10:38:56","guid":{"rendered":"https:\/\/test.sollux-lighting.com\/nasza-oferta\/unkategorisiert\/wandleuchte-keramik-leo-schwarz\/"},"modified":"2024-03-16T13:02:05","modified_gmt":"2024-03-16T12:02:05","slug":"wandleuchte-keramik-leo-schwarz","status":"publish","type":"product","link":"https:\/\/sollux-lighting.com\/de\/nasza-oferta\/wandleuchte\/wandleuchte-keramik-leo-schwarz\/","title":{"rendered":"Wandleuchte Keramik LEO schwarz"},"content":{"rendered":"<p>Quadratisch, minimalistisch, modern &#8211; diese Adjektive beschreiben am besten die LEO-Keramikwandleuchte. Wenn Sie nach der perfekten Spotbeleuchtung f\u00fcr Ihr Zimmer suchen, haben Sie sie gerade gefunden. Dank ihrer einfachen Form ist sie nicht auff\u00e4llig und verleiht dem Raum zugleich einen au\u00dfergew\u00f6hnlichen Charakter. Sie sichert ihm auch eine gute Beleuchtung. Sie wird sich ideal im Flur, in der K\u00fcche oder im Bad bew\u00e4hren. Sie kann zu gr\u00f6\u00dferen, interessanten Kompositionen kombiniert werden oder einen einzigen Lichtpunkt bilden.<\/p>\n","protected":false},"excerpt":{"rendered":"<p>Lichtquelle: E27, 1x max 15W LED, 50Hz, ~230V, IP20, Schutzklasse I<br \/>\nLichtquelle ist nicht im Lieferumfang enthalten.<br \/>\nMa\u00dfe: 14\/14\/14 cm<br \/>\nMaterial: Keramik, Glas<br \/>\nFarbe: schwarz<\/p>\n","protected":false},"featured_media":21042,"template":"","meta":{"_acf_changed":false},"product_brand":[],"product_cat":[1892],"product_tag":[],"class_list":{"0":"post-70507","1":"product","2":"type-product","3":"status-publish","4":"has-post-thumbnail","6":"product_cat-wandleuchte","8":"first","9":"instock","10":"product-type-simple"},"acf":[],"yoast_head":"<!-- This site is optimized with the Yoast SEO plugin v25.4 - https:\/\/yoast.com\/wordpress\/plugins\/seo\/ -->\n<title>Wandleuchte Keramik LEO schwarz - Sollux Lighting<\/title>\n<meta name=\"robots\" content=\"index, follow, max-snippet:-1, max-image-preview:large, max-video-preview:-1\" \/>\n<link rel=\"canonical\" href=\"https:\/\/sollux-lighting.com\/de\/nasza-oferta\/wandleuchte\/wandleuchte-keramik-leo-schwarz\/\" \/>\n<meta property=\"og:locale\" content=\"de_DE\" \/>\n<meta property=\"og:type\" content=\"article\" \/>\n<meta property=\"og:title\" content=\"Wandleuchte Keramik LEO schwarz - Sollux Lighting\" \/>\n<meta property=\"og:description\" content=\"Lichtquelle: E27, 1x max 15W LED, 50Hz, ~230V, IP20, Schutzklasse I Lichtquelle ist nicht im Lieferumfang enthalten. Ma\u00dfe: 14\/14\/14 cm Material: Keramik, Glas Farbe: schwarz\" \/>\n<meta property=\"og:url\" content=\"https:\/\/sollux-lighting.com\/de\/nasza-oferta\/wandleuchte\/wandleuchte-keramik-leo-schwarz\/\" \/>\n<meta property=\"og:site_name\" content=\"Sollux Lighting\" \/>\n<meta property=\"article:modified_time\" content=\"2024-03-16T12:02:05+00:00\" \/>\n<meta property=\"og:image\" content=\"https:\/\/sollux-lighting.com\/wp-content\/uploads\/2023\/03\/0872-1-k.jpg\" \/>\n\t<meta property=\"og:image:width\" content=\"750\" \/>\n\t<meta property=\"og:image:height\" content=\"750\" \/>\n\t<meta property=\"og:image:type\" content=\"image\/jpeg\" \/>\n<meta name=\"twitter:card\" content=\"summary_large_image\" \/>\n<script type=\"application\/ld+json\" class=\"yoast-schema-graph\">{\"@context\":\"https:\/\/schema.org\",\"@graph\":[{\"@type\":\"WebPage\",\"@id\":\"https:\/\/sollux-lighting.com\/de\/nasza-oferta\/wandleuchte\/wandleuchte-keramik-leo-schwarz\/\",\"url\":\"https:\/\/sollux-lighting.com\/de\/nasza-oferta\/wandleuchte\/wandleuchte-keramik-leo-schwarz\/\",\"name\":\"Wandleuchte Keramik LEO schwarz - Sollux Lighting\",\"isPartOf\":{\"@id\":\"https:\/\/sollux-lighting.com\/de\/#website\"},\"primaryImageOfPage\":{\"@id\":\"https:\/\/sollux-lighting.com\/de\/nasza-oferta\/wandleuchte\/wandleuchte-keramik-leo-schwarz\/#primaryimage\"},\"image\":{\"@id\":\"https:\/\/sollux-lighting.com\/de\/nasza-oferta\/wandleuchte\/wandleuchte-keramik-leo-schwarz\/#primaryimage\"},\"thumbnailUrl\":\"https:\/\/sollux-lighting.com\/wp-content\/uploads\/2023\/03\/0872-1-k.jpg\",\"datePublished\":\"2023-03-17T10:38:56+00:00\",\"dateModified\":\"2024-03-16T12:02:05+00:00\",\"breadcrumb\":{\"@id\":\"https:\/\/sollux-lighting.com\/de\/nasza-oferta\/wandleuchte\/wandleuchte-keramik-leo-schwarz\/#breadcrumb\"},\"inLanguage\":\"de\",\"potentialAction\":[{\"@type\":\"ReadAction\",\"target\":[\"https:\/\/sollux-lighting.com\/de\/nasza-oferta\/wandleuchte\/wandleuchte-keramik-leo-schwarz\/\"]}]},{\"@type\":\"ImageObject\",\"inLanguage\":\"de\",\"@id\":\"https:\/\/sollux-lighting.com\/de\/nasza-oferta\/wandleuchte\/wandleuchte-keramik-leo-schwarz\/#primaryimage\",\"url\":\"https:\/\/sollux-lighting.com\/wp-content\/uploads\/2023\/03\/0872-1-k.jpg\",\"contentUrl\":\"https:\/\/sollux-lighting.com\/wp-content\/uploads\/2023\/03\/0872-1-k.jpg\",\"width\":750,\"height\":750},{\"@type\":\"BreadcrumbList\",\"@id\":\"https:\/\/sollux-lighting.com\/de\/nasza-oferta\/wandleuchte\/wandleuchte-keramik-leo-schwarz\/#breadcrumb\",\"itemListElement\":[{\"@type\":\"ListItem\",\"position\":1,\"name\":\"Startseite\",\"item\":\"https:\/\/sollux-lighting.com\/de\/\"},{\"@type\":\"ListItem\",\"position\":2,\"name\":\"Unser Angebot\",\"item\":\"https:\/\/sollux-lighting.com\/de\/unser-angebot\/\"},{\"@type\":\"ListItem\",\"position\":3,\"name\":\"Wandleuchte Keramik LEO schwarz\"}]},{\"@type\":\"WebSite\",\"@id\":\"https:\/\/sollux-lighting.com\/de\/#website\",\"url\":\"https:\/\/sollux-lighting.com\/de\/\",\"name\":\"Sollux Lighting\",\"description\":\"Brighten up your business\",\"publisher\":{\"@id\":\"https:\/\/sollux-lighting.com\/de\/#organization\"},\"potentialAction\":[{\"@type\":\"SearchAction\",\"target\":{\"@type\":\"EntryPoint\",\"urlTemplate\":\"https:\/\/sollux-lighting.com\/de\/?s={search_term_string}\"},\"query-input\":{\"@type\":\"PropertyValueSpecification\",\"valueRequired\":true,\"valueName\":\"search_term_string\"}}],\"inLanguage\":\"de\"},{\"@type\":\"Organization\",\"@id\":\"https:\/\/sollux-lighting.com\/de\/#organization\",\"name\":\"Sollux Lighting\",\"url\":\"https:\/\/sollux-lighting.com\/de\/\",\"logo\":{\"@type\":\"ImageObject\",\"inLanguage\":\"de\",\"@id\":\"https:\/\/sollux-lighting.com\/de\/#\/schema\/logo\/image\/\",\"url\":\"https:\/\/sollux-lighting.com\/wp-content\/uploads\/2023\/02\/LOGO.svg\",\"contentUrl\":\"https:\/\/sollux-lighting.com\/wp-content\/uploads\/2023\/02\/LOGO.svg\",\"width\":160,\"height\":46,\"caption\":\"Sollux Lighting \"},\"image\":{\"@id\":\"https:\/\/sollux-lighting.com\/de\/#\/schema\/logo\/image\/\"}}]}<\/script>\n<!-- \/ Yoast SEO plugin. -->","yoast_head_json":{"title":"Wandleuchte Keramik LEO schwarz - Sollux Lighting","robots":{"index":"index","follow":"follow","max-snippet":"max-snippet:-1","max-image-preview":"max-image-preview:large","max-video-preview":"max-video-preview:-1"},"canonical":"https:\/\/sollux-lighting.com\/de\/nasza-oferta\/wandleuchte\/wandleuchte-keramik-leo-schwarz\/","og_locale":"de_DE","og_type":"article","og_title":"Wandleuchte Keramik LEO schwarz - Sollux Lighting","og_description":"Lichtquelle: E27, 1x max 15W LED, 50Hz, ~230V, IP20, Schutzklasse I Lichtquelle ist nicht im Lieferumfang enthalten. Ma\u00dfe: 14\/14\/14 cm Material: Keramik, Glas Farbe: schwarz","og_url":"https:\/\/sollux-lighting.com\/de\/nasza-oferta\/wandleuchte\/wandleuchte-keramik-leo-schwarz\/","og_site_name":"Sollux Lighting","article_modified_time":"2024-03-16T12:02:05+00:00","og_image":[{"width":750,"height":750,"url":"https:\/\/sollux-lighting.com\/wp-content\/uploads\/2023\/03\/0872-1-k.jpg","type":"image\/jpeg"}],"twitter_card":"summary_large_image","schema":{"@context":"https:\/\/schema.org","@graph":[{"@type":"WebPage","@id":"https:\/\/sollux-lighting.com\/de\/nasza-oferta\/wandleuchte\/wandleuchte-keramik-leo-schwarz\/","url":"https:\/\/sollux-lighting.com\/de\/nasza-oferta\/wandleuchte\/wandleuchte-keramik-leo-schwarz\/","name":"Wandleuchte Keramik LEO schwarz - Sollux Lighting","isPartOf":{"@id":"https:\/\/sollux-lighting.com\/de\/#website"},"primaryImageOfPage":{"@id":"https:\/\/sollux-lighting.com\/de\/nasza-oferta\/wandleuchte\/wandleuchte-keramik-leo-schwarz\/#primaryimage"},"image":{"@id":"https:\/\/sollux-lighting.com\/de\/nasza-oferta\/wandleuchte\/wandleuchte-keramik-leo-schwarz\/#primaryimage"},"thumbnailUrl":"https:\/\/sollux-lighting.com\/wp-content\/uploads\/2023\/03\/0872-1-k.jpg","datePublished":"2023-03-17T10:38:56+00:00","dateModified":"2024-03-16T12:02:05+00:00","breadcrumb":{"@id":"https:\/\/sollux-lighting.com\/de\/nasza-oferta\/wandleuchte\/wandleuchte-keramik-leo-schwarz\/#breadcrumb"},"inLanguage":"de","potentialAction":[{"@type":"ReadAction","target":["https:\/\/sollux-lighting.com\/de\/nasza-oferta\/wandleuchte\/wandleuchte-keramik-leo-schwarz\/"]}]},{"@type":"ImageObject","inLanguage":"de","@id":"https:\/\/sollux-lighting.com\/de\/nasza-oferta\/wandleuchte\/wandleuchte-keramik-leo-schwarz\/#primaryimage","url":"https:\/\/sollux-lighting.com\/wp-content\/uploads\/2023\/03\/0872-1-k.jpg","contentUrl":"https:\/\/sollux-lighting.com\/wp-content\/uploads\/2023\/03\/0872-1-k.jpg","width":750,"height":750},{"@type":"BreadcrumbList","@id":"https:\/\/sollux-lighting.com\/de\/nasza-oferta\/wandleuchte\/wandleuchte-keramik-leo-schwarz\/#breadcrumb","itemListElement":[{"@type":"ListItem","position":1,"name":"Startseite","item":"https:\/\/sollux-lighting.com\/de\/"},{"@type":"ListItem","position":2,"name":"Unser Angebot","item":"https:\/\/sollux-lighting.com\/de\/unser-angebot\/"},{"@type":"ListItem","position":3,"name":"Wandleuchte Keramik LEO schwarz"}]},{"@type":"WebSite","@id":"https:\/\/sollux-lighting.com\/de\/#website","url":"https:\/\/sollux-lighting.com\/de\/","name":"Sollux Lighting","description":"Brighten up your business","publisher":{"@id":"https:\/\/sollux-lighting.com\/de\/#organization"},"potentialAction":[{"@type":"SearchAction","target":{"@type":"EntryPoint","urlTemplate":"https:\/\/sollux-lighting.com\/de\/?s={search_term_string}"},"query-input":{"@type":"PropertyValueSpecification","valueRequired":true,"valueName":"search_term_string"}}],"inLanguage":"de"},{"@type":"Organization","@id":"https:\/\/sollux-lighting.com\/de\/#organization","name":"Sollux Lighting","url":"https:\/\/sollux-lighting.com\/de\/","logo":{"@type":"ImageObject","inLanguage":"de","@id":"https:\/\/sollux-lighting.com\/de\/#\/schema\/logo\/image\/","url":"https:\/\/sollux-lighting.com\/wp-content\/uploads\/2023\/02\/LOGO.svg","contentUrl":"https:\/\/sollux-lighting.com\/wp-content\/uploads\/2023\/02\/LOGO.svg","width":160,"height":46,"caption":"Sollux Lighting "},"image":{"@id":"https:\/\/sollux-lighting.com\/de\/#\/schema\/logo\/image\/"}}]}},"_links":{"self":[{"href":"https:\/\/sollux-lighting.com\/de\/wp-json\/wp\/v2\/product\/70507","targetHints":{"allow":["GET"]}}],"collection":[{"href":"https:\/\/sollux-lighting.com\/de\/wp-json\/wp\/v2\/product"}],"about":[{"href":"https:\/\/sollux-lighting.com\/de\/wp-json\/wp\/v2\/types\/product"}],"wp:featuredmedia":[{"embeddable":true,"href":"https:\/\/sollux-lighting.com\/de\/wp-json\/wp\/v2\/media\/21042"}],"wp:attachment":[{"href":"https:\/\/sollux-lighting.com\/de\/wp-json\/wp\/v2\/media?parent=70507"}],"wp:term":[{"taxonomy":"product_brand","embeddable":true,"href":"https:\/\/sollux-lighting.com\/de\/wp-json\/wp\/v2\/product_brand?post=70507"},{"taxonomy":"product_cat","embeddable":true,"href":"https:\/\/sollux-lighting.com\/de\/wp-json\/wp\/v2\/product_cat?post=70507"},{"taxonomy":"product_tag","embeddable":true,"href":"https:\/\/sollux-lighting.com\/de\/wp-json\/wp\/v2\/product_tag?post=70507"}],"curies":[{"name":"wp","href":"https:\/\/api.w.org\/{rel}","templated":true}]}}