{"id":70401,"date":"2023-03-17T11:32:02","date_gmt":"2023-03-17T10:32:02","guid":{"rendered":"https:\/\/test.sollux-lighting.com\/nasza-oferta\/unkategorisiert\/kronleuchter-saturno-70-schwarz\/"},"modified":"2024-03-16T12:55:49","modified_gmt":"2024-03-16T11:55:49","slug":"kronleuchter-saturno-70-schwarz","status":"publish","type":"product","link":"https:\/\/sollux-lighting.com\/de\/nasza-oferta\/kronleuchter\/kronleuchter-saturno-70-schwarz\/","title":{"rendered":"Kronleuchter SATURNO 70 schwarz"},"content":{"rendered":"<p>SATURNO-Lampen erzielen aufgrund ihrer Eleganz und ihres interessanten Designs sehr gute Noten unter den Kunden. Diese gro\u00dfartige Bewertung ist auch darauf zur\u00fcckzuf\u00fchren, dass sie an verschiedene R\u00e4ume und unterschiedliche Designstile angepasst werden k\u00f6nnen. Innenarchitekten sch\u00e4tzen SATURNO Lampen wegen ihrer universellen Form. Lampe SATURNO sieht gut in der Diele, im Flur, im Treppenhaus, aber auch \u00fcber dem Esszimmertisch, oder im Wohnzimmer, Kinder- und Jugendzimmer aus.<\/p>\n","protected":false},"excerpt":{"rendered":"<p>Lichtquelle: E27, 6x max 15W LED, 50Hz, ~230V, IP20, Schutzklasse I<br \/>\nLichtquelle nicht enthalten.<br \/>\nAbmessungen: 70\/70\/112 cm<br \/>\nAbmessungen des Lampenschirms: 70\/22 cm<br \/>\nMaterial: Stoff, PVC, Stahl<br \/>\nFarbe: schwarz<\/p>\n","protected":false},"featured_media":18340,"template":"","meta":{"_acf_changed":false},"product_brand":[],"product_cat":[1891],"product_tag":[],"class_list":{"0":"post-70401","1":"product","2":"type-product","3":"status-publish","4":"has-post-thumbnail","6":"product_cat-kronleuchter","8":"first","9":"instock","10":"product-type-simple"},"acf":[],"yoast_head":"<!-- This site is optimized with the Yoast SEO plugin v25.4 - https:\/\/yoast.com\/wordpress\/plugins\/seo\/ -->\n<title>Kronleuchter SATURNO 70 schwarz - Sollux Lighting<\/title>\n<meta name=\"robots\" content=\"index, follow, max-snippet:-1, max-image-preview:large, max-video-preview:-1\" \/>\n<link rel=\"canonical\" href=\"https:\/\/sollux-lighting.com\/de\/nasza-oferta\/kronleuchter\/kronleuchter-saturno-70-schwarz\/\" \/>\n<meta property=\"og:locale\" content=\"de_DE\" \/>\n<meta property=\"og:type\" content=\"article\" \/>\n<meta property=\"og:title\" content=\"Kronleuchter SATURNO 70 schwarz - Sollux Lighting\" \/>\n<meta property=\"og:description\" content=\"Lichtquelle: E27, 6x max 15W LED, 50Hz, ~230V, IP20, Schutzklasse I Lichtquelle nicht enthalten. Abmessungen: 70\/70\/112 cm Abmessungen des Lampenschirms: 70\/22 cm Material: Stoff, PVC, Stahl Farbe: schwarz\" \/>\n<meta property=\"og:url\" content=\"https:\/\/sollux-lighting.com\/de\/nasza-oferta\/kronleuchter\/kronleuchter-saturno-70-schwarz\/\" \/>\n<meta property=\"og:site_name\" content=\"Sollux Lighting\" \/>\n<meta property=\"article:modified_time\" content=\"2024-03-16T11:55:49+00:00\" \/>\n<meta property=\"og:image\" content=\"https:\/\/sollux-lighting.com\/wp-content\/uploads\/2023\/03\/0752-1-k.jpg\" \/>\n\t<meta property=\"og:image:width\" content=\"750\" \/>\n\t<meta property=\"og:image:height\" content=\"750\" \/>\n\t<meta property=\"og:image:type\" content=\"image\/jpeg\" \/>\n<meta name=\"twitter:card\" content=\"summary_large_image\" \/>\n<script type=\"application\/ld+json\" class=\"yoast-schema-graph\">{\"@context\":\"https:\/\/schema.org\",\"@graph\":[{\"@type\":\"WebPage\",\"@id\":\"https:\/\/sollux-lighting.com\/de\/nasza-oferta\/kronleuchter\/kronleuchter-saturno-70-schwarz\/\",\"url\":\"https:\/\/sollux-lighting.com\/de\/nasza-oferta\/kronleuchter\/kronleuchter-saturno-70-schwarz\/\",\"name\":\"Kronleuchter SATURNO 70 schwarz - Sollux Lighting\",\"isPartOf\":{\"@id\":\"https:\/\/sollux-lighting.com\/de\/#website\"},\"primaryImageOfPage\":{\"@id\":\"https:\/\/sollux-lighting.com\/de\/nasza-oferta\/kronleuchter\/kronleuchter-saturno-70-schwarz\/#primaryimage\"},\"image\":{\"@id\":\"https:\/\/sollux-lighting.com\/de\/nasza-oferta\/kronleuchter\/kronleuchter-saturno-70-schwarz\/#primaryimage\"},\"thumbnailUrl\":\"https:\/\/sollux-lighting.com\/wp-content\/uploads\/2023\/03\/0752-1-k.jpg\",\"datePublished\":\"2023-03-17T10:32:02+00:00\",\"dateModified\":\"2024-03-16T11:55:49+00:00\",\"breadcrumb\":{\"@id\":\"https:\/\/sollux-lighting.com\/de\/nasza-oferta\/kronleuchter\/kronleuchter-saturno-70-schwarz\/#breadcrumb\"},\"inLanguage\":\"de\",\"potentialAction\":[{\"@type\":\"ReadAction\",\"target\":[\"https:\/\/sollux-lighting.com\/de\/nasza-oferta\/kronleuchter\/kronleuchter-saturno-70-schwarz\/\"]}]},{\"@type\":\"ImageObject\",\"inLanguage\":\"de\",\"@id\":\"https:\/\/sollux-lighting.com\/de\/nasza-oferta\/kronleuchter\/kronleuchter-saturno-70-schwarz\/#primaryimage\",\"url\":\"https:\/\/sollux-lighting.com\/wp-content\/uploads\/2023\/03\/0752-1-k.jpg\",\"contentUrl\":\"https:\/\/sollux-lighting.com\/wp-content\/uploads\/2023\/03\/0752-1-k.jpg\",\"width\":750,\"height\":750},{\"@type\":\"BreadcrumbList\",\"@id\":\"https:\/\/sollux-lighting.com\/de\/nasza-oferta\/kronleuchter\/kronleuchter-saturno-70-schwarz\/#breadcrumb\",\"itemListElement\":[{\"@type\":\"ListItem\",\"position\":1,\"name\":\"Startseite\",\"item\":\"https:\/\/sollux-lighting.com\/de\/\"},{\"@type\":\"ListItem\",\"position\":2,\"name\":\"Unser Angebot\",\"item\":\"https:\/\/sollux-lighting.com\/de\/unser-angebot\/\"},{\"@type\":\"ListItem\",\"position\":3,\"name\":\"Kronleuchter SATURNO 70 schwarz\"}]},{\"@type\":\"WebSite\",\"@id\":\"https:\/\/sollux-lighting.com\/de\/#website\",\"url\":\"https:\/\/sollux-lighting.com\/de\/\",\"name\":\"Sollux Lighting\",\"description\":\"Brighten up your business\",\"publisher\":{\"@id\":\"https:\/\/sollux-lighting.com\/de\/#organization\"},\"potentialAction\":[{\"@type\":\"SearchAction\",\"target\":{\"@type\":\"EntryPoint\",\"urlTemplate\":\"https:\/\/sollux-lighting.com\/de\/?s={search_term_string}\"},\"query-input\":{\"@type\":\"PropertyValueSpecification\",\"valueRequired\":true,\"valueName\":\"search_term_string\"}}],\"inLanguage\":\"de\"},{\"@type\":\"Organization\",\"@id\":\"https:\/\/sollux-lighting.com\/de\/#organization\",\"name\":\"Sollux Lighting\",\"url\":\"https:\/\/sollux-lighting.com\/de\/\",\"logo\":{\"@type\":\"ImageObject\",\"inLanguage\":\"de\",\"@id\":\"https:\/\/sollux-lighting.com\/de\/#\/schema\/logo\/image\/\",\"url\":\"https:\/\/sollux-lighting.com\/wp-content\/uploads\/2023\/02\/LOGO.svg\",\"contentUrl\":\"https:\/\/sollux-lighting.com\/wp-content\/uploads\/2023\/02\/LOGO.svg\",\"width\":160,\"height\":46,\"caption\":\"Sollux Lighting \"},\"image\":{\"@id\":\"https:\/\/sollux-lighting.com\/de\/#\/schema\/logo\/image\/\"}}]}<\/script>\n<!-- \/ Yoast SEO plugin. -->","yoast_head_json":{"title":"Kronleuchter SATURNO 70 schwarz - Sollux Lighting","robots":{"index":"index","follow":"follow","max-snippet":"max-snippet:-1","max-image-preview":"max-image-preview:large","max-video-preview":"max-video-preview:-1"},"canonical":"https:\/\/sollux-lighting.com\/de\/nasza-oferta\/kronleuchter\/kronleuchter-saturno-70-schwarz\/","og_locale":"de_DE","og_type":"article","og_title":"Kronleuchter SATURNO 70 schwarz - Sollux Lighting","og_description":"Lichtquelle: E27, 6x max 15W LED, 50Hz, ~230V, IP20, Schutzklasse I Lichtquelle nicht enthalten. Abmessungen: 70\/70\/112 cm Abmessungen des Lampenschirms: 70\/22 cm Material: Stoff, PVC, Stahl Farbe: schwarz","og_url":"https:\/\/sollux-lighting.com\/de\/nasza-oferta\/kronleuchter\/kronleuchter-saturno-70-schwarz\/","og_site_name":"Sollux Lighting","article_modified_time":"2024-03-16T11:55:49+00:00","og_image":[{"width":750,"height":750,"url":"https:\/\/sollux-lighting.com\/wp-content\/uploads\/2023\/03\/0752-1-k.jpg","type":"image\/jpeg"}],"twitter_card":"summary_large_image","schema":{"@context":"https:\/\/schema.org","@graph":[{"@type":"WebPage","@id":"https:\/\/sollux-lighting.com\/de\/nasza-oferta\/kronleuchter\/kronleuchter-saturno-70-schwarz\/","url":"https:\/\/sollux-lighting.com\/de\/nasza-oferta\/kronleuchter\/kronleuchter-saturno-70-schwarz\/","name":"Kronleuchter SATURNO 70 schwarz - Sollux Lighting","isPartOf":{"@id":"https:\/\/sollux-lighting.com\/de\/#website"},"primaryImageOfPage":{"@id":"https:\/\/sollux-lighting.com\/de\/nasza-oferta\/kronleuchter\/kronleuchter-saturno-70-schwarz\/#primaryimage"},"image":{"@id":"https:\/\/sollux-lighting.com\/de\/nasza-oferta\/kronleuchter\/kronleuchter-saturno-70-schwarz\/#primaryimage"},"thumbnailUrl":"https:\/\/sollux-lighting.com\/wp-content\/uploads\/2023\/03\/0752-1-k.jpg","datePublished":"2023-03-17T10:32:02+00:00","dateModified":"2024-03-16T11:55:49+00:00","breadcrumb":{"@id":"https:\/\/sollux-lighting.com\/de\/nasza-oferta\/kronleuchter\/kronleuchter-saturno-70-schwarz\/#breadcrumb"},"inLanguage":"de","potentialAction":[{"@type":"ReadAction","target":["https:\/\/sollux-lighting.com\/de\/nasza-oferta\/kronleuchter\/kronleuchter-saturno-70-schwarz\/"]}]},{"@type":"ImageObject","inLanguage":"de","@id":"https:\/\/sollux-lighting.com\/de\/nasza-oferta\/kronleuchter\/kronleuchter-saturno-70-schwarz\/#primaryimage","url":"https:\/\/sollux-lighting.com\/wp-content\/uploads\/2023\/03\/0752-1-k.jpg","contentUrl":"https:\/\/sollux-lighting.com\/wp-content\/uploads\/2023\/03\/0752-1-k.jpg","width":750,"height":750},{"@type":"BreadcrumbList","@id":"https:\/\/sollux-lighting.com\/de\/nasza-oferta\/kronleuchter\/kronleuchter-saturno-70-schwarz\/#breadcrumb","itemListElement":[{"@type":"ListItem","position":1,"name":"Startseite","item":"https:\/\/sollux-lighting.com\/de\/"},{"@type":"ListItem","position":2,"name":"Unser Angebot","item":"https:\/\/sollux-lighting.com\/de\/unser-angebot\/"},{"@type":"ListItem","position":3,"name":"Kronleuchter SATURNO 70 schwarz"}]},{"@type":"WebSite","@id":"https:\/\/sollux-lighting.com\/de\/#website","url":"https:\/\/sollux-lighting.com\/de\/","name":"Sollux Lighting","description":"Brighten up your business","publisher":{"@id":"https:\/\/sollux-lighting.com\/de\/#organization"},"potentialAction":[{"@type":"SearchAction","target":{"@type":"EntryPoint","urlTemplate":"https:\/\/sollux-lighting.com\/de\/?s={search_term_string}"},"query-input":{"@type":"PropertyValueSpecification","valueRequired":true,"valueName":"search_term_string"}}],"inLanguage":"de"},{"@type":"Organization","@id":"https:\/\/sollux-lighting.com\/de\/#organization","name":"Sollux Lighting","url":"https:\/\/sollux-lighting.com\/de\/","logo":{"@type":"ImageObject","inLanguage":"de","@id":"https:\/\/sollux-lighting.com\/de\/#\/schema\/logo\/image\/","url":"https:\/\/sollux-lighting.com\/wp-content\/uploads\/2023\/02\/LOGO.svg","contentUrl":"https:\/\/sollux-lighting.com\/wp-content\/uploads\/2023\/02\/LOGO.svg","width":160,"height":46,"caption":"Sollux Lighting "},"image":{"@id":"https:\/\/sollux-lighting.com\/de\/#\/schema\/logo\/image\/"}}]}},"_links":{"self":[{"href":"https:\/\/sollux-lighting.com\/de\/wp-json\/wp\/v2\/product\/70401","targetHints":{"allow":["GET"]}}],"collection":[{"href":"https:\/\/sollux-lighting.com\/de\/wp-json\/wp\/v2\/product"}],"about":[{"href":"https:\/\/sollux-lighting.com\/de\/wp-json\/wp\/v2\/types\/product"}],"wp:featuredmedia":[{"embeddable":true,"href":"https:\/\/sollux-lighting.com\/de\/wp-json\/wp\/v2\/media\/18340"}],"wp:attachment":[{"href":"https:\/\/sollux-lighting.com\/de\/wp-json\/wp\/v2\/media?parent=70401"}],"wp:term":[{"taxonomy":"product_brand","embeddable":true,"href":"https:\/\/sollux-lighting.com\/de\/wp-json\/wp\/v2\/product_brand?post=70401"},{"taxonomy":"product_cat","embeddable":true,"href":"https:\/\/sollux-lighting.com\/de\/wp-json\/wp\/v2\/product_cat?post=70401"},{"taxonomy":"product_tag","embeddable":true,"href":"https:\/\/sollux-lighting.com\/de\/wp-json\/wp\/v2\/product_tag?post=70401"}],"curies":[{"name":"wp","href":"https:\/\/api.w.org\/{rel}","templated":true}]}}