{"id":70373,"date":"2023-03-17T11:30:50","date_gmt":"2023-03-17T10:30:50","guid":{"rendered":"https:\/\/test.sollux-lighting.com\/nasza-oferta\/unkategorisiert\/haengeleuchte-ugo-20-gold\/"},"modified":"2024-03-16T12:54:04","modified_gmt":"2024-03-16T11:54:04","slug":"haengeleuchte-ugo-20-gold","status":"publish","type":"product","link":"https:\/\/sollux-lighting.com\/de\/nasza-oferta\/unkategorisiert\/haengeleuchte-ugo-20-gold\/","title":{"rendered":"H\u00e4ngeleuchte UGO 20 gold"},"content":{"rendered":"<p>Es werde Licht! Und perfekter Stil. Laden Sie eine UGO-H\u00e4ngelampe in Ihr Interieur ein! Ihr milchwei\u00dfer Farbton streut das Licht gleichm\u00e4\u00dfig in alle Richtungen. Die sch\u00f6ne, einfache Form und die goldenen Akzente der UGO-Lampe werden sich in einem modernen Glamour-Wohnzimmer oder in einem minimalistischen Schlafzimmer bew\u00e4hren, dem Sie ein wenig W\u00e4rme spenden wollen. W\u00e4hlen Sie die Gr\u00f6\u00dfe, die am besten zu Ihrem Interieur passt. In der UGO-Lampensammlung finden Sie Lampenschirme in drei Gr\u00f6\u00dfen. H\u00e4ngen Sie eine oder mehrere auf und stellen Sie eine einheitliche Anordnung in Ihrem gesamten Haus her.<\/p>\n","protected":false},"excerpt":{"rendered":"<p>Lichtquelle: E27, 1x max 15W LED, 50Hz, ~230V, IP20, Schutzklasse I<br \/>\nLichtquelle ist nicht im Lieferumfang enthalten.<br \/>\nAbmessungen: 20\/20\/110 cm<br \/>\nMaterial: Stahl, Glas<br \/>\nFarbe: wei\u00df, gold<\/p>\n","protected":false},"featured_media":17628,"template":"","meta":{"_acf_changed":false},"product_brand":[],"product_cat":[],"product_tag":[],"class_list":{"0":"post-70373","1":"product","2":"type-product","3":"status-publish","4":"has-post-thumbnail","7":"first","8":"instock","9":"product-type-simple"},"acf":[],"yoast_head":"<!-- This site is optimized with the Yoast SEO plugin v25.4 - https:\/\/yoast.com\/wordpress\/plugins\/seo\/ -->\n<title>H\u00e4ngeleuchte UGO 20 gold - Sollux Lighting<\/title>\n<meta name=\"robots\" content=\"index, follow, max-snippet:-1, max-image-preview:large, max-video-preview:-1\" \/>\n<link rel=\"canonical\" href=\"https:\/\/sollux-lighting.com\/de\/nasza-oferta\/unkategorisiert\/haengeleuchte-ugo-20-gold\/\" \/>\n<meta property=\"og:locale\" content=\"de_DE\" \/>\n<meta property=\"og:type\" content=\"article\" \/>\n<meta property=\"og:title\" content=\"H\u00e4ngeleuchte UGO 20 gold - Sollux Lighting\" \/>\n<meta property=\"og:description\" content=\"Lichtquelle: E27, 1x max 15W LED, 50Hz, ~230V, IP20, Schutzklasse I Lichtquelle ist nicht im Lieferumfang enthalten. Abmessungen: 20\/20\/110 cm Material: Stahl, Glas Farbe: wei\u00df, gold\" \/>\n<meta property=\"og:url\" content=\"https:\/\/sollux-lighting.com\/de\/nasza-oferta\/unkategorisiert\/haengeleuchte-ugo-20-gold\/\" \/>\n<meta property=\"og:site_name\" content=\"Sollux Lighting\" \/>\n<meta property=\"article:modified_time\" content=\"2024-03-16T11:54:04+00:00\" \/>\n<meta property=\"og:image\" content=\"https:\/\/sollux-lighting.com\/wp-content\/uploads\/2023\/03\/0715-1-k.jpg\" \/>\n\t<meta property=\"og:image:width\" content=\"750\" \/>\n\t<meta property=\"og:image:height\" content=\"750\" \/>\n\t<meta property=\"og:image:type\" content=\"image\/jpeg\" \/>\n<meta name=\"twitter:card\" content=\"summary_large_image\" \/>\n<meta name=\"twitter:label1\" content=\"Gesch\u00e4tzte Lesezeit\" \/>\n\t<meta name=\"twitter:data1\" content=\"1\u00a0Minute\" \/>\n<script type=\"application\/ld+json\" class=\"yoast-schema-graph\">{\"@context\":\"https:\/\/schema.org\",\"@graph\":[{\"@type\":\"WebPage\",\"@id\":\"https:\/\/sollux-lighting.com\/de\/nasza-oferta\/unkategorisiert\/haengeleuchte-ugo-20-gold\/\",\"url\":\"https:\/\/sollux-lighting.com\/de\/nasza-oferta\/unkategorisiert\/haengeleuchte-ugo-20-gold\/\",\"name\":\"H\u00e4ngeleuchte UGO 20 gold - Sollux Lighting\",\"isPartOf\":{\"@id\":\"https:\/\/sollux-lighting.com\/de\/#website\"},\"primaryImageOfPage\":{\"@id\":\"https:\/\/sollux-lighting.com\/de\/nasza-oferta\/unkategorisiert\/haengeleuchte-ugo-20-gold\/#primaryimage\"},\"image\":{\"@id\":\"https:\/\/sollux-lighting.com\/de\/nasza-oferta\/unkategorisiert\/haengeleuchte-ugo-20-gold\/#primaryimage\"},\"thumbnailUrl\":\"https:\/\/sollux-lighting.com\/wp-content\/uploads\/2023\/03\/0715-1-k.jpg\",\"datePublished\":\"2023-03-17T10:30:50+00:00\",\"dateModified\":\"2024-03-16T11:54:04+00:00\",\"breadcrumb\":{\"@id\":\"https:\/\/sollux-lighting.com\/de\/nasza-oferta\/unkategorisiert\/haengeleuchte-ugo-20-gold\/#breadcrumb\"},\"inLanguage\":\"de\",\"potentialAction\":[{\"@type\":\"ReadAction\",\"target\":[\"https:\/\/sollux-lighting.com\/de\/nasza-oferta\/unkategorisiert\/haengeleuchte-ugo-20-gold\/\"]}]},{\"@type\":\"ImageObject\",\"inLanguage\":\"de\",\"@id\":\"https:\/\/sollux-lighting.com\/de\/nasza-oferta\/unkategorisiert\/haengeleuchte-ugo-20-gold\/#primaryimage\",\"url\":\"https:\/\/sollux-lighting.com\/wp-content\/uploads\/2023\/03\/0715-1-k.jpg\",\"contentUrl\":\"https:\/\/sollux-lighting.com\/wp-content\/uploads\/2023\/03\/0715-1-k.jpg\",\"width\":750,\"height\":750},{\"@type\":\"BreadcrumbList\",\"@id\":\"https:\/\/sollux-lighting.com\/de\/nasza-oferta\/unkategorisiert\/haengeleuchte-ugo-20-gold\/#breadcrumb\",\"itemListElement\":[{\"@type\":\"ListItem\",\"position\":1,\"name\":\"Startseite\",\"item\":\"https:\/\/sollux-lighting.com\/de\/\"},{\"@type\":\"ListItem\",\"position\":2,\"name\":\"Unser Angebot\",\"item\":\"https:\/\/sollux-lighting.com\/de\/unser-angebot\/\"},{\"@type\":\"ListItem\",\"position\":3,\"name\":\"H\u00e4ngeleuchte UGO 20 gold\"}]},{\"@type\":\"WebSite\",\"@id\":\"https:\/\/sollux-lighting.com\/de\/#website\",\"url\":\"https:\/\/sollux-lighting.com\/de\/\",\"name\":\"Sollux Lighting\",\"description\":\"Brighten up your business\",\"publisher\":{\"@id\":\"https:\/\/sollux-lighting.com\/de\/#organization\"},\"potentialAction\":[{\"@type\":\"SearchAction\",\"target\":{\"@type\":\"EntryPoint\",\"urlTemplate\":\"https:\/\/sollux-lighting.com\/de\/?s={search_term_string}\"},\"query-input\":{\"@type\":\"PropertyValueSpecification\",\"valueRequired\":true,\"valueName\":\"search_term_string\"}}],\"inLanguage\":\"de\"},{\"@type\":\"Organization\",\"@id\":\"https:\/\/sollux-lighting.com\/de\/#organization\",\"name\":\"Sollux Lighting\",\"url\":\"https:\/\/sollux-lighting.com\/de\/\",\"logo\":{\"@type\":\"ImageObject\",\"inLanguage\":\"de\",\"@id\":\"https:\/\/sollux-lighting.com\/de\/#\/schema\/logo\/image\/\",\"url\":\"https:\/\/sollux-lighting.com\/wp-content\/uploads\/2023\/02\/LOGO.svg\",\"contentUrl\":\"https:\/\/sollux-lighting.com\/wp-content\/uploads\/2023\/02\/LOGO.svg\",\"width\":160,\"height\":46,\"caption\":\"Sollux Lighting \"},\"image\":{\"@id\":\"https:\/\/sollux-lighting.com\/de\/#\/schema\/logo\/image\/\"}}]}<\/script>\n<!-- \/ Yoast SEO plugin. -->","yoast_head_json":{"title":"H\u00e4ngeleuchte UGO 20 gold - Sollux Lighting","robots":{"index":"index","follow":"follow","max-snippet":"max-snippet:-1","max-image-preview":"max-image-preview:large","max-video-preview":"max-video-preview:-1"},"canonical":"https:\/\/sollux-lighting.com\/de\/nasza-oferta\/unkategorisiert\/haengeleuchte-ugo-20-gold\/","og_locale":"de_DE","og_type":"article","og_title":"H\u00e4ngeleuchte UGO 20 gold - Sollux Lighting","og_description":"Lichtquelle: E27, 1x max 15W LED, 50Hz, ~230V, IP20, Schutzklasse I Lichtquelle ist nicht im Lieferumfang enthalten. Abmessungen: 20\/20\/110 cm Material: Stahl, Glas Farbe: wei\u00df, gold","og_url":"https:\/\/sollux-lighting.com\/de\/nasza-oferta\/unkategorisiert\/haengeleuchte-ugo-20-gold\/","og_site_name":"Sollux Lighting","article_modified_time":"2024-03-16T11:54:04+00:00","og_image":[{"width":750,"height":750,"url":"https:\/\/sollux-lighting.com\/wp-content\/uploads\/2023\/03\/0715-1-k.jpg","type":"image\/jpeg"}],"twitter_card":"summary_large_image","twitter_misc":{"Gesch\u00e4tzte Lesezeit":"1\u00a0Minute"},"schema":{"@context":"https:\/\/schema.org","@graph":[{"@type":"WebPage","@id":"https:\/\/sollux-lighting.com\/de\/nasza-oferta\/unkategorisiert\/haengeleuchte-ugo-20-gold\/","url":"https:\/\/sollux-lighting.com\/de\/nasza-oferta\/unkategorisiert\/haengeleuchte-ugo-20-gold\/","name":"H\u00e4ngeleuchte UGO 20 gold - Sollux Lighting","isPartOf":{"@id":"https:\/\/sollux-lighting.com\/de\/#website"},"primaryImageOfPage":{"@id":"https:\/\/sollux-lighting.com\/de\/nasza-oferta\/unkategorisiert\/haengeleuchte-ugo-20-gold\/#primaryimage"},"image":{"@id":"https:\/\/sollux-lighting.com\/de\/nasza-oferta\/unkategorisiert\/haengeleuchte-ugo-20-gold\/#primaryimage"},"thumbnailUrl":"https:\/\/sollux-lighting.com\/wp-content\/uploads\/2023\/03\/0715-1-k.jpg","datePublished":"2023-03-17T10:30:50+00:00","dateModified":"2024-03-16T11:54:04+00:00","breadcrumb":{"@id":"https:\/\/sollux-lighting.com\/de\/nasza-oferta\/unkategorisiert\/haengeleuchte-ugo-20-gold\/#breadcrumb"},"inLanguage":"de","potentialAction":[{"@type":"ReadAction","target":["https:\/\/sollux-lighting.com\/de\/nasza-oferta\/unkategorisiert\/haengeleuchte-ugo-20-gold\/"]}]},{"@type":"ImageObject","inLanguage":"de","@id":"https:\/\/sollux-lighting.com\/de\/nasza-oferta\/unkategorisiert\/haengeleuchte-ugo-20-gold\/#primaryimage","url":"https:\/\/sollux-lighting.com\/wp-content\/uploads\/2023\/03\/0715-1-k.jpg","contentUrl":"https:\/\/sollux-lighting.com\/wp-content\/uploads\/2023\/03\/0715-1-k.jpg","width":750,"height":750},{"@type":"BreadcrumbList","@id":"https:\/\/sollux-lighting.com\/de\/nasza-oferta\/unkategorisiert\/haengeleuchte-ugo-20-gold\/#breadcrumb","itemListElement":[{"@type":"ListItem","position":1,"name":"Startseite","item":"https:\/\/sollux-lighting.com\/de\/"},{"@type":"ListItem","position":2,"name":"Unser Angebot","item":"https:\/\/sollux-lighting.com\/de\/unser-angebot\/"},{"@type":"ListItem","position":3,"name":"H\u00e4ngeleuchte UGO 20 gold"}]},{"@type":"WebSite","@id":"https:\/\/sollux-lighting.com\/de\/#website","url":"https:\/\/sollux-lighting.com\/de\/","name":"Sollux Lighting","description":"Brighten up your business","publisher":{"@id":"https:\/\/sollux-lighting.com\/de\/#organization"},"potentialAction":[{"@type":"SearchAction","target":{"@type":"EntryPoint","urlTemplate":"https:\/\/sollux-lighting.com\/de\/?s={search_term_string}"},"query-input":{"@type":"PropertyValueSpecification","valueRequired":true,"valueName":"search_term_string"}}],"inLanguage":"de"},{"@type":"Organization","@id":"https:\/\/sollux-lighting.com\/de\/#organization","name":"Sollux Lighting","url":"https:\/\/sollux-lighting.com\/de\/","logo":{"@type":"ImageObject","inLanguage":"de","@id":"https:\/\/sollux-lighting.com\/de\/#\/schema\/logo\/image\/","url":"https:\/\/sollux-lighting.com\/wp-content\/uploads\/2023\/02\/LOGO.svg","contentUrl":"https:\/\/sollux-lighting.com\/wp-content\/uploads\/2023\/02\/LOGO.svg","width":160,"height":46,"caption":"Sollux Lighting "},"image":{"@id":"https:\/\/sollux-lighting.com\/de\/#\/schema\/logo\/image\/"}}]}},"_links":{"self":[{"href":"https:\/\/sollux-lighting.com\/de\/wp-json\/wp\/v2\/product\/70373","targetHints":{"allow":["GET"]}}],"collection":[{"href":"https:\/\/sollux-lighting.com\/de\/wp-json\/wp\/v2\/product"}],"about":[{"href":"https:\/\/sollux-lighting.com\/de\/wp-json\/wp\/v2\/types\/product"}],"wp:featuredmedia":[{"embeddable":true,"href":"https:\/\/sollux-lighting.com\/de\/wp-json\/wp\/v2\/media\/17628"}],"wp:attachment":[{"href":"https:\/\/sollux-lighting.com\/de\/wp-json\/wp\/v2\/media?parent=70373"}],"wp:term":[{"taxonomy":"product_brand","embeddable":true,"href":"https:\/\/sollux-lighting.com\/de\/wp-json\/wp\/v2\/product_brand?post=70373"},{"taxonomy":"product_cat","embeddable":true,"href":"https:\/\/sollux-lighting.com\/de\/wp-json\/wp\/v2\/product_cat?post=70373"},{"taxonomy":"product_tag","embeddable":true,"href":"https:\/\/sollux-lighting.com\/de\/wp-json\/wp\/v2\/product_tag?post=70373"}],"curies":[{"name":"wp","href":"https:\/\/api.w.org\/{rel}","templated":true}]}}