{"id":70153,"date":"2023-03-17T11:16:24","date_gmt":"2023-03-17T10:16:24","guid":{"rendered":"https:\/\/test.sollux-lighting.com\/nasza-oferta\/unkategorisiert\/haengeleuchte-celta-weiss\/"},"modified":"2024-03-16T12:40:48","modified_gmt":"2024-03-16T11:40:48","slug":"haengeleuchte-celta-weiss","status":"publish","type":"product","link":"https:\/\/sollux-lighting.com\/de\/nasza-oferta\/unkategorisiert\/haengeleuchte-celta-weiss\/","title":{"rendered":"H\u00e4ngeleuchte CELTA wei\u00df"},"content":{"rendered":"<p>Modernes Design, hohe Herstellungsqualit\u00e4t und ungew\u00f6hnliche Stoffe machen die H\u00e4ngelampen aus der CELTA-Kollektion bei Liebhabern von originellem Design und k\u00fchnen Akzenten zu Hause \u00e4u\u00dferst gesch\u00e4tzt. Die Designbeleuchtung CELTA verbindet die Eleganz eines modernen Stils mit dem rohen Charakter industrieller Kunst. Deshalb sind sch\u00f6ne Lampen mit Armaturen aus gebogenem Stahl ein gro\u00dfartiges Angebot f\u00fcr Besitzer geschmackvoll eingerichteter Lofts und minimalistischer Apartments. Zarte Linien, modische Farben und Funktionalit\u00e4t sind Vorteile, die selbst von den Anspruchsvollsten gesch\u00e4tzt werden.<\/p>\n","protected":false},"excerpt":{"rendered":"<p>Lichtquelle: E27, 1x max 15W LED, 50Hz, ~230V, IP20, Schutzklasse I<br \/>\nLichtquelle ist nicht im Lieferumfang enthalten.<br \/>\nAbmessungen: 23\/23\/95 cm<br \/>\nAbmessungen des Schirms: 23\/25 cm<br \/>\nMaterial: Stahl<br \/>\nFarbe: Wei\u00df<\/p>\n","protected":false},"featured_media":11745,"template":"","meta":{"_acf_changed":false},"product_brand":[],"product_cat":[],"product_tag":[],"class_list":{"0":"post-70153","1":"product","2":"type-product","3":"status-publish","4":"has-post-thumbnail","7":"first","8":"instock","9":"product-type-simple"},"acf":[],"yoast_head":"<!-- This site is optimized with the Yoast SEO plugin v25.4 - https:\/\/yoast.com\/wordpress\/plugins\/seo\/ -->\n<title>H\u00e4ngeleuchte CELTA wei\u00df - Sollux Lighting<\/title>\n<meta name=\"robots\" content=\"index, follow, max-snippet:-1, max-image-preview:large, max-video-preview:-1\" \/>\n<link rel=\"canonical\" href=\"https:\/\/sollux-lighting.com\/de\/nasza-oferta\/unkategorisiert\/haengeleuchte-celta-weiss\/\" \/>\n<meta property=\"og:locale\" content=\"de_DE\" \/>\n<meta property=\"og:type\" content=\"article\" \/>\n<meta property=\"og:title\" content=\"H\u00e4ngeleuchte CELTA wei\u00df - Sollux Lighting\" \/>\n<meta property=\"og:description\" content=\"Lichtquelle: E27, 1x max 15W LED, 50Hz, ~230V, IP20, Schutzklasse I Lichtquelle ist nicht im Lieferumfang enthalten. Abmessungen: 23\/23\/95 cm Abmessungen des Schirms: 23\/25 cm Material: Stahl Farbe: Wei\u00df\" \/>\n<meta property=\"og:url\" content=\"https:\/\/sollux-lighting.com\/de\/nasza-oferta\/unkategorisiert\/haengeleuchte-celta-weiss\/\" \/>\n<meta property=\"og:site_name\" content=\"Sollux Lighting\" \/>\n<meta property=\"article:modified_time\" content=\"2024-03-16T11:40:48+00:00\" \/>\n<meta property=\"og:image\" content=\"https:\/\/sollux-lighting.com\/wp-content\/uploads\/2023\/03\/0295-1-k.jpg\" \/>\n\t<meta property=\"og:image:width\" content=\"750\" \/>\n\t<meta property=\"og:image:height\" content=\"750\" \/>\n\t<meta property=\"og:image:type\" content=\"image\/jpeg\" \/>\n<meta name=\"twitter:card\" content=\"summary_large_image\" \/>\n<script type=\"application\/ld+json\" class=\"yoast-schema-graph\">{\"@context\":\"https:\/\/schema.org\",\"@graph\":[{\"@type\":\"WebPage\",\"@id\":\"https:\/\/sollux-lighting.com\/de\/nasza-oferta\/unkategorisiert\/haengeleuchte-celta-weiss\/\",\"url\":\"https:\/\/sollux-lighting.com\/de\/nasza-oferta\/unkategorisiert\/haengeleuchte-celta-weiss\/\",\"name\":\"H\u00e4ngeleuchte CELTA wei\u00df - Sollux Lighting\",\"isPartOf\":{\"@id\":\"https:\/\/sollux-lighting.com\/de\/#website\"},\"primaryImageOfPage\":{\"@id\":\"https:\/\/sollux-lighting.com\/de\/nasza-oferta\/unkategorisiert\/haengeleuchte-celta-weiss\/#primaryimage\"},\"image\":{\"@id\":\"https:\/\/sollux-lighting.com\/de\/nasza-oferta\/unkategorisiert\/haengeleuchte-celta-weiss\/#primaryimage\"},\"thumbnailUrl\":\"https:\/\/sollux-lighting.com\/wp-content\/uploads\/2023\/03\/0295-1-k.jpg\",\"datePublished\":\"2023-03-17T10:16:24+00:00\",\"dateModified\":\"2024-03-16T11:40:48+00:00\",\"breadcrumb\":{\"@id\":\"https:\/\/sollux-lighting.com\/de\/nasza-oferta\/unkategorisiert\/haengeleuchte-celta-weiss\/#breadcrumb\"},\"inLanguage\":\"de\",\"potentialAction\":[{\"@type\":\"ReadAction\",\"target\":[\"https:\/\/sollux-lighting.com\/de\/nasza-oferta\/unkategorisiert\/haengeleuchte-celta-weiss\/\"]}]},{\"@type\":\"ImageObject\",\"inLanguage\":\"de\",\"@id\":\"https:\/\/sollux-lighting.com\/de\/nasza-oferta\/unkategorisiert\/haengeleuchte-celta-weiss\/#primaryimage\",\"url\":\"https:\/\/sollux-lighting.com\/wp-content\/uploads\/2023\/03\/0295-1-k.jpg\",\"contentUrl\":\"https:\/\/sollux-lighting.com\/wp-content\/uploads\/2023\/03\/0295-1-k.jpg\",\"width\":750,\"height\":750},{\"@type\":\"BreadcrumbList\",\"@id\":\"https:\/\/sollux-lighting.com\/de\/nasza-oferta\/unkategorisiert\/haengeleuchte-celta-weiss\/#breadcrumb\",\"itemListElement\":[{\"@type\":\"ListItem\",\"position\":1,\"name\":\"Startseite\",\"item\":\"https:\/\/sollux-lighting.com\/de\/\"},{\"@type\":\"ListItem\",\"position\":2,\"name\":\"Unser Angebot\",\"item\":\"https:\/\/sollux-lighting.com\/de\/unser-angebot\/\"},{\"@type\":\"ListItem\",\"position\":3,\"name\":\"H\u00e4ngeleuchte CELTA wei\u00df\"}]},{\"@type\":\"WebSite\",\"@id\":\"https:\/\/sollux-lighting.com\/de\/#website\",\"url\":\"https:\/\/sollux-lighting.com\/de\/\",\"name\":\"Sollux Lighting\",\"description\":\"Brighten up your business\",\"publisher\":{\"@id\":\"https:\/\/sollux-lighting.com\/de\/#organization\"},\"potentialAction\":[{\"@type\":\"SearchAction\",\"target\":{\"@type\":\"EntryPoint\",\"urlTemplate\":\"https:\/\/sollux-lighting.com\/de\/?s={search_term_string}\"},\"query-input\":{\"@type\":\"PropertyValueSpecification\",\"valueRequired\":true,\"valueName\":\"search_term_string\"}}],\"inLanguage\":\"de\"},{\"@type\":\"Organization\",\"@id\":\"https:\/\/sollux-lighting.com\/de\/#organization\",\"name\":\"Sollux Lighting\",\"url\":\"https:\/\/sollux-lighting.com\/de\/\",\"logo\":{\"@type\":\"ImageObject\",\"inLanguage\":\"de\",\"@id\":\"https:\/\/sollux-lighting.com\/de\/#\/schema\/logo\/image\/\",\"url\":\"https:\/\/sollux-lighting.com\/wp-content\/uploads\/2023\/02\/LOGO.svg\",\"contentUrl\":\"https:\/\/sollux-lighting.com\/wp-content\/uploads\/2023\/02\/LOGO.svg\",\"width\":160,\"height\":46,\"caption\":\"Sollux Lighting \"},\"image\":{\"@id\":\"https:\/\/sollux-lighting.com\/de\/#\/schema\/logo\/image\/\"}}]}<\/script>\n<!-- \/ Yoast SEO plugin. -->","yoast_head_json":{"title":"H\u00e4ngeleuchte CELTA wei\u00df - Sollux Lighting","robots":{"index":"index","follow":"follow","max-snippet":"max-snippet:-1","max-image-preview":"max-image-preview:large","max-video-preview":"max-video-preview:-1"},"canonical":"https:\/\/sollux-lighting.com\/de\/nasza-oferta\/unkategorisiert\/haengeleuchte-celta-weiss\/","og_locale":"de_DE","og_type":"article","og_title":"H\u00e4ngeleuchte CELTA wei\u00df - Sollux Lighting","og_description":"Lichtquelle: E27, 1x max 15W LED, 50Hz, ~230V, IP20, Schutzklasse I Lichtquelle ist nicht im Lieferumfang enthalten. Abmessungen: 23\/23\/95 cm Abmessungen des Schirms: 23\/25 cm Material: Stahl Farbe: Wei\u00df","og_url":"https:\/\/sollux-lighting.com\/de\/nasza-oferta\/unkategorisiert\/haengeleuchte-celta-weiss\/","og_site_name":"Sollux Lighting","article_modified_time":"2024-03-16T11:40:48+00:00","og_image":[{"width":750,"height":750,"url":"https:\/\/sollux-lighting.com\/wp-content\/uploads\/2023\/03\/0295-1-k.jpg","type":"image\/jpeg"}],"twitter_card":"summary_large_image","schema":{"@context":"https:\/\/schema.org","@graph":[{"@type":"WebPage","@id":"https:\/\/sollux-lighting.com\/de\/nasza-oferta\/unkategorisiert\/haengeleuchte-celta-weiss\/","url":"https:\/\/sollux-lighting.com\/de\/nasza-oferta\/unkategorisiert\/haengeleuchte-celta-weiss\/","name":"H\u00e4ngeleuchte CELTA wei\u00df - Sollux Lighting","isPartOf":{"@id":"https:\/\/sollux-lighting.com\/de\/#website"},"primaryImageOfPage":{"@id":"https:\/\/sollux-lighting.com\/de\/nasza-oferta\/unkategorisiert\/haengeleuchte-celta-weiss\/#primaryimage"},"image":{"@id":"https:\/\/sollux-lighting.com\/de\/nasza-oferta\/unkategorisiert\/haengeleuchte-celta-weiss\/#primaryimage"},"thumbnailUrl":"https:\/\/sollux-lighting.com\/wp-content\/uploads\/2023\/03\/0295-1-k.jpg","datePublished":"2023-03-17T10:16:24+00:00","dateModified":"2024-03-16T11:40:48+00:00","breadcrumb":{"@id":"https:\/\/sollux-lighting.com\/de\/nasza-oferta\/unkategorisiert\/haengeleuchte-celta-weiss\/#breadcrumb"},"inLanguage":"de","potentialAction":[{"@type":"ReadAction","target":["https:\/\/sollux-lighting.com\/de\/nasza-oferta\/unkategorisiert\/haengeleuchte-celta-weiss\/"]}]},{"@type":"ImageObject","inLanguage":"de","@id":"https:\/\/sollux-lighting.com\/de\/nasza-oferta\/unkategorisiert\/haengeleuchte-celta-weiss\/#primaryimage","url":"https:\/\/sollux-lighting.com\/wp-content\/uploads\/2023\/03\/0295-1-k.jpg","contentUrl":"https:\/\/sollux-lighting.com\/wp-content\/uploads\/2023\/03\/0295-1-k.jpg","width":750,"height":750},{"@type":"BreadcrumbList","@id":"https:\/\/sollux-lighting.com\/de\/nasza-oferta\/unkategorisiert\/haengeleuchte-celta-weiss\/#breadcrumb","itemListElement":[{"@type":"ListItem","position":1,"name":"Startseite","item":"https:\/\/sollux-lighting.com\/de\/"},{"@type":"ListItem","position":2,"name":"Unser Angebot","item":"https:\/\/sollux-lighting.com\/de\/unser-angebot\/"},{"@type":"ListItem","position":3,"name":"H\u00e4ngeleuchte CELTA wei\u00df"}]},{"@type":"WebSite","@id":"https:\/\/sollux-lighting.com\/de\/#website","url":"https:\/\/sollux-lighting.com\/de\/","name":"Sollux Lighting","description":"Brighten up your business","publisher":{"@id":"https:\/\/sollux-lighting.com\/de\/#organization"},"potentialAction":[{"@type":"SearchAction","target":{"@type":"EntryPoint","urlTemplate":"https:\/\/sollux-lighting.com\/de\/?s={search_term_string}"},"query-input":{"@type":"PropertyValueSpecification","valueRequired":true,"valueName":"search_term_string"}}],"inLanguage":"de"},{"@type":"Organization","@id":"https:\/\/sollux-lighting.com\/de\/#organization","name":"Sollux Lighting","url":"https:\/\/sollux-lighting.com\/de\/","logo":{"@type":"ImageObject","inLanguage":"de","@id":"https:\/\/sollux-lighting.com\/de\/#\/schema\/logo\/image\/","url":"https:\/\/sollux-lighting.com\/wp-content\/uploads\/2023\/02\/LOGO.svg","contentUrl":"https:\/\/sollux-lighting.com\/wp-content\/uploads\/2023\/02\/LOGO.svg","width":160,"height":46,"caption":"Sollux Lighting "},"image":{"@id":"https:\/\/sollux-lighting.com\/de\/#\/schema\/logo\/image\/"}}]}},"_links":{"self":[{"href":"https:\/\/sollux-lighting.com\/de\/wp-json\/wp\/v2\/product\/70153","targetHints":{"allow":["GET"]}}],"collection":[{"href":"https:\/\/sollux-lighting.com\/de\/wp-json\/wp\/v2\/product"}],"about":[{"href":"https:\/\/sollux-lighting.com\/de\/wp-json\/wp\/v2\/types\/product"}],"wp:featuredmedia":[{"embeddable":true,"href":"https:\/\/sollux-lighting.com\/de\/wp-json\/wp\/v2\/media\/11745"}],"wp:attachment":[{"href":"https:\/\/sollux-lighting.com\/de\/wp-json\/wp\/v2\/media?parent=70153"}],"wp:term":[{"taxonomy":"product_brand","embeddable":true,"href":"https:\/\/sollux-lighting.com\/de\/wp-json\/wp\/v2\/product_brand?post=70153"},{"taxonomy":"product_cat","embeddable":true,"href":"https:\/\/sollux-lighting.com\/de\/wp-json\/wp\/v2\/product_cat?post=70153"},{"taxonomy":"product_tag","embeddable":true,"href":"https:\/\/sollux-lighting.com\/de\/wp-json\/wp\/v2\/product_tag?post=70153"}],"curies":[{"name":"wp","href":"https:\/\/api.w.org\/{rel}","templated":true}]}}