{"id":70016,"date":"2023-03-17T11:14:17","date_gmt":"2023-03-17T10:14:17","guid":{"rendered":"https:\/\/test.sollux-lighting.com\/nasza-oferta\/unkategorisiert\/wandleuchte-keramik-leo\/"},"modified":"2024-03-16T12:32:21","modified_gmt":"2024-03-16T11:32:21","slug":"wandleuchte-keramik-leo","status":"publish","type":"product","link":"https:\/\/sollux-lighting.com\/de\/nasza-oferta\/wandleuchte\/wandleuchte-keramik-leo\/","title":{"rendered":"Wandleuchte Keramik LEO"},"content":{"rendered":"<p>Die Serie LEO besteht aus stilvollen Wandleuchten aus Keramik. Von unten sind sie mit einem Milchglas vollendet, von oben wiederum sind sie offen, wodurch das Licht von oben wie auch von unten emittiert wird was sich ausgezeichnet zur Dekoration eignet. Die Wandleuchte ist wei\u00df und kann sofort montiert werden, falls Sie aber wollen k\u00f6nnen Sie die Fl\u00e4che sogar mit Wandfarben bemalen.<\/p>\n","protected":false},"excerpt":{"rendered":"<p>Lichtquelle: E27, 1x max 15W LED, 50Hz, ~230V, IP20, Schutzklasse I<br \/>\nLichtquelle ist nicht im Lieferumfang enthalten.<br \/>\nAbmessungen: 14\/14\/14 cm<br \/>\nMaterial: Keramik, Glas<br \/>\nFarbe: Wei\u00df<\/p>\n","protected":false},"featured_media":5749,"template":"","meta":{"_acf_changed":false},"product_brand":[],"product_cat":[1892],"product_tag":[],"class_list":{"0":"post-70016","1":"product","2":"type-product","3":"status-publish","4":"has-post-thumbnail","6":"product_cat-wandleuchte","8":"first","9":"instock","10":"product-type-simple"},"acf":[],"yoast_head":"<!-- This site is optimized with the Yoast SEO plugin v25.4 - https:\/\/yoast.com\/wordpress\/plugins\/seo\/ -->\n<title>Wandleuchte Keramik LEO - Sollux Lighting<\/title>\n<meta name=\"robots\" content=\"index, follow, max-snippet:-1, max-image-preview:large, max-video-preview:-1\" \/>\n<link rel=\"canonical\" href=\"https:\/\/sollux-lighting.com\/de\/nasza-oferta\/wandleuchte\/wandleuchte-keramik-leo\/\" \/>\n<meta property=\"og:locale\" content=\"de_DE\" \/>\n<meta property=\"og:type\" content=\"article\" \/>\n<meta property=\"og:title\" content=\"Wandleuchte Keramik LEO - Sollux Lighting\" \/>\n<meta property=\"og:description\" content=\"Lichtquelle: E27, 1x max 15W LED, 50Hz, ~230V, IP20, Schutzklasse I Lichtquelle ist nicht im Lieferumfang enthalten. Abmessungen: 14\/14\/14 cm Material: Keramik, Glas Farbe: Wei\u00df\" \/>\n<meta property=\"og:url\" content=\"https:\/\/sollux-lighting.com\/de\/nasza-oferta\/wandleuchte\/wandleuchte-keramik-leo\/\" \/>\n<meta property=\"og:site_name\" content=\"Sollux Lighting\" \/>\n<meta property=\"article:modified_time\" content=\"2024-03-16T11:32:21+00:00\" \/>\n<meta property=\"og:image\" content=\"https:\/\/sollux-lighting.com\/wp-content\/uploads\/2023\/02\/0005-1-k.jpg\" \/>\n\t<meta property=\"og:image:width\" content=\"1200\" \/>\n\t<meta property=\"og:image:height\" content=\"1200\" \/>\n\t<meta property=\"og:image:type\" content=\"image\/jpeg\" \/>\n<meta name=\"twitter:card\" content=\"summary_large_image\" \/>\n<script type=\"application\/ld+json\" class=\"yoast-schema-graph\">{\"@context\":\"https:\/\/schema.org\",\"@graph\":[{\"@type\":\"WebPage\",\"@id\":\"https:\/\/sollux-lighting.com\/de\/nasza-oferta\/wandleuchte\/wandleuchte-keramik-leo\/\",\"url\":\"https:\/\/sollux-lighting.com\/de\/nasza-oferta\/wandleuchte\/wandleuchte-keramik-leo\/\",\"name\":\"Wandleuchte Keramik LEO - Sollux Lighting\",\"isPartOf\":{\"@id\":\"https:\/\/sollux-lighting.com\/de\/#website\"},\"primaryImageOfPage\":{\"@id\":\"https:\/\/sollux-lighting.com\/de\/nasza-oferta\/wandleuchte\/wandleuchte-keramik-leo\/#primaryimage\"},\"image\":{\"@id\":\"https:\/\/sollux-lighting.com\/de\/nasza-oferta\/wandleuchte\/wandleuchte-keramik-leo\/#primaryimage\"},\"thumbnailUrl\":\"https:\/\/sollux-lighting.com\/wp-content\/uploads\/2023\/02\/0005-1-k.jpg\",\"datePublished\":\"2023-03-17T10:14:17+00:00\",\"dateModified\":\"2024-03-16T11:32:21+00:00\",\"breadcrumb\":{\"@id\":\"https:\/\/sollux-lighting.com\/de\/nasza-oferta\/wandleuchte\/wandleuchte-keramik-leo\/#breadcrumb\"},\"inLanguage\":\"de\",\"potentialAction\":[{\"@type\":\"ReadAction\",\"target\":[\"https:\/\/sollux-lighting.com\/de\/nasza-oferta\/wandleuchte\/wandleuchte-keramik-leo\/\"]}]},{\"@type\":\"ImageObject\",\"inLanguage\":\"de\",\"@id\":\"https:\/\/sollux-lighting.com\/de\/nasza-oferta\/wandleuchte\/wandleuchte-keramik-leo\/#primaryimage\",\"url\":\"https:\/\/sollux-lighting.com\/wp-content\/uploads\/2023\/02\/0005-1-k.jpg\",\"contentUrl\":\"https:\/\/sollux-lighting.com\/wp-content\/uploads\/2023\/02\/0005-1-k.jpg\",\"width\":1200,\"height\":1200},{\"@type\":\"BreadcrumbList\",\"@id\":\"https:\/\/sollux-lighting.com\/de\/nasza-oferta\/wandleuchte\/wandleuchte-keramik-leo\/#breadcrumb\",\"itemListElement\":[{\"@type\":\"ListItem\",\"position\":1,\"name\":\"Startseite\",\"item\":\"https:\/\/sollux-lighting.com\/de\/\"},{\"@type\":\"ListItem\",\"position\":2,\"name\":\"Unser Angebot\",\"item\":\"https:\/\/sollux-lighting.com\/de\/unser-angebot\/\"},{\"@type\":\"ListItem\",\"position\":3,\"name\":\"Wandleuchte Keramik LEO\"}]},{\"@type\":\"WebSite\",\"@id\":\"https:\/\/sollux-lighting.com\/de\/#website\",\"url\":\"https:\/\/sollux-lighting.com\/de\/\",\"name\":\"Sollux Lighting\",\"description\":\"Brighten up your business\",\"publisher\":{\"@id\":\"https:\/\/sollux-lighting.com\/de\/#organization\"},\"potentialAction\":[{\"@type\":\"SearchAction\",\"target\":{\"@type\":\"EntryPoint\",\"urlTemplate\":\"https:\/\/sollux-lighting.com\/de\/?s={search_term_string}\"},\"query-input\":{\"@type\":\"PropertyValueSpecification\",\"valueRequired\":true,\"valueName\":\"search_term_string\"}}],\"inLanguage\":\"de\"},{\"@type\":\"Organization\",\"@id\":\"https:\/\/sollux-lighting.com\/de\/#organization\",\"name\":\"Sollux Lighting\",\"url\":\"https:\/\/sollux-lighting.com\/de\/\",\"logo\":{\"@type\":\"ImageObject\",\"inLanguage\":\"de\",\"@id\":\"https:\/\/sollux-lighting.com\/de\/#\/schema\/logo\/image\/\",\"url\":\"https:\/\/sollux-lighting.com\/wp-content\/uploads\/2023\/02\/LOGO.svg\",\"contentUrl\":\"https:\/\/sollux-lighting.com\/wp-content\/uploads\/2023\/02\/LOGO.svg\",\"width\":160,\"height\":46,\"caption\":\"Sollux Lighting \"},\"image\":{\"@id\":\"https:\/\/sollux-lighting.com\/de\/#\/schema\/logo\/image\/\"}}]}<\/script>\n<!-- \/ Yoast SEO plugin. -->","yoast_head_json":{"title":"Wandleuchte Keramik LEO - Sollux Lighting","robots":{"index":"index","follow":"follow","max-snippet":"max-snippet:-1","max-image-preview":"max-image-preview:large","max-video-preview":"max-video-preview:-1"},"canonical":"https:\/\/sollux-lighting.com\/de\/nasza-oferta\/wandleuchte\/wandleuchte-keramik-leo\/","og_locale":"de_DE","og_type":"article","og_title":"Wandleuchte Keramik LEO - Sollux Lighting","og_description":"Lichtquelle: E27, 1x max 15W LED, 50Hz, ~230V, IP20, Schutzklasse I Lichtquelle ist nicht im Lieferumfang enthalten. Abmessungen: 14\/14\/14 cm Material: Keramik, Glas Farbe: Wei\u00df","og_url":"https:\/\/sollux-lighting.com\/de\/nasza-oferta\/wandleuchte\/wandleuchte-keramik-leo\/","og_site_name":"Sollux Lighting","article_modified_time":"2024-03-16T11:32:21+00:00","og_image":[{"width":1200,"height":1200,"url":"https:\/\/sollux-lighting.com\/wp-content\/uploads\/2023\/02\/0005-1-k.jpg","type":"image\/jpeg"}],"twitter_card":"summary_large_image","schema":{"@context":"https:\/\/schema.org","@graph":[{"@type":"WebPage","@id":"https:\/\/sollux-lighting.com\/de\/nasza-oferta\/wandleuchte\/wandleuchte-keramik-leo\/","url":"https:\/\/sollux-lighting.com\/de\/nasza-oferta\/wandleuchte\/wandleuchte-keramik-leo\/","name":"Wandleuchte Keramik LEO - Sollux Lighting","isPartOf":{"@id":"https:\/\/sollux-lighting.com\/de\/#website"},"primaryImageOfPage":{"@id":"https:\/\/sollux-lighting.com\/de\/nasza-oferta\/wandleuchte\/wandleuchte-keramik-leo\/#primaryimage"},"image":{"@id":"https:\/\/sollux-lighting.com\/de\/nasza-oferta\/wandleuchte\/wandleuchte-keramik-leo\/#primaryimage"},"thumbnailUrl":"https:\/\/sollux-lighting.com\/wp-content\/uploads\/2023\/02\/0005-1-k.jpg","datePublished":"2023-03-17T10:14:17+00:00","dateModified":"2024-03-16T11:32:21+00:00","breadcrumb":{"@id":"https:\/\/sollux-lighting.com\/de\/nasza-oferta\/wandleuchte\/wandleuchte-keramik-leo\/#breadcrumb"},"inLanguage":"de","potentialAction":[{"@type":"ReadAction","target":["https:\/\/sollux-lighting.com\/de\/nasza-oferta\/wandleuchte\/wandleuchte-keramik-leo\/"]}]},{"@type":"ImageObject","inLanguage":"de","@id":"https:\/\/sollux-lighting.com\/de\/nasza-oferta\/wandleuchte\/wandleuchte-keramik-leo\/#primaryimage","url":"https:\/\/sollux-lighting.com\/wp-content\/uploads\/2023\/02\/0005-1-k.jpg","contentUrl":"https:\/\/sollux-lighting.com\/wp-content\/uploads\/2023\/02\/0005-1-k.jpg","width":1200,"height":1200},{"@type":"BreadcrumbList","@id":"https:\/\/sollux-lighting.com\/de\/nasza-oferta\/wandleuchte\/wandleuchte-keramik-leo\/#breadcrumb","itemListElement":[{"@type":"ListItem","position":1,"name":"Startseite","item":"https:\/\/sollux-lighting.com\/de\/"},{"@type":"ListItem","position":2,"name":"Unser Angebot","item":"https:\/\/sollux-lighting.com\/de\/unser-angebot\/"},{"@type":"ListItem","position":3,"name":"Wandleuchte Keramik LEO"}]},{"@type":"WebSite","@id":"https:\/\/sollux-lighting.com\/de\/#website","url":"https:\/\/sollux-lighting.com\/de\/","name":"Sollux Lighting","description":"Brighten up your business","publisher":{"@id":"https:\/\/sollux-lighting.com\/de\/#organization"},"potentialAction":[{"@type":"SearchAction","target":{"@type":"EntryPoint","urlTemplate":"https:\/\/sollux-lighting.com\/de\/?s={search_term_string}"},"query-input":{"@type":"PropertyValueSpecification","valueRequired":true,"valueName":"search_term_string"}}],"inLanguage":"de"},{"@type":"Organization","@id":"https:\/\/sollux-lighting.com\/de\/#organization","name":"Sollux Lighting","url":"https:\/\/sollux-lighting.com\/de\/","logo":{"@type":"ImageObject","inLanguage":"de","@id":"https:\/\/sollux-lighting.com\/de\/#\/schema\/logo\/image\/","url":"https:\/\/sollux-lighting.com\/wp-content\/uploads\/2023\/02\/LOGO.svg","contentUrl":"https:\/\/sollux-lighting.com\/wp-content\/uploads\/2023\/02\/LOGO.svg","width":160,"height":46,"caption":"Sollux Lighting "},"image":{"@id":"https:\/\/sollux-lighting.com\/de\/#\/schema\/logo\/image\/"}}]}},"_links":{"self":[{"href":"https:\/\/sollux-lighting.com\/de\/wp-json\/wp\/v2\/product\/70016","targetHints":{"allow":["GET"]}}],"collection":[{"href":"https:\/\/sollux-lighting.com\/de\/wp-json\/wp\/v2\/product"}],"about":[{"href":"https:\/\/sollux-lighting.com\/de\/wp-json\/wp\/v2\/types\/product"}],"wp:featuredmedia":[{"embeddable":true,"href":"https:\/\/sollux-lighting.com\/de\/wp-json\/wp\/v2\/media\/5749"}],"wp:attachment":[{"href":"https:\/\/sollux-lighting.com\/de\/wp-json\/wp\/v2\/media?parent=70016"}],"wp:term":[{"taxonomy":"product_brand","embeddable":true,"href":"https:\/\/sollux-lighting.com\/de\/wp-json\/wp\/v2\/product_brand?post=70016"},{"taxonomy":"product_cat","embeddable":true,"href":"https:\/\/sollux-lighting.com\/de\/wp-json\/wp\/v2\/product_cat?post=70016"},{"taxonomy":"product_tag","embeddable":true,"href":"https:\/\/sollux-lighting.com\/de\/wp-json\/wp\/v2\/product_tag?post=70016"}],"curies":[{"name":"wp","href":"https:\/\/api.w.org\/{rel}","templated":true}]}}