{"id":66681,"date":"2023-02-15T21:08:27","date_gmt":"2023-02-15T20:08:27","guid":{"rendered":"https:\/\/test.sollux-lighting.com\/ueber-das-unternehmen\/"},"modified":"2024-03-18T11:09:47","modified_gmt":"2024-03-18T10:09:47","slug":"ueber-das-unternehmen","status":"publish","type":"page","link":"https:\/\/sollux-lighting.com\/de\/ueber-das-unternehmen\/","title":{"rendered":"\u00dcber das Unternehmen"},"content":{"rendered":"\t\t<div data-elementor-type=\"wp-page\" data-elementor-id=\"66681\" class=\"elementor elementor-66681 elementor-219\" data-elementor-post-type=\"page\">\n\t\t\t\t<div class=\"elementor-element elementor-element-47be4ac elementor-hidden-desktop elementor-hidden-tablet elementor-hidden-mobile e-flex e-con-boxed e-con e-parent\" data-id=\"47be4ac\" data-element_type=\"container\" data-settings=\"{&quot;background_background&quot;:&quot;classic&quot;,&quot;jet_parallax_layout_list&quot;:[]}\">\n\t\t\t\t\t<div class=\"e-con-inner\">\n\t\t\t\t<div class=\"elementor-element elementor-element-9144a4b elementor-widget elementor-widget-heading\" data-id=\"9144a4b\" data-element_type=\"widget\" data-widget_type=\"heading.default\">\n\t\t\t\t<div class=\"elementor-widget-container\">\n\t\t\t\t\t<h1 class=\"elementor-heading-title elementor-size-default\">\u00dcber das Unternehmen<\/h1>\t\t\t\t<\/div>\n\t\t\t\t<\/div>\n\t\t\t\t<div class=\"elementor-element elementor-element-a6a6dce elementor-align-left elementor-widget elementor-widget-breadcrumbs\" data-id=\"a6a6dce\" data-element_type=\"widget\" data-widget_type=\"breadcrumbs.default\">\n\t\t\t\t<div class=\"elementor-widget-container\">\n\t\t\t\t\t<p id=\"breadcrumbs\"><span><span><a href=\"https:\/\/sollux-lighting.com\/de\/\">Startseite<\/a><\/span><\/span><\/p>\t\t\t\t<\/div>\n\t\t\t\t<\/div>\n\t\t\t\t\t<\/div>\n\t\t\t\t<\/div>\n\t\t<div class=\"elementor-element elementor-element-f1b61cb e-flex e-con-boxed e-con e-parent\" data-id=\"f1b61cb\" data-element_type=\"container\" data-settings=\"{&quot;jet_parallax_layout_list&quot;:[]}\">\n\t\t\t\t\t<div class=\"e-con-inner\">\n\t\t<div class=\"elementor-element elementor-element-355e234 e-con-full e-flex e-con e-child\" data-id=\"355e234\" data-element_type=\"container\" data-settings=\"{&quot;jet_parallax_layout_list&quot;:[]}\">\n\t\t\t\t<div class=\"elementor-element elementor-element-28974bd elementor-widget elementor-widget-heading\" data-id=\"28974bd\" data-element_type=\"widget\" data-widget_type=\"heading.default\">\n\t\t\t\t<div class=\"elementor-widget-container\">\n\t\t\t\t\t<h2 class=\"elementor-heading-title elementor-size-default\">MEHR LICHT INS SPIEL BRINGEN\n\n\nnach innen und zum Leben<\/h2>\t\t\t\t<\/div>\n\t\t\t\t<\/div>\n\t\t\t\t<\/div>\n\t\t\t\t\t<\/div>\n\t\t\t\t<\/div>\n\t\t<div class=\"elementor-element elementor-element-cb6f916 e-flex e-con-boxed e-con e-parent\" data-id=\"cb6f916\" data-element_type=\"container\" data-settings=\"{&quot;jet_parallax_layout_list&quot;:[]}\">\n\t\t\t\t\t<div class=\"e-con-inner\">\n\t\t<div class=\"elementor-element elementor-element-a994c8b e-con-full e-flex e-con e-child\" data-id=\"a994c8b\" data-element_type=\"container\" data-settings=\"{&quot;jet_parallax_layout_list&quot;:[]}\">\n\t\t\t\t<div class=\"elementor-element elementor-element-9c861df elementor-widget elementor-widget-heading\" data-id=\"9c861df\" data-element_type=\"widget\" data-widget_type=\"heading.default\">\n\t\t\t\t<div class=\"elementor-widget-container\">\n\t\t\t\t\t<h3 class=\"elementor-heading-title elementor-size-default\">ZEITLOSE L\u00d6SUNGEN<\/h3>\t\t\t\t<\/div>\n\t\t\t\t<\/div>\n\t\t\t\t<div class=\"elementor-element elementor-element-90b42d4 elementor-widget elementor-widget-text-editor\" data-id=\"90b42d4\" data-element_type=\"widget\" data-widget_type=\"text-editor.default\">\n\t\t\t\t<div class=\"elementor-widget-container\">\n\t\t\t\t\t\t\t\t\t<p>Bei Sollux entwerfen wir f\u00fcr Menschen und mit Menschen im Hinterkopf, so dass f\u00fcr jeden etwas dabei ist. Wir geben dem Licht nicht nur einen \u00e4sthetischen, sondern auch einen funktionalen Rahmen in Form von Pendel-, Decken- und Wandleuchten. Ihre Rolle ist einfach: Sie sollen eine Quelle der Ausstrahlung sein, in der sich jeder Nutzer selbst sp\u00fcren kann.<\/p>\n<p>Bei Sollux laufen wir nicht kurzfristigen Trends hinterher &#8211; und unsere Kunden m\u00fcssen das auch nicht. Sie werden zeitlose, bequeme und vielseitige L\u00f6sungen finden, die sowohl f\u00fcr die K\u00fcche als auch f\u00fcr das Schlafzimmer geeignet sind, jetzt und in einigen Jahren.<\/p>\n\t\t\t\t\t\t\t\t<\/div>\n\t\t\t\t<\/div>\n\t\t\t\t<\/div>\n\t\t<div class=\"elementor-element elementor-element-21c7c65 e-con-full e-flex e-con e-child\" data-id=\"21c7c65\" data-element_type=\"container\" data-settings=\"{&quot;jet_parallax_layout_list&quot;:[]}\">\n\t\t\t\t<div class=\"elementor-element elementor-element-5efa70a elementor-widget elementor-widget-image\" data-id=\"5efa70a\" data-element_type=\"widget\" data-widget_type=\"image.default\">\n\t\t\t\t<div class=\"elementor-widget-container\">\n\t\t\t\t\t\t\t\t\t\t\t\t\t\t\t<img fetchpriority=\"high\" decoding=\"async\" width=\"585\" height=\"390\" src=\"https:\/\/sollux-lighting.com\/wp-content\/uploads\/2023\/02\/ofirmie-01.jpg\" class=\"attachment-large size-large wp-image-5672\" alt=\"\" srcset=\"https:\/\/sollux-lighting.com\/wp-content\/uploads\/2023\/02\/ofirmie-01.jpg 585w, https:\/\/sollux-lighting.com\/wp-content\/uploads\/2023\/02\/ofirmie-01-300x200.jpg 300w\" sizes=\"(max-width: 585px) 100vw, 585px\" \/>\t\t\t\t\t\t\t\t\t\t\t\t\t\t\t<\/div>\n\t\t\t\t<\/div>\n\t\t\t\t<\/div>\n\t\t\t\t\t<\/div>\n\t\t\t\t<\/div>\n\t\t<div class=\"elementor-element elementor-element-038487c e-flex e-con-boxed e-con e-parent\" data-id=\"038487c\" data-element_type=\"container\" data-settings=\"{&quot;jet_parallax_layout_list&quot;:[]}\">\n\t\t\t\t\t<div class=\"e-con-inner\">\n\t\t<div class=\"elementor-element elementor-element-bd3181b e-con-full e-flex e-con e-child\" data-id=\"bd3181b\" data-element_type=\"container\" data-settings=\"{&quot;jet_parallax_layout_list&quot;:[]}\">\n\t\t\t\t<div class=\"elementor-element elementor-element-ecd985a elementor-widget elementor-widget-image\" data-id=\"ecd985a\" data-element_type=\"widget\" data-widget_type=\"image.default\">\n\t\t\t\t<div class=\"elementor-widget-container\">\n\t\t\t\t\t\t\t\t\t\t\t\t\t\t\t<img decoding=\"async\" width=\"585\" height=\"390\" src=\"https:\/\/sollux-lighting.com\/wp-content\/uploads\/2023\/02\/ofirmie-02-1.jpg\" class=\"attachment-large size-large wp-image-5673\" alt=\"\" srcset=\"https:\/\/sollux-lighting.com\/wp-content\/uploads\/2023\/02\/ofirmie-02-1.jpg 585w, https:\/\/sollux-lighting.com\/wp-content\/uploads\/2023\/02\/ofirmie-02-1-300x200.jpg 300w\" sizes=\"(max-width: 585px) 100vw, 585px\" \/>\t\t\t\t\t\t\t\t\t\t\t\t\t\t\t<\/div>\n\t\t\t\t<\/div>\n\t\t\t\t<\/div>\n\t\t<div class=\"elementor-element elementor-element-dc6cee5 e-con-full e-flex e-con e-child\" data-id=\"dc6cee5\" data-element_type=\"container\" data-settings=\"{&quot;jet_parallax_layout_list&quot;:[]}\">\n\t\t\t\t<div class=\"elementor-element elementor-element-e634427 elementor-widget elementor-widget-heading\" data-id=\"e634427\" data-element_type=\"widget\" data-widget_type=\"heading.default\">\n\t\t\t\t<div class=\"elementor-widget-container\">\n\t\t\t\t\t<h3 class=\"elementor-heading-title elementor-size-default\">PRODUKTION IN POLEN<\/h3>\t\t\t\t<\/div>\n\t\t\t\t<\/div>\n\t\t\t\t<div class=\"elementor-element elementor-element-8430677 elementor-widget elementor-widget-text-editor\" data-id=\"8430677\" data-element_type=\"widget\" data-widget_type=\"text-editor.default\">\n\t\t\t\t<div class=\"elementor-widget-container\">\n\t\t\t\t\t\t\t\t\t<p>Unsere Schaupl\u00e4tze sind wie die Menschen, die sie schaffen: vielf\u00e4ltig, authentisch, interessant. Sie entstehen in Zusammenarbeit mit lokalen polnischen Handwerkern, die mit viel Liebe zum Detail minimalistische und praktische Lampenformen entwickeln. Sollux ist die Antwort auf die wirklichen Probleme der K\u00e4ufer: die Schwierigkeit, einen Stil oder eine Art von Beleuchtung f\u00fcr einen Raum zu w\u00e4hlen. Bei uns ist alles ganz einfach, denn genau das &#8211; einfach &#8211; sollte der Kauf der perfekten Lampe f\u00fcr Sie sein.<\/p>\n\t\t\t\t\t\t\t\t<\/div>\n\t\t\t\t<\/div>\n\t\t\t\t<\/div>\n\t\t\t\t\t<\/div>\n\t\t\t\t<\/div>\n\t\t<div class=\"elementor-element elementor-element-c0a2951 e-flex e-con-boxed e-con e-parent\" data-id=\"c0a2951\" data-element_type=\"container\" data-settings=\"{&quot;jet_parallax_layout_list&quot;:[]}\">\n\t\t\t\t\t<div class=\"e-con-inner\">\n\t\t<div class=\"elementor-element elementor-element-4d20b0a e-con-full e-flex e-con e-child\" data-id=\"4d20b0a\" data-element_type=\"container\" data-settings=\"{&quot;jet_parallax_layout_list&quot;:[]}\">\n\t\t\t\t<div class=\"elementor-element elementor-element-3cf1e76 elementor-widget elementor-widget-heading\" data-id=\"3cf1e76\" data-element_type=\"widget\" data-widget_type=\"heading.default\">\n\t\t\t\t<div class=\"elementor-widget-container\">\n\t\t\t\t\t<h3 class=\"elementor-heading-title elementor-size-default\">FINDEN SIE IHREN STIL!<\/h3>\t\t\t\t<\/div>\n\t\t\t\t<\/div>\n\t\t\t\t<div class=\"elementor-element elementor-element-a2471fa elementor-widget elementor-widget-text-editor\" data-id=\"a2471fa\" data-element_type=\"widget\" data-widget_type=\"text-editor.default\">\n\t\t\t\t<div class=\"elementor-widget-container\">\n\t\t\t\t\t\t\t\t\t<p>Im Katalog finden Sie Vorschl\u00e4ge f\u00fcr jeden Stil: von strengen Lofts bis zu warmen skandinavischen Atmosph\u00e4ren. Besonders gerne arbeiten wir mit Stahl, Aluminium, Glas, Beton und Keramik, so dass Sie in unserem Sortiment nicht zu kurz kommen werden.<\/p>\n<p>Mit Sollux ist das Licht f\u00fcr alle da. Entdecken Sie Kollektionen, die Menschen den Mut geben, sie selbst zu sein.<\/p>\n\t\t\t\t\t\t\t\t<\/div>\n\t\t\t\t<\/div>\n\t\t\t\t<\/div>\n\t\t<div class=\"elementor-element elementor-element-3a92cd4 e-con-full e-flex e-con e-child\" data-id=\"3a92cd4\" data-element_type=\"container\" data-settings=\"{&quot;jet_parallax_layout_list&quot;:[]}\">\n\t\t\t\t<div class=\"elementor-element elementor-element-5de09f7 elementor-widget elementor-widget-image\" data-id=\"5de09f7\" data-element_type=\"widget\" data-widget_type=\"image.default\">\n\t\t\t\t<div class=\"elementor-widget-container\">\n\t\t\t\t\t\t\t\t\t\t\t\t\t\t\t<img decoding=\"async\" width=\"585\" height=\"390\" src=\"https:\/\/sollux-lighting.com\/wp-content\/uploads\/2023\/02\/ofirmie-03-1.jpg\" class=\"attachment-large size-large wp-image-5674\" alt=\"\" srcset=\"https:\/\/sollux-lighting.com\/wp-content\/uploads\/2023\/02\/ofirmie-03-1.jpg 585w, https:\/\/sollux-lighting.com\/wp-content\/uploads\/2023\/02\/ofirmie-03-1-300x200.jpg 300w\" sizes=\"(max-width: 585px) 100vw, 585px\" \/>\t\t\t\t\t\t\t\t\t\t\t\t\t\t\t<\/div>\n\t\t\t\t<\/div>\n\t\t\t\t<\/div>\n\t\t\t\t\t<\/div>\n\t\t\t\t<\/div>\n\t\t\t\t<\/div>\n\t\t","protected":false},"excerpt":{"rendered":"<p>MEHR LICHT INS SPIEL BRINGEN nach innen und zum Leben ZEITLOSE L\u00d6SUNGEN Bei Sollux entwerfen wir f\u00fcr Menschen und mit Menschen im Hinterkopf, so dass f\u00fcr jeden etwas dabei ist. Wir geben dem Licht nicht nur einen \u00e4sthetischen, sondern auch einen funktionalen Rahmen in Form von Pendel-, Decken- und Wandleuchten. Ihre Rolle ist einfach: Sie [&hellip;]<\/p>\n","protected":false},"author":3,"featured_media":0,"parent":0,"menu_order":0,"comment_status":"closed","ping_status":"closed","template":"elementor_header_footer","meta":{"_acf_changed":false,"footnotes":""},"class_list":["post-66681","page","type-page","status-publish","hentry"],"acf":[],"yoast_head":"<!-- This site is optimized with the Yoast SEO plugin v25.4 - https:\/\/yoast.com\/wordpress\/plugins\/seo\/ -->\n<title>\u00dcber das Unternehmen - Sollux Lighting<\/title>\n<meta name=\"robots\" content=\"index, follow, max-snippet:-1, max-image-preview:large, max-video-preview:-1\" \/>\n<link rel=\"canonical\" href=\"https:\/\/sollux-lighting.com\/de\/ueber-das-unternehmen\/\" \/>\n<meta property=\"og:locale\" content=\"de_DE\" \/>\n<meta property=\"og:type\" content=\"article\" \/>\n<meta property=\"og:title\" content=\"\u00dcber das Unternehmen - Sollux Lighting\" \/>\n<meta property=\"og:description\" content=\"MEHR LICHT INS SPIEL BRINGEN nach innen und zum Leben ZEITLOSE L\u00d6SUNGEN Bei Sollux entwerfen wir f\u00fcr Menschen und mit Menschen im Hinterkopf, so dass f\u00fcr jeden etwas dabei ist. Wir geben dem Licht nicht nur einen \u00e4sthetischen, sondern auch einen funktionalen Rahmen in Form von Pendel-, Decken- und Wandleuchten. Ihre Rolle ist einfach: Sie [&hellip;]\" \/>\n<meta property=\"og:url\" content=\"https:\/\/sollux-lighting.com\/de\/ueber-das-unternehmen\/\" \/>\n<meta property=\"og:site_name\" content=\"Sollux Lighting\" \/>\n<meta property=\"article:modified_time\" content=\"2024-03-18T10:09:47+00:00\" \/>\n<meta property=\"og:image\" content=\"https:\/\/test.sollux-lighting.com\/wp-content\/uploads\/2023\/02\/ofirmie-01.jpg\" \/>\n<meta name=\"twitter:card\" content=\"summary_large_image\" \/>\n<meta name=\"twitter:label1\" content=\"Gesch\u00e4tzte Lesezeit\" \/>\n\t<meta name=\"twitter:data1\" content=\"3\u00a0Minuten\" \/>\n<script type=\"application\/ld+json\" class=\"yoast-schema-graph\">{\"@context\":\"https:\/\/schema.org\",\"@graph\":[{\"@type\":\"WebPage\",\"@id\":\"https:\/\/sollux-lighting.com\/de\/ueber-das-unternehmen\/\",\"url\":\"https:\/\/sollux-lighting.com\/de\/ueber-das-unternehmen\/\",\"name\":\"\u00dcber das Unternehmen - Sollux Lighting\",\"isPartOf\":{\"@id\":\"https:\/\/sollux-lighting.com\/de\/#website\"},\"primaryImageOfPage\":{\"@id\":\"https:\/\/sollux-lighting.com\/de\/ueber-das-unternehmen\/#primaryimage\"},\"image\":{\"@id\":\"https:\/\/sollux-lighting.com\/de\/ueber-das-unternehmen\/#primaryimage\"},\"thumbnailUrl\":\"https:\/\/test.sollux-lighting.com\/wp-content\/uploads\/2023\/02\/ofirmie-01.jpg\",\"datePublished\":\"2023-02-15T20:08:27+00:00\",\"dateModified\":\"2024-03-18T10:09:47+00:00\",\"breadcrumb\":{\"@id\":\"https:\/\/sollux-lighting.com\/de\/ueber-das-unternehmen\/#breadcrumb\"},\"inLanguage\":\"de\",\"potentialAction\":[{\"@type\":\"ReadAction\",\"target\":[\"https:\/\/sollux-lighting.com\/de\/ueber-das-unternehmen\/\"]}]},{\"@type\":\"ImageObject\",\"inLanguage\":\"de\",\"@id\":\"https:\/\/sollux-lighting.com\/de\/ueber-das-unternehmen\/#primaryimage\",\"url\":\"https:\/\/test.sollux-lighting.com\/wp-content\/uploads\/2023\/02\/ofirmie-01.jpg\",\"contentUrl\":\"https:\/\/test.sollux-lighting.com\/wp-content\/uploads\/2023\/02\/ofirmie-01.jpg\"},{\"@type\":\"BreadcrumbList\",\"@id\":\"https:\/\/sollux-lighting.com\/de\/ueber-das-unternehmen\/#breadcrumb\",\"itemListElement\":[{\"@type\":\"ListItem\",\"position\":1,\"name\":\"Startseite\",\"item\":\"https:\/\/sollux-lighting.com\/de\/\"},{\"@type\":\"ListItem\",\"position\":2,\"name\":\"\u00dcber das Unternehmen\"}]},{\"@type\":\"WebSite\",\"@id\":\"https:\/\/sollux-lighting.com\/de\/#website\",\"url\":\"https:\/\/sollux-lighting.com\/de\/\",\"name\":\"Sollux Lighting\",\"description\":\"Brighten up your business\",\"publisher\":{\"@id\":\"https:\/\/sollux-lighting.com\/de\/#organization\"},\"potentialAction\":[{\"@type\":\"SearchAction\",\"target\":{\"@type\":\"EntryPoint\",\"urlTemplate\":\"https:\/\/sollux-lighting.com\/de\/?s={search_term_string}\"},\"query-input\":{\"@type\":\"PropertyValueSpecification\",\"valueRequired\":true,\"valueName\":\"search_term_string\"}}],\"inLanguage\":\"de\"},{\"@type\":\"Organization\",\"@id\":\"https:\/\/sollux-lighting.com\/de\/#organization\",\"name\":\"Sollux Lighting\",\"url\":\"https:\/\/sollux-lighting.com\/de\/\",\"logo\":{\"@type\":\"ImageObject\",\"inLanguage\":\"de\",\"@id\":\"https:\/\/sollux-lighting.com\/de\/#\/schema\/logo\/image\/\",\"url\":\"https:\/\/sollux-lighting.com\/wp-content\/uploads\/2023\/02\/LOGO.svg\",\"contentUrl\":\"https:\/\/sollux-lighting.com\/wp-content\/uploads\/2023\/02\/LOGO.svg\",\"width\":160,\"height\":46,\"caption\":\"Sollux Lighting \"},\"image\":{\"@id\":\"https:\/\/sollux-lighting.com\/de\/#\/schema\/logo\/image\/\"}}]}<\/script>\n<!-- \/ Yoast SEO plugin. -->","yoast_head_json":{"title":"\u00dcber das Unternehmen - Sollux Lighting","robots":{"index":"index","follow":"follow","max-snippet":"max-snippet:-1","max-image-preview":"max-image-preview:large","max-video-preview":"max-video-preview:-1"},"canonical":"https:\/\/sollux-lighting.com\/de\/ueber-das-unternehmen\/","og_locale":"de_DE","og_type":"article","og_title":"\u00dcber das Unternehmen - Sollux Lighting","og_description":"MEHR LICHT INS SPIEL BRINGEN nach innen und zum Leben ZEITLOSE L\u00d6SUNGEN Bei Sollux entwerfen wir f\u00fcr Menschen und mit Menschen im Hinterkopf, so dass f\u00fcr jeden etwas dabei ist. Wir geben dem Licht nicht nur einen \u00e4sthetischen, sondern auch einen funktionalen Rahmen in Form von Pendel-, Decken- und Wandleuchten. Ihre Rolle ist einfach: Sie [&hellip;]","og_url":"https:\/\/sollux-lighting.com\/de\/ueber-das-unternehmen\/","og_site_name":"Sollux Lighting","article_modified_time":"2024-03-18T10:09:47+00:00","og_image":[{"url":"https:\/\/test.sollux-lighting.com\/wp-content\/uploads\/2023\/02\/ofirmie-01.jpg","type":"","width":"","height":""}],"twitter_card":"summary_large_image","twitter_misc":{"Gesch\u00e4tzte Lesezeit":"3\u00a0Minuten"},"schema":{"@context":"https:\/\/schema.org","@graph":[{"@type":"WebPage","@id":"https:\/\/sollux-lighting.com\/de\/ueber-das-unternehmen\/","url":"https:\/\/sollux-lighting.com\/de\/ueber-das-unternehmen\/","name":"\u00dcber das Unternehmen - Sollux Lighting","isPartOf":{"@id":"https:\/\/sollux-lighting.com\/de\/#website"},"primaryImageOfPage":{"@id":"https:\/\/sollux-lighting.com\/de\/ueber-das-unternehmen\/#primaryimage"},"image":{"@id":"https:\/\/sollux-lighting.com\/de\/ueber-das-unternehmen\/#primaryimage"},"thumbnailUrl":"https:\/\/test.sollux-lighting.com\/wp-content\/uploads\/2023\/02\/ofirmie-01.jpg","datePublished":"2023-02-15T20:08:27+00:00","dateModified":"2024-03-18T10:09:47+00:00","breadcrumb":{"@id":"https:\/\/sollux-lighting.com\/de\/ueber-das-unternehmen\/#breadcrumb"},"inLanguage":"de","potentialAction":[{"@type":"ReadAction","target":["https:\/\/sollux-lighting.com\/de\/ueber-das-unternehmen\/"]}]},{"@type":"ImageObject","inLanguage":"de","@id":"https:\/\/sollux-lighting.com\/de\/ueber-das-unternehmen\/#primaryimage","url":"https:\/\/test.sollux-lighting.com\/wp-content\/uploads\/2023\/02\/ofirmie-01.jpg","contentUrl":"https:\/\/test.sollux-lighting.com\/wp-content\/uploads\/2023\/02\/ofirmie-01.jpg"},{"@type":"BreadcrumbList","@id":"https:\/\/sollux-lighting.com\/de\/ueber-das-unternehmen\/#breadcrumb","itemListElement":[{"@type":"ListItem","position":1,"name":"Startseite","item":"https:\/\/sollux-lighting.com\/de\/"},{"@type":"ListItem","position":2,"name":"\u00dcber das Unternehmen"}]},{"@type":"WebSite","@id":"https:\/\/sollux-lighting.com\/de\/#website","url":"https:\/\/sollux-lighting.com\/de\/","name":"Sollux Lighting","description":"Brighten up your business","publisher":{"@id":"https:\/\/sollux-lighting.com\/de\/#organization"},"potentialAction":[{"@type":"SearchAction","target":{"@type":"EntryPoint","urlTemplate":"https:\/\/sollux-lighting.com\/de\/?s={search_term_string}"},"query-input":{"@type":"PropertyValueSpecification","valueRequired":true,"valueName":"search_term_string"}}],"inLanguage":"de"},{"@type":"Organization","@id":"https:\/\/sollux-lighting.com\/de\/#organization","name":"Sollux Lighting","url":"https:\/\/sollux-lighting.com\/de\/","logo":{"@type":"ImageObject","inLanguage":"de","@id":"https:\/\/sollux-lighting.com\/de\/#\/schema\/logo\/image\/","url":"https:\/\/sollux-lighting.com\/wp-content\/uploads\/2023\/02\/LOGO.svg","contentUrl":"https:\/\/sollux-lighting.com\/wp-content\/uploads\/2023\/02\/LOGO.svg","width":160,"height":46,"caption":"Sollux Lighting "},"image":{"@id":"https:\/\/sollux-lighting.com\/de\/#\/schema\/logo\/image\/"}}]}},"_links":{"self":[{"href":"https:\/\/sollux-lighting.com\/de\/wp-json\/wp\/v2\/pages\/66681","targetHints":{"allow":["GET"]}}],"collection":[{"href":"https:\/\/sollux-lighting.com\/de\/wp-json\/wp\/v2\/pages"}],"about":[{"href":"https:\/\/sollux-lighting.com\/de\/wp-json\/wp\/v2\/types\/page"}],"author":[{"embeddable":true,"href":"https:\/\/sollux-lighting.com\/de\/wp-json\/wp\/v2\/users\/3"}],"replies":[{"embeddable":true,"href":"https:\/\/sollux-lighting.com\/de\/wp-json\/wp\/v2\/comments?post=66681"}],"version-history":[{"count":0,"href":"https:\/\/sollux-lighting.com\/de\/wp-json\/wp\/v2\/pages\/66681\/revisions"}],"wp:attachment":[{"href":"https:\/\/sollux-lighting.com\/de\/wp-json\/wp\/v2\/media?parent=66681"}],"curies":[{"name":"wp","href":"https:\/\/api.w.org\/{rel}","templated":true}]}}